{"id":16428,"date":"2025-03-25T14:50:44","date_gmt":"2025-03-25T14:50:44","guid":{"rendered":"https:\/\/www.italfence.com\/de\/?page_id=16428"},"modified":"2026-01-08T12:59:35","modified_gmt":"2026-01-08T12:59:35","slug":"zaeune-photovoltaikanlagen","status":"publish","type":"page","link":"https:\/\/www.italfence.com\/de\/zaeune-photovoltaikanlagen\/","title":{"rendered":"Z\u00e4une f\u00fcr Photovoltaikanlagen"},"content":{"rendered":"\t\t<div data-elementor-type=\"wp-page\" data-elementor-id=\"16428\" class=\"elementor elementor-16428\">\n\t\t\t\t\t\t<section class=\"wd-negative-gap elementor-section elementor-top-section elementor-element elementor-element-41618f9 elementor-section-boxed elementor-section-height-default elementor-section-height-default\" data-id=\"41618f9\" data-element_type=\"section\">\n\t\t\t\t\t\t<div class=\"elementor-container elementor-column-gap-default\">\n\t\t\t\t\t<div class=\"elementor-column elementor-col-100 elementor-top-column elementor-element elementor-element-fb5cfce\" data-id=\"fb5cfce\" data-element_type=\"column\">\n\t\t\t<div class=\"elementor-widget-wrap elementor-element-populated\">\n\t\t\t\t\t\t<div class=\"elementor-element elementor-element-966e5e5 elementor-widget elementor-widget-wd_text_block\" data-id=\"966e5e5\" data-element_type=\"widget\" data-widget_type=\"wd_text_block.default\">\n\t\t\t\t<div class=\"elementor-widget-container\">\n\t\t\t\t\t\t\t<div class=\"wd-text-block reset-last-child text-left\">\n\t\t\t\n\t\t\t<p style=\"font-size: 30px; font-weight: bold; color: #ffffff; text-align: left; margin-bottom: 15px;\">Z\u00e4une f\u00fcr Photovoltaikfelder<\/p>\n<p style=\"font-size: 14px; color: #ffffff; text-align: left; margin-bottom: 10px; line-height: 1.5;\">Wenn Sie einen kompletten Zaun f\u00fcr Ihre Photovoltaikanlage ben\u00f6tigen \u2013 mit Drahtgeflecht, Pfosten, Spanndraht und allem Zubeh\u00f6r \u2013 ist Italfence der ideale Partner. Wir bieten ma\u00dfgeschneiderte L\u00f6sungen, um den bestm\u00f6glichen Schutz Ihrer Solaranlagen zu gew\u00e4hrleisten und Eindringlinge sowie \u00e4u\u00dfere Sch\u00e4den zu verhindern.<\/p>\n<p style=\"font-size: 14px; color: #ffffff; text-align: left; margin-bottom: 10px; line-height: 1.5;\">Wir arbeiten mit f\u00fchrenden Unternehmen im Bereich der erneuerbaren Energien zusammen und liefern zertifizierte Materialien sowie L\u00f6sungen, die auf Widerstandsf\u00e4higkeit, Langlebigkeit und einfache Montage ausgelegt sind. Unsere langj\u00e4hrige Erfahrung hat uns zu einem festen Bezugspunkt auf dem Markt gemacht und garantiert Wettbewerbsf\u00e4higkeit, Zuverl\u00e4ssigkeit und fachkundigen technischen Support.<\/p>\n\t\t\t\t\t<\/div>\n\t\t\t\t\t\t<\/div>\n\t\t\t\t<\/div>\n\t\t\t\t\t<\/div>\n\t\t<\/div>\n\t\t\t\t\t<\/div>\n\t\t<\/section>\n\t\t\t\t<section class=\"wd-negative-gap elementor-section elementor-top-section elementor-element elementor-element-ad53788 elementor-section-boxed elementor-section-height-default elementor-section-height-default\" data-id=\"ad53788\" data-element_type=\"section\">\n\t\t\t\t\t\t<div class=\"elementor-container elementor-column-gap-default\">\n\t\t\t\t\t<div class=\"elementor-column elementor-col-100 elementor-top-column elementor-element elementor-element-fe7df57\" data-id=\"fe7df57\" data-element_type=\"column\">\n\t\t\t<div class=\"elementor-widget-wrap elementor-element-populated\">\n\t\t\t\t\t\t<div class=\"elementor-element elementor-element-ee482d7 wd-width-100 elementor-widget elementor-widget-wd_banner_carousel\" data-id=\"ee482d7\" data-element_type=\"widget\" data-widget_type=\"wd_banner_carousel.default\">\n\t\t\t\t<div class=\"elementor-widget-container\">\n\t\t\t\t\t\t\t<div class=\"wd-carousel-container banners-carousel-wrapper\">\n\t\t\t<div class=\"wd-carousel-inner\">\n\t\t\t\t<div class=\"wd-carousel wd-grid banners-carousel\" data-speed=\"3500\" data-wrap=\"yes\" data-autoplay=\"yes\" data-autoheight=\"yes\" style=\"--wd-col-lg:2.5;--wd-col-md:2;--wd-col-sm:1;--wd-gap-lg:30px;--wd-gap-sm:10px;\">\n\t\t\t\t\t<div class=\"wd-carousel-wrap\">\n\t\t\t\t\t\t\t\t\t\t\t\t\t\t\t\t\t\t\t\t\t\t<div class=\"promo-banner-wrapper wd-carousel-item elementor-repeater-item-df80089\">\n\t\t\t<div class=\"promo-banner banner-default banner-hover-zoom color-scheme- banner-btn-size-extra-small banner-btn-style-default wd-with-link\">\n\t\t\t\t<div class=\"main-wrapp-img\">\n\t\t\t\t\t<div class=\"banner-image\">\n\t\t\t\t\t\t\t\t\t\t\t\t\t\t\t\t\t\t\t\t\t<img fetchpriority=\"high\" decoding=\"async\" width=\"1920\" height=\"1280\" src=\"https:\/\/www.italfence.com\/de\/wp-content\/uploads\/2026\/01\/FOTOVOLTAICO-1.jpg\" class=\"attachment-3000x2000 size-3000x2000\" alt=\"\" srcset=\"https:\/\/www.italfence.com\/de\/wp-content\/uploads\/2026\/01\/FOTOVOLTAICO-1.jpg 1920w, https:\/\/www.italfence.com\/de\/wp-content\/uploads\/2026\/01\/FOTOVOLTAICO-1-400x267.jpg 400w, https:\/\/www.italfence.com\/de\/wp-content\/uploads\/2026\/01\/FOTOVOLTAICO-1-1200x800.jpg 1200w, https:\/\/www.italfence.com\/de\/wp-content\/uploads\/2026\/01\/FOTOVOLTAICO-1-768x512.jpg 768w, https:\/\/www.italfence.com\/de\/wp-content\/uploads\/2026\/01\/FOTOVOLTAICO-1-1536x1024.jpg 1536w, https:\/\/www.italfence.com\/de\/wp-content\/uploads\/2026\/01\/FOTOVOLTAICO-1-430x287.jpg 430w, https:\/\/www.italfence.com\/de\/wp-content\/uploads\/2026\/01\/FOTOVOLTAICO-1-700x467.jpg 700w, https:\/\/www.italfence.com\/de\/wp-content\/uploads\/2026\/01\/FOTOVOLTAICO-1-150x100.jpg 150w\" sizes=\"(max-width: 1920px) 100vw, 1920px\" \/>\t\t\t\t\t\t\t\t\t\t\t\t\t\t\t\t\t\t<\/div>\n\t\t\t\t<\/div>\n\n\t\t\t\t<div class=\"wrapper-content-banner wd-fill wd-items-top wd-justify-left\">\n\t\t\t\t\t<div class=\"content-banner  text-left\">\n\t\t\t\t\t\t\n\t\t\t\t\t\t\n\t\t\t\t\t\t\n\t\t\t\t\t\t\n\t\t\t\t\t\t\t\t\t\t\t<\/div>\n\t\t\t\t<\/div>\n\n\t\t\t\t\t\t\t\t\t<a href=\"#\" class=\"wd-promo-banner-link wd-fill\" aria-label=\"Banner-Link\"><\/a>\n\t\t\t\t\t\t\t<\/div>\n\t\t<\/div>\n\t\t\t\t\t\t\t\t\t\t\t\t\t\t\t\t\t\t\t\t\t\t\t\t<div class=\"promo-banner-wrapper wd-carousel-item elementor-repeater-item-8042d48\">\n\t\t\t<div class=\"promo-banner banner-default banner-hover-zoom color-scheme- banner-btn-size-extra-small banner-btn-style-default wd-with-link\">\n\t\t\t\t<div class=\"main-wrapp-img\">\n\t\t\t\t\t<div class=\"banner-image\">\n\t\t\t\t\t\t\t\t\t\t\t\t\t\t\t\t\t\t\t\t\t<img decoding=\"async\" width=\"1920\" height=\"1280\" src=\"https:\/\/www.italfence.com\/de\/wp-content\/uploads\/2026\/01\/FOTOVOLTAICO-2.jpg\" class=\"attachment-full size-full\" alt=\"\" srcset=\"https:\/\/www.italfence.com\/de\/wp-content\/uploads\/2026\/01\/FOTOVOLTAICO-2.jpg 1920w, https:\/\/www.italfence.com\/de\/wp-content\/uploads\/2026\/01\/FOTOVOLTAICO-2-400x267.jpg 400w, https:\/\/www.italfence.com\/de\/wp-content\/uploads\/2026\/01\/FOTOVOLTAICO-2-1200x800.jpg 1200w, https:\/\/www.italfence.com\/de\/wp-content\/uploads\/2026\/01\/FOTOVOLTAICO-2-768x512.jpg 768w, https:\/\/www.italfence.com\/de\/wp-content\/uploads\/2026\/01\/FOTOVOLTAICO-2-1536x1024.jpg 1536w, https:\/\/www.italfence.com\/de\/wp-content\/uploads\/2026\/01\/FOTOVOLTAICO-2-430x287.jpg 430w, https:\/\/www.italfence.com\/de\/wp-content\/uploads\/2026\/01\/FOTOVOLTAICO-2-700x467.jpg 700w, https:\/\/www.italfence.com\/de\/wp-content\/uploads\/2026\/01\/FOTOVOLTAICO-2-150x100.jpg 150w\" sizes=\"(max-width: 1920px) 100vw, 1920px\" \/>\t\t\t\t\t\t\t\t\t\t\t\t\t\t\t\t\t\t<\/div>\n\t\t\t\t<\/div>\n\n\t\t\t\t<div class=\"wrapper-content-banner wd-fill wd-items-top wd-justify-left\">\n\t\t\t\t\t<div class=\"content-banner  text-left\">\n\t\t\t\t\t\t\n\t\t\t\t\t\t\n\t\t\t\t\t\t\n\t\t\t\t\t\t\n\t\t\t\t\t\t\t\t\t\t\t<\/div>\n\t\t\t\t<\/div>\n\n\t\t\t\t\t\t\t\t\t<a href=\"#\" class=\"wd-promo-banner-link wd-fill\" aria-label=\"Banner-Link\"><\/a>\n\t\t\t\t\t\t\t<\/div>\n\t\t<\/div>\n\t\t\t\t\t\t\t\t\t\t\t\t\t\t\t\t\t\t\t\t\t\t\t\t<div class=\"promo-banner-wrapper wd-carousel-item elementor-repeater-item-8261e82\">\n\t\t\t<div class=\"promo-banner banner-default banner-hover-zoom color-scheme- banner-btn-size-extra-small banner-btn-style-default wd-with-link\">\n\t\t\t\t<div class=\"main-wrapp-img\">\n\t\t\t\t\t<div class=\"banner-image\">\n\t\t\t\t\t\t\t\t\t\t\t\t\t\t\t\t\t\t\t\t\t<img decoding=\"async\" width=\"1920\" height=\"1208\" src=\"https:\/\/www.italfence.com\/de\/wp-content\/uploads\/2026\/01\/FOTOVOLTAICO-3.jpg\" class=\"attachment-3000x2000 size-3000x2000\" alt=\"\" srcset=\"https:\/\/www.italfence.com\/de\/wp-content\/uploads\/2026\/01\/FOTOVOLTAICO-3.jpg 1920w, https:\/\/www.italfence.com\/de\/wp-content\/uploads\/2026\/01\/FOTOVOLTAICO-3-400x252.jpg 400w, https:\/\/www.italfence.com\/de\/wp-content\/uploads\/2026\/01\/FOTOVOLTAICO-3-1272x800.jpg 1272w, https:\/\/www.italfence.com\/de\/wp-content\/uploads\/2026\/01\/FOTOVOLTAICO-3-768x483.jpg 768w, https:\/\/www.italfence.com\/de\/wp-content\/uploads\/2026\/01\/FOTOVOLTAICO-3-1536x966.jpg 1536w, https:\/\/www.italfence.com\/de\/wp-content\/uploads\/2026\/01\/FOTOVOLTAICO-3-430x271.jpg 430w, https:\/\/www.italfence.com\/de\/wp-content\/uploads\/2026\/01\/FOTOVOLTAICO-3-700x440.jpg 700w, https:\/\/www.italfence.com\/de\/wp-content\/uploads\/2026\/01\/FOTOVOLTAICO-3-150x94.jpg 150w\" sizes=\"(max-width: 1920px) 100vw, 1920px\" \/>\t\t\t\t\t\t\t\t\t\t\t\t\t\t\t\t\t\t<\/div>\n\t\t\t\t<\/div>\n\n\t\t\t\t<div class=\"wrapper-content-banner wd-fill wd-items-top wd-justify-left\">\n\t\t\t\t\t<div class=\"content-banner  text-left\">\n\t\t\t\t\t\t\n\t\t\t\t\t\t\n\t\t\t\t\t\t\n\t\t\t\t\t\t\n\t\t\t\t\t\t\t\t\t\t\t<\/div>\n\t\t\t\t<\/div>\n\n\t\t\t\t\t\t\t\t\t<a href=\"#\" class=\"wd-promo-banner-link wd-fill\" aria-label=\"Banner-Link\"><\/a>\n\t\t\t\t\t\t\t<\/div>\n\t\t<\/div>\n\t\t\t\t\t\t\t\t\t\t\t\t\t\t\t\t\t\t\t\t\t\t\t\t<div class=\"promo-banner-wrapper wd-carousel-item elementor-repeater-item-6693300\">\n\t\t\t<div class=\"promo-banner banner-default banner-hover-zoom color-scheme- banner-btn-size-extra-small banner-btn-style-default wd-with-link\">\n\t\t\t\t<div class=\"main-wrapp-img\">\n\t\t\t\t\t<div class=\"banner-image\">\n\t\t\t\t\t\t\t\t\t\t\t\t\t\t\t\t\t\t\t\t\t<img loading=\"lazy\" decoding=\"async\" width=\"1920\" height=\"1280\" src=\"https:\/\/www.italfence.com\/de\/wp-content\/uploads\/2026\/01\/FOTOVOLTAICO-4.jpg\" class=\"attachment-3000x2000 size-3000x2000\" alt=\"\" srcset=\"https:\/\/www.italfence.com\/de\/wp-content\/uploads\/2026\/01\/FOTOVOLTAICO-4.jpg 1920w, https:\/\/www.italfence.com\/de\/wp-content\/uploads\/2026\/01\/FOTOVOLTAICO-4-400x267.jpg 400w, https:\/\/www.italfence.com\/de\/wp-content\/uploads\/2026\/01\/FOTOVOLTAICO-4-1200x800.jpg 1200w, https:\/\/www.italfence.com\/de\/wp-content\/uploads\/2026\/01\/FOTOVOLTAICO-4-768x512.jpg 768w, https:\/\/www.italfence.com\/de\/wp-content\/uploads\/2026\/01\/FOTOVOLTAICO-4-1536x1024.jpg 1536w, https:\/\/www.italfence.com\/de\/wp-content\/uploads\/2026\/01\/FOTOVOLTAICO-4-430x287.jpg 430w, https:\/\/www.italfence.com\/de\/wp-content\/uploads\/2026\/01\/FOTOVOLTAICO-4-700x467.jpg 700w, https:\/\/www.italfence.com\/de\/wp-content\/uploads\/2026\/01\/FOTOVOLTAICO-4-150x100.jpg 150w\" sizes=\"(max-width: 1920px) 100vw, 1920px\" \/>\t\t\t\t\t\t\t\t\t\t\t\t\t\t\t\t\t\t<\/div>\n\t\t\t\t<\/div>\n\n\t\t\t\t<div class=\"wrapper-content-banner wd-fill wd-items-top wd-justify-left\">\n\t\t\t\t\t<div class=\"content-banner  text-left\">\n\t\t\t\t\t\t\n\t\t\t\t\t\t\n\t\t\t\t\t\t\n\t\t\t\t\t\t\n\t\t\t\t\t\t\t\t\t\t\t<\/div>\n\t\t\t\t<\/div>\n\n\t\t\t\t\t\t\t\t\t<a href=\"#\" class=\"wd-promo-banner-link wd-fill\" aria-label=\"Banner-Link\"><\/a>\n\t\t\t\t\t\t\t<\/div>\n\t\t<\/div>\n\t\t\t\t\t\t\t\t\t\t\t\t\t\t\t\t\t\t\t\t\t\t\t\t<div class=\"promo-banner-wrapper wd-carousel-item elementor-repeater-item-05abd8d\">\n\t\t\t<div class=\"promo-banner banner-default banner-hover-zoom color-scheme- banner-btn-size-extra-small banner-btn-style-default wd-with-link\">\n\t\t\t\t<div class=\"main-wrapp-img\">\n\t\t\t\t\t<div class=\"banner-image\">\n\t\t\t\t\t\t\t\t\t\t\t\t\t\t\t\t\t\t\t\t\t<img loading=\"lazy\" decoding=\"async\" width=\"1920\" height=\"1271\" src=\"https:\/\/www.italfence.com\/de\/wp-content\/uploads\/2026\/01\/FOTOVOLTAICO-5.jpg\" class=\"attachment-3000x2000 size-3000x2000\" alt=\"\" srcset=\"https:\/\/www.italfence.com\/de\/wp-content\/uploads\/2026\/01\/FOTOVOLTAICO-5.jpg 1920w, https:\/\/www.italfence.com\/de\/wp-content\/uploads\/2026\/01\/FOTOVOLTAICO-5-400x265.jpg 400w, https:\/\/www.italfence.com\/de\/wp-content\/uploads\/2026\/01\/FOTOVOLTAICO-5-1208x800.jpg 1208w, https:\/\/www.italfence.com\/de\/wp-content\/uploads\/2026\/01\/FOTOVOLTAICO-5-768x508.jpg 768w, https:\/\/www.italfence.com\/de\/wp-content\/uploads\/2026\/01\/FOTOVOLTAICO-5-1536x1017.jpg 1536w, https:\/\/www.italfence.com\/de\/wp-content\/uploads\/2026\/01\/FOTOVOLTAICO-5-430x285.jpg 430w, https:\/\/www.italfence.com\/de\/wp-content\/uploads\/2026\/01\/FOTOVOLTAICO-5-700x463.jpg 700w, https:\/\/www.italfence.com\/de\/wp-content\/uploads\/2026\/01\/FOTOVOLTAICO-5-150x99.jpg 150w\" sizes=\"(max-width: 1920px) 100vw, 1920px\" \/>\t\t\t\t\t\t\t\t\t\t\t\t\t\t\t\t\t\t<\/div>\n\t\t\t\t<\/div>\n\n\t\t\t\t<div class=\"wrapper-content-banner wd-fill wd-items-top wd-justify-left\">\n\t\t\t\t\t<div class=\"content-banner  text-left\">\n\t\t\t\t\t\t\n\t\t\t\t\t\t\n\t\t\t\t\t\t\n\t\t\t\t\t\t\n\t\t\t\t\t\t\t\t\t\t\t<\/div>\n\t\t\t\t<\/div>\n\n\t\t\t\t\t\t\t\t\t<a href=\"#\" class=\"wd-promo-banner-link wd-fill\" aria-label=\"Banner-Link\"><\/a>\n\t\t\t\t\t\t\t<\/div>\n\t\t<\/div>\n\t\t\t\t\t\t\t\t\t\t\t\t\t<\/div>\n\t\t\t\t<\/div>\n\n\t\t\t\t\t\t\t\t\t\t\t<div class=\"wd-nav-arrows wd-pos-sep wd-hover-1 wd-icon-1\">\n\t\t\t<div class=\"wd-btn-arrow wd-prev wd-disabled\">\n\t\t\t\t<div class=\"wd-arrow-inner\"><\/div>\n\t\t\t<\/div>\n\t\t\t<div class=\"wd-btn-arrow wd-next\">\n\t\t\t\t<div class=\"wd-arrow-inner\"><\/div>\n\t\t\t<\/div>\n\t\t<\/div>\n\t\t\t\t\t\t\t\t\t<\/div>\n\n\t\t\t\t\t<div class=\"wd-nav-pagin-wrap text-center wd-style-shape wd-hide-md-sm wd-hide-sm\">\n\t\t\t<ul class=\"wd-nav-pagin\"><\/ul>\n\t\t<\/div>\n\t\t\t\t\t\t\t<\/div>\n\t\t\t\t\t\t<\/div>\n\t\t\t\t<\/div>\n\t\t\t\t\t<\/div>\n\t\t<\/div>\n\t\t\t\t\t<\/div>\n\t\t<\/section>\n\t\t\t\t<section class=\"wd-negative-gap elementor-section elementor-top-section elementor-element elementor-element-ccf0612 elementor-section-boxed elementor-section-height-default elementor-section-height-default\" data-id=\"ccf0612\" data-element_type=\"section\">\n\t\t\t\t\t\t<div class=\"elementor-container elementor-column-gap-default\">\n\t\t\t\t\t<div class=\"elementor-column elementor-col-100 elementor-top-column elementor-element elementor-element-8317e10\" data-id=\"8317e10\" data-element_type=\"column\">\n\t\t\t<div class=\"elementor-widget-wrap elementor-element-populated\">\n\t\t\t\t\t\t<div class=\"elementor-element elementor-element-0eb7088 elementor-widget elementor-widget-wd_popup\" data-id=\"0eb7088\" data-element_type=\"widget\" data-widget_type=\"wd_popup.default\">\n\t\t\t\t<div class=\"elementor-widget-container\">\n\t\t\t\t\t\t\t\t\t<div class=\"wd-button-wrapper text-center\" >\n\t\t\t<a class=\"btn btn-style-default btn-shape-semi-round btn-size-default wd-open-popup btn-icon-pos-right\"  href=\"#popup-5ef9ab74e822b\">\n\t\t\t\t<span class=\"wd-btn-text\" data-elementor-setting-key=\"text\">\n\t\t\t\t\tKONTAKTIEREN SIE UNS F\u00dcR EIN INDIVIDUELLES ANGEBOT\t\t\t\t<\/span>\n\n\t\t\t\t\t\t\t<\/a>\n\t\t<\/div>\n\t\t\t\t\t\t\t<div id=\"popup-5ef9ab74e822b\" class=\"wd-popup wd-popup-element wd-entry-content mfp-hide\" style=\"--wd-popup-width:800px;\">\n\t\t\t\t\t\t\t<link rel=\"stylesheet\" id=\"elementor-post-1570-css\" href=\"https:\/\/www.italfence.com\/de\/wp-content\/uploads\/elementor\/css\/post-1570.css?ver=1768057138\" type=\"text\/css\" media=\"all\">\n\t\t\t\t\t<div data-elementor-type=\"wp-post\" data-elementor-id=\"1570\" class=\"elementor elementor-1570\">\n\t\t\t\t\t\t<section class=\"wd-negative-gap elementor-section elementor-top-section elementor-element elementor-element-25dc3f7 elementor-section-boxed elementor-section-height-default elementor-section-height-default\" data-id=\"25dc3f7\" data-element_type=\"section\">\n\t\t\t\t\t\t<div class=\"elementor-container elementor-column-gap-default\">\n\t\t\t\t\t<div class=\"elementor-column elementor-col-100 elementor-top-column elementor-element elementor-element-748fb66\" data-id=\"748fb66\" data-element_type=\"column\">\n\t\t\t<div class=\"elementor-widget-wrap elementor-element-populated\">\n\t\t\t\t\t\t<div class=\"elementor-element elementor-element-b530a3c wd-width-100 elementor-widget elementor-widget-wd_title\" data-id=\"b530a3c\" data-element_type=\"widget\" data-widget_type=\"wd_title.default\">\n\t\t\t\t<div class=\"elementor-widget-container\">\n\t\t\t\t\t\t\t<div class=\"title-wrapper wd-set-mb reset-last-child wd-title-color-default wd-title-style-default wd-title-size-small text-left\">\n\n\t\t\t\n\t\t\t<div class=\"liner-continer\">\n\t\t\t\t<h4 class=\"woodmart-title-container title wd-fontsize-m\">SCHREIB UNS EINE NACHRICHT<\/h4> \n\t\t\t\t\t\t\t<\/div>\n\n\t\t\t\t\t<\/div>\n\t\t\t\t\t\t<\/div>\n\t\t\t\t<\/div>\n\t\t\t\t<div class=\"elementor-element elementor-element-a5ee9cc elementor-widget elementor-widget-wd_contact_form_7\" data-id=\"a5ee9cc\" data-element_type=\"widget\" data-widget_type=\"wd_contact_form_7.default\">\n\t\t\t\t<div class=\"elementor-widget-container\">\n\t\t\t\t\t\n<div class=\"wpcf7 no-js\" id=\"wpcf7-f8914-o1\" lang=\"it-IT\" dir=\"ltr\" data-wpcf7-id=\"8914\">\n<div class=\"screen-reader-response\"><p role=\"status\" aria-live=\"polite\" aria-atomic=\"true\"><\/p> <ul><\/ul><\/div>\n<form action=\"\/de\/wp-json\/wp\/v2\/pages\/16428#wpcf7-f8914-o1\" method=\"post\" class=\"wpcf7-form init\" aria-label=\"Modulo di contatto\" novalidate=\"novalidate\" data-status=\"init\">\n<div style=\"display: none;\">\n<input type=\"hidden\" name=\"_wpcf7\" value=\"8914\" \/>\n<input type=\"hidden\" name=\"_wpcf7_version\" value=\"6.0.1\" \/>\n<input type=\"hidden\" name=\"_wpcf7_locale\" value=\"it_IT\" \/>\n<input type=\"hidden\" name=\"_wpcf7_unit_tag\" value=\"wpcf7-f8914-o1\" \/>\n<input type=\"hidden\" name=\"_wpcf7_container_post\" value=\"0\" \/>\n<input type=\"hidden\" name=\"_wpcf7_posted_data_hash\" value=\"\" \/>\n<\/div>\n<p><label> Vor- und Nachname (erforderlich)<br \/>\n<span class=\"wpcf7-form-control-wrap\" data-name=\"your-name-surname\"><input size=\"40\" maxlength=\"400\" class=\"wpcf7-form-control wpcf7-text wpcf7-validates-as-required\" aria-required=\"true\" aria-invalid=\"false\" value=\"\" type=\"text\" name=\"your-name-surname\" \/><\/span> <\/label>\n<\/p>\n<p><label> E-Mail-Adresse (erforderlich)<br \/>\n<span class=\"wpcf7-form-control-wrap\" data-name=\"your-email\"><input size=\"40\" maxlength=\"400\" class=\"wpcf7-form-control wpcf7-email wpcf7-validates-as-required wpcf7-text wpcf7-validates-as-email\" aria-required=\"true\" aria-invalid=\"false\" value=\"\" type=\"email\" name=\"your-email\" \/><\/span> <\/label>\n<\/p>\n<p><label> Betreff (optional)<br \/>\n<span class=\"wpcf7-form-control-wrap\" data-name=\"your-subject\"><input size=\"40\" maxlength=\"400\" class=\"wpcf7-form-control wpcf7-text\" aria-invalid=\"false\" value=\"\" type=\"text\" name=\"your-subject\" \/><\/span> <\/label>\n<\/p>\n<p><label> Nachricht (erforderlich)<br \/>\n<span class=\"wpcf7-form-control-wrap\" data-name=\"your-message\"><textarea cols=\"40\" rows=\"10\" maxlength=\"2000\" class=\"wpcf7-form-control wpcf7-textarea wpcf7-validates-as-required\" aria-required=\"true\" aria-invalid=\"false\" name=\"your-message\"><\/textarea><\/span> <\/label>\n<\/p>\n<p><span class=\"wpcf7-form-control-wrap\" data-name=\"Accettazione_privacy\"><span class=\"wpcf7-form-control wpcf7-acceptance\"><span class=\"wpcf7-list-item\"><input type=\"checkbox\" name=\"Accettazione_privacy\" value=\"1\" aria-invalid=\"false\" \/><\/span><\/span><\/span> Ich willige in die Verarbeitung meiner Daten gem\u00e4\u00df den im Formular angegebenen Informationen und in \u00dcbereinstimmung mit der EU-Verordnung 2016\/679 (EU-Datenschutz-Grundverordnung \u2013 DSGVO 679\/2016) ein, um unsere <a href=\"https:\/\/www.iubenda.com\/privacy-policy\/64734868\" class=\"iubenda-white iubenda-noiframe iubenda-embed iubenda-noiframe \" title=\"Privacy Policy \">Privacy Policy<\/a><script type=\"text\/javascript\">(function (w,d) {var loader = function () {var s = d.createElement(\"script\"), tag = d.getElementsByTagName(\"script\")[0]; s.src=\"https:\/\/cdn.iubenda.com\/iubenda.js\"; tag.parentNode.insertBefore(s,tag);}; if(w.addEventListener){w.addEventListener(\"load\", loader, false);}else if(w.attachEvent){w.attachEvent(\"onload\", loader);}else{w.onload = loader;}})(window, document);<\/script><a href=\"https:\/\/www.iubenda.com\/privacy-policy\/64734868\/cookie-policy\" class=\"iubenda-white iubenda-noiframe iubenda-embed iubenda-noiframe \" title=\"Cookie Policy \">Cookie Policy<\/a><script type=\"text\/javascript\">(function (w,d) {var loader = function () {var s = d.createElement(\"script\"), tag = d.getElementsByTagName(\"script\")[0]; s.src=\"https:\/\/cdn.iubenda.com\/iubenda.js\"; tag.parentNode.insertBefore(s,tag);}; if(w.addEventListener){w.addEventListener(\"load\", loader, false);}else if(w.attachEvent){w.attachEvent(\"onload\", loader);}else{w.onload = loader;}})(window, document);<\/script>\n<\/p>\n<p><span class=\"wpcf7-form-control-wrap\" data-name=\"News_letter\"><span class=\"wpcf7-form-control wpcf7-acceptance optional\"><span class=\"wpcf7-list-item\"><label><input type=\"checkbox\" name=\"News_letter\" value=\"1\" aria-invalid=\"false\" \/><span class=\"wpcf7-list-item-label\">Ich stimme der Verwendung meiner E-Mail-Adresse zum Erhalt Ihres Newsletters zu<\/span><\/label><\/span><\/span><\/span>\n<\/p>\n<p><input class=\"wpcf7-form-control wpcf7-submit has-spinner\" type=\"submit\" value=\"Senden\" \/>\n<\/p><p style=\"display: none !important;\" class=\"akismet-fields-container\" data-prefix=\"_wpcf7_ak_\"><label>&#916;<textarea name=\"_wpcf7_ak_hp_textarea\" cols=\"45\" rows=\"8\" maxlength=\"100\"><\/textarea><\/label><input type=\"hidden\" id=\"ak_js_1\" name=\"_wpcf7_ak_js\" value=\"17\"\/><script>document.getElementById( \"ak_js_1\" ).setAttribute( \"value\", ( new Date() ).getTime() );<\/script><\/p><div class=\"wpcf7-response-output\" aria-hidden=\"true\"><\/div>\n<\/form>\n<\/div>\n\t\t\t\t<\/div>\n\t\t\t\t<\/div>\n\t\t\t\t\t<\/div>\n\t\t<\/div>\n\t\t\t\t\t<\/div>\n\t\t<\/section>\n\t\t\t\t<\/div>\n\t\t\t\t\t<\/div>\n\t\t\t\t\t\t\t\t<\/div>\n\t\t\t\t<\/div>\n\t\t\t\t\t<\/div>\n\t\t<\/div>\n\t\t\t\t\t<\/div>\n\t\t<\/section>\n\t\t\t\t<\/div>\n\t\t","protected":false},"excerpt":{"rendered":"<p>Z\u00e4une f\u00fcr Photovoltaikfelder Wenn Sie einen kompletten Zaun f\u00fcr Ihre Photovoltaikanlage ben\u00f6tigen \u2013 mit Drahtgeflecht, Pfosten, Spanndraht und allem Zubeh\u00f6r<\/p>\n","protected":false},"author":8,"featured_media":0,"parent":0,"menu_order":0,"comment_status":"closed","ping_status":"closed","template":"","meta":{"footnotes":""},"class_list":["post-16428","page","type-page","status-publish","hentry"],"_links":{"self":[{"href":"https:\/\/www.italfence.com\/de\/wp-json\/wp\/v2\/pages\/16428","targetHints":{"allow":["GET"]}}],"collection":[{"href":"https:\/\/www.italfence.com\/de\/wp-json\/wp\/v2\/pages"}],"about":[{"href":"https:\/\/www.italfence.com\/de\/wp-json\/wp\/v2\/types\/page"}],"author":[{"embeddable":true,"href":"https:\/\/www.italfence.com\/de\/wp-json\/wp\/v2\/users\/8"}],"replies":[{"embeddable":true,"href":"https:\/\/www.italfence.com\/de\/wp-json\/wp\/v2\/comments?post=16428"}],"version-history":[{"count":7,"href":"https:\/\/www.italfence.com\/de\/wp-json\/wp\/v2\/pages\/16428\/revisions"}],"predecessor-version":[{"id":17758,"href":"https:\/\/www.italfence.com\/de\/wp-json\/wp\/v2\/pages\/16428\/revisions\/17758"}],"wp:attachment":[{"href":"https:\/\/www.italfence.com\/de\/wp-json\/wp\/v2\/media?parent=16428"}],"curies":[{"name":"wp","href":"https:\/\/api.w.org\/{rel}","templated":true}]}}