{"id":17729,"date":"2026-01-08T06:24:14","date_gmt":"2026-01-08T06:24:14","guid":{"rendered":"https:\/\/www.italfence.com\/de\/?page_id=17729"},"modified":"2026-01-08T13:17:28","modified_gmt":"2026-01-08T13:17:28","slug":"zaeune-hundeauslaufzonen","status":"publish","type":"page","link":"https:\/\/www.italfence.com\/de\/zaeune-hundeauslaufzonen\/","title":{"rendered":"Z\u00e4une f\u00fcr Hundeauslaufzonen"},"content":{"rendered":"\t\t<div data-elementor-type=\"wp-page\" data-elementor-id=\"17729\" class=\"elementor elementor-17729\">\n\t\t\t\t\t\t<section class=\"wd-negative-gap elementor-section elementor-top-section elementor-element elementor-element-41618f9 elementor-section-boxed elementor-section-height-default elementor-section-height-default\" data-id=\"41618f9\" data-element_type=\"section\">\n\t\t\t\t\t\t<div class=\"elementor-container elementor-column-gap-default\">\n\t\t\t\t\t<div class=\"elementor-column elementor-col-100 elementor-top-column elementor-element elementor-element-fb5cfce\" data-id=\"fb5cfce\" data-element_type=\"column\">\n\t\t\t<div class=\"elementor-widget-wrap elementor-element-populated\">\n\t\t\t\t\t\t<div class=\"elementor-element elementor-element-966e5e5 elementor-widget elementor-widget-wd_text_block\" data-id=\"966e5e5\" data-element_type=\"widget\" data-widget_type=\"wd_text_block.default\">\n\t\t\t\t<div class=\"elementor-widget-container\">\n\t\t\t\t\t\t\t<div class=\"wd-text-block reset-last-child text-left\">\n\t\t\t\n\t\t\t<p style=\"font-size: 30px; font-weight: bold; color: #ffffff; text-align: left; margin-bottom: 15px;\">Z\u00e4une f\u00fcr Hundeauslaufzonen<\/p>\n<p style=\"font-size: 14px; color: #ffffff; text-align: left; margin-bottom: 10px; line-height: 1.5;\">Wenn Sie eine Hundeauslaufzone planen und eine komplette Einz\u00e4unung ben\u00f6tigen, mit Drahtzaun, Pfosten, Spanndraht und allem notwendigen Zubeh\u00f6r, ist <strong>Italfence<\/strong> der ideale Partner. Wir bieten ma\u00dfgeschneiderte L\u00f6sungen f\u00fcr sichere, funktionale und langlebige Bereiche und sorgen f\u00fcr maximalen Schutz sowie uneingeschr\u00e4nkte Bewegungsfreiheit f\u00fcr die Tiere, ganz entspannt.<\/p>\n<p style=\"font-size: 14px; color: #ffffff; text-align: left; margin-bottom: 10px; line-height: 1.5;\">Wir arbeiten mit \u00f6ffentlichen Einrichtungen, Kommunen, Architekten und Planern zusammen und liefern individuelle L\u00f6sungen entsprechend den projektspezifischen Anforderungen. Unsere interne Produktion erm\u00f6glicht Flexibilit\u00e4t, kurze Lieferzeiten und ein ausgezeichnetes Preis-Leistungs-Verh\u00e4ltnis.<\/p>\n<p style=\"font-size: 14px; color: #ffffff; text-align: left; margin-bottom: 10px; line-height: 1.5;\">Italfence \u00fcbernimmt die Montage nicht direkt, viele Kunden beauftragen jedoch lokale Bauunternehmen oder Garten- und Landschaftsbauer mit der Installation. Das erm\u00f6glicht deutliche Einsparungen gegen\u00fcber schl\u00fcsselfertigen L\u00f6sungen, ohne auf ein professionelles und langlebiges Ergebnis zu verzichten.<\/p>\n\n\t\t\t\t\t<\/div>\n\t\t\t\t\t\t<\/div>\n\t\t\t\t<\/div>\n\t\t\t\t\t<\/div>\n\t\t<\/div>\n\t\t\t\t\t<\/div>\n\t\t<\/section>\n\t\t\t\t<section class=\"wd-negative-gap elementor-section elementor-top-section elementor-element elementor-element-38db80f elementor-section-boxed elementor-section-height-default elementor-section-height-default\" data-id=\"38db80f\" data-element_type=\"section\">\n\t\t\t\t\t\t<div class=\"elementor-container elementor-column-gap-default\">\n\t\t\t\t\t<div class=\"elementor-column elementor-col-100 elementor-top-column elementor-element elementor-element-7cfce43\" data-id=\"7cfce43\" data-element_type=\"column\">\n\t\t\t<div class=\"elementor-widget-wrap elementor-element-populated\">\n\t\t\t\t\t\t<div class=\"elementor-element elementor-element-a3b7e0a wd-width-100 elementor-widget elementor-widget-wd_banner_carousel\" data-id=\"a3b7e0a\" data-element_type=\"widget\" data-widget_type=\"wd_banner_carousel.default\">\n\t\t\t\t<div class=\"elementor-widget-container\">\n\t\t\t\t\t\t\t<div class=\"wd-carousel-container banners-carousel-wrapper\">\n\t\t\t<div class=\"wd-carousel-inner\">\n\t\t\t\t<div class=\"wd-carousel wd-grid banners-carousel\" data-speed=\"3500\" data-wrap=\"yes\" data-autoplay=\"yes\" data-autoheight=\"yes\" style=\"--wd-col-lg:2.5;--wd-col-md:2;--wd-col-sm:1;--wd-gap-lg:30px;--wd-gap-sm:10px;\">\n\t\t\t\t\t<div class=\"wd-carousel-wrap\">\n\t\t\t\t\t\t\t\t\t\t\t\t\t\t\t\t\t\t\t\t\t\t<div class=\"promo-banner-wrapper wd-carousel-item elementor-repeater-item-df80089\">\n\t\t\t<div class=\"promo-banner banner-default banner-hover-zoom color-scheme- banner-btn-size-extra-small banner-btn-style-default wd-with-link\">\n\t\t\t\t<div class=\"main-wrapp-img\">\n\t\t\t\t\t<div class=\"banner-image\">\n\t\t\t\t\t\t\t\t\t\t\t\t\t\t\t\t\t\t\t\t\t<img fetchpriority=\"high\" decoding=\"async\" width=\"1000\" height=\"563\" src=\"https:\/\/www.italfence.com\/de\/wp-content\/uploads\/2026\/01\/AREA-CANI-SAN-LAZZARO-1.jpg\" class=\"attachment-3000x2000 size-3000x2000\" alt=\"\" srcset=\"https:\/\/www.italfence.com\/de\/wp-content\/uploads\/2026\/01\/AREA-CANI-SAN-LAZZARO-1.jpg 1000w, https:\/\/www.italfence.com\/de\/wp-content\/uploads\/2026\/01\/AREA-CANI-SAN-LAZZARO-1-400x225.jpg 400w, https:\/\/www.italfence.com\/de\/wp-content\/uploads\/2026\/01\/AREA-CANI-SAN-LAZZARO-1-768x432.jpg 768w, https:\/\/www.italfence.com\/de\/wp-content\/uploads\/2026\/01\/AREA-CANI-SAN-LAZZARO-1-430x242.jpg 430w, https:\/\/www.italfence.com\/de\/wp-content\/uploads\/2026\/01\/AREA-CANI-SAN-LAZZARO-1-700x394.jpg 700w, https:\/\/www.italfence.com\/de\/wp-content\/uploads\/2026\/01\/AREA-CANI-SAN-LAZZARO-1-150x84.jpg 150w\" sizes=\"(max-width: 1000px) 100vw, 1000px\" \/>\t\t\t\t\t\t\t\t\t\t\t\t\t\t\t\t\t\t<\/div>\n\t\t\t\t<\/div>\n\n\t\t\t\t<div class=\"wrapper-content-banner wd-fill wd-items-top wd-justify-left\">\n\t\t\t\t\t<div class=\"content-banner  text-left\">\n\t\t\t\t\t\t\n\t\t\t\t\t\t\n\t\t\t\t\t\t\n\t\t\t\t\t\t\n\t\t\t\t\t\t\t\t\t\t\t<\/div>\n\t\t\t\t<\/div>\n\n\t\t\t\t\t\t\t\t\t<a href=\"#\" class=\"wd-promo-banner-link wd-fill\" aria-label=\"Banner-Link\"><\/a>\n\t\t\t\t\t\t\t<\/div>\n\t\t<\/div>\n\t\t\t\t\t\t\t\t\t\t\t\t\t\t\t\t\t\t\t\t\t\t\t\t<div class=\"promo-banner-wrapper wd-carousel-item elementor-repeater-item-8042d48\">\n\t\t\t<div class=\"promo-banner banner-default banner-hover-zoom color-scheme- banner-btn-size-extra-small banner-btn-style-default wd-with-link\">\n\t\t\t\t<div class=\"main-wrapp-img\">\n\t\t\t\t\t<div class=\"banner-image\">\n\t\t\t\t\t\t\t\t\t\t\t\t\t\t\t\t\t\t\t\t\t<img decoding=\"async\" width=\"640\" height=\"445\" src=\"https:\/\/www.italfence.com\/de\/wp-content\/uploads\/2026\/01\/AREA-CANI-SINALUNGA-1.jpg\" class=\"attachment-full size-full\" alt=\"\" srcset=\"https:\/\/www.italfence.com\/de\/wp-content\/uploads\/2026\/01\/AREA-CANI-SINALUNGA-1.jpg 640w, https:\/\/www.italfence.com\/de\/wp-content\/uploads\/2026\/01\/AREA-CANI-SINALUNGA-1-400x278.jpg 400w, https:\/\/www.italfence.com\/de\/wp-content\/uploads\/2026\/01\/AREA-CANI-SINALUNGA-1-430x299.jpg 430w, https:\/\/www.italfence.com\/de\/wp-content\/uploads\/2026\/01\/AREA-CANI-SINALUNGA-1-150x104.jpg 150w\" sizes=\"(max-width: 640px) 100vw, 640px\" \/>\t\t\t\t\t\t\t\t\t\t\t\t\t\t\t\t\t\t<\/div>\n\t\t\t\t<\/div>\n\n\t\t\t\t<div class=\"wrapper-content-banner wd-fill wd-items-top wd-justify-left\">\n\t\t\t\t\t<div class=\"content-banner  text-left\">\n\t\t\t\t\t\t\n\t\t\t\t\t\t\n\t\t\t\t\t\t\n\t\t\t\t\t\t\n\t\t\t\t\t\t\t\t\t\t\t<\/div>\n\t\t\t\t<\/div>\n\n\t\t\t\t\t\t\t\t\t<a href=\"#\" class=\"wd-promo-banner-link wd-fill\" aria-label=\"Banner-Link\"><\/a>\n\t\t\t\t\t\t\t<\/div>\n\t\t<\/div>\n\t\t\t\t\t\t\t\t\t\t\t\t\t\t\t\t\t\t\t\t\t\t\t\t<div class=\"promo-banner-wrapper wd-carousel-item elementor-repeater-item-efd2207\">\n\t\t\t<div class=\"promo-banner banner-default banner-hover-zoom color-scheme- banner-btn-size-extra-small banner-btn-style-default wd-with-link\">\n\t\t\t\t<div class=\"main-wrapp-img\">\n\t\t\t\t\t<div class=\"banner-image\">\n\t\t\t\t\t\t\t\t\t\t\t\t\t\t\t\t\t\t\t\t\t<img decoding=\"async\" width=\"1280\" height=\"720\" src=\"https:\/\/www.italfence.com\/de\/wp-content\/uploads\/2026\/01\/AREA-CANI-MEDOLLA-1.jpg\" class=\"attachment-full size-full\" alt=\"\" srcset=\"https:\/\/www.italfence.com\/de\/wp-content\/uploads\/2026\/01\/AREA-CANI-MEDOLLA-1.jpg 1280w, https:\/\/www.italfence.com\/de\/wp-content\/uploads\/2026\/01\/AREA-CANI-MEDOLLA-1-400x225.jpg 400w, https:\/\/www.italfence.com\/de\/wp-content\/uploads\/2026\/01\/AREA-CANI-MEDOLLA-1-768x432.jpg 768w, https:\/\/www.italfence.com\/de\/wp-content\/uploads\/2026\/01\/AREA-CANI-MEDOLLA-1-430x242.jpg 430w, https:\/\/www.italfence.com\/de\/wp-content\/uploads\/2026\/01\/AREA-CANI-MEDOLLA-1-700x394.jpg 700w, https:\/\/www.italfence.com\/de\/wp-content\/uploads\/2026\/01\/AREA-CANI-MEDOLLA-1-150x84.jpg 150w\" sizes=\"(max-width: 1280px) 100vw, 1280px\" \/>\t\t\t\t\t\t\t\t\t\t\t\t\t\t\t\t\t\t<\/div>\n\t\t\t\t<\/div>\n\n\t\t\t\t<div class=\"wrapper-content-banner wd-fill wd-items-top wd-justify-left\">\n\t\t\t\t\t<div class=\"content-banner  text-left\">\n\t\t\t\t\t\t\n\t\t\t\t\t\t\n\t\t\t\t\t\t\n\t\t\t\t\t\t\n\t\t\t\t\t\t\t\t\t\t\t<\/div>\n\t\t\t\t<\/div>\n\n\t\t\t\t\t\t\t\t\t<a href=\"#\" class=\"wd-promo-banner-link wd-fill\" aria-label=\"Banner-Link\"><\/a>\n\t\t\t\t\t\t\t<\/div>\n\t\t<\/div>\n\t\t\t\t\t\t\t\t\t\t\t\t\t\t\t\t\t\t\t\t\t\t\t\t<div class=\"promo-banner-wrapper wd-carousel-item elementor-repeater-item-e016599\">\n\t\t\t<div class=\"promo-banner banner-default banner-hover-zoom color-scheme- banner-btn-size-extra-small banner-btn-style-default wd-with-link\">\n\t\t\t\t<div class=\"main-wrapp-img\">\n\t\t\t\t\t<div class=\"banner-image\">\n\t\t\t\t\t\t\t\t\t\t\t\t\t\t\t\t\t\t\t\t\t<img loading=\"lazy\" decoding=\"async\" width=\"640\" height=\"360\" src=\"https:\/\/www.italfence.com\/de\/wp-content\/uploads\/2026\/01\/AREA-CANI-PISA-1.jpg\" class=\"attachment-full size-full\" alt=\"\" srcset=\"https:\/\/www.italfence.com\/de\/wp-content\/uploads\/2026\/01\/AREA-CANI-PISA-1.jpg 640w, https:\/\/www.italfence.com\/de\/wp-content\/uploads\/2026\/01\/AREA-CANI-PISA-1-400x225.jpg 400w, https:\/\/www.italfence.com\/de\/wp-content\/uploads\/2026\/01\/AREA-CANI-PISA-1-430x242.jpg 430w, https:\/\/www.italfence.com\/de\/wp-content\/uploads\/2026\/01\/AREA-CANI-PISA-1-150x84.jpg 150w\" sizes=\"(max-width: 640px) 100vw, 640px\" \/>\t\t\t\t\t\t\t\t\t\t\t\t\t\t\t\t\t\t<\/div>\n\t\t\t\t<\/div>\n\n\t\t\t\t<div class=\"wrapper-content-banner wd-fill wd-items-top wd-justify-left\">\n\t\t\t\t\t<div class=\"content-banner  text-left\">\n\t\t\t\t\t\t\n\t\t\t\t\t\t\n\t\t\t\t\t\t\n\t\t\t\t\t\t\n\t\t\t\t\t\t\t\t\t\t\t<\/div>\n\t\t\t\t<\/div>\n\n\t\t\t\t\t\t\t\t\t<a href=\"#\" class=\"wd-promo-banner-link wd-fill\" aria-label=\"Banner-Link\"><\/a>\n\t\t\t\t\t\t\t<\/div>\n\t\t<\/div>\n\t\t\t\t\t\t\t\t\t\t\t\t\t<\/div>\n\t\t\t\t<\/div>\n\n\t\t\t\t\t\t\t\t\t\t\t<div class=\"wd-nav-arrows wd-pos-sep wd-hover-1 wd-icon-1\">\n\t\t\t<div class=\"wd-btn-arrow wd-prev wd-disabled\">\n\t\t\t\t<div class=\"wd-arrow-inner\"><\/div>\n\t\t\t<\/div>\n\t\t\t<div class=\"wd-btn-arrow wd-next\">\n\t\t\t\t<div class=\"wd-arrow-inner\"><\/div>\n\t\t\t<\/div>\n\t\t<\/div>\n\t\t\t\t\t\t\t\t\t<\/div>\n\n\t\t\t\t\t<div class=\"wd-nav-pagin-wrap text-center wd-style-shape wd-hide-md-sm wd-hide-sm\">\n\t\t\t<ul class=\"wd-nav-pagin\"><\/ul>\n\t\t<\/div>\n\t\t\t\t\t\t\t<\/div>\n\t\t\t\t\t\t<\/div>\n\t\t\t\t<\/div>\n\t\t\t\t\t<\/div>\n\t\t<\/div>\n\t\t\t\t\t<\/div>\n\t\t<\/section>\n\t\t\t\t<section class=\"wd-negative-gap elementor-section elementor-top-section elementor-element elementor-element-ccf0612 elementor-section-boxed elementor-section-height-default elementor-section-height-default\" data-id=\"ccf0612\" data-element_type=\"section\">\n\t\t\t\t\t\t<div class=\"elementor-container elementor-column-gap-default\">\n\t\t\t\t\t<div class=\"elementor-column elementor-col-100 elementor-top-column elementor-element elementor-element-8317e10\" data-id=\"8317e10\" data-element_type=\"column\">\n\t\t\t<div class=\"elementor-widget-wrap elementor-element-populated\">\n\t\t\t\t\t\t<div class=\"elementor-element elementor-element-0eb7088 elementor-widget elementor-widget-wd_popup\" data-id=\"0eb7088\" data-element_type=\"widget\" data-widget_type=\"wd_popup.default\">\n\t\t\t\t<div class=\"elementor-widget-container\">\n\t\t\t\t\t\t\t\t\t<div class=\"wd-button-wrapper text-center\" >\n\t\t\t<a class=\"btn btn-style-default btn-shape-semi-round btn-size-default wd-open-popup btn-icon-pos-right\"  href=\"#popup-5ef9ab74e822b\">\n\t\t\t\t<span class=\"wd-btn-text\" data-elementor-setting-key=\"text\">\n\t\t\t\t\tKONTAKTIEREN SIE UNS F\u00dcR EIN INDIVIDUELLES ANGEBOT\t\t\t\t<\/span>\n\n\t\t\t\t\t\t\t<\/a>\n\t\t<\/div>\n\t\t\t\t\t\t\t<div id=\"popup-5ef9ab74e822b\" class=\"wd-popup wd-popup-element wd-entry-content mfp-hide\" style=\"--wd-popup-width:800px;\">\n\t\t\t\t\t\t\t<link rel=\"stylesheet\" id=\"elementor-post-1570-css\" href=\"https:\/\/www.italfence.com\/de\/wp-content\/uploads\/elementor\/css\/post-1570.css?ver=1768057138\" type=\"text\/css\" media=\"all\">\n\t\t\t\t\t<div data-elementor-type=\"wp-post\" data-elementor-id=\"1570\" class=\"elementor elementor-1570\">\n\t\t\t\t\t\t<section class=\"wd-negative-gap elementor-section elementor-top-section elementor-element elementor-element-25dc3f7 elementor-section-boxed elementor-section-height-default elementor-section-height-default\" data-id=\"25dc3f7\" data-element_type=\"section\">\n\t\t\t\t\t\t<div class=\"elementor-container elementor-column-gap-default\">\n\t\t\t\t\t<div class=\"elementor-column elementor-col-100 elementor-top-column elementor-element elementor-element-748fb66\" data-id=\"748fb66\" data-element_type=\"column\">\n\t\t\t<div class=\"elementor-widget-wrap elementor-element-populated\">\n\t\t\t\t\t\t<div class=\"elementor-element elementor-element-b530a3c wd-width-100 elementor-widget elementor-widget-wd_title\" data-id=\"b530a3c\" data-element_type=\"widget\" data-widget_type=\"wd_title.default\">\n\t\t\t\t<div class=\"elementor-widget-container\">\n\t\t\t\t\t\t\t<div class=\"title-wrapper wd-set-mb reset-last-child wd-title-color-default wd-title-style-default wd-title-size-small text-left\">\n\n\t\t\t\n\t\t\t<div class=\"liner-continer\">\n\t\t\t\t<h4 class=\"woodmart-title-container title wd-fontsize-m\">SCHREIB UNS EINE NACHRICHT<\/h4> \n\t\t\t\t\t\t\t<\/div>\n\n\t\t\t\t\t<\/div>\n\t\t\t\t\t\t<\/div>\n\t\t\t\t<\/div>\n\t\t\t\t<div class=\"elementor-element elementor-element-a5ee9cc elementor-widget elementor-widget-wd_contact_form_7\" data-id=\"a5ee9cc\" data-element_type=\"widget\" data-widget_type=\"wd_contact_form_7.default\">\n\t\t\t\t<div class=\"elementor-widget-container\">\n\t\t\t\t\t\n<div class=\"wpcf7 no-js\" id=\"wpcf7-f8914-o1\" lang=\"it-IT\" dir=\"ltr\" data-wpcf7-id=\"8914\">\n<div class=\"screen-reader-response\"><p role=\"status\" aria-live=\"polite\" aria-atomic=\"true\"><\/p> <ul><\/ul><\/div>\n<form action=\"\/de\/wp-json\/wp\/v2\/pages\/17729#wpcf7-f8914-o1\" method=\"post\" class=\"wpcf7-form init\" aria-label=\"Modulo di contatto\" novalidate=\"novalidate\" data-status=\"init\">\n<div style=\"display: none;\">\n<input type=\"hidden\" name=\"_wpcf7\" value=\"8914\" \/>\n<input type=\"hidden\" name=\"_wpcf7_version\" value=\"6.0.1\" \/>\n<input type=\"hidden\" name=\"_wpcf7_locale\" value=\"it_IT\" \/>\n<input type=\"hidden\" name=\"_wpcf7_unit_tag\" value=\"wpcf7-f8914-o1\" \/>\n<input type=\"hidden\" name=\"_wpcf7_container_post\" value=\"0\" \/>\n<input type=\"hidden\" name=\"_wpcf7_posted_data_hash\" value=\"\" \/>\n<\/div>\n<p><label> Vor- und Nachname (erforderlich)<br \/>\n<span class=\"wpcf7-form-control-wrap\" data-name=\"your-name-surname\"><input size=\"40\" maxlength=\"400\" class=\"wpcf7-form-control wpcf7-text wpcf7-validates-as-required\" aria-required=\"true\" aria-invalid=\"false\" value=\"\" type=\"text\" name=\"your-name-surname\" \/><\/span> <\/label>\n<\/p>\n<p><label> E-Mail-Adresse (erforderlich)<br \/>\n<span class=\"wpcf7-form-control-wrap\" data-name=\"your-email\"><input size=\"40\" maxlength=\"400\" class=\"wpcf7-form-control wpcf7-email wpcf7-validates-as-required wpcf7-text wpcf7-validates-as-email\" aria-required=\"true\" aria-invalid=\"false\" value=\"\" type=\"email\" name=\"your-email\" \/><\/span> <\/label>\n<\/p>\n<p><label> Betreff (optional)<br \/>\n<span class=\"wpcf7-form-control-wrap\" data-name=\"your-subject\"><input size=\"40\" maxlength=\"400\" class=\"wpcf7-form-control wpcf7-text\" aria-invalid=\"false\" value=\"\" type=\"text\" name=\"your-subject\" \/><\/span> <\/label>\n<\/p>\n<p><label> Nachricht (erforderlich)<br \/>\n<span class=\"wpcf7-form-control-wrap\" data-name=\"your-message\"><textarea cols=\"40\" rows=\"10\" maxlength=\"2000\" class=\"wpcf7-form-control wpcf7-textarea wpcf7-validates-as-required\" aria-required=\"true\" aria-invalid=\"false\" name=\"your-message\"><\/textarea><\/span> <\/label>\n<\/p>\n<p><span class=\"wpcf7-form-control-wrap\" data-name=\"Accettazione_privacy\"><span class=\"wpcf7-form-control wpcf7-acceptance\"><span class=\"wpcf7-list-item\"><input type=\"checkbox\" name=\"Accettazione_privacy\" value=\"1\" aria-invalid=\"false\" \/><\/span><\/span><\/span> Ich willige in die Verarbeitung meiner Daten gem\u00e4\u00df den im Formular angegebenen Informationen und in \u00dcbereinstimmung mit der EU-Verordnung 2016\/679 (EU-Datenschutz-Grundverordnung \u2013 DSGVO 679\/2016) ein, um unsere <a href=\"https:\/\/www.iubenda.com\/privacy-policy\/64734868\" class=\"iubenda-white iubenda-noiframe iubenda-embed iubenda-noiframe \" title=\"Privacy Policy \">Privacy Policy<\/a><script type=\"text\/javascript\">(function (w,d) {var loader = function () {var s = d.createElement(\"script\"), tag = d.getElementsByTagName(\"script\")[0]; s.src=\"https:\/\/cdn.iubenda.com\/iubenda.js\"; tag.parentNode.insertBefore(s,tag);}; if(w.addEventListener){w.addEventListener(\"load\", loader, false);}else if(w.attachEvent){w.attachEvent(\"onload\", loader);}else{w.onload = loader;}})(window, document);<\/script><a href=\"https:\/\/www.iubenda.com\/privacy-policy\/64734868\/cookie-policy\" class=\"iubenda-white iubenda-noiframe iubenda-embed iubenda-noiframe \" title=\"Cookie Policy \">Cookie Policy<\/a><script type=\"text\/javascript\">(function (w,d) {var loader = function () {var s = d.createElement(\"script\"), tag = d.getElementsByTagName(\"script\")[0]; s.src=\"https:\/\/cdn.iubenda.com\/iubenda.js\"; tag.parentNode.insertBefore(s,tag);}; if(w.addEventListener){w.addEventListener(\"load\", loader, false);}else if(w.attachEvent){w.attachEvent(\"onload\", loader);}else{w.onload = loader;}})(window, document);<\/script>\n<\/p>\n<p><span class=\"wpcf7-form-control-wrap\" data-name=\"News_letter\"><span class=\"wpcf7-form-control wpcf7-acceptance optional\"><span class=\"wpcf7-list-item\"><label><input type=\"checkbox\" name=\"News_letter\" value=\"1\" aria-invalid=\"false\" \/><span class=\"wpcf7-list-item-label\">Ich stimme der Verwendung meiner E-Mail-Adresse zum Erhalt Ihres Newsletters zu<\/span><\/label><\/span><\/span><\/span>\n<\/p>\n<p><input class=\"wpcf7-form-control wpcf7-submit has-spinner\" type=\"submit\" value=\"Senden\" \/>\n<\/p><p style=\"display: none !important;\" class=\"akismet-fields-container\" data-prefix=\"_wpcf7_ak_\"><label>&#916;<textarea name=\"_wpcf7_ak_hp_textarea\" cols=\"45\" rows=\"8\" maxlength=\"100\"><\/textarea><\/label><input type=\"hidden\" id=\"ak_js_1\" name=\"_wpcf7_ak_js\" value=\"218\"\/><script>document.getElementById( \"ak_js_1\" ).setAttribute( \"value\", ( new Date() ).getTime() );<\/script><\/p><div class=\"wpcf7-response-output\" aria-hidden=\"true\"><\/div>\n<\/form>\n<\/div>\n\t\t\t\t<\/div>\n\t\t\t\t<\/div>\n\t\t\t\t\t<\/div>\n\t\t<\/div>\n\t\t\t\t\t<\/div>\n\t\t<\/section>\n\t\t\t\t<\/div>\n\t\t\t\t\t<\/div>\n\t\t\t\t\t\t\t\t<\/div>\n\t\t\t\t<\/div>\n\t\t\t\t\t<\/div>\n\t\t<\/div>\n\t\t\t\t\t<\/div>\n\t\t<\/section>\n\t\t\t\t<\/div>\n\t\t","protected":false},"excerpt":{"rendered":"<p>Z\u00e4une f\u00fcr Hundeauslaufzonen Wenn Sie eine Hundeauslaufzone planen und eine komplette Einz\u00e4unung ben\u00f6tigen, mit Drahtzaun, Pfosten, Spanndraht und allem notwendigen<\/p>\n","protected":false},"author":8,"featured_media":0,"parent":0,"menu_order":0,"comment_status":"closed","ping_status":"closed","template":"","meta":{"footnotes":""},"class_list":["post-17729","page","type-page","status-publish","hentry"],"_links":{"self":[{"href":"https:\/\/www.italfence.com\/de\/wp-json\/wp\/v2\/pages\/17729","targetHints":{"allow":["GET"]}}],"collection":[{"href":"https:\/\/www.italfence.com\/de\/wp-json\/wp\/v2\/pages"}],"about":[{"href":"https:\/\/www.italfence.com\/de\/wp-json\/wp\/v2\/types\/page"}],"author":[{"embeddable":true,"href":"https:\/\/www.italfence.com\/de\/wp-json\/wp\/v2\/users\/8"}],"replies":[{"embeddable":true,"href":"https:\/\/www.italfence.com\/de\/wp-json\/wp\/v2\/comments?post=17729"}],"version-history":[{"count":5,"href":"https:\/\/www.italfence.com\/de\/wp-json\/wp\/v2\/pages\/17729\/revisions"}],"predecessor-version":[{"id":17783,"href":"https:\/\/www.italfence.com\/de\/wp-json\/wp\/v2\/pages\/17729\/revisions\/17783"}],"wp:attachment":[{"href":"https:\/\/www.italfence.com\/de\/wp-json\/wp\/v2\/media?parent=17729"}],"curies":[{"name":"wp","href":"https:\/\/api.w.org\/{rel}","templated":true}]}}