{"id":17731,"date":"2026-01-08T06:32:25","date_gmt":"2026-01-08T06:32:25","guid":{"rendered":"https:\/\/www.italfence.com\/de\/?page_id=17731"},"modified":"2026-01-08T13:23:15","modified_gmt":"2026-01-08T13:23:15","slug":"produktion-eisendraht","status":"publish","type":"page","link":"https:\/\/www.italfence.com\/de\/produktion-eisendraht\/","title":{"rendered":"Produktion von Eisendraht"},"content":{"rendered":"\t\t<div data-elementor-type=\"wp-page\" data-elementor-id=\"17731\" class=\"elementor elementor-17731\">\n\t\t\t\t\t\t<section class=\"wd-negative-gap elementor-section elementor-top-section elementor-element elementor-element-41618f9 elementor-section-boxed elementor-section-height-default elementor-section-height-default\" data-id=\"41618f9\" data-element_type=\"section\">\n\t\t\t\t\t\t<div class=\"elementor-container elementor-column-gap-default\">\n\t\t\t\t\t<div class=\"elementor-column elementor-col-100 elementor-top-column elementor-element elementor-element-fb5cfce\" data-id=\"fb5cfce\" data-element_type=\"column\">\n\t\t\t<div class=\"elementor-widget-wrap elementor-element-populated\">\n\t\t\t\t\t\t<div class=\"elementor-element elementor-element-966e5e5 elementor-widget elementor-widget-wd_text_block\" data-id=\"966e5e5\" data-element_type=\"widget\" data-widget_type=\"wd_text_block.default\">\n\t\t\t\t<div class=\"elementor-widget-container\">\n\t\t\t\t\t\t\t<div class=\"wd-text-block reset-last-child text-left\">\n\t\t\t\n\t\t\t<p style=\"font-size: 30px; font-weight: bold; color: #ffffff; text-align: left; margin-bottom: 15px;\">Produktion von Eisendraht<\/p>\n<p style=\"font-size: 14px; color: #ffffff; text-align: left; margin-bottom: 10px; line-height: 1.5;\">Italfence ist ein Unternehmen, das auf die Produktion von Eisendraht spezialisiert ist und seinen Kunden hochwertige Produkte bietet, die ma\u00dfgeschneidert f\u00fcr jede Anforderung gefertigt werden. Als Direkthersteller k\u00f6nnen wir maximale Flexibilit\u00e4t in der Herstellung und in der Drahtbehandlung gew\u00e4hrleisten und uns an jede technische Spezifikation anpassen. Dank unserer Produktionsanlagen sind wir in der Lage, gro\u00dfe Mengen zu liefern, ohne die Lieferzeiten zu beeintr\u00e4chtigen, und sichern einen schnellen und effizienten Service.<\/p>\n<p style=\"font-size: 14px; color: #ffffff; text-align: left; margin-bottom: 10px; line-height: 1.5;\">Wir \u00fcberwachen die Qualit\u00e4t unseres Drahts kontinuierlich und pr\u00fcfen, dass jede Charge die h\u00f6chsten Standards hinsichtlich Festigkeit, Langlebigkeit und Sicherheit erf\u00fcllt. Unsere Branchenerfahrung und unsere bew\u00e4hrte Zuverl\u00e4ssigkeit machen uns zur ersten Wahl f\u00fcr alle, die zertifizierte und garantierte Materialien suchen. Direkt beim Hersteller zu kaufen bedeutet das beste Preis-Leistungs-Verh\u00e4ltnis, ohne Zwischenh\u00e4ndler, und mit fachkundiger Unterst\u00fctzung f\u00fcr jede Anforderung.<\/p>\n\t\t\t\t\t<\/div>\n\t\t\t\t\t\t<\/div>\n\t\t\t\t<\/div>\n\t\t\t\t\t<\/div>\n\t\t<\/div>\n\t\t\t\t\t<\/div>\n\t\t<\/section>\n\t\t\t\t<section class=\"wd-negative-gap elementor-section elementor-top-section elementor-element elementor-element-85fc65f elementor-section-boxed elementor-section-height-default elementor-section-height-default\" data-id=\"85fc65f\" data-element_type=\"section\">\n\t\t\t\t\t\t<div class=\"elementor-container elementor-column-gap-default\">\n\t\t\t\t\t<div class=\"elementor-column elementor-col-50 elementor-top-column elementor-element elementor-element-4ee225b\" data-id=\"4ee225b\" data-element_type=\"column\">\n\t\t\t<div class=\"elementor-widget-wrap elementor-element-populated\">\n\t\t\t\t\t\t<div class=\"elementor-element elementor-element-a7d7d6d wd-width-100 elementor-widget elementor-widget-wd_title\" data-id=\"a7d7d6d\" data-element_type=\"widget\" data-widget_type=\"wd_title.default\">\n\t\t\t\t<div class=\"elementor-widget-container\">\n\t\t\t\t\t\t\t<div class=\"title-wrapper wd-set-mb reset-last-child wd-title-color-primary wd-title-style-underlined wd-title-size-default text-left\">\n\n\t\t\t\n\t\t\t<div class=\"liner-continer\">\n\t\t\t\t<h4 class=\"woodmart-title-container title wd-fontsize-l\">VERZINKTER DRAHT<\/h4> \n\t\t\t\t\t\t\t<\/div>\n\n\t\t\t\t\t<\/div>\n\t\t\t\t\t\t<\/div>\n\t\t\t\t<\/div>\n\t\t\t\t<div class=\"elementor-element elementor-element-1a08afe elementor-widget elementor-widget-wd_text_block\" data-id=\"1a08afe\" data-element_type=\"widget\" data-widget_type=\"wd_text_block.default\">\n\t\t\t\t<div class=\"elementor-widget-container\">\n\t\t\t\t\t\t\t<div class=\"wd-text-block reset-last-child text-left\">\n\t\t\t\n\t\t\t<p style=\"font-size: 14px; color: #000000; text-align: left; margin-bottom: 8px;\">\nHergestellt durch <strong>Feuerverzinkung im Tauchverfahren in geschmolzenem Zink<\/strong>. Der Einsatz <strong>automatisierter Kontrollsysteme<\/strong> an den Produktionslinien gew\u00e4hrleistet eine perfekte <strong>Eisen-Zink-Legierung<\/strong> sowie eine <strong>gl\u00e4nzende Oberfl\u00e4che<\/strong>. Dank unserer <strong>internen Drahtherstellung<\/strong> k\u00f6nnen wir zudem <strong>verschiedene Durchmesser<\/strong> entsprechend den jeweiligen Anforderungen fertigen.<\/p>\n<p style=\"font-size: 14px; color: #000000; text-align: left; margin-bottom: 6px;\"><strong>Hauptanwendungen:<\/strong><\/p>\n\n<ul style=\"font-size: 14px; color: #000000; text-align: left; margin: 0 0 8px 0; padding-left: 18px; line-height: 1.35;\">\n \t<li style=\"margin: 0 0 4px 0;\">Herstellung von Schwei\u00dfgittern und Drahtgeflechten.<\/li>\n \t<li style=\"margin: 0 0 4px 0;\">Steinschlag-Gabionen und Anlagenbau.<\/li>\n \t<li style=\"margin: 0;\">Anwendungen in der Landwirtschaft (Weinberge und Obstplantagen).<\/li>\n<\/ul>\n<p style=\"font-size: 14px; color: #000000; text-align: left; margin-bottom: 5px;\"><a style=\"text-decoration: underline;\" href=\"https:\/\/www.italfence.com\/de\/verzinkter-draht\">\n<strong>Entdecken Sie unseren verzinkten Draht!<\/strong>\n<\/a><\/p>\n\t\t\t\t\t<\/div>\n\t\t\t\t\t\t<\/div>\n\t\t\t\t<\/div>\n\t\t\t\t\t<\/div>\n\t\t<\/div>\n\t\t\t\t<div class=\"elementor-column elementor-col-50 elementor-top-column elementor-element elementor-element-ef2c1ca\" data-id=\"ef2c1ca\" data-element_type=\"column\">\n\t\t\t<div class=\"elementor-widget-wrap elementor-element-populated\">\n\t\t\t\t\t\t<div class=\"elementor-element elementor-element-287b23b elementor-widget elementor-widget-wd_image_or_svg\" data-id=\"287b23b\" data-element_type=\"widget\" data-widget_type=\"wd_image_or_svg.default\">\n\t\t\t\t<div class=\"elementor-widget-container\">\n\t\t\t\t\t\n\t\t<div class=\"wd-image text-left\">\n\t\t\t\t\t\t\t\t<img fetchpriority=\"high\" decoding=\"async\" width=\"1920\" height=\"1080\" src=\"https:\/\/www.italfence.com\/de\/wp-content\/uploads\/2026\/01\/IMG_5024-2.jpeg\" class=\"attachment-full size-full\" alt=\"\" srcset=\"https:\/\/www.italfence.com\/de\/wp-content\/uploads\/2026\/01\/IMG_5024-2.jpeg 1920w, https:\/\/www.italfence.com\/de\/wp-content\/uploads\/2026\/01\/IMG_5024-2-400x225.jpeg 400w, https:\/\/www.italfence.com\/de\/wp-content\/uploads\/2026\/01\/IMG_5024-2-1300x731.jpeg 1300w, https:\/\/www.italfence.com\/de\/wp-content\/uploads\/2026\/01\/IMG_5024-2-768x432.jpeg 768w, https:\/\/www.italfence.com\/de\/wp-content\/uploads\/2026\/01\/IMG_5024-2-1536x864.jpeg 1536w, https:\/\/www.italfence.com\/de\/wp-content\/uploads\/2026\/01\/IMG_5024-2-430x242.jpeg 430w, https:\/\/www.italfence.com\/de\/wp-content\/uploads\/2026\/01\/IMG_5024-2-700x394.jpeg 700w, https:\/\/www.italfence.com\/de\/wp-content\/uploads\/2026\/01\/IMG_5024-2-150x84.jpeg 150w\" sizes=\"(max-width: 1920px) 100vw, 1920px\" \/>\t\t\t\t\t<\/div>\n\n\t\t\t\t\t\t<\/div>\n\t\t\t\t<\/div>\n\t\t\t\t\t<\/div>\n\t\t<\/div>\n\t\t\t\t\t<\/div>\n\t\t<\/section>\n\t\t\t\t<section class=\"wd-negative-gap elementor-section elementor-top-section elementor-element elementor-element-3e3f11f elementor-section-boxed elementor-section-height-default elementor-section-height-default\" data-id=\"3e3f11f\" data-element_type=\"section\">\n\t\t\t\t\t\t<div class=\"elementor-container elementor-column-gap-default\">\n\t\t\t\t\t<div class=\"elementor-column elementor-col-50 elementor-top-column elementor-element elementor-element-d589900\" data-id=\"d589900\" data-element_type=\"column\">\n\t\t\t<div class=\"elementor-widget-wrap elementor-element-populated\">\n\t\t\t\t\t\t<div class=\"elementor-element elementor-element-0cda7bc wd-width-100 elementor-widget elementor-widget-wd_title\" data-id=\"0cda7bc\" data-element_type=\"widget\" data-widget_type=\"wd_title.default\">\n\t\t\t\t<div class=\"elementor-widget-container\">\n\t\t\t\t\t\t\t<div class=\"title-wrapper wd-set-mb reset-last-child wd-title-color-primary wd-title-style-underlined wd-title-size-default text-left\">\n\n\t\t\t\n\t\t\t<div class=\"liner-continer\">\n\t\t\t\t<h4 class=\"woodmart-title-container title wd-fontsize-l\">KUNSTSTOFFBESCHICHTETER DRAHT<\/h4> \n\t\t\t\t\t\t\t<\/div>\n\n\t\t\t\t\t<\/div>\n\t\t\t\t\t\t<\/div>\n\t\t\t\t<\/div>\n\t\t\t\t<div class=\"elementor-element elementor-element-0b0c33a elementor-widget elementor-widget-wd_text_block\" data-id=\"0b0c33a\" data-element_type=\"widget\" data-widget_type=\"wd_text_block.default\">\n\t\t\t\t<div class=\"elementor-widget-container\">\n\t\t\t\t\t\t\t<div class=\"wd-text-block reset-last-child text-left\">\n\t\t\t\n\t\t\t<p style=\"font-size: 14px; color: #000000; text-align: left; margin-bottom: 8px;\">\nBestehend aus einem Kern aus verzinktem Draht, der durch <strong>Extrusion<\/strong> mit PVC ummantelt wird. Dieses Verfahren verleiht dem Produkt eine hervorragende <strong>Witterungsbest\u00e4ndigkeit<\/strong> und <strong>UV-Best\u00e4ndigkeit<\/strong>, und verbindet strukturelle Stabilit\u00e4t mit einer langlebigen, \u00e4sthetischen Oberfl\u00e4che. In <strong>verschiedenen Farben<\/strong> nach Spezifikation erh\u00e4ltlich.<\/p>\n<p style=\"font-size: 14px; color: #000000; text-align: left; margin-bottom: 6px;\"><strong>Hauptanwendungen:<\/strong><\/p>\n\n<ul style=\"font-size: 14px; color: #000000; text-align: left; margin: 0 0 8px 0; padding-left: 18px; line-height: 1.35;\">\n \t<li style=\"margin: 0 0 4px 0;\">Herstellung von Drahtgeflechten f\u00fcr Z\u00e4une.<\/li>\n \t<li style=\"margin: 0 0 4px 0;\">Z\u00e4une im Wohn- und Sportbereich.<\/li>\n \t<li style=\"margin: 0;\">Bindungen und Au\u00dfenanwendungen, die einen dauerhaften Schutz erfordern.<\/li>\n<\/ul>\n<p style=\"font-size: 14px; color: #000000; text-align: left; margin-bottom: 5px;\"><a style=\"text-decoration: underline;\" href=\"https:\/\/www.italfence.com\/de\/kunststoffbeschichteter-draht\">\n<strong>Entdecken Sie unseren kunststoffbeschichteten Draht!<\/strong>\n<\/a><\/p>\n\t\t\t\t\t<\/div>\n\t\t\t\t\t\t<\/div>\n\t\t\t\t<\/div>\n\t\t\t\t\t<\/div>\n\t\t<\/div>\n\t\t\t\t<div class=\"elementor-column elementor-col-50 elementor-top-column elementor-element elementor-element-0540560\" data-id=\"0540560\" data-element_type=\"column\">\n\t\t\t<div class=\"elementor-widget-wrap elementor-element-populated\">\n\t\t\t\t\t\t<div class=\"elementor-element elementor-element-54e9a0b elementor-widget elementor-widget-wd_image_or_svg\" data-id=\"54e9a0b\" data-element_type=\"widget\" data-widget_type=\"wd_image_or_svg.default\">\n\t\t\t\t<div class=\"elementor-widget-container\">\n\t\t\t\t\t\n\t\t<div class=\"wd-image text-left\">\n\t\t\t\t\t\t\t\t<img decoding=\"async\" width=\"1920\" height=\"1080\" src=\"https:\/\/www.italfence.com\/de\/wp-content\/uploads\/2026\/01\/filo-plastificato-2.jpeg\" class=\"attachment-full size-full\" alt=\"\" srcset=\"https:\/\/www.italfence.com\/de\/wp-content\/uploads\/2026\/01\/filo-plastificato-2.jpeg 1920w, https:\/\/www.italfence.com\/de\/wp-content\/uploads\/2026\/01\/filo-plastificato-2-400x225.jpeg 400w, https:\/\/www.italfence.com\/de\/wp-content\/uploads\/2026\/01\/filo-plastificato-2-1300x731.jpeg 1300w, https:\/\/www.italfence.com\/de\/wp-content\/uploads\/2026\/01\/filo-plastificato-2-768x432.jpeg 768w, https:\/\/www.italfence.com\/de\/wp-content\/uploads\/2026\/01\/filo-plastificato-2-1536x864.jpeg 1536w, https:\/\/www.italfence.com\/de\/wp-content\/uploads\/2026\/01\/filo-plastificato-2-430x242.jpeg 430w, https:\/\/www.italfence.com\/de\/wp-content\/uploads\/2026\/01\/filo-plastificato-2-700x394.jpeg 700w, https:\/\/www.italfence.com\/de\/wp-content\/uploads\/2026\/01\/filo-plastificato-2-150x84.jpeg 150w\" sizes=\"(max-width: 1920px) 100vw, 1920px\" \/>\t\t\t\t\t<\/div>\n\n\t\t\t\t\t\t<\/div>\n\t\t\t\t<\/div>\n\t\t\t\t\t<\/div>\n\t\t<\/div>\n\t\t\t\t\t<\/div>\n\t\t<\/section>\n\t\t\t\t<section class=\"wd-negative-gap elementor-section elementor-top-section elementor-element elementor-element-0f22b5a elementor-section-boxed elementor-section-height-default elementor-section-height-default\" data-id=\"0f22b5a\" data-element_type=\"section\">\n\t\t\t\t\t\t<div class=\"elementor-container elementor-column-gap-default\">\n\t\t\t\t\t<div class=\"elementor-column elementor-col-50 elementor-top-column elementor-element elementor-element-7cd753f\" data-id=\"7cd753f\" data-element_type=\"column\">\n\t\t\t<div class=\"elementor-widget-wrap elementor-element-populated\">\n\t\t\t\t\t\t<div class=\"elementor-element elementor-element-6727862 wd-width-100 elementor-widget elementor-widget-wd_title\" data-id=\"6727862\" data-element_type=\"widget\" data-widget_type=\"wd_title.default\">\n\t\t\t\t<div class=\"elementor-widget-container\">\n\t\t\t\t\t\t\t<div class=\"title-wrapper wd-set-mb reset-last-child wd-title-color-primary wd-title-style-underlined wd-title-size-default text-left\">\n\n\t\t\t\n\t\t\t<div class=\"liner-continer\">\n\t\t\t\t<h4 class=\"woodmart-title-container title wd-fontsize-l\">SCHWARZGEGL\u00dcHTER DRAHT<\/h4> \n\t\t\t\t\t\t\t<\/div>\n\n\t\t\t\t\t<\/div>\n\t\t\t\t\t\t<\/div>\n\t\t\t\t<\/div>\n\t\t\t\t<div class=\"elementor-element elementor-element-6d10f2e elementor-widget elementor-widget-wd_text_block\" data-id=\"6d10f2e\" data-element_type=\"widget\" data-widget_type=\"wd_text_block.default\">\n\t\t\t\t<div class=\"elementor-widget-container\">\n\t\t\t\t\t\t\t<div class=\"wd-text-block reset-last-child text-left\">\n\t\t\t\n\t\t\t<p style=\"font-size: 14px; color: #000000; text-align: left; margin-bottom: 8px;\">\nGekennzeichnet durch <strong>maximale Biegsamkeit<\/strong> und hohe <strong>Duktilit\u00e4t<\/strong>, als Ergebnis einer pr\u00e4zisen W\u00e4rmebehandlung durch <strong>Gl\u00fchen<\/strong>. Der Einsatz von \u00d6fen mit <strong>kontrollierter Atmosph\u00e4re<\/strong> gew\u00e4hrleistet konstante mechanische Eigenschaften sowie eine optimale, von Verunreinigungen freie Oberfl\u00e4che und erleichtert die manuelle Verarbeitung.<\/p>\n<p style=\"font-size: 14px; color: #000000; text-align: left; margin-bottom: 6px;\"><strong>Hauptanwendungen:<\/strong><\/p>\n\n<ul style=\"font-size: 14px; color: #000000; text-align: left; margin: 0 0 8px 0; padding-left: 18px; line-height: 1.35;\">\n \t<li style=\"margin: 0 0 4px 0;\">Bindearbeiten im Bauwesen (Rundstahl).<\/li>\n \t<li style=\"margin: 0 0 4px 0;\">Anwendungen und Bindungen in der Landwirtschaft.<\/li>\n \t<li style=\"margin: 0;\">Verpackungsindustrie und Drahtziehen.<\/li>\n<\/ul>\n<p style=\"font-size: 14px; color: #000000; text-align: left; margin-bottom: 5px;\"><a style=\"text-decoration: underline;\" href=\"https:\/\/www.italfence.com\/de\/schwarzgegluehter-draht\">\n<strong>Entdecken Sie unseren schwarzgegl\u00fchten Draht!<\/strong>\n<\/a><\/p>\n\t\t\t\t\t<\/div>\n\t\t\t\t\t\t<\/div>\n\t\t\t\t<\/div>\n\t\t\t\t\t<\/div>\n\t\t<\/div>\n\t\t\t\t<div class=\"elementor-column elementor-col-50 elementor-top-column elementor-element elementor-element-f447adf\" data-id=\"f447adf\" data-element_type=\"column\">\n\t\t\t<div class=\"elementor-widget-wrap elementor-element-populated\">\n\t\t\t\t\t\t<div class=\"elementor-element elementor-element-01a7f13 elementor-widget elementor-widget-wd_image_or_svg\" data-id=\"01a7f13\" data-element_type=\"widget\" data-widget_type=\"wd_image_or_svg.default\">\n\t\t\t\t<div class=\"elementor-widget-container\">\n\t\t\t\t\t\n\t\t<div class=\"wd-image text-left\">\n\t\t\t\t\t\t\t\t<img decoding=\"async\" width=\"1920\" height=\"1080\" src=\"https:\/\/www.italfence.com\/de\/wp-content\/uploads\/2026\/01\/IMG_5028-2.jpeg\" class=\"attachment-full size-full\" alt=\"\" srcset=\"https:\/\/www.italfence.com\/de\/wp-content\/uploads\/2026\/01\/IMG_5028-2.jpeg 1920w, https:\/\/www.italfence.com\/de\/wp-content\/uploads\/2026\/01\/IMG_5028-2-400x225.jpeg 400w, https:\/\/www.italfence.com\/de\/wp-content\/uploads\/2026\/01\/IMG_5028-2-1300x731.jpeg 1300w, https:\/\/www.italfence.com\/de\/wp-content\/uploads\/2026\/01\/IMG_5028-2-768x432.jpeg 768w, https:\/\/www.italfence.com\/de\/wp-content\/uploads\/2026\/01\/IMG_5028-2-1536x864.jpeg 1536w, https:\/\/www.italfence.com\/de\/wp-content\/uploads\/2026\/01\/IMG_5028-2-430x242.jpeg 430w, https:\/\/www.italfence.com\/de\/wp-content\/uploads\/2026\/01\/IMG_5028-2-700x394.jpeg 700w, https:\/\/www.italfence.com\/de\/wp-content\/uploads\/2026\/01\/IMG_5028-2-150x84.jpeg 150w\" sizes=\"(max-width: 1920px) 100vw, 1920px\" \/>\t\t\t\t\t<\/div>\n\n\t\t\t\t\t\t<\/div>\n\t\t\t\t<\/div>\n\t\t\t\t\t<\/div>\n\t\t<\/div>\n\t\t\t\t\t<\/div>\n\t\t<\/section>\n\t\t\t\t<section class=\"wd-negative-gap elementor-section elementor-top-section elementor-element elementor-element-ccf0612 elementor-section-boxed elementor-section-height-default elementor-section-height-default\" data-id=\"ccf0612\" data-element_type=\"section\">\n\t\t\t\t\t\t<div class=\"elementor-container elementor-column-gap-default\">\n\t\t\t\t\t<div class=\"elementor-column elementor-col-100 elementor-top-column elementor-element elementor-element-8317e10\" data-id=\"8317e10\" data-element_type=\"column\">\n\t\t\t<div class=\"elementor-widget-wrap elementor-element-populated\">\n\t\t\t\t\t\t<div class=\"elementor-element elementor-element-0eb7088 elementor-widget elementor-widget-wd_popup\" data-id=\"0eb7088\" data-element_type=\"widget\" data-widget_type=\"wd_popup.default\">\n\t\t\t\t<div class=\"elementor-widget-container\">\n\t\t\t\t\t\t\t\t\t<div class=\"wd-button-wrapper text-center\" >\n\t\t\t<a class=\"btn btn-style-default btn-shape-semi-round btn-size-default wd-open-popup btn-icon-pos-right\"  href=\"#popup-5ef9ab74e822b\">\n\t\t\t\t<span class=\"wd-btn-text\" data-elementor-setting-key=\"text\">\n\t\t\t\t\tKONTAKTIEREN SIE UNS F\u00dcR EIN INDIVIDUELLES ANGEBOT\t\t\t\t<\/span>\n\n\t\t\t\t\t\t\t<\/a>\n\t\t<\/div>\n\t\t\t\t\t\t\t<div id=\"popup-5ef9ab74e822b\" class=\"wd-popup wd-popup-element wd-entry-content mfp-hide\" style=\"--wd-popup-width:800px;\">\n\t\t\t\t\t\t\t<link rel=\"stylesheet\" id=\"elementor-post-1570-css\" href=\"https:\/\/www.italfence.com\/de\/wp-content\/uploads\/elementor\/css\/post-1570.css?ver=1768057138\" type=\"text\/css\" media=\"all\">\n\t\t\t\t\t<div data-elementor-type=\"wp-post\" data-elementor-id=\"1570\" class=\"elementor elementor-1570\">\n\t\t\t\t\t\t<section class=\"wd-negative-gap elementor-section elementor-top-section elementor-element elementor-element-25dc3f7 elementor-section-boxed elementor-section-height-default elementor-section-height-default\" data-id=\"25dc3f7\" data-element_type=\"section\">\n\t\t\t\t\t\t<div class=\"elementor-container elementor-column-gap-default\">\n\t\t\t\t\t<div class=\"elementor-column elementor-col-100 elementor-top-column elementor-element elementor-element-748fb66\" data-id=\"748fb66\" data-element_type=\"column\">\n\t\t\t<div class=\"elementor-widget-wrap elementor-element-populated\">\n\t\t\t\t\t\t<div class=\"elementor-element elementor-element-b530a3c wd-width-100 elementor-widget elementor-widget-wd_title\" data-id=\"b530a3c\" data-element_type=\"widget\" data-widget_type=\"wd_title.default\">\n\t\t\t\t<div class=\"elementor-widget-container\">\n\t\t\t\t\t\t\t<div class=\"title-wrapper wd-set-mb reset-last-child wd-title-color-default wd-title-style-default wd-title-size-small text-left\">\n\n\t\t\t\n\t\t\t<div class=\"liner-continer\">\n\t\t\t\t<h4 class=\"woodmart-title-container title wd-fontsize-m\">SCHREIB UNS EINE NACHRICHT<\/h4> \n\t\t\t\t\t\t\t<\/div>\n\n\t\t\t\t\t<\/div>\n\t\t\t\t\t\t<\/div>\n\t\t\t\t<\/div>\n\t\t\t\t<div class=\"elementor-element elementor-element-a5ee9cc elementor-widget elementor-widget-wd_contact_form_7\" data-id=\"a5ee9cc\" data-element_type=\"widget\" data-widget_type=\"wd_contact_form_7.default\">\n\t\t\t\t<div class=\"elementor-widget-container\">\n\t\t\t\t\t\n<div class=\"wpcf7 no-js\" id=\"wpcf7-f8914-o1\" lang=\"it-IT\" dir=\"ltr\" data-wpcf7-id=\"8914\">\n<div class=\"screen-reader-response\"><p role=\"status\" aria-live=\"polite\" aria-atomic=\"true\"><\/p> <ul><\/ul><\/div>\n<form action=\"\/de\/wp-json\/wp\/v2\/pages\/17731#wpcf7-f8914-o1\" method=\"post\" class=\"wpcf7-form init\" aria-label=\"Modulo di contatto\" novalidate=\"novalidate\" data-status=\"init\">\n<div style=\"display: none;\">\n<input type=\"hidden\" name=\"_wpcf7\" value=\"8914\" \/>\n<input type=\"hidden\" name=\"_wpcf7_version\" value=\"6.0.1\" \/>\n<input type=\"hidden\" name=\"_wpcf7_locale\" value=\"it_IT\" \/>\n<input type=\"hidden\" name=\"_wpcf7_unit_tag\" value=\"wpcf7-f8914-o1\" \/>\n<input type=\"hidden\" name=\"_wpcf7_container_post\" value=\"0\" \/>\n<input type=\"hidden\" name=\"_wpcf7_posted_data_hash\" value=\"\" \/>\n<\/div>\n<p><label> Vor- und Nachname (erforderlich)<br \/>\n<span class=\"wpcf7-form-control-wrap\" data-name=\"your-name-surname\"><input size=\"40\" maxlength=\"400\" class=\"wpcf7-form-control wpcf7-text wpcf7-validates-as-required\" aria-required=\"true\" aria-invalid=\"false\" value=\"\" type=\"text\" name=\"your-name-surname\" \/><\/span> <\/label>\n<\/p>\n<p><label> E-Mail-Adresse (erforderlich)<br \/>\n<span class=\"wpcf7-form-control-wrap\" data-name=\"your-email\"><input size=\"40\" maxlength=\"400\" class=\"wpcf7-form-control wpcf7-email wpcf7-validates-as-required wpcf7-text wpcf7-validates-as-email\" aria-required=\"true\" aria-invalid=\"false\" value=\"\" type=\"email\" name=\"your-email\" \/><\/span> <\/label>\n<\/p>\n<p><label> Betreff (optional)<br \/>\n<span class=\"wpcf7-form-control-wrap\" data-name=\"your-subject\"><input size=\"40\" maxlength=\"400\" class=\"wpcf7-form-control wpcf7-text\" aria-invalid=\"false\" value=\"\" type=\"text\" name=\"your-subject\" \/><\/span> <\/label>\n<\/p>\n<p><label> Nachricht (erforderlich)<br \/>\n<span class=\"wpcf7-form-control-wrap\" data-name=\"your-message\"><textarea cols=\"40\" rows=\"10\" maxlength=\"2000\" class=\"wpcf7-form-control wpcf7-textarea wpcf7-validates-as-required\" aria-required=\"true\" aria-invalid=\"false\" name=\"your-message\"><\/textarea><\/span> <\/label>\n<\/p>\n<p><span class=\"wpcf7-form-control-wrap\" data-name=\"Accettazione_privacy\"><span class=\"wpcf7-form-control wpcf7-acceptance\"><span class=\"wpcf7-list-item\"><input type=\"checkbox\" name=\"Accettazione_privacy\" value=\"1\" aria-invalid=\"false\" \/><\/span><\/span><\/span> Ich willige in die Verarbeitung meiner Daten gem\u00e4\u00df den im Formular angegebenen Informationen und in \u00dcbereinstimmung mit der EU-Verordnung 2016\/679 (EU-Datenschutz-Grundverordnung \u2013 DSGVO 679\/2016) ein, um unsere <a href=\"https:\/\/www.iubenda.com\/privacy-policy\/64734868\" class=\"iubenda-white iubenda-noiframe iubenda-embed iubenda-noiframe \" title=\"Privacy Policy \">Privacy Policy<\/a><script type=\"text\/javascript\">(function (w,d) {var loader = function () {var s = d.createElement(\"script\"), tag = d.getElementsByTagName(\"script\")[0]; s.src=\"https:\/\/cdn.iubenda.com\/iubenda.js\"; tag.parentNode.insertBefore(s,tag);}; if(w.addEventListener){w.addEventListener(\"load\", loader, false);}else if(w.attachEvent){w.attachEvent(\"onload\", loader);}else{w.onload = loader;}})(window, document);<\/script><a href=\"https:\/\/www.iubenda.com\/privacy-policy\/64734868\/cookie-policy\" class=\"iubenda-white iubenda-noiframe iubenda-embed iubenda-noiframe \" title=\"Cookie Policy \">Cookie Policy<\/a><script type=\"text\/javascript\">(function (w,d) {var loader = function () {var s = d.createElement(\"script\"), tag = d.getElementsByTagName(\"script\")[0]; s.src=\"https:\/\/cdn.iubenda.com\/iubenda.js\"; tag.parentNode.insertBefore(s,tag);}; if(w.addEventListener){w.addEventListener(\"load\", loader, false);}else if(w.attachEvent){w.attachEvent(\"onload\", loader);}else{w.onload = loader;}})(window, document);<\/script>\n<\/p>\n<p><span class=\"wpcf7-form-control-wrap\" data-name=\"News_letter\"><span class=\"wpcf7-form-control wpcf7-acceptance optional\"><span class=\"wpcf7-list-item\"><label><input type=\"checkbox\" name=\"News_letter\" value=\"1\" aria-invalid=\"false\" \/><span class=\"wpcf7-list-item-label\">Ich stimme der Verwendung meiner E-Mail-Adresse zum Erhalt Ihres Newsletters zu<\/span><\/label><\/span><\/span><\/span>\n<\/p>\n<p><input class=\"wpcf7-form-control wpcf7-submit has-spinner\" type=\"submit\" value=\"Senden\" \/>\n<\/p><p style=\"display: none !important;\" class=\"akismet-fields-container\" data-prefix=\"_wpcf7_ak_\"><label>&#916;<textarea name=\"_wpcf7_ak_hp_textarea\" cols=\"45\" rows=\"8\" maxlength=\"100\"><\/textarea><\/label><input type=\"hidden\" id=\"ak_js_1\" name=\"_wpcf7_ak_js\" value=\"200\"\/><script>document.getElementById( \"ak_js_1\" ).setAttribute( \"value\", ( new Date() ).getTime() );<\/script><\/p><div class=\"wpcf7-response-output\" aria-hidden=\"true\"><\/div>\n<\/form>\n<\/div>\n\t\t\t\t<\/div>\n\t\t\t\t<\/div>\n\t\t\t\t\t<\/div>\n\t\t<\/div>\n\t\t\t\t\t<\/div>\n\t\t<\/section>\n\t\t\t\t<\/div>\n\t\t\t\t\t<\/div>\n\t\t\t\t\t\t\t\t<\/div>\n\t\t\t\t<\/div>\n\t\t\t\t\t<\/div>\n\t\t<\/div>\n\t\t\t\t\t<\/div>\n\t\t<\/section>\n\t\t\t\t<\/div>\n\t\t","protected":false},"excerpt":{"rendered":"<p>Produktion von Eisendraht Italfence ist ein Unternehmen, das auf die Produktion von Eisendraht spezialisiert ist und seinen Kunden hochwertige Produkte<\/p>\n","protected":false},"author":8,"featured_media":0,"parent":0,"menu_order":0,"comment_status":"closed","ping_status":"closed","template":"","meta":{"footnotes":""},"class_list":["post-17731","page","type-page","status-publish","hentry"],"_links":{"self":[{"href":"https:\/\/www.italfence.com\/de\/wp-json\/wp\/v2\/pages\/17731","targetHints":{"allow":["GET"]}}],"collection":[{"href":"https:\/\/www.italfence.com\/de\/wp-json\/wp\/v2\/pages"}],"about":[{"href":"https:\/\/www.italfence.com\/de\/wp-json\/wp\/v2\/types\/page"}],"author":[{"embeddable":true,"href":"https:\/\/www.italfence.com\/de\/wp-json\/wp\/v2\/users\/8"}],"replies":[{"embeddable":true,"href":"https:\/\/www.italfence.com\/de\/wp-json\/wp\/v2\/comments?post=17731"}],"version-history":[{"count":12,"href":"https:\/\/www.italfence.com\/de\/wp-json\/wp\/v2\/pages\/17731\/revisions"}],"predecessor-version":[{"id":17814,"href":"https:\/\/www.italfence.com\/de\/wp-json\/wp\/v2\/pages\/17731\/revisions\/17814"}],"wp:attachment":[{"href":"https:\/\/www.italfence.com\/de\/wp-json\/wp\/v2\/media?parent=17731"}],"curies":[{"name":"wp","href":"https:\/\/api.w.org\/{rel}","templated":true}]}}