{"id":17760,"date":"2026-01-08T06:51:42","date_gmt":"2026-01-08T06:51:42","guid":{"rendered":"https:\/\/www.italfence.com\/de\/?page_id=17760"},"modified":"2026-01-08T13:23:09","modified_gmt":"2026-01-08T13:23:09","slug":"schwarzgegluehter-draht","status":"publish","type":"page","link":"https:\/\/www.italfence.com\/de\/schwarzgegluehter-draht\/","title":{"rendered":"Schwarzgegl\u00fchter Draht"},"content":{"rendered":"\t\t<div data-elementor-type=\"wp-page\" data-elementor-id=\"17760\" class=\"elementor elementor-17760\">\n\t\t\t\t\t\t<section class=\"wd-negative-gap elementor-section elementor-top-section elementor-element elementor-element-8fba285 elementor-section-boxed elementor-section-height-default elementor-section-height-default\" data-id=\"8fba285\" data-element_type=\"section\">\n\t\t\t\t\t\t<div class=\"elementor-container elementor-column-gap-default\">\n\t\t\t\t\t<div class=\"elementor-column elementor-col-50 elementor-top-column elementor-element elementor-element-3726b76\" data-id=\"3726b76\" data-element_type=\"column\">\n\t\t\t<div class=\"elementor-widget-wrap elementor-element-populated\">\n\t\t\t\t\t\t<div class=\"elementor-element elementor-element-4507d3f elementor-widget elementor-widget-wd_text_block\" data-id=\"4507d3f\" data-element_type=\"widget\" data-widget_type=\"wd_text_block.default\">\n\t\t\t\t<div class=\"elementor-widget-container\">\n\t\t\t\t\t\t\t<div class=\"wd-text-block reset-last-child text-left\">\n\t\t\t\n\t\t\t<p style=\"font-size: 30px; font-weight: bold; color: #ffffff; text-align: left; margin-bottom: 15px;\">Schwarzgegl&uuml;hter Draht<\/p>\n<p style=\"font-size: 14px; color: #ffffff; text-align: left; margin-bottom: 10px; line-height: 1.5;\">Der <strong>schwarzgegl&uuml;hte Draht<\/strong> ist ein kohlenstoffarmer Stahldraht, der durch <strong>Drahtziehen<\/strong> und anschlie&szlig;endes <strong>Gl&uuml;hen<\/strong> hergestellt wird. Die W&auml;rmebehandlung macht den Draht <strong>weicher und duktiler<\/strong>, verbessert die Verarbeitbarkeit und erleichtert den Einsatz bei manuellen Arbeiten. Damit ist er ideal f&uuml;r alle Anwendungen, bei denen <strong>schnelle Bindearbeiten<\/strong>, gute Biege- und Torsionseigenschaften sowie <strong>konstante Leistung<\/strong> auch bei wiederholtem, professionellem Einsatz gefordert sind.<\/p>\n\n\t\t\t\t\t<\/div>\n\t\t\t\t\t\t<\/div>\n\t\t\t\t<\/div>\n\t\t\t\t\t<\/div>\n\t\t<\/div>\n\t\t\t\t<div class=\"elementor-column elementor-col-50 elementor-top-column elementor-element elementor-element-eca00b3\" data-id=\"eca00b3\" data-element_type=\"column\">\n\t\t\t<div class=\"elementor-widget-wrap elementor-element-populated\">\n\t\t\t\t\t\t<div class=\"elementor-element elementor-element-c25940d elementor-widget elementor-widget-wd_image_or_svg\" data-id=\"c25940d\" data-element_type=\"widget\" data-widget_type=\"wd_image_or_svg.default\">\n\t\t\t\t<div class=\"elementor-widget-container\">\n\t\t\t\t\t\n\t\t<div class=\"wd-image text-left\">\n\t\t\t\t\t\t\t\t<img fetchpriority=\"high\" decoding=\"async\" width=\"1920\" height=\"1080\" src=\"https:\/\/www.italfence.com\/de\/wp-content\/uploads\/2026\/01\/IMG_5028-2.jpeg\" class=\"attachment-full size-full\" alt=\"\" srcset=\"https:\/\/www.italfence.com\/de\/wp-content\/uploads\/2026\/01\/IMG_5028-2.jpeg 1920w, https:\/\/www.italfence.com\/de\/wp-content\/uploads\/2026\/01\/IMG_5028-2-400x225.jpeg 400w, https:\/\/www.italfence.com\/de\/wp-content\/uploads\/2026\/01\/IMG_5028-2-1300x731.jpeg 1300w, https:\/\/www.italfence.com\/de\/wp-content\/uploads\/2026\/01\/IMG_5028-2-768x432.jpeg 768w, https:\/\/www.italfence.com\/de\/wp-content\/uploads\/2026\/01\/IMG_5028-2-1536x864.jpeg 1536w, https:\/\/www.italfence.com\/de\/wp-content\/uploads\/2026\/01\/IMG_5028-2-430x242.jpeg 430w, https:\/\/www.italfence.com\/de\/wp-content\/uploads\/2026\/01\/IMG_5028-2-700x394.jpeg 700w, https:\/\/www.italfence.com\/de\/wp-content\/uploads\/2026\/01\/IMG_5028-2-150x84.jpeg 150w\" sizes=\"(max-width: 1920px) 100vw, 1920px\" \/>\t\t\t\t\t<\/div>\n\n\t\t\t\t\t\t<\/div>\n\t\t\t\t<\/div>\n\t\t\t\t\t<\/div>\n\t\t<\/div>\n\t\t\t\t\t<\/div>\n\t\t<\/section>\n\t\t\t\t<section class=\"wd-negative-gap elementor-section elementor-top-section elementor-element elementor-element-6a7c005 elementor-section-boxed elementor-section-height-default elementor-section-height-default\" data-id=\"6a7c005\" data-element_type=\"section\">\n\t\t\t\t\t\t<div class=\"elementor-container elementor-column-gap-default\">\n\t\t\t\t\t<div class=\"elementor-column elementor-col-100 elementor-top-column elementor-element elementor-element-06db85d\" data-id=\"06db85d\" data-element_type=\"column\">\n\t\t\t<div class=\"elementor-widget-wrap elementor-element-populated\">\n\t\t\t\t\t\t<div class=\"elementor-element elementor-element-2294a49 wd-width-100 elementor-widget elementor-widget-wd_title\" data-id=\"2294a49\" data-element_type=\"widget\" data-widget_type=\"wd_title.default\">\n\t\t\t\t<div class=\"elementor-widget-container\">\n\t\t\t\t\t\t\t<div class=\"title-wrapper wd-set-mb reset-last-child wd-title-color-primary wd-title-style-underlined wd-title-size-default text-left\">\n\n\t\t\t\n\t\t\t<div class=\"liner-continer\">\n\t\t\t\t<h4 class=\"woodmart-title-container title wd-fontsize-l\">UNTERSCHEIDUNGSMERKMALE<\/h4> \n\t\t\t\t\t\t\t<\/div>\n\n\t\t\t\t\t<\/div>\n\t\t\t\t\t\t<\/div>\n\t\t\t\t<\/div>\n\t\t\t\t<div class=\"elementor-element elementor-element-c1869dc elementor-widget elementor-widget-wd_text_block\" data-id=\"c1869dc\" data-element_type=\"widget\" data-widget_type=\"wd_text_block.default\">\n\t\t\t\t<div class=\"elementor-widget-container\">\n\t\t\t\t\t\t\t<div class=\"wd-text-block reset-last-child text-left\">\n\t\t\t\n\t\t\t<ul style=\"font-size: 14px; color: #000000; text-align: left; margin: 0 0 8px 0; padding-left: 18px; line-height: 1.35;\">\n \t<li style=\"margin: 0 0 4px 0;\">Die Herstellung von gegl\u00fchtem Draht erfolgt durch <strong>thermische Gl\u00fchbehandlung<\/strong>, um Duktilit\u00e4t und Verarbeitbarkeit zu erh\u00f6hen.<\/li>\n \t<li style=\"margin: 0 0 4px 0;\"><strong>Stabile mechanische Eigenschaften<\/strong> und kontrollierte Qualit\u00e4t, mit Toleranzen gem\u00e4\u00df Referenznorm.<\/li>\n \t<li style=\"margin: 0 0 4px 0;\">Auf Anfrage: <strong>\u00d6lung\/Schmierung<\/strong> zur Verbesserung der Gleitf\u00e4higkeit und der Leistung im Einsatz.<\/li>\n \t<li style=\"margin: 0 0 4px 0;\">Auf Kundenwunsch: <strong>Anpassung von Verpackung und Spezifikationen<\/strong>.<\/li>\n \t<li style=\"margin: 0 0 4px 0;\"><strong>Unverbindliche technische Angaben:<\/strong> Draht aus <strong>kohlenstoffarmem Stahl C4D \/ C7D<\/strong>; typische Zugfestigkeit <strong>320 \u2013 390 N\/mm\u00b2<\/strong>; typische Bruchdehnung <strong>32 \u2013 37%<\/strong> (Werte je nach Durchmesser und gew\u00fcnschter Spezifikation variabel).<\/li>\n \t<li style=\"margin: 0;\"><strong>Durchmesserbereich:<\/strong> <strong>1,00 \u2013 5,50 mm<\/strong>.<\/li>\n<\/ul>\n\n\t\t\t\t\t<\/div>\n\t\t\t\t\t\t<\/div>\n\t\t\t\t<\/div>\n\t\t\t\t\t<\/div>\n\t\t<\/div>\n\t\t\t\t\t<\/div>\n\t\t<\/section>\n\t\t\t\t<section class=\"wd-negative-gap elementor-section elementor-top-section elementor-element elementor-element-494441c elementor-section-boxed elementor-section-height-default elementor-section-height-default\" data-id=\"494441c\" data-element_type=\"section\">\n\t\t\t\t\t\t<div class=\"elementor-container elementor-column-gap-default\">\n\t\t\t\t\t<div class=\"elementor-column elementor-col-100 elementor-top-column elementor-element elementor-element-86e8ed4\" data-id=\"86e8ed4\" data-element_type=\"column\">\n\t\t\t<div class=\"elementor-widget-wrap elementor-element-populated\">\n\t\t\t\t\t\t<div class=\"elementor-element elementor-element-f4e83c7 wd-width-100 elementor-widget elementor-widget-wd_title\" data-id=\"f4e83c7\" data-element_type=\"widget\" data-widget_type=\"wd_title.default\">\n\t\t\t\t<div class=\"elementor-widget-container\">\n\t\t\t\t\t\t\t<div class=\"title-wrapper wd-set-mb reset-last-child wd-title-color-primary wd-title-style-underlined wd-title-size-default text-left\">\n\n\t\t\t\n\t\t\t<div class=\"liner-continer\">\n\t\t\t\t<h4 class=\"woodmart-title-container title wd-fontsize-l\">HAUPTANWENDUNGEN<\/h4> \n\t\t\t\t\t\t\t<\/div>\n\n\t\t\t\t\t<\/div>\n\t\t\t\t\t\t<\/div>\n\t\t\t\t<\/div>\n\t\t\t\t<div class=\"elementor-element elementor-element-37717c8 elementor-widget elementor-widget-wd_text_block\" data-id=\"37717c8\" data-element_type=\"widget\" data-widget_type=\"wd_text_block.default\">\n\t\t\t\t<div class=\"elementor-widget-container\">\n\t\t\t\t\t\t\t<div class=\"wd-text-block reset-last-child text-left\">\n\t\t\t\n\t\t\t<ul style=\"font-size: 14px; color: #000000; text-align: left; margin: 0 0 8px 0; padding-left: 18px; line-height: 1.35;\">\n \t<li style=\"margin: 0 0 4px 0;\"><strong>Bindearbeiten im Bauwesen:<\/strong> Binden von Bewehrungsstahl f\u00fcr Stahlbeton und verschiedene Befestigungen.<\/li>\n \t<li style=\"margin: 0 0 4px 0;\"><strong>Landwirtschaft:<\/strong> allgemeine Bindearbeiten, Heubinden und saisonale Eins\u00e4tze.<\/li>\n \t<li style=\"margin: 0 0 4px 0;\"><strong>Verpackung und Logistik:<\/strong> Bindungen f\u00fcr Pakete, B\u00fcndel und Verpackungen.<\/li>\n \t<li style=\"margin: 0 0 4px 0;\"><strong>Recycling und Pressen:<\/strong> Ballenpressen und Fixieren von Materialien.<\/li>\n \t<li style=\"margin: 0;\"><strong>Industrielle Anwendungen:<\/strong> Verarbeitungen, bei denen h\u00f6here Duktilit\u00e4t erforderlich ist.<\/li>\n<\/ul>\n\t\t\t\t\t<\/div>\n\t\t\t\t\t\t<\/div>\n\t\t\t\t<\/div>\n\t\t\t\t\t<\/div>\n\t\t<\/div>\n\t\t\t\t\t<\/div>\n\t\t<\/section>\n\t\t\t\t<section class=\"wd-negative-gap elementor-section elementor-top-section elementor-element elementor-element-2a138bd elementor-section-boxed elementor-section-height-default elementor-section-height-default\" data-id=\"2a138bd\" data-element_type=\"section\">\n\t\t\t\t\t\t<div class=\"elementor-container elementor-column-gap-default\">\n\t\t\t\t\t<div class=\"elementor-column elementor-col-100 elementor-top-column elementor-element elementor-element-8223a8b\" data-id=\"8223a8b\" data-element_type=\"column\">\n\t\t\t<div class=\"elementor-widget-wrap elementor-element-populated\">\n\t\t\t\t\t\t<div class=\"elementor-element elementor-element-9267cc7 wd-width-100 elementor-widget elementor-widget-wd_title\" data-id=\"9267cc7\" data-element_type=\"widget\" data-widget_type=\"wd_title.default\">\n\t\t\t\t<div class=\"elementor-widget-container\">\n\t\t\t\t\t\t\t<div class=\"title-wrapper wd-set-mb reset-last-child wd-title-color-primary wd-title-style-underlined wd-title-size-default text-left\">\n\n\t\t\t\n\t\t\t<div class=\"liner-continer\">\n\t\t\t\t<h4 class=\"woodmart-title-container title wd-fontsize-l\">VERPACKUNGSARTEN<\/h4> \n\t\t\t\t\t\t\t<\/div>\n\n\t\t\t\t\t<\/div>\n\t\t\t\t\t\t<\/div>\n\t\t\t\t<\/div>\n\t\t\t\t<div class=\"elementor-element elementor-element-6e1df2f elementor-widget elementor-widget-wd_text_block\" data-id=\"6e1df2f\" data-element_type=\"widget\" data-widget_type=\"wd_text_block.default\">\n\t\t\t\t<div class=\"elementor-widget-container\">\n\t\t\t\t\t\t\t<div class=\"wd-text-block reset-last-child text-left\">\n\t\t\t\n\t\t\t<ul style=\"font-size: 14px; color: #000000; text-align: left; margin: 0 0 8px 0; padding-left: 18px; line-height: 1.35;\">\n \t<li style=\"margin: 0 0 4px 0;\"><strong>Drahtb&uuml;nde auf Palette:<\/strong> (z. B. 500 oder 800 kg) f&uuml;r industrielle Anwendungen und Gro&szlig;verbrauch.<\/li>\n \t<li style=\"margin: 0 0 4px 0;\"><strong>Vorgewogene Rollen\/B&uuml;nde:<\/strong> (z. B. 25, 40 oder 50 kg), gesch&uuml;tzt und mit Identifikationsetikett.<\/li>\n \t<li style=\"margin: 0;\"><strong>Spulen:<\/strong> (z. B. 20 oder 40 kg), auf Paletten platziert.<\/li>\n<\/ul>\n\n\t\t\t\t\t<\/div>\n\t\t\t\t\t\t<\/div>\n\t\t\t\t<\/div>\n\t\t\t\t\t<\/div>\n\t\t<\/div>\n\t\t\t\t\t<\/div>\n\t\t<\/section>\n\t\t\t\t<section class=\"wd-negative-gap elementor-section elementor-top-section elementor-element elementor-element-56302bc elementor-section-boxed elementor-section-height-default elementor-section-height-default\" data-id=\"56302bc\" data-element_type=\"section\">\n\t\t\t\t\t\t<div class=\"elementor-container elementor-column-gap-default\">\n\t\t\t\t\t<div class=\"elementor-column elementor-col-100 elementor-top-column elementor-element elementor-element-40594b9\" data-id=\"40594b9\" data-element_type=\"column\">\n\t\t\t<div class=\"elementor-widget-wrap elementor-element-populated\">\n\t\t\t\t\t\t<div class=\"elementor-element elementor-element-bfee395 wd-width-100 elementor-widget elementor-widget-wd_title\" data-id=\"bfee395\" data-element_type=\"widget\" data-widget_type=\"wd_title.default\">\n\t\t\t\t<div class=\"elementor-widget-container\">\n\t\t\t\t\t\t\t<div class=\"title-wrapper wd-set-mb reset-last-child wd-title-color-primary wd-title-style-underlined wd-title-size-default text-left\">\n\n\t\t\t\n\t\t\t<div class=\"liner-continer\">\n\t\t\t\t<h4 class=\"woodmart-title-container title wd-fontsize-l\">PRODUKTIONSFLEXIBILIT\u00c4T<\/h4> \n\t\t\t\t\t\t\t<\/div>\n\n\t\t\t\t\t<\/div>\n\t\t\t\t\t\t<\/div>\n\t\t\t\t<\/div>\n\t\t\t\t<div class=\"elementor-element elementor-element-1a1981c elementor-widget elementor-widget-wd_text_block\" data-id=\"1a1981c\" data-element_type=\"widget\" data-widget_type=\"wd_text_block.default\">\n\t\t\t\t<div class=\"elementor-widget-container\">\n\t\t\t\t\t\t\t<div class=\"wd-text-block reset-last-child text-left\">\n\t\t\t\n\t\t\t<p style=\"font-size: 14px; color: #000000; text-align: left; margin-bottom: 8px;\">Wir steuern die Schl\u00fcsselphasen des Prozesses intern, um ein <strong>ma\u00dfgeschneidertes<\/strong> und wirklich <strong>individualisierbares<\/strong> Produkt anzubieten: Dank unserer <strong>Drahtzieherei<\/strong> k\u00f6nnen wir die <strong>Durchmesser<\/strong> pr\u00e4zise festlegen, w\u00e4hrend unsere <strong>Gl\u00fch\u00f6fen<\/strong> es uns erm\u00f6glichen, den <strong>schwarzgegl\u00fchten Draht<\/strong> direkt zu produzieren. So stellen wir die Kontrolle \u00fcber <strong>Gewichte<\/strong>, <strong>Oberfl\u00e4chen<\/strong> (auch <strong>ge\u00f6lt<\/strong>), <strong>Toleranzen<\/strong> und <strong>Verpackungskonfigurationen<\/strong> sicher, je nach den jeweiligen Anwendungsanforderungen.<\/p>\n\n\t\t\t\t\t<\/div>\n\t\t\t\t\t\t<\/div>\n\t\t\t\t<\/div>\n\t\t\t\t\t<\/div>\n\t\t<\/div>\n\t\t\t\t\t<\/div>\n\t\t<\/section>\n\t\t\t\t<section class=\"wd-negative-gap elementor-section elementor-top-section elementor-element elementor-element-ccf0612 elementor-section-boxed elementor-section-height-default elementor-section-height-default\" data-id=\"ccf0612\" data-element_type=\"section\">\n\t\t\t\t\t\t<div class=\"elementor-container elementor-column-gap-default\">\n\t\t\t\t\t<div class=\"elementor-column elementor-col-100 elementor-top-column elementor-element elementor-element-8317e10\" data-id=\"8317e10\" data-element_type=\"column\">\n\t\t\t<div class=\"elementor-widget-wrap elementor-element-populated\">\n\t\t\t\t\t\t<div class=\"elementor-element elementor-element-0eb7088 elementor-widget elementor-widget-wd_popup\" data-id=\"0eb7088\" data-element_type=\"widget\" data-widget_type=\"wd_popup.default\">\n\t\t\t\t<div class=\"elementor-widget-container\">\n\t\t\t\t\t\t\t\t\t<div class=\"wd-button-wrapper text-center\" >\n\t\t\t<a class=\"btn btn-style-default btn-shape-semi-round btn-size-default wd-open-popup btn-icon-pos-right\"  href=\"#popup-5ef9ab74e822b\">\n\t\t\t\t<span class=\"wd-btn-text\" data-elementor-setting-key=\"text\">\n\t\t\t\t\tKONTAKTIEREN SIE UNS F\u00dcR EIN INDIVIDUELLES ANGEBOT\t\t\t\t<\/span>\n\n\t\t\t\t\t\t\t<\/a>\n\t\t<\/div>\n\t\t\t\t\t\t\t<div id=\"popup-5ef9ab74e822b\" class=\"wd-popup wd-popup-element wd-entry-content mfp-hide\" style=\"--wd-popup-width:800px;\">\n\t\t\t\t\t\t\t<link rel=\"stylesheet\" id=\"elementor-post-1570-css\" href=\"https:\/\/www.italfence.com\/de\/wp-content\/uploads\/elementor\/css\/post-1570.css?ver=1768057138\" type=\"text\/css\" media=\"all\">\n\t\t\t\t\t<div data-elementor-type=\"wp-post\" data-elementor-id=\"1570\" class=\"elementor elementor-1570\">\n\t\t\t\t\t\t<section class=\"wd-negative-gap elementor-section elementor-top-section elementor-element elementor-element-25dc3f7 elementor-section-boxed elementor-section-height-default elementor-section-height-default\" data-id=\"25dc3f7\" data-element_type=\"section\">\n\t\t\t\t\t\t<div class=\"elementor-container elementor-column-gap-default\">\n\t\t\t\t\t<div class=\"elementor-column elementor-col-100 elementor-top-column elementor-element elementor-element-748fb66\" data-id=\"748fb66\" data-element_type=\"column\">\n\t\t\t<div class=\"elementor-widget-wrap elementor-element-populated\">\n\t\t\t\t\t\t<div class=\"elementor-element elementor-element-b530a3c wd-width-100 elementor-widget elementor-widget-wd_title\" data-id=\"b530a3c\" data-element_type=\"widget\" data-widget_type=\"wd_title.default\">\n\t\t\t\t<div class=\"elementor-widget-container\">\n\t\t\t\t\t\t\t<div class=\"title-wrapper wd-set-mb reset-last-child wd-title-color-default wd-title-style-default wd-title-size-small text-left\">\n\n\t\t\t\n\t\t\t<div class=\"liner-continer\">\n\t\t\t\t<h4 class=\"woodmart-title-container title wd-fontsize-m\">SCHREIB UNS EINE NACHRICHT<\/h4> \n\t\t\t\t\t\t\t<\/div>\n\n\t\t\t\t\t<\/div>\n\t\t\t\t\t\t<\/div>\n\t\t\t\t<\/div>\n\t\t\t\t<div class=\"elementor-element elementor-element-a5ee9cc elementor-widget elementor-widget-wd_contact_form_7\" data-id=\"a5ee9cc\" data-element_type=\"widget\" data-widget_type=\"wd_contact_form_7.default\">\n\t\t\t\t<div class=\"elementor-widget-container\">\n\t\t\t\t\t\n<div class=\"wpcf7 no-js\" id=\"wpcf7-f8914-o1\" lang=\"it-IT\" dir=\"ltr\" data-wpcf7-id=\"8914\">\n<div class=\"screen-reader-response\"><p role=\"status\" aria-live=\"polite\" aria-atomic=\"true\"><\/p> <ul><\/ul><\/div>\n<form action=\"\/de\/wp-json\/wp\/v2\/pages\/17760#wpcf7-f8914-o1\" method=\"post\" class=\"wpcf7-form init\" aria-label=\"Modulo di contatto\" novalidate=\"novalidate\" data-status=\"init\">\n<div style=\"display: none;\">\n<input type=\"hidden\" name=\"_wpcf7\" value=\"8914\" \/>\n<input type=\"hidden\" name=\"_wpcf7_version\" value=\"6.0.1\" \/>\n<input type=\"hidden\" name=\"_wpcf7_locale\" value=\"it_IT\" \/>\n<input type=\"hidden\" name=\"_wpcf7_unit_tag\" value=\"wpcf7-f8914-o1\" \/>\n<input type=\"hidden\" name=\"_wpcf7_container_post\" value=\"0\" \/>\n<input type=\"hidden\" name=\"_wpcf7_posted_data_hash\" value=\"\" \/>\n<\/div>\n<p><label> Vor- und Nachname (erforderlich)<br \/>\n<span class=\"wpcf7-form-control-wrap\" data-name=\"your-name-surname\"><input size=\"40\" maxlength=\"400\" class=\"wpcf7-form-control wpcf7-text wpcf7-validates-as-required\" aria-required=\"true\" aria-invalid=\"false\" value=\"\" type=\"text\" name=\"your-name-surname\" \/><\/span> <\/label>\n<\/p>\n<p><label> E-Mail-Adresse (erforderlich)<br \/>\n<span class=\"wpcf7-form-control-wrap\" data-name=\"your-email\"><input size=\"40\" maxlength=\"400\" class=\"wpcf7-form-control wpcf7-email wpcf7-validates-as-required wpcf7-text wpcf7-validates-as-email\" aria-required=\"true\" aria-invalid=\"false\" value=\"\" type=\"email\" name=\"your-email\" \/><\/span> <\/label>\n<\/p>\n<p><label> Betreff (optional)<br \/>\n<span class=\"wpcf7-form-control-wrap\" data-name=\"your-subject\"><input size=\"40\" maxlength=\"400\" class=\"wpcf7-form-control wpcf7-text\" aria-invalid=\"false\" value=\"\" type=\"text\" name=\"your-subject\" \/><\/span> <\/label>\n<\/p>\n<p><label> Nachricht (erforderlich)<br \/>\n<span class=\"wpcf7-form-control-wrap\" data-name=\"your-message\"><textarea cols=\"40\" rows=\"10\" maxlength=\"2000\" class=\"wpcf7-form-control wpcf7-textarea wpcf7-validates-as-required\" aria-required=\"true\" aria-invalid=\"false\" name=\"your-message\"><\/textarea><\/span> <\/label>\n<\/p>\n<p><span class=\"wpcf7-form-control-wrap\" data-name=\"Accettazione_privacy\"><span class=\"wpcf7-form-control wpcf7-acceptance\"><span class=\"wpcf7-list-item\"><input type=\"checkbox\" name=\"Accettazione_privacy\" value=\"1\" aria-invalid=\"false\" \/><\/span><\/span><\/span> Ich willige in die Verarbeitung meiner Daten gem\u00e4\u00df den im Formular angegebenen Informationen und in \u00dcbereinstimmung mit der EU-Verordnung 2016\/679 (EU-Datenschutz-Grundverordnung \u2013 DSGVO 679\/2016) ein, um unsere <a href=\"https:\/\/www.iubenda.com\/privacy-policy\/64734868\" class=\"iubenda-white iubenda-noiframe iubenda-embed iubenda-noiframe \" title=\"Privacy Policy \">Privacy Policy<\/a><script type=\"text\/javascript\">(function (w,d) {var loader = function () {var s = d.createElement(\"script\"), tag = d.getElementsByTagName(\"script\")[0]; s.src=\"https:\/\/cdn.iubenda.com\/iubenda.js\"; tag.parentNode.insertBefore(s,tag);}; if(w.addEventListener){w.addEventListener(\"load\", loader, false);}else if(w.attachEvent){w.attachEvent(\"onload\", loader);}else{w.onload = loader;}})(window, document);<\/script><a href=\"https:\/\/www.iubenda.com\/privacy-policy\/64734868\/cookie-policy\" class=\"iubenda-white iubenda-noiframe iubenda-embed iubenda-noiframe \" title=\"Cookie Policy \">Cookie Policy<\/a><script type=\"text\/javascript\">(function (w,d) {var loader = function () {var s = d.createElement(\"script\"), tag = d.getElementsByTagName(\"script\")[0]; s.src=\"https:\/\/cdn.iubenda.com\/iubenda.js\"; tag.parentNode.insertBefore(s,tag);}; if(w.addEventListener){w.addEventListener(\"load\", loader, false);}else if(w.attachEvent){w.attachEvent(\"onload\", loader);}else{w.onload = loader;}})(window, document);<\/script>\n<\/p>\n<p><span class=\"wpcf7-form-control-wrap\" data-name=\"News_letter\"><span class=\"wpcf7-form-control wpcf7-acceptance optional\"><span class=\"wpcf7-list-item\"><label><input type=\"checkbox\" name=\"News_letter\" value=\"1\" aria-invalid=\"false\" \/><span class=\"wpcf7-list-item-label\">Ich stimme der Verwendung meiner E-Mail-Adresse zum Erhalt Ihres Newsletters zu<\/span><\/label><\/span><\/span><\/span>\n<\/p>\n<p><input class=\"wpcf7-form-control wpcf7-submit has-spinner\" type=\"submit\" value=\"Senden\" \/>\n<\/p><p style=\"display: none !important;\" class=\"akismet-fields-container\" data-prefix=\"_wpcf7_ak_\"><label>&#916;<textarea name=\"_wpcf7_ak_hp_textarea\" cols=\"45\" rows=\"8\" maxlength=\"100\"><\/textarea><\/label><input type=\"hidden\" id=\"ak_js_1\" name=\"_wpcf7_ak_js\" value=\"51\"\/><script>document.getElementById( \"ak_js_1\" ).setAttribute( \"value\", ( new Date() ).getTime() );<\/script><\/p><div class=\"wpcf7-response-output\" aria-hidden=\"true\"><\/div>\n<\/form>\n<\/div>\n\t\t\t\t<\/div>\n\t\t\t\t<\/div>\n\t\t\t\t\t<\/div>\n\t\t<\/div>\n\t\t\t\t\t<\/div>\n\t\t<\/section>\n\t\t\t\t<\/div>\n\t\t\t\t\t<\/div>\n\t\t\t\t\t\t\t\t<\/div>\n\t\t\t\t<\/div>\n\t\t\t\t\t<\/div>\n\t\t<\/div>\n\t\t\t\t\t<\/div>\n\t\t<\/section>\n\t\t\t\t<\/div>\n\t\t","protected":false},"excerpt":{"rendered":"<p>Schwarzgegl&uuml;hter Draht Der schwarzgegl&uuml;hte Draht ist ein kohlenstoffarmer Stahldraht, der durch Drahtziehen und anschlie&szlig;endes Gl&uuml;hen hergestellt wird. Die W&auml;rmebehandlung macht<\/p>\n","protected":false},"author":8,"featured_media":0,"parent":0,"menu_order":0,"comment_status":"closed","ping_status":"closed","template":"","meta":{"footnotes":""},"class_list":["post-17760","page","type-page","status-publish","hentry"],"_links":{"self":[{"href":"https:\/\/www.italfence.com\/de\/wp-json\/wp\/v2\/pages\/17760","targetHints":{"allow":["GET"]}}],"collection":[{"href":"https:\/\/www.italfence.com\/de\/wp-json\/wp\/v2\/pages"}],"about":[{"href":"https:\/\/www.italfence.com\/de\/wp-json\/wp\/v2\/types\/page"}],"author":[{"embeddable":true,"href":"https:\/\/www.italfence.com\/de\/wp-json\/wp\/v2\/users\/8"}],"replies":[{"embeddable":true,"href":"https:\/\/www.italfence.com\/de\/wp-json\/wp\/v2\/comments?post=17760"}],"version-history":[{"count":8,"href":"https:\/\/www.italfence.com\/de\/wp-json\/wp\/v2\/pages\/17760\/revisions"}],"predecessor-version":[{"id":17793,"href":"https:\/\/www.italfence.com\/de\/wp-json\/wp\/v2\/pages\/17760\/revisions\/17793"}],"wp:attachment":[{"href":"https:\/\/www.italfence.com\/de\/wp-json\/wp\/v2\/media?parent=17760"}],"curies":[{"name":"wp","href":"https:\/\/api.w.org\/{rel}","templated":true}]}}