{"id":17762,"date":"2026-01-08T07:03:56","date_gmt":"2026-01-08T07:03:56","guid":{"rendered":"https:\/\/www.italfence.com\/de\/?page_id=17762"},"modified":"2026-01-08T13:12:26","modified_gmt":"2026-01-08T13:12:26","slug":"verzinkter-draht","status":"publish","type":"page","link":"https:\/\/www.italfence.com\/de\/verzinkter-draht\/","title":{"rendered":"Verzinkter Draht"},"content":{"rendered":"\t\t<div data-elementor-type=\"wp-page\" data-elementor-id=\"17762\" class=\"elementor elementor-17762\">\n\t\t\t\t\t\t<section class=\"wd-negative-gap elementor-section elementor-top-section elementor-element elementor-element-66887ec elementor-section-boxed elementor-section-height-default elementor-section-height-default\" data-id=\"66887ec\" data-element_type=\"section\">\n\t\t\t\t\t\t<div class=\"elementor-container elementor-column-gap-default\">\n\t\t\t\t\t<div class=\"elementor-column elementor-col-50 elementor-top-column elementor-element elementor-element-2abd319\" data-id=\"2abd319\" data-element_type=\"column\">\n\t\t\t<div class=\"elementor-widget-wrap elementor-element-populated\">\n\t\t\t\t\t\t<div class=\"elementor-element elementor-element-78cafa6 elementor-widget elementor-widget-wd_text_block\" data-id=\"78cafa6\" data-element_type=\"widget\" data-widget_type=\"wd_text_block.default\">\n\t\t\t\t<div class=\"elementor-widget-container\">\n\t\t\t\t\t\t\t<div class=\"wd-text-block reset-last-child text-left\">\n\t\t\t\n\t\t\t<p style=\"font-size: 30px; font-weight: bold; color: #ffffff; text-align: left; margin-bottom: 15px;\">Verzinkter Draht<\/p>\n<p style=\"font-size: 14px; color: #ffffff; text-align: left; margin-bottom: 10px; line-height: 1.5;\">Die Produktion von kohlenstoffarmem verzinktem Eisendraht erfolgt intern durch Feuerverzinkung im Tauchverfahren in geschmolzenem Zink. Dieses Verfahren gew\u00e4hrleistet eine optimale Eisen-Zink-Legierung und eine gl\u00e4nzende Oberfl\u00e4che, was eine hohe Korrosionsbest\u00e4ndigkeit und eine langfristige Haltbarkeit sicherstellt. Die direkte Kontrolle des Drahtziehens erm\u00f6glicht es, den Drahtdurchmesser je nach Anwendung pr\u00e4zise anzupassen.<\/p>\n\n\t\t\t\t\t<\/div>\n\t\t\t\t\t\t<\/div>\n\t\t\t\t<\/div>\n\t\t\t\t\t<\/div>\n\t\t<\/div>\n\t\t\t\t<div class=\"elementor-column elementor-col-50 elementor-top-column elementor-element elementor-element-c06eef2\" data-id=\"c06eef2\" data-element_type=\"column\">\n\t\t\t<div class=\"elementor-widget-wrap elementor-element-populated\">\n\t\t\t\t\t\t<div class=\"elementor-element elementor-element-4af041e elementor-widget elementor-widget-wd_image_or_svg\" data-id=\"4af041e\" data-element_type=\"widget\" data-widget_type=\"wd_image_or_svg.default\">\n\t\t\t\t<div class=\"elementor-widget-container\">\n\t\t\t\t\t\n\t\t<div class=\"wd-image text-left\">\n\t\t\t\t\t\t\t\t<img fetchpriority=\"high\" decoding=\"async\" width=\"1920\" height=\"1080\" src=\"https:\/\/www.italfence.com\/de\/wp-content\/uploads\/2026\/01\/IMG_5024-2.jpeg\" class=\"attachment-full size-full\" alt=\"\" srcset=\"https:\/\/www.italfence.com\/de\/wp-content\/uploads\/2026\/01\/IMG_5024-2.jpeg 1920w, https:\/\/www.italfence.com\/de\/wp-content\/uploads\/2026\/01\/IMG_5024-2-400x225.jpeg 400w, https:\/\/www.italfence.com\/de\/wp-content\/uploads\/2026\/01\/IMG_5024-2-1300x731.jpeg 1300w, https:\/\/www.italfence.com\/de\/wp-content\/uploads\/2026\/01\/IMG_5024-2-768x432.jpeg 768w, https:\/\/www.italfence.com\/de\/wp-content\/uploads\/2026\/01\/IMG_5024-2-1536x864.jpeg 1536w, https:\/\/www.italfence.com\/de\/wp-content\/uploads\/2026\/01\/IMG_5024-2-430x242.jpeg 430w, https:\/\/www.italfence.com\/de\/wp-content\/uploads\/2026\/01\/IMG_5024-2-700x394.jpeg 700w, https:\/\/www.italfence.com\/de\/wp-content\/uploads\/2026\/01\/IMG_5024-2-150x84.jpeg 150w\" sizes=\"(max-width: 1920px) 100vw, 1920px\" \/>\t\t\t\t\t<\/div>\n\n\t\t\t\t\t\t<\/div>\n\t\t\t\t<\/div>\n\t\t\t\t\t<\/div>\n\t\t<\/div>\n\t\t\t\t\t<\/div>\n\t\t<\/section>\n\t\t\t\t<section class=\"wd-negative-gap elementor-section elementor-top-section elementor-element elementor-element-b5bb292 elementor-section-boxed elementor-section-height-default elementor-section-height-default\" data-id=\"b5bb292\" data-element_type=\"section\">\n\t\t\t\t\t\t<div class=\"elementor-container elementor-column-gap-default\">\n\t\t\t\t\t<div class=\"elementor-column elementor-col-100 elementor-top-column elementor-element elementor-element-14adbd9\" data-id=\"14adbd9\" data-element_type=\"column\">\n\t\t\t<div class=\"elementor-widget-wrap elementor-element-populated\">\n\t\t\t\t\t\t<div class=\"elementor-element elementor-element-cb617cd wd-width-100 elementor-widget elementor-widget-wd_title\" data-id=\"cb617cd\" data-element_type=\"widget\" data-widget_type=\"wd_title.default\">\n\t\t\t\t<div class=\"elementor-widget-container\">\n\t\t\t\t\t\t\t<div class=\"title-wrapper wd-set-mb reset-last-child wd-title-color-primary wd-title-style-underlined wd-title-size-default text-left\">\n\n\t\t\t\n\t\t\t<div class=\"liner-continer\">\n\t\t\t\t<h4 class=\"woodmart-title-container title wd-fontsize-l\">UNTERSCHEIDUNGSMERKMALE<\/h4> \n\t\t\t\t\t\t\t<\/div>\n\n\t\t\t\t\t<\/div>\n\t\t\t\t\t\t<\/div>\n\t\t\t\t<\/div>\n\t\t\t\t<div class=\"elementor-element elementor-element-a5bd66f elementor-widget elementor-widget-wd_text_block\" data-id=\"a5bd66f\" data-element_type=\"widget\" data-widget_type=\"wd_text_block.default\">\n\t\t\t\t<div class=\"elementor-widget-container\">\n\t\t\t\t\t\t\t<div class=\"wd-text-block reset-last-child text-left\">\n\t\t\t\n\t\t\t<ul style=\"font-size: 14px; color: #000000; text-align: left; margin: 0 0 8px 0; padding-left: 18px; line-height: 1.35;\">\n \t<li style=\"margin: 0 0 4px 0;\">Die Herstellung von verzinktem Draht erfolgt durch <strong>Feuerverzinkung im Tauchverfahren<\/strong> in geschmolzenem Zink und gew\u00e4hrleistet eine gleichm\u00e4\u00dfige und widerstandsf\u00e4hige Beschichtung.<\/li>\n \t<li style=\"margin: 0 0 4px 0;\">Dank der hohen Leistungsf\u00e4higkeit unserer Anlagen und einer strengen <strong>internen Qualit\u00e4tskontrolle<\/strong> bieten wir ein Produkt mit h\u00f6chster Zuverl\u00e4ssigkeit, gl\u00e4nzender Oberfl\u00e4che, kontrolliertem Auftragsgewicht und einer optimalen Eisen-Zink-Legierung f\u00fcr anspruchsvolle Anwendungen.<\/li>\n \t<li style=\"margin: 0 0 4px 0;\"><strong>Unverbindliche technische Angaben:<\/strong> kohlenstoffarmer Stahldraht C4D \/ C7D, feuerverzinkt (Typ C) mit SHG-Zink 99,995 %.<\/li>\n \t<li style=\"margin: 0;\"><strong>Durchmesserbereich:<\/strong> 1,30 \u2013 8,00 mm.<\/li>\n<\/ul>\n\t\t\t\t\t<\/div>\n\t\t\t\t\t\t<\/div>\n\t\t\t\t<\/div>\n\t\t\t\t\t<\/div>\n\t\t<\/div>\n\t\t\t\t\t<\/div>\n\t\t<\/section>\n\t\t\t\t<section class=\"wd-negative-gap elementor-section elementor-top-section elementor-element elementor-element-ab16b02 elementor-section-boxed elementor-section-height-default elementor-section-height-default\" data-id=\"ab16b02\" data-element_type=\"section\">\n\t\t\t\t\t\t<div class=\"elementor-container elementor-column-gap-default\">\n\t\t\t\t\t<div class=\"elementor-column elementor-col-100 elementor-top-column elementor-element elementor-element-bf1cfa1\" data-id=\"bf1cfa1\" data-element_type=\"column\">\n\t\t\t<div class=\"elementor-widget-wrap elementor-element-populated\">\n\t\t\t\t\t\t<div class=\"elementor-element elementor-element-86b6c32 wd-width-100 elementor-widget elementor-widget-wd_title\" data-id=\"86b6c32\" data-element_type=\"widget\" data-widget_type=\"wd_title.default\">\n\t\t\t\t<div class=\"elementor-widget-container\">\n\t\t\t\t\t\t\t<div class=\"title-wrapper wd-set-mb reset-last-child wd-title-color-primary wd-title-style-underlined wd-title-size-default text-left\">\n\n\t\t\t\n\t\t\t<div class=\"liner-continer\">\n\t\t\t\t<h4 class=\"woodmart-title-container title wd-fontsize-l\">HAUPTANWENDUNGEN<\/h4> \n\t\t\t\t\t\t\t<\/div>\n\n\t\t\t\t\t<\/div>\n\t\t\t\t\t\t<\/div>\n\t\t\t\t<\/div>\n\t\t\t\t<div class=\"elementor-element elementor-element-f491f79 elementor-widget elementor-widget-wd_text_block\" data-id=\"f491f79\" data-element_type=\"widget\" data-widget_type=\"wd_text_block.default\">\n\t\t\t\t<div class=\"elementor-widget-container\">\n\t\t\t\t\t\t\t<div class=\"wd-text-block reset-last-child text-left\">\n\t\t\t\n\t\t\t<ul style=\"font-size: 14px; color: #000000; text-align: left; margin: 0 0 8px 0; padding-left: 18px; line-height: 1.35;\">\n \t<li style=\"margin: 0 0 4px 0;\">Herstellung von Schwei\u00dfgittern und <strong>Drahtgeflecht<\/strong>.<\/li>\n \t<li style=\"margin: 0 0 4px 0;\">K\u00f6rbe, Metallbeh\u00e4lter und <strong>Steinschlag-Gabionen<\/strong>.<\/li>\n \t<li style=\"margin: 0 0 4px 0;\">B\u00fcgel f\u00fcr Eimer, Kleiderb\u00fcgel und verschiedene Artikel.<\/li>\n \t<li style=\"margin: 0 0 4px 0;\">Armierung f\u00fcr <strong>Elektrokabel<\/strong> und gebogene Metallteile.<\/li>\n \t<li style=\"margin: 0 0 4px 0;\">Anwendungen in der <strong>Landwirtschaft<\/strong>, z. B. als St\u00fctzdr\u00e4hte f\u00fcr Weinberge und Obstplantagen.<\/li>\n \t<li style=\"margin: 0 0 4px 0;\">K\u00f6rbe und Gitter f\u00fcr Haushaltsger\u00e4te, Bauteile f\u00fcr Regalsysteme.<\/li>\n \t<li style=\"margin: 0 0 4px 0;\">Mobile Z\u00e4une, Metallklammern, Wellgitter und Abh\u00e4nger f\u00fcr abgeh\u00e4ngte Decken.<\/li>\n \t<li style=\"margin: 0;\"><strong>Stacheldraht<\/strong> und viele weitere industrielle Anwendungen.<\/li>\n<\/ul>\n\t\t\t\t\t<\/div>\n\t\t\t\t\t\t<\/div>\n\t\t\t\t<\/div>\n\t\t\t\t\t<\/div>\n\t\t<\/div>\n\t\t\t\t\t<\/div>\n\t\t<\/section>\n\t\t\t\t<section class=\"wd-negative-gap elementor-section elementor-top-section elementor-element elementor-element-a237162 elementor-section-boxed elementor-section-height-default elementor-section-height-default\" data-id=\"a237162\" data-element_type=\"section\">\n\t\t\t\t\t\t<div class=\"elementor-container elementor-column-gap-default\">\n\t\t\t\t\t<div class=\"elementor-column elementor-col-100 elementor-top-column elementor-element elementor-element-ed18f61\" data-id=\"ed18f61\" data-element_type=\"column\">\n\t\t\t<div class=\"elementor-widget-wrap elementor-element-populated\">\n\t\t\t\t\t\t<div class=\"elementor-element elementor-element-60ef945 wd-width-100 elementor-widget elementor-widget-wd_title\" data-id=\"60ef945\" data-element_type=\"widget\" data-widget_type=\"wd_title.default\">\n\t\t\t\t<div class=\"elementor-widget-container\">\n\t\t\t\t\t\t\t<div class=\"title-wrapper wd-set-mb reset-last-child wd-title-color-primary wd-title-style-underlined wd-title-size-default text-left\">\n\n\t\t\t\n\t\t\t<div class=\"liner-continer\">\n\t\t\t\t<h4 class=\"woodmart-title-container title wd-fontsize-l\">DREI KLASSEN<\/h4> \n\t\t\t\t\t\t\t<\/div>\n\n\t\t\t\t\t<\/div>\n\t\t\t\t\t\t<\/div>\n\t\t\t\t<\/div>\n\t\t\t\t<div class=\"elementor-element elementor-element-85d8ba1 elementor-widget elementor-widget-wd_text_block\" data-id=\"85d8ba1\" data-element_type=\"widget\" data-widget_type=\"wd_text_block.default\">\n\t\t\t\t<div class=\"elementor-widget-container\">\n\t\t\t\t\t\t\t<div class=\"wd-text-block reset-last-child text-left\">\n\t\t\t\n\t\t\t<ul style=\"font-size: 14px; color: #000000; text-align: left; margin: 0 0 8px 0; padding-left: 18px; line-height: 1.35;\">\n \t<li style=\"margin: 0 0 4px 0;\"><strong>Roh:<\/strong> verzinkter Draht ohne zus\u00e4tzliche Behandlungen. Hohe Festigkeit (550-650 N\/mm\u00b2), geringere Biegsamkeit. Ideal f\u00fcr starre Anwendungen (Gitter, Gabionen).<\/li>\n \t<li style=\"margin: 0 0 4px 0;\"><strong>Gegl&uuml;ht:<\/strong> nach dem Verzinken thermisch gegl\u00fcht. Weicher und duktiler (450-550 N\/mm\u00b2). Perfekt f\u00fcr Bindearbeiten und manuelle Verarbeitung (Bauwesen, Landwirtschaft).<\/li>\n \t<li style=\"margin: 0;\"><strong>Nachgezogen:<\/strong> verzinkt und anschlie\u00dfend nachgezogen, um den Durchmesser zu reduzieren. Vereint Festigkeit (550-650 N\/mm\u00b2) und Pr\u00e4zision. Geeignet f\u00fcr feine Drahtgeflechte, gebogene Metallteile und Stacheldraht.<\/li>\n<\/ul>\n\n\t\t\t\t\t<\/div>\n\t\t\t\t\t\t<\/div>\n\t\t\t\t<\/div>\n\t\t\t\t\t<\/div>\n\t\t<\/div>\n\t\t\t\t\t<\/div>\n\t\t<\/section>\n\t\t\t\t<section class=\"wd-negative-gap elementor-section elementor-top-section elementor-element elementor-element-65e8a78 elementor-section-boxed elementor-section-height-default elementor-section-height-default\" data-id=\"65e8a78\" data-element_type=\"section\">\n\t\t\t\t\t\t<div class=\"elementor-container elementor-column-gap-default\">\n\t\t\t\t\t<div class=\"elementor-column elementor-col-100 elementor-top-column elementor-element elementor-element-bb81f5f\" data-id=\"bb81f5f\" data-element_type=\"column\">\n\t\t\t<div class=\"elementor-widget-wrap elementor-element-populated\">\n\t\t\t\t\t\t<div class=\"elementor-element elementor-element-1e19e58 wd-width-100 elementor-widget elementor-widget-wd_title\" data-id=\"1e19e58\" data-element_type=\"widget\" data-widget_type=\"wd_title.default\">\n\t\t\t\t<div class=\"elementor-widget-container\">\n\t\t\t\t\t\t\t<div class=\"title-wrapper wd-set-mb reset-last-child wd-title-color-primary wd-title-style-underlined wd-title-size-default text-left\">\n\n\t\t\t\n\t\t\t<div class=\"liner-continer\">\n\t\t\t\t<h4 class=\"woodmart-title-container title wd-fontsize-l\">VERPACKUNGSARTEN<\/h4> \n\t\t\t\t\t\t\t<\/div>\n\n\t\t\t\t\t<\/div>\n\t\t\t\t\t\t<\/div>\n\t\t\t\t<\/div>\n\t\t\t\t<div class=\"elementor-element elementor-element-aa36401 elementor-widget elementor-widget-wd_text_block\" data-id=\"aa36401\" data-element_type=\"widget\" data-widget_type=\"wd_text_block.default\">\n\t\t\t\t<div class=\"elementor-widget-container\">\n\t\t\t\t\t\t\t<div class=\"wd-text-block reset-last-child text-left\">\n\t\t\t\n\t\t\t<ul style=\"font-size: 14px; color: #000000; text-align: left; margin: 0 0 8px 0; padding-left: 18px; line-height: 1.35;\">\n \t<li style=\"margin: 0 0 4px 0;\"><strong>Drahtb&uuml;nde auf Palette:<\/strong> (z. B. 500 oder 800 kg) f&uuml;r industrielle Anwendungen und Gro&szlig;verbrauch.<\/li>\n \t<li style=\"margin: 0 0 4px 0;\"><strong>Vorgewogene Rollen\/B&uuml;nde:<\/strong> (z. B. 25, 40 oder 50 kg), gesch&uuml;tzt und mit Identifikationsetikett.<\/li>\n \t<li style=\"margin: 0;\"><strong>Spulen:<\/strong> (z. B. 100 Meter), in Kartons verpackt und anschlie&szlig;end auf Paletten platziert.<\/li>\n<\/ul>\n\n\t\t\t\t\t<\/div>\n\t\t\t\t\t\t<\/div>\n\t\t\t\t<\/div>\n\t\t\t\t\t<\/div>\n\t\t<\/div>\n\t\t\t\t\t<\/div>\n\t\t<\/section>\n\t\t\t\t<section class=\"wd-negative-gap elementor-section elementor-top-section elementor-element elementor-element-40d999e elementor-section-boxed elementor-section-height-default elementor-section-height-default\" data-id=\"40d999e\" data-element_type=\"section\">\n\t\t\t\t\t\t<div class=\"elementor-container elementor-column-gap-default\">\n\t\t\t\t\t<div class=\"elementor-column elementor-col-100 elementor-top-column elementor-element elementor-element-e5613f7\" data-id=\"e5613f7\" data-element_type=\"column\">\n\t\t\t<div class=\"elementor-widget-wrap elementor-element-populated\">\n\t\t\t\t\t\t<div class=\"elementor-element elementor-element-b5f41a8 wd-width-100 elementor-widget elementor-widget-wd_title\" data-id=\"b5f41a8\" data-element_type=\"widget\" data-widget_type=\"wd_title.default\">\n\t\t\t\t<div class=\"elementor-widget-container\">\n\t\t\t\t\t\t\t<div class=\"title-wrapper wd-set-mb reset-last-child wd-title-color-primary wd-title-style-underlined wd-title-size-default text-left\">\n\n\t\t\t\n\t\t\t<div class=\"liner-continer\">\n\t\t\t\t<h4 class=\"woodmart-title-container title wd-fontsize-l\">PRODUKTIONSFLEXIBILIT\u00c4T<\/h4> \n\t\t\t\t\t\t\t<\/div>\n\n\t\t\t\t\t<\/div>\n\t\t\t\t\t\t<\/div>\n\t\t\t\t<\/div>\n\t\t\t\t<div class=\"elementor-element elementor-element-7f3555b elementor-widget elementor-widget-wd_text_block\" data-id=\"7f3555b\" data-element_type=\"widget\" data-widget_type=\"wd_text_block.default\">\n\t\t\t\t<div class=\"elementor-widget-container\">\n\t\t\t\t\t\t\t<div class=\"wd-text-block reset-last-child text-left\">\n\t\t\t\n\t\t\t<p style=\"font-size: 14px; color: #000000; text-align: left; margin-bottom: 8px;\"><strong>Der gesamte Produktionsprozess<\/strong> findet intern bei <strong>Italfence<\/strong> statt, sodass wir ein <strong>ma\u00dfgeschneidertes<\/strong> und vollst\u00e4ndig <strong>individualisierbares<\/strong> Produkt anbieten k\u00f6nnen. Vom <strong>Drahtziehen<\/strong> bis zum <strong>Verzinken<\/strong> kontrollieren wir jeden Schritt, um uns an die spezifischen Anforderungen unserer Kunden anzupassen, und gew\u00e4hrleisten <strong>Flexibilit\u00e4t<\/strong> bei Durchmessern, Behandlungen und Mengen.<\/p>\n\n\t\t\t\t\t<\/div>\n\t\t\t\t\t\t<\/div>\n\t\t\t\t<\/div>\n\t\t\t\t\t<\/div>\n\t\t<\/div>\n\t\t\t\t\t<\/div>\n\t\t<\/section>\n\t\t\t\t<section class=\"wd-negative-gap elementor-section elementor-top-section elementor-element elementor-element-ccf0612 elementor-section-boxed elementor-section-height-default elementor-section-height-default\" data-id=\"ccf0612\" data-element_type=\"section\">\n\t\t\t\t\t\t<div class=\"elementor-container elementor-column-gap-default\">\n\t\t\t\t\t<div class=\"elementor-column elementor-col-100 elementor-top-column elementor-element elementor-element-8317e10\" data-id=\"8317e10\" data-element_type=\"column\">\n\t\t\t<div class=\"elementor-widget-wrap elementor-element-populated\">\n\t\t\t\t\t\t<div class=\"elementor-element elementor-element-0eb7088 elementor-widget elementor-widget-wd_popup\" data-id=\"0eb7088\" data-element_type=\"widget\" data-widget_type=\"wd_popup.default\">\n\t\t\t\t<div class=\"elementor-widget-container\">\n\t\t\t\t\t\t\t\t\t<div class=\"wd-button-wrapper text-center\" >\n\t\t\t<a class=\"btn btn-style-default btn-shape-semi-round btn-size-default wd-open-popup btn-icon-pos-right\"  href=\"#popup-5ef9ab74e822b\">\n\t\t\t\t<span class=\"wd-btn-text\" data-elementor-setting-key=\"text\">\n\t\t\t\t\tKONTAKTIEREN SIE UNS F\u00dcR EIN INDIVIDUELLES ANGEBOT\t\t\t\t<\/span>\n\n\t\t\t\t\t\t\t<\/a>\n\t\t<\/div>\n\t\t\t\t\t\t\t<div id=\"popup-5ef9ab74e822b\" class=\"wd-popup wd-popup-element wd-entry-content mfp-hide\" style=\"--wd-popup-width:800px;\">\n\t\t\t\t\t\t\t<link rel=\"stylesheet\" id=\"elementor-post-1570-css\" href=\"https:\/\/www.italfence.com\/de\/wp-content\/uploads\/elementor\/css\/post-1570.css?ver=1768057138\" type=\"text\/css\" media=\"all\">\n\t\t\t\t\t<div data-elementor-type=\"wp-post\" data-elementor-id=\"1570\" class=\"elementor elementor-1570\">\n\t\t\t\t\t\t<section class=\"wd-negative-gap elementor-section elementor-top-section elementor-element elementor-element-25dc3f7 elementor-section-boxed elementor-section-height-default elementor-section-height-default\" data-id=\"25dc3f7\" data-element_type=\"section\">\n\t\t\t\t\t\t<div class=\"elementor-container elementor-column-gap-default\">\n\t\t\t\t\t<div class=\"elementor-column elementor-col-100 elementor-top-column elementor-element elementor-element-748fb66\" data-id=\"748fb66\" data-element_type=\"column\">\n\t\t\t<div class=\"elementor-widget-wrap elementor-element-populated\">\n\t\t\t\t\t\t<div class=\"elementor-element elementor-element-b530a3c wd-width-100 elementor-widget elementor-widget-wd_title\" data-id=\"b530a3c\" data-element_type=\"widget\" data-widget_type=\"wd_title.default\">\n\t\t\t\t<div class=\"elementor-widget-container\">\n\t\t\t\t\t\t\t<div class=\"title-wrapper wd-set-mb reset-last-child wd-title-color-default wd-title-style-default wd-title-size-small text-left\">\n\n\t\t\t\n\t\t\t<div class=\"liner-continer\">\n\t\t\t\t<h4 class=\"woodmart-title-container title wd-fontsize-m\">SCHREIB UNS EINE NACHRICHT<\/h4> \n\t\t\t\t\t\t\t<\/div>\n\n\t\t\t\t\t<\/div>\n\t\t\t\t\t\t<\/div>\n\t\t\t\t<\/div>\n\t\t\t\t<div class=\"elementor-element elementor-element-a5ee9cc elementor-widget elementor-widget-wd_contact_form_7\" data-id=\"a5ee9cc\" data-element_type=\"widget\" data-widget_type=\"wd_contact_form_7.default\">\n\t\t\t\t<div class=\"elementor-widget-container\">\n\t\t\t\t\t\n<div class=\"wpcf7 no-js\" id=\"wpcf7-f8914-o1\" lang=\"it-IT\" dir=\"ltr\" data-wpcf7-id=\"8914\">\n<div class=\"screen-reader-response\"><p role=\"status\" aria-live=\"polite\" aria-atomic=\"true\"><\/p> <ul><\/ul><\/div>\n<form action=\"\/de\/wp-json\/wp\/v2\/pages\/17762#wpcf7-f8914-o1\" method=\"post\" class=\"wpcf7-form init\" aria-label=\"Modulo di contatto\" novalidate=\"novalidate\" data-status=\"init\">\n<div style=\"display: none;\">\n<input type=\"hidden\" name=\"_wpcf7\" value=\"8914\" \/>\n<input type=\"hidden\" name=\"_wpcf7_version\" value=\"6.0.1\" \/>\n<input type=\"hidden\" name=\"_wpcf7_locale\" value=\"it_IT\" \/>\n<input type=\"hidden\" name=\"_wpcf7_unit_tag\" value=\"wpcf7-f8914-o1\" \/>\n<input type=\"hidden\" name=\"_wpcf7_container_post\" value=\"0\" \/>\n<input type=\"hidden\" name=\"_wpcf7_posted_data_hash\" value=\"\" \/>\n<\/div>\n<p><label> Vor- und Nachname (erforderlich)<br \/>\n<span class=\"wpcf7-form-control-wrap\" data-name=\"your-name-surname\"><input size=\"40\" maxlength=\"400\" class=\"wpcf7-form-control wpcf7-text wpcf7-validates-as-required\" aria-required=\"true\" aria-invalid=\"false\" value=\"\" type=\"text\" name=\"your-name-surname\" \/><\/span> <\/label>\n<\/p>\n<p><label> E-Mail-Adresse (erforderlich)<br \/>\n<span class=\"wpcf7-form-control-wrap\" data-name=\"your-email\"><input size=\"40\" maxlength=\"400\" class=\"wpcf7-form-control wpcf7-email wpcf7-validates-as-required wpcf7-text wpcf7-validates-as-email\" aria-required=\"true\" aria-invalid=\"false\" value=\"\" type=\"email\" name=\"your-email\" \/><\/span> <\/label>\n<\/p>\n<p><label> Betreff (optional)<br \/>\n<span class=\"wpcf7-form-control-wrap\" data-name=\"your-subject\"><input size=\"40\" maxlength=\"400\" class=\"wpcf7-form-control wpcf7-text\" aria-invalid=\"false\" value=\"\" type=\"text\" name=\"your-subject\" \/><\/span> <\/label>\n<\/p>\n<p><label> Nachricht (erforderlich)<br \/>\n<span class=\"wpcf7-form-control-wrap\" data-name=\"your-message\"><textarea cols=\"40\" rows=\"10\" maxlength=\"2000\" class=\"wpcf7-form-control wpcf7-textarea wpcf7-validates-as-required\" aria-required=\"true\" aria-invalid=\"false\" name=\"your-message\"><\/textarea><\/span> <\/label>\n<\/p>\n<p><span class=\"wpcf7-form-control-wrap\" data-name=\"Accettazione_privacy\"><span class=\"wpcf7-form-control wpcf7-acceptance\"><span class=\"wpcf7-list-item\"><input type=\"checkbox\" name=\"Accettazione_privacy\" value=\"1\" aria-invalid=\"false\" \/><\/span><\/span><\/span> Ich willige in die Verarbeitung meiner Daten gem\u00e4\u00df den im Formular angegebenen Informationen und in \u00dcbereinstimmung mit der EU-Verordnung 2016\/679 (EU-Datenschutz-Grundverordnung \u2013 DSGVO 679\/2016) ein, um unsere <a href=\"https:\/\/www.iubenda.com\/privacy-policy\/64734868\" class=\"iubenda-white iubenda-noiframe iubenda-embed iubenda-noiframe \" title=\"Privacy Policy \">Privacy Policy<\/a><script type=\"text\/javascript\">(function (w,d) {var loader = function () {var s = d.createElement(\"script\"), tag = d.getElementsByTagName(\"script\")[0]; s.src=\"https:\/\/cdn.iubenda.com\/iubenda.js\"; tag.parentNode.insertBefore(s,tag);}; if(w.addEventListener){w.addEventListener(\"load\", loader, false);}else if(w.attachEvent){w.attachEvent(\"onload\", loader);}else{w.onload = loader;}})(window, document);<\/script><a href=\"https:\/\/www.iubenda.com\/privacy-policy\/64734868\/cookie-policy\" class=\"iubenda-white iubenda-noiframe iubenda-embed iubenda-noiframe \" title=\"Cookie Policy \">Cookie Policy<\/a><script type=\"text\/javascript\">(function (w,d) {var loader = function () {var s = d.createElement(\"script\"), tag = d.getElementsByTagName(\"script\")[0]; s.src=\"https:\/\/cdn.iubenda.com\/iubenda.js\"; tag.parentNode.insertBefore(s,tag);}; if(w.addEventListener){w.addEventListener(\"load\", loader, false);}else if(w.attachEvent){w.attachEvent(\"onload\", loader);}else{w.onload = loader;}})(window, document);<\/script>\n<\/p>\n<p><span class=\"wpcf7-form-control-wrap\" data-name=\"News_letter\"><span class=\"wpcf7-form-control wpcf7-acceptance optional\"><span class=\"wpcf7-list-item\"><label><input type=\"checkbox\" name=\"News_letter\" value=\"1\" aria-invalid=\"false\" \/><span class=\"wpcf7-list-item-label\">Ich stimme der Verwendung meiner E-Mail-Adresse zum Erhalt Ihres Newsletters zu<\/span><\/label><\/span><\/span><\/span>\n<\/p>\n<p><input class=\"wpcf7-form-control wpcf7-submit has-spinner\" type=\"submit\" value=\"Senden\" \/>\n<\/p><p style=\"display: none !important;\" class=\"akismet-fields-container\" data-prefix=\"_wpcf7_ak_\"><label>&#916;<textarea name=\"_wpcf7_ak_hp_textarea\" cols=\"45\" rows=\"8\" maxlength=\"100\"><\/textarea><\/label><input type=\"hidden\" id=\"ak_js_1\" name=\"_wpcf7_ak_js\" value=\"166\"\/><script>document.getElementById( \"ak_js_1\" ).setAttribute( \"value\", ( new Date() ).getTime() );<\/script><\/p><div class=\"wpcf7-response-output\" aria-hidden=\"true\"><\/div>\n<\/form>\n<\/div>\n\t\t\t\t<\/div>\n\t\t\t\t<\/div>\n\t\t\t\t\t<\/div>\n\t\t<\/div>\n\t\t\t\t\t<\/div>\n\t\t<\/section>\n\t\t\t\t<\/div>\n\t\t\t\t\t<\/div>\n\t\t\t\t\t\t\t\t<\/div>\n\t\t\t\t<\/div>\n\t\t\t\t\t<\/div>\n\t\t<\/div>\n\t\t\t\t\t<\/div>\n\t\t<\/section>\n\t\t\t\t<\/div>\n\t\t","protected":false},"excerpt":{"rendered":"<p>Verzinkter Draht Die Produktion von kohlenstoffarmem verzinktem Eisendraht erfolgt intern durch Feuerverzinkung im Tauchverfahren in geschmolzenem Zink. Dieses Verfahren gew\u00e4hrleistet<\/p>\n","protected":false},"author":8,"featured_media":0,"parent":0,"menu_order":0,"comment_status":"closed","ping_status":"closed","template":"","meta":{"footnotes":""},"class_list":["post-17762","page","type-page","status-publish","hentry"],"_links":{"self":[{"href":"https:\/\/www.italfence.com\/de\/wp-json\/wp\/v2\/pages\/17762","targetHints":{"allow":["GET"]}}],"collection":[{"href":"https:\/\/www.italfence.com\/de\/wp-json\/wp\/v2\/pages"}],"about":[{"href":"https:\/\/www.italfence.com\/de\/wp-json\/wp\/v2\/types\/page"}],"author":[{"embeddable":true,"href":"https:\/\/www.italfence.com\/de\/wp-json\/wp\/v2\/users\/8"}],"replies":[{"embeddable":true,"href":"https:\/\/www.italfence.com\/de\/wp-json\/wp\/v2\/comments?post=17762"}],"version-history":[{"count":6,"href":"https:\/\/www.italfence.com\/de\/wp-json\/wp\/v2\/pages\/17762\/revisions"}],"predecessor-version":[{"id":17794,"href":"https:\/\/www.italfence.com\/de\/wp-json\/wp\/v2\/pages\/17762\/revisions\/17794"}],"wp:attachment":[{"href":"https:\/\/www.italfence.com\/de\/wp-json\/wp\/v2\/media?parent=17762"}],"curies":[{"name":"wp","href":"https:\/\/api.w.org\/{rel}","templated":true}]}}