{"id":16601,"date":"2025-03-28T14:25:22","date_gmt":"2025-03-28T14:25:22","guid":{"rendered":"https:\/\/www.italfence.com\/de\/?post_type=product&#038;p=16601"},"modified":"2026-04-07T08:42:53","modified_gmt":"2026-04-07T08:42:53","slug":"eisendraht-verzinkt-100m","status":"publish","type":"product","link":"https:\/\/www.italfence.com\/de\/produkt\/eisendraht-verzinkt-100m\/","title":{"rendered":"Eisendraht verzinkt 100m"},"content":{"rendered":"","protected":false},"excerpt":{"rendered":"<p data-sourcepos=\"3:1-3:236\">Der <strong>verzinkte Eisendraht<\/strong> ist eine ausgezeichnete L\u00f6sung f\u00fcr die Montage von Z\u00e4unen, da er ein zuverl\u00e4ssiges und widerstandsf\u00e4higes Befestigungssystem f\u00fcr Drahtgeflechte bietet und sich besonders f\u00fcr den Einsatz in Weinbergen eignet.<\/p>\n<p data-sourcepos=\"5:1-5:206\">Dieser Draht besteht aus <strong>feuerverzinktem Eisen<\/strong>. Die Spule wird als kompakte und praktische Rolle geliefert, was den Transport und die Anwendung erleichtert. Jede Rolle hat eine <strong>L\u00e4nge von 100 Metern<\/strong>.<\/p>\n<p data-sourcepos=\"7:1-7:104\">Die empfohlenen Drahtdurchmesser sind <strong>2,70 mm f\u00fcr den Spanndraht<\/strong> und <strong>1,80 mm f\u00fcr den Bindedraht<\/strong>.<\/p>\n<p data-sourcepos=\"9:1-9:109\">Unsere Auswahl an Durchmessern f\u00fcr verzinkten Eisendraht umfasst \u00d81,50mm, \u00d81,80mm, \u00d82,30mm, \u00d82,70mm, \u00d83,20mm.<\/p>\n","protected":false},"featured_media":15671,"template":"","meta":[],"product_cat":[32],"product_tag":[],"class_list":{"0":"post-16601","1":"product","2":"type-product","3":"status-publish","4":"has-post-thumbnail","6":"product_cat-eisendraht","8":"first","9":"instock","10":"taxable","11":"shipping-taxable","12":"purchasable","13":"product-type-variable"},"_links":{"self":[{"href":"https:\/\/www.italfence.com\/de\/wp-json\/wp\/v2\/product\/16601","targetHints":{"allow":["GET"]}}],"collection":[{"href":"https:\/\/www.italfence.com\/de\/wp-json\/wp\/v2\/product"}],"about":[{"href":"https:\/\/www.italfence.com\/de\/wp-json\/wp\/v2\/types\/product"}],"version-history":[{"count":1,"href":"https:\/\/www.italfence.com\/de\/wp-json\/wp\/v2\/product\/16601\/revisions"}],"predecessor-version":[{"id":16629,"href":"https:\/\/www.italfence.com\/de\/wp-json\/wp\/v2\/product\/16601\/revisions\/16629"}],"wp:featuredmedia":[{"embeddable":true,"href":"https:\/\/www.italfence.com\/de\/wp-json\/wp\/v2\/media\/15671"}],"wp:attachment":[{"href":"https:\/\/www.italfence.com\/de\/wp-json\/wp\/v2\/media?parent=16601"}],"wp:term":[{"taxonomy":"product_cat","embeddable":true,"href":"https:\/\/www.italfence.com\/de\/wp-json\/wp\/v2\/product_cat?post=16601"},{"taxonomy":"product_tag","embeddable":true,"href":"https:\/\/www.italfence.com\/de\/wp-json\/wp\/v2\/product_tag?post=16601"}],"curies":[{"name":"wp","href":"https:\/\/api.w.org\/{rel}","templated":true}]}}