{"id":16604,"date":"2025-03-28T14:25:22","date_gmt":"2025-03-28T14:25:22","guid":{"rendered":"https:\/\/www.italfence.com\/de\/?post_type=product&#038;p=16604"},"modified":"2026-03-27T07:42:34","modified_gmt":"2026-03-27T07:42:34","slug":"eisendraht-grun-100m","status":"publish","type":"product","link":"https:\/\/www.italfence.com\/de\/produkt\/eisendraht-grun-100m\/","title":{"rendered":"Eisendraht gr\u00fcn kunststoffbeschichtet 100m"},"content":{"rendered":"","protected":false},"excerpt":{"rendered":"<p data-sourcepos=\"3:1-3:249\">Der <strong>kunststoffbeschichtete Eisendraht<\/strong> ist eine ausgezeichnete L\u00f6sung f\u00fcr die Montage von Z\u00e4unen, da er ein zuverl\u00e4ssiges und widerstandsf\u00e4higes Befestigungssystem f\u00fcr Drahtgeflechte bietet und sich besonders f\u00fcr den Einsatz in Weinbergen eignet.<\/p>\n<p data-sourcepos=\"5:1-5:263\">Dieser Draht besteht aus einem <strong>verzinkten Eisendrahtkern<\/strong>, der anschlie\u00dfend mit <strong>PVC beschichtet<\/strong> wird. Die Spule wird als kompakte und praktische Rolle geliefert, was den Transport und die Anwendung erleichtert. Jede Rolle hat eine <strong>L\u00e4nge von 100 Metern<\/strong>.<\/p>\n<p data-sourcepos=\"7:1-7:104\">Die empfohlenen Drahtdurchmesser sind <strong>3,20 mm f\u00fcr den Spanndraht<\/strong> und <strong>1,80 mm f\u00fcr den Bindedraht<\/strong>.<\/p>\n<p data-sourcepos=\"9:1-9:122\">Unsere Auswahl an Durchmessern f\u00fcr kunststoffbeschichteten Eisendraht umfasst \u00d81,50mm, \u00d81,80mm, \u00d82,30mm, \u00d82,70mm, \u00d83,20mm.<\/p>\n","protected":false},"featured_media":15666,"template":"","meta":[],"product_cat":[32],"product_tag":[],"class_list":{"0":"post-16604","1":"product","2":"type-product","3":"status-publish","4":"has-post-thumbnail","6":"product_cat-eisendraht","8":"first","9":"instock","10":"taxable","11":"shipping-taxable","12":"purchasable","13":"product-type-variable"},"_links":{"self":[{"href":"https:\/\/www.italfence.com\/de\/wp-json\/wp\/v2\/product\/16604","targetHints":{"allow":["GET"]}}],"collection":[{"href":"https:\/\/www.italfence.com\/de\/wp-json\/wp\/v2\/product"}],"about":[{"href":"https:\/\/www.italfence.com\/de\/wp-json\/wp\/v2\/types\/product"}],"version-history":[{"count":1,"href":"https:\/\/www.italfence.com\/de\/wp-json\/wp\/v2\/product\/16604\/revisions"}],"predecessor-version":[{"id":16631,"href":"https:\/\/www.italfence.com\/de\/wp-json\/wp\/v2\/product\/16604\/revisions\/16631"}],"wp:featuredmedia":[{"embeddable":true,"href":"https:\/\/www.italfence.com\/de\/wp-json\/wp\/v2\/media\/15666"}],"wp:attachment":[{"href":"https:\/\/www.italfence.com\/de\/wp-json\/wp\/v2\/media?parent=16604"}],"wp:term":[{"taxonomy":"product_cat","embeddable":true,"href":"https:\/\/www.italfence.com\/de\/wp-json\/wp\/v2\/product_cat?post=16604"},{"taxonomy":"product_tag","embeddable":true,"href":"https:\/\/www.italfence.com\/de\/wp-json\/wp\/v2\/product_tag?post=16604"}],"curies":[{"name":"wp","href":"https:\/\/api.w.org\/{rel}","templated":true}]}}