{"id":16615,"date":"2025-03-28T14:25:23","date_gmt":"2025-03-28T14:25:23","guid":{"rendered":"https:\/\/www.italfence.com\/de\/?post_type=product&#038;p=16615"},"modified":"2026-03-27T07:42:38","modified_gmt":"2026-03-27T07:42:38","slug":"drahtspanner-grun","status":"publish","type":"product","link":"https:\/\/www.italfence.com\/de\/produkt\/drahtspanner-grun\/","title":{"rendered":"Drahtspanner gr\u00fcn kunststoffbeschichtet"},"content":{"rendered":"","protected":false},"excerpt":{"rendered":"<p data-sourcepos=\"3:1-3:274\">Der <strong>Drahtspanner gr\u00fcn kunststoffbeschichtet<\/strong> ist unverzichtbar f\u00fcr eine erfolgreiche Installation eines Drahtzauns. Er erm\u00f6glicht es, die <strong>Tragedr\u00e4hte<\/strong> des Zauns optimal zu spannen, wodurch <strong>Stabilit\u00e4t<\/strong> und <strong>Widerstandsf\u00e4higkeit<\/strong> der Struktur gew\u00e4hrleistet werden.<\/p>\n<p data-sourcepos=\"5:1-5:231\">Der gr\u00fcne, <strong>kunststoffbeschichtete Eisenspanner<\/strong> hat eine Ringform mit einer \u00d6ffnung, die das Einf\u00fchren des Drahtes erleichtert und eine <strong>individuelle Spannungseinstellung<\/strong> durch einfaches Festziehen des Mechanismus erm\u00f6glicht.<\/p>\n<p data-sourcepos=\"7:1-7:125\">Zus\u00e4tzlich ist dieser Drahtspanner mit einer <strong>Verriegelung<\/strong> ausgestattet, die eine stabile Spannung \u00fcber die Zeit sichert.<\/p>\n","protected":false},"featured_media":15806,"template":"","meta":[],"product_cat":[76],"product_tag":[],"class_list":{"0":"post-16615","1":"product","2":"type-product","3":"status-publish","4":"has-post-thumbnail","6":"product_cat-zubehor","8":"first","9":"instock","10":"taxable","11":"shipping-taxable","12":"purchasable","13":"product-type-variable"},"_links":{"self":[{"href":"https:\/\/www.italfence.com\/de\/wp-json\/wp\/v2\/product\/16615","targetHints":{"allow":["GET"]}}],"collection":[{"href":"https:\/\/www.italfence.com\/de\/wp-json\/wp\/v2\/product"}],"about":[{"href":"https:\/\/www.italfence.com\/de\/wp-json\/wp\/v2\/types\/product"}],"version-history":[{"count":1,"href":"https:\/\/www.italfence.com\/de\/wp-json\/wp\/v2\/product\/16615\/revisions"}],"predecessor-version":[{"id":16636,"href":"https:\/\/www.italfence.com\/de\/wp-json\/wp\/v2\/product\/16615\/revisions\/16636"}],"wp:featuredmedia":[{"embeddable":true,"href":"https:\/\/www.italfence.com\/de\/wp-json\/wp\/v2\/media\/15806"}],"wp:attachment":[{"href":"https:\/\/www.italfence.com\/de\/wp-json\/wp\/v2\/media?parent=16615"}],"wp:term":[{"taxonomy":"product_cat","embeddable":true,"href":"https:\/\/www.italfence.com\/de\/wp-json\/wp\/v2\/product_cat?post=16615"},{"taxonomy":"product_tag","embeddable":true,"href":"https:\/\/www.italfence.com\/de\/wp-json\/wp\/v2\/product_tag?post=16615"}],"curies":[{"name":"wp","href":"https:\/\/api.w.org\/{rel}","templated":true}]}}