{"id":16617,"date":"2025-03-28T14:25:23","date_gmt":"2025-03-28T14:25:23","guid":{"rendered":"https:\/\/www.italfence.com\/de\/?post_type=product&#038;p=16617"},"modified":"2026-03-27T07:42:53","modified_gmt":"2026-03-27T07:42:53","slug":"pufferscheiben-fur-erdanker","status":"publish","type":"product","link":"https:\/\/www.italfence.com\/de\/produkt\/pufferscheiben-fur-erdanker\/","title":{"rendered":"Pufferscheiben f\u00fcr Erdanker"},"content":{"rendered":"","protected":false},"excerpt":{"rendered":"<p data-sourcepos=\"3:1-3:282\">Die <strong>Pufferscheiben<\/strong> f\u00fcr <strong>Erdanker<\/strong> in schwarzem <strong>Kunststoff<\/strong> sind unverzichtbare Zubeh\u00f6rteile zur Verbesserung der <strong>Stabilit\u00e4t<\/strong> und Sicherheit bei der Befestigung von Unkrautvliesen, Kunstrasen, Bew\u00e4sserungsschl\u00e4uchen und Netzen in G\u00e4rten, Gem\u00fcseg\u00e4rten und Gew\u00e4chsh\u00e4usern.<\/p>\n<p data-sourcepos=\"5:1-5:240\">Entwickelt f\u00fcr die Kompatibilit\u00e4t mit Erdankern der Gr\u00f6\u00dfe 150\u00d730 mm und Drahtdurchmessern von 3,00 mm oder 3,80 mm, bieten diese Pufferscheiben eine gr\u00f6\u00dfere Kontaktfl\u00e4che und verteilen den Druck gleichm\u00e4\u00dfig auf das zu befestigende Material.<\/p>\n<p data-sourcepos=\"7:1-7:183\">Hergestellt aus widerstandsf\u00e4higem Kunststoff gew\u00e4hrleisten sie <strong>Langlebigkeit<\/strong> und Witterungsbest\u00e4ndigkeit, verhindern Abnutzung und verl\u00e4ngern die Lebensdauer der Installationen.<\/p>\n","protected":false},"featured_media":15745,"template":"","meta":[],"product_cat":[76],"product_tag":[],"class_list":{"0":"post-16617","1":"product","2":"type-product","3":"status-publish","4":"has-post-thumbnail","6":"product_cat-zubehor","8":"first","9":"instock","10":"taxable","11":"shipping-taxable","12":"purchasable","13":"product-type-variable"},"_links":{"self":[{"href":"https:\/\/www.italfence.com\/de\/wp-json\/wp\/v2\/product\/16617","targetHints":{"allow":["GET"]}}],"collection":[{"href":"https:\/\/www.italfence.com\/de\/wp-json\/wp\/v2\/product"}],"about":[{"href":"https:\/\/www.italfence.com\/de\/wp-json\/wp\/v2\/types\/product"}],"version-history":[{"count":1,"href":"https:\/\/www.italfence.com\/de\/wp-json\/wp\/v2\/product\/16617\/revisions"}],"predecessor-version":[{"id":16645,"href":"https:\/\/www.italfence.com\/de\/wp-json\/wp\/v2\/product\/16617\/revisions\/16645"}],"wp:featuredmedia":[{"embeddable":true,"href":"https:\/\/www.italfence.com\/de\/wp-json\/wp\/v2\/media\/15745"}],"wp:attachment":[{"href":"https:\/\/www.italfence.com\/de\/wp-json\/wp\/v2\/media?parent=16617"}],"wp:term":[{"taxonomy":"product_cat","embeddable":true,"href":"https:\/\/www.italfence.com\/de\/wp-json\/wp\/v2\/product_cat?post=16617"},{"taxonomy":"product_tag","embeddable":true,"href":"https:\/\/www.italfence.com\/de\/wp-json\/wp\/v2\/product_tag?post=16617"}],"curies":[{"name":"wp","href":"https:\/\/api.w.org\/{rel}","templated":true}]}}