{"id":16619,"date":"2025-03-28T14:25:23","date_gmt":"2025-03-28T14:25:23","guid":{"rendered":"https:\/\/www.italfence.com\/de\/?post_type=product&#038;p=16619"},"modified":"2026-03-27T07:42:50","modified_gmt":"2026-03-27T07:42:50","slug":"erdanker-mit-pufferscheiben-verzinkt","status":"publish","type":"product","link":"https:\/\/www.italfence.com\/de\/produkt\/erdanker-mit-pufferscheiben-verzinkt\/","title":{"rendered":"Erdanker mit Pufferscheiben verzinkt"},"content":{"rendered":"","protected":false},"excerpt":{"rendered":"<p data-sourcepos=\"3:1-3:202\">Die <strong>Erdanker<\/strong> mit <strong>Pufferscheiben<\/strong> verzinkt sind essenzielle Werkzeuge zur Befestigung von Unkrautvliesen, Kunstrasen, Bew\u00e4sserungsschl\u00e4uchen und Netzen in G\u00e4rten, Gem\u00fcseg\u00e4rten und Gew\u00e4chsh\u00e4usern.<\/p>\n<p data-sourcepos=\"5:1-5:226\">Hergestellt aus <strong>verzinktem<\/strong> Eisendraht mit einem Durchmesser von 3,00 mm oder 3,80 mm und Abmessungen von 150\u00d730 mm, bieten sie Widerstandsf\u00e4higkeit gegen Rost und Witterungseinfl\u00fcsse und garantieren eine lange Lebensdauer.<\/p>\n<p data-sourcepos=\"7:1-7:107\">Die Pufferscheiben sorgen f\u00fcr eine gr\u00f6\u00dfere Kontaktfl\u00e4che und verbessern die <strong>Stabilit\u00e4t<\/strong> der Befestigung.<\/p>\n<p data-sourcepos=\"9:1-9:156\">Das <strong>U-f\u00f6rmige<\/strong> Design mit flachem Kopf und spitzen Enden erleichtert das m\u00fchelose Einbringen in den Boden, selbst auf harten oder steinigen Oberfl\u00e4chen.<\/p>\n","protected":false},"featured_media":15730,"template":"","meta":[],"product_cat":[76],"product_tag":[],"class_list":{"0":"post-16619","1":"product","2":"type-product","3":"status-publish","4":"has-post-thumbnail","6":"product_cat-zubehor","8":"first","9":"instock","10":"taxable","11":"shipping-taxable","12":"purchasable","13":"product-type-variable"},"_links":{"self":[{"href":"https:\/\/www.italfence.com\/de\/wp-json\/wp\/v2\/product\/16619","targetHints":{"allow":["GET"]}}],"collection":[{"href":"https:\/\/www.italfence.com\/de\/wp-json\/wp\/v2\/product"}],"about":[{"href":"https:\/\/www.italfence.com\/de\/wp-json\/wp\/v2\/types\/product"}],"version-history":[{"count":1,"href":"https:\/\/www.italfence.com\/de\/wp-json\/wp\/v2\/product\/16619\/revisions"}],"predecessor-version":[{"id":16648,"href":"https:\/\/www.italfence.com\/de\/wp-json\/wp\/v2\/product\/16619\/revisions\/16648"}],"wp:featuredmedia":[{"embeddable":true,"href":"https:\/\/www.italfence.com\/de\/wp-json\/wp\/v2\/media\/15730"}],"wp:attachment":[{"href":"https:\/\/www.italfence.com\/de\/wp-json\/wp\/v2\/media?parent=16619"}],"wp:term":[{"taxonomy":"product_cat","embeddable":true,"href":"https:\/\/www.italfence.com\/de\/wp-json\/wp\/v2\/product_cat?post=16619"},{"taxonomy":"product_tag","embeddable":true,"href":"https:\/\/www.italfence.com\/de\/wp-json\/wp\/v2\/product_tag?post=16619"}],"curies":[{"name":"wp","href":"https:\/\/api.w.org\/{rel}","templated":true}]}}