{"id":16656,"date":"2025-03-28T14:25:30","date_gmt":"2025-03-28T14:25:30","guid":{"rendered":"https:\/\/www.italfence.com\/de\/produkt\/kit-per-recinzione-rete-elettrosaldata-plastificata-pali-tubolari-e-accessori\/"},"modified":"2026-03-27T07:43:16","modified_gmt":"2026-03-27T07:43:16","slug":"zaun-komplettset-schweisgitter-grun-zaunpfosten-und-zubehor","status":"publish","type":"product","link":"https:\/\/www.italfence.com\/de\/produkt\/zaun-komplettset-schweisgitter-grun-zaunpfosten-und-zubehor\/","title":{"rendered":"Zaun-Komplettset: Schwei\u00dfgitter gr\u00fcn, Zaunpfosten und Zubeh\u00f6r"},"content":{"rendered":"","protected":false},"excerpt":{"rendered":"<p data-sourcepos=\"1:1-1:126\">Das <strong>Zaun-Komplettset<\/strong> bietet eine vielseitige und zuverl\u00e4ssige L\u00f6sung zur Abgrenzung und Sicherung verschiedener Bereiche.<\/p>\n<p data-sourcepos=\"3:1-3:211\">Bestehend aus <strong>kunststoffbeschichtetem Schwei\u00dfgitter<\/strong>, <strong>runden Zaunpfosten<\/strong>, <strong>Draht f\u00fcr Spannung und Befestigung<\/strong> sowie <strong>Drahtspannern<\/strong>, vereint dieses Set <strong>Robustheit<\/strong>, <strong>Langlebigkeit<\/strong> und \u00c4sthetik.<\/p>\n<p data-sourcepos=\"5:1-5:269\">Das <strong>Schwei\u00dfgitter<\/strong> ist dank seiner starren Struktur einfach zu installieren, w\u00e4hrend die runden Zaunpfosten f\u00fcr eine stabile Konstruktion und eine ansprechende Optik sorgen. Der Spanndraht und die Drahtspanner gew\u00e4hrleisten eine gleichm\u00e4\u00dfige und dauerhafte Spannung.<\/p>\n<p data-sourcepos=\"7:1-7:156\">Mit unserem Komplettset wird die Einz\u00e4unung von Wohn-, Industrie-, Landwirtschafts- und Sportbereichen zu einer effizienten und zufriedenstellenden L\u00f6sung.<\/p>\n","protected":false},"featured_media":15676,"template":"","meta":[],"product_cat":[78],"product_tag":[],"class_list":{"0":"post-16656","1":"product","2":"type-product","3":"status-publish","4":"has-post-thumbnail","6":"product_cat-kit","8":"first","9":"instock","10":"taxable","11":"shipping-taxable","12":"purchasable","13":"product-type-variable"},"_links":{"self":[{"href":"https:\/\/www.italfence.com\/de\/wp-json\/wp\/v2\/product\/16656","targetHints":{"allow":["GET"]}}],"collection":[{"href":"https:\/\/www.italfence.com\/de\/wp-json\/wp\/v2\/product"}],"about":[{"href":"https:\/\/www.italfence.com\/de\/wp-json\/wp\/v2\/types\/product"}],"version-history":[{"count":3,"href":"https:\/\/www.italfence.com\/de\/wp-json\/wp\/v2\/product\/16656\/revisions"}],"predecessor-version":[{"id":17184,"href":"https:\/\/www.italfence.com\/de\/wp-json\/wp\/v2\/product\/16656\/revisions\/17184"}],"wp:featuredmedia":[{"embeddable":true,"href":"https:\/\/www.italfence.com\/de\/wp-json\/wp\/v2\/media\/15676"}],"wp:attachment":[{"href":"https:\/\/www.italfence.com\/de\/wp-json\/wp\/v2\/media?parent=16656"}],"wp:term":[{"taxonomy":"product_cat","embeddable":true,"href":"https:\/\/www.italfence.com\/de\/wp-json\/wp\/v2\/product_cat?post=16656"},{"taxonomy":"product_tag","embeddable":true,"href":"https:\/\/www.italfence.com\/de\/wp-json\/wp\/v2\/product_tag?post=16656"}],"curies":[{"name":"wp","href":"https:\/\/api.w.org\/{rel}","templated":true}]}}