{"id":16657,"date":"2025-03-28T14:25:30","date_gmt":"2025-03-28T14:25:30","guid":{"rendered":"https:\/\/www.italfence.com\/de\/produkt\/kit-per-recinzione-rete-elettrosaldata-plastificata-pali-a-t-e-accessori\/"},"modified":"2026-03-27T07:43:05","modified_gmt":"2026-03-27T07:43:05","slug":"zaun-komplettset-schweisgitter-grun-t-profil-zaunpfosten-und-zubehor","status":"publish","type":"product","link":"https:\/\/www.italfence.com\/de\/produkt\/zaun-komplettset-schweisgitter-grun-t-profil-zaunpfosten-und-zubehor\/","title":{"rendered":"Zaun-Komplettset: Schwei\u00dfgitter gr\u00fcn, T-Profil Zaunpfosten und Zubeh\u00f6r"},"content":{"rendered":"","protected":false},"excerpt":{"rendered":"<p data-sourcepos=\"1:1-1:180\">Das <strong>Zaun-Komplettset<\/strong>\u00a0bietet eine vielseitige und zuverl\u00e4ssige L\u00f6sung zur Abgrenzung und Sicherung verschiedener Bereiche.<\/p>\n<p data-sourcepos=\"3:1-3:235\">Bestehend aus <strong>kunststoffbeschichtetem Schwei\u00dfgitter<\/strong>, <strong>T-Profil Zaunpfosten<\/strong>, <strong>Draht f\u00fcr Spannung und Befestigung<\/strong> sowie <strong>Drahtspannern<\/strong>, vereint dieses Set <strong>Stabilit\u00e4t<\/strong>, <strong>Widerstandsf\u00e4higkeit<\/strong> und eine ansprechende Optik.<\/p>\n<p data-sourcepos=\"5:1-5:243\">Das <strong>Schwei\u00dfgitter<\/strong> ist dank seiner starren Struktur einfach zu installieren, w\u00e4hrend die <strong>T-Profil Pfosten<\/strong> f\u00fcr eine stabile Konstruktion sorgen. Der Spanndraht und die Drahtspanner gew\u00e4hrleisten eine gleichm\u00e4\u00dfige und dauerhafte Spannung.<\/p>\n<p data-sourcepos=\"7:1-7:156\">Mit unserem Komplettset wird die Einz\u00e4unung von Wohn-, Industrie-, Landwirtschafts- und Sportbereichen zu einer effizienten und zufriedenstellenden L\u00f6sung.<\/p>\n","protected":false},"featured_media":15679,"template":"","meta":[],"product_cat":[78],"product_tag":[],"class_list":{"0":"post-16657","1":"product","2":"type-product","3":"status-publish","4":"has-post-thumbnail","6":"product_cat-kit","8":"first","9":"instock","10":"taxable","11":"shipping-taxable","12":"purchasable","13":"product-type-variable"},"_links":{"self":[{"href":"https:\/\/www.italfence.com\/de\/wp-json\/wp\/v2\/product\/16657","targetHints":{"allow":["GET"]}}],"collection":[{"href":"https:\/\/www.italfence.com\/de\/wp-json\/wp\/v2\/product"}],"about":[{"href":"https:\/\/www.italfence.com\/de\/wp-json\/wp\/v2\/types\/product"}],"version-history":[{"count":3,"href":"https:\/\/www.italfence.com\/de\/wp-json\/wp\/v2\/product\/16657\/revisions"}],"predecessor-version":[{"id":17183,"href":"https:\/\/www.italfence.com\/de\/wp-json\/wp\/v2\/product\/16657\/revisions\/17183"}],"wp:featuredmedia":[{"embeddable":true,"href":"https:\/\/www.italfence.com\/de\/wp-json\/wp\/v2\/media\/15679"}],"wp:attachment":[{"href":"https:\/\/www.italfence.com\/de\/wp-json\/wp\/v2\/media?parent=16657"}],"wp:term":[{"taxonomy":"product_cat","embeddable":true,"href":"https:\/\/www.italfence.com\/de\/wp-json\/wp\/v2\/product_cat?post=16657"},{"taxonomy":"product_tag","embeddable":true,"href":"https:\/\/www.italfence.com\/de\/wp-json\/wp\/v2\/product_tag?post=16657"}],"curies":[{"name":"wp","href":"https:\/\/api.w.org\/{rel}","templated":true}]}}