{"id":16660,"date":"2025-03-28T14:25:30","date_gmt":"2025-03-28T14:25:30","guid":{"rendered":"https:\/\/www.italfence.com\/de\/produkt\/kit-per-recinzione-rete-romboidale-plastificata-pali-a-t-e-accessori\/"},"modified":"2026-03-27T07:43:01","modified_gmt":"2026-03-27T07:43:01","slug":"zaun-komplettset-maschendraht-geflecht-grun-t-profil-zaunpfosten-und-zubehor","status":"publish","type":"product","link":"https:\/\/www.italfence.com\/de\/produkt\/zaun-komplettset-maschendraht-geflecht-grun-t-profil-zaunpfosten-und-zubehor\/","title":{"rendered":"Zaun-Komplettset: Maschendraht-Geflecht gr\u00fcn, T-Profil Zaunpfosten und Zubeh\u00f6r"},"content":{"rendered":"","protected":false},"excerpt":{"rendered":"<p data-sourcepos=\"1:1-1:190\">Das <strong>Zaun-Komplettset <\/strong>bietet eine vielseitige und zuverl\u00e4ssige L\u00f6sung zur Abgrenzung und Sicherung verschiedenster Bereiche.<\/p>\n<p data-sourcepos=\"3:1-3:228\">Bestehend aus <strong>kunststoffbeschichtetem Maschendraht-Geflecht<\/strong>, <strong>T-Profil-Zaunpfosten<\/strong>, <strong>Draht f\u00fcr Spannung und Befestigung<\/strong> sowie <strong>Drahtspannern<\/strong>, vereint dieses Set <strong>Stabilit\u00e4t<\/strong>, <strong>Widerstandsf\u00e4higkeit<\/strong> und \u00c4sthetik.<\/p>\n<p data-sourcepos=\"5:1-5:286\">Das <strong>Maschendraht-Geflecht<\/strong>, auch als \u201eloses Geflecht\u201c bekannt, passt sich unebenen und unregelm\u00e4\u00dfigen B\u00f6den an, w\u00e4hrend die <strong>T-Profil-Pfosten<\/strong> eine hohe strukturelle Stabilit\u00e4t gew\u00e4hrleisten. Der Spanndraht und die Drahtspanner sorgen f\u00fcr eine gleichm\u00e4\u00dfige und dauerhafte Spannung.<\/p>\n<p data-sourcepos=\"7:1-7:146\">Mit unserem Set wird die Einz\u00e4unung von Wohn-, Industrie-, Landwirtschafts- und Sportfl\u00e4chen zu einer effizienten und zufriedenstellenden L\u00f6sung.<\/p>\n","protected":false},"featured_media":15692,"template":"","meta":[],"product_cat":[78],"product_tag":[],"class_list":{"0":"post-16660","1":"product","2":"type-product","3":"status-publish","4":"has-post-thumbnail","6":"product_cat-kit","8":"first","9":"instock","10":"taxable","11":"shipping-taxable","12":"purchasable","13":"product-type-variable"},"_links":{"self":[{"href":"https:\/\/www.italfence.com\/de\/wp-json\/wp\/v2\/product\/16660","targetHints":{"allow":["GET"]}}],"collection":[{"href":"https:\/\/www.italfence.com\/de\/wp-json\/wp\/v2\/product"}],"about":[{"href":"https:\/\/www.italfence.com\/de\/wp-json\/wp\/v2\/types\/product"}],"version-history":[{"count":3,"href":"https:\/\/www.italfence.com\/de\/wp-json\/wp\/v2\/product\/16660\/revisions"}],"predecessor-version":[{"id":17177,"href":"https:\/\/www.italfence.com\/de\/wp-json\/wp\/v2\/product\/16660\/revisions\/17177"}],"wp:featuredmedia":[{"embeddable":true,"href":"https:\/\/www.italfence.com\/de\/wp-json\/wp\/v2\/media\/15692"}],"wp:attachment":[{"href":"https:\/\/www.italfence.com\/de\/wp-json\/wp\/v2\/media?parent=16660"}],"wp:term":[{"taxonomy":"product_cat","embeddable":true,"href":"https:\/\/www.italfence.com\/de\/wp-json\/wp\/v2\/product_cat?post=16660"},{"taxonomy":"product_tag","embeddable":true,"href":"https:\/\/www.italfence.com\/de\/wp-json\/wp\/v2\/product_tag?post=16660"}],"curies":[{"name":"wp","href":"https:\/\/api.w.org\/{rel}","templated":true}]}}