{"id":17327,"date":"2025-06-10T08:55:43","date_gmt":"2025-06-10T08:55:43","guid":{"rendered":"https:\/\/www.italfence.com\/de\/?post_type=product&#038;p=17327"},"modified":"2026-05-13T14:40:15","modified_gmt":"2026-05-13T14:40:15","slug":"pfostentraeger-fuer-l-profil-zaunstreben-verzinkt","status":"publish","type":"product","link":"https:\/\/www.italfence.com\/de\/produkt\/pfostentraeger-fuer-l-profil-zaunstreben-verzinkt\/","title":{"rendered":"Pfostentr\u00e4ger f\u00fcr L-profil Zaunstreben verzinkt"},"content":{"rendered":"","protected":false},"excerpt":{"rendered":"<p data-sourcepos=\"1:1-1:134\">Unser <strong>verzinkter Pfostentr\u00e4ger f\u00fcr L-Profil Zaunstreben<\/strong> bietet eine effiziente und zuverl\u00e4ssige L\u00f6sung f\u00fcr die Montage von Z\u00e4unen.<\/p>\n<p data-sourcepos=\"3:1-3:254\">Er besteht aus einer robusten, im 90\u00b0-Winkel gebogenen Rundplatte aus <strong>verzinktem Stahl<\/strong> mit einem Durchmesser von 11,5 cm und einer St\u00e4rke von 4 mm. Die Platte verf\u00fcgt \u00fcber zwei Bohrungen mit 10,5 mm Durchmesser zur Befestigung mit D\u00fcbeln von 8\u201310 mm.<\/p>\n<p data-sourcepos=\"5:1-5:215\">Ein drittes Loch erm\u00f6glicht die <strong>feste und sichere Verankerung der L-f\u00f6rmigen Streben<\/strong>, was eine <strong>stabile Basis f\u00fcr Z\u00e4une<\/strong> auf Mauern oder festen B\u00f6den schafft \u2013 ganz ohne Schwei\u00dfen oder zus\u00e4tzliche Anpassungen.<\/p>\n<p data-sourcepos=\"7:1-7:138\">Diese Halterung l\u00f6st dauerhaft die typischen Herausforderungen bei der Zaunmontage und bietet praktische Handhabung sowie hohe Stabilit\u00e4t.<\/p>\n","protected":false},"featured_media":17331,"template":"","meta":[],"product_brand":[],"product_cat":[76],"product_tag":[],"class_list":{"0":"post-17327","1":"product","2":"type-product","3":"status-publish","4":"has-post-thumbnail","6":"product_cat-zubehor","8":"first","9":"instock","10":"taxable","11":"shipping-taxable","12":"purchasable","13":"product-type-variable"},"_links":{"self":[{"href":"https:\/\/www.italfence.com\/de\/wp-json\/wp\/v2\/product\/17327","targetHints":{"allow":["GET"]}}],"collection":[{"href":"https:\/\/www.italfence.com\/de\/wp-json\/wp\/v2\/product"}],"about":[{"href":"https:\/\/www.italfence.com\/de\/wp-json\/wp\/v2\/types\/product"}],"version-history":[{"count":3,"href":"https:\/\/www.italfence.com\/de\/wp-json\/wp\/v2\/product\/17327\/revisions"}],"predecessor-version":[{"id":17360,"href":"https:\/\/www.italfence.com\/de\/wp-json\/wp\/v2\/product\/17327\/revisions\/17360"}],"wp:featuredmedia":[{"embeddable":true,"href":"https:\/\/www.italfence.com\/de\/wp-json\/wp\/v2\/media\/17331"}],"wp:attachment":[{"href":"https:\/\/www.italfence.com\/de\/wp-json\/wp\/v2\/media?parent=17327"}],"wp:term":[{"taxonomy":"product_brand","embeddable":true,"href":"https:\/\/www.italfence.com\/de\/wp-json\/wp\/v2\/product_brand?post=17327"},{"taxonomy":"product_cat","embeddable":true,"href":"https:\/\/www.italfence.com\/de\/wp-json\/wp\/v2\/product_cat?post=17327"},{"taxonomy":"product_tag","embeddable":true,"href":"https:\/\/www.italfence.com\/de\/wp-json\/wp\/v2\/product_tag?post=17327"}],"curies":[{"name":"wp","href":"https:\/\/api.w.org\/{rel}","templated":true}]}}