{"id":16716,"date":"2025-03-21T11:52:22","date_gmt":"2025-03-21T11:52:22","guid":{"rendered":"https:\/\/www.italfence.com\/?page_id=16716"},"modified":"2026-02-03T15:54:35","modified_gmt":"2026-02-03T15:54:35","slug":"produccion-malla-metalica","status":"publish","type":"page","link":"https:\/\/www.italfence.com\/es\/produccion-malla-metalica\/","title":{"rendered":"Producci\u00f3n de malla met\u00e1lica"},"content":{"rendered":"\t\t<div data-elementor-type=\"wp-page\" data-elementor-id=\"16716\" class=\"elementor elementor-16716\">\n\t\t\t\t\t\t<section class=\"wd-negative-gap elementor-section elementor-top-section elementor-element elementor-element-13895f3 elementor-section-boxed elementor-section-height-default elementor-section-height-default\" data-id=\"13895f3\" data-element_type=\"section\">\n\t\t\t\t\t\t<div class=\"elementor-container elementor-column-gap-default\">\n\t\t\t\t\t<div class=\"elementor-column elementor-col-100 elementor-top-column elementor-element elementor-element-0abd404\" data-id=\"0abd404\" data-element_type=\"column\">\n\t\t\t<div class=\"elementor-widget-wrap elementor-element-populated\">\n\t\t\t\t\t\t<div class=\"elementor-element elementor-element-562e17c elementor-widget elementor-widget-wd_text_block\" data-id=\"562e17c\" data-element_type=\"widget\" data-widget_type=\"wd_text_block.default\">\n\t\t\t\t<div class=\"elementor-widget-container\">\n\t\t\t\t\t\t\t<div class=\"wd-text-block reset-last-child text-left\">\n\t\t\t\n\t\t\t<p style=\"font-size: 30px; font-weight: bold; color: #ffffff; text-align: left; margin-bottom: 15px;\">Producci\u00f3n de malla met\u00e1lica<\/p>\n<p style=\"font-size: 14px; color: #ffffff; text-align: left; margin-bottom: 10px; line-height: 1.5;\">Italfence es una empresa especializada en la producci\u00f3n de malla met\u00e1lica de simple torsi\u00f3n, garantizando a sus clientes productos de alta calidad, fabricados a medida para cada necesidad. Ser fabricantes directos nos permite ofrecer una flexibilidad total en la realizaci\u00f3n de la malla, adapt\u00e1ndonos a cualquier solicitud espec\u00edfica. Gracias a nuestras plantas de producci\u00f3n, podemos suministrar grandes cantidades sin comprometer los plazos de entrega, asegurando un servicio r\u00e1pido y eficiente.<\/p>\n<p style=\"font-size: 14px; color: #ffffff; text-align: left; margin-bottom: 10px; line-height: 1.5;\">Controlamos constantemente la calidad de nuestra malla de simple torsi\u00f3n, verificando que cada producto cumpla con los est\u00e1ndares m\u00e1s elevados de resistencia, durabilidad y seguridad. Nuestra experiencia en el sector y nuestra fiabilidad consolidada nos convierten en un referente para quien busca materiales certificados y garantizados. Comprar directamente al fabricante significa obtener la mejor relaci\u00f3n calidad-precio, sin intermediarios, con una asistencia especializada para cada necesidad.<\/p>\n\t\t\t\t\t<\/div>\n\t\t\t\t\t\t<\/div>\n\t\t\t\t<\/div>\n\t\t\t\t\t<\/div>\n\t\t<\/div>\n\t\t\t\t\t<\/div>\n\t\t<\/section>\n\t\t\t\t<section class=\"wd-negative-gap elementor-section elementor-top-section elementor-element elementor-element-5edc8b6 elementor-section-boxed elementor-section-height-default elementor-section-height-default\" data-id=\"5edc8b6\" data-element_type=\"section\">\n\t\t\t\t\t\t<div class=\"elementor-container elementor-column-gap-default\">\n\t\t\t\t\t<div class=\"elementor-column elementor-col-100 elementor-top-column elementor-element elementor-element-fc6106e\" data-id=\"fc6106e\" data-element_type=\"column\">\n\t\t\t<div class=\"elementor-widget-wrap elementor-element-populated\">\n\t\t\t\t\t\t<div class=\"elementor-element elementor-element-07cf4b4 wd-width-100 elementor-widget elementor-widget-wd_title\" data-id=\"07cf4b4\" data-element_type=\"widget\" data-widget_type=\"wd_title.default\">\n\t\t\t\t<div class=\"elementor-widget-container\">\n\t\t\t\t\t\t\t<div class=\"title-wrapper wd-set-mb reset-last-child wd-title-color-primary wd-title-style-underlined wd-title-size-default text-left\">\n\n\t\t\t\n\t\t\t<div class=\"liner-continer\">\n\t\t\t\t<h4 class=\"woodmart-title-container title wd-fontsize-l\">CARACTER\u00cdSTICAS T\u00c9CNICAS<br \/>\n<\/h4> \n\t\t\t\t\t\t\t<\/div>\n\n\t\t\t\t\t<\/div>\n\t\t\t\t\t\t<\/div>\n\t\t\t\t<\/div>\n\t\t\t\t<div class=\"elementor-element elementor-element-3498f84 elementor-widget elementor-widget-wd_text_block\" data-id=\"3498f84\" data-element_type=\"widget\" data-widget_type=\"wd_text_block.default\">\n\t\t\t\t<div class=\"elementor-widget-container\">\n\t\t\t\t\t\t\t<div class=\"wd-text-block reset-last-child text-left\">\n\t\t\t\n\t\t\t<ul style=\"font-size: 14px; color: #000000; text-align: left; margin: 0 0 8px 0; padding-left: 18px; line-height: 1.35;\">\n<li style=\"margin: 0 0 4px 0;\"><strong>Malla (luz):<\/strong> 50 x 50 mm.<\/li>\n<li style=\"margin: 0 0 4px 0;\"><strong>Versiones disponibles:<\/strong> galvanizada (fabricada con alambre de acero galvanizado en caliente) o plastificada (alambre de acero galvanizado recubierto de PVC por extrusi\u00f3n).<\/li>\n<li style=\"margin: 0 0 4px 0;\"><strong>Alturas disponibles (m):<\/strong> 1,00 - 1,25 - 1,50 - 1,75 - 2,00 - 2,50 - 3,00 m.<\/li>\n<li style=\"margin: 0 0 4px 0;\"><strong>Rollos:<\/strong> longitud 12,5 \/ 25 m lineales; disponibles compactados o no compactados para facilitar el desenrollado durante la instalaci\u00f3n.<\/li>\n<li style=\"margin: 0;\"><strong>Presentaci\u00f3n:<\/strong> en palets de 20 rollos o en paquetes de 12 rollos.<\/li>\n<\/ul>\n\t\t\t\t\t<\/div>\n\t\t\t\t\t\t<\/div>\n\t\t\t\t<\/div>\n\t\t\t\t\t<\/div>\n\t\t<\/div>\n\t\t\t\t\t<\/div>\n\t\t<\/section>\n\t\t\t\t<section class=\"wd-negative-gap elementor-section elementor-top-section elementor-element elementor-element-8640dcd elementor-section-boxed elementor-section-height-default elementor-section-height-default\" data-id=\"8640dcd\" data-element_type=\"section\">\n\t\t\t\t\t\t<div class=\"elementor-container elementor-column-gap-default\">\n\t\t\t\t\t<div class=\"elementor-column elementor-col-100 elementor-top-column elementor-element elementor-element-3139d9e\" data-id=\"3139d9e\" data-element_type=\"column\">\n\t\t\t<div class=\"elementor-widget-wrap elementor-element-populated\">\n\t\t\t\t\t\t<div class=\"elementor-element elementor-element-21dd332 wd-width-100 elementor-widget elementor-widget-wd_title\" data-id=\"21dd332\" data-element_type=\"widget\" data-widget_type=\"wd_title.default\">\n\t\t\t\t<div class=\"elementor-widget-container\">\n\t\t\t\t\t\t\t<div class=\"title-wrapper wd-set-mb reset-last-child wd-title-color-primary wd-title-style-underlined wd-title-size-default text-left\">\n\n\t\t\t\n\t\t\t<div class=\"liner-continer\">\n\t\t\t\t<h4 class=\"woodmart-title-container title wd-fontsize-l\">PRINCIPALES USOS<br \/>\n<\/h4> \n\t\t\t\t\t\t\t<\/div>\n\n\t\t\t\t\t<\/div>\n\t\t\t\t\t\t<\/div>\n\t\t\t\t<\/div>\n\t\t\t\t<div class=\"elementor-element elementor-element-c507a3a elementor-widget elementor-widget-wd_text_block\" data-id=\"c507a3a\" data-element_type=\"widget\" data-widget_type=\"wd_text_block.default\">\n\t\t\t\t<div class=\"elementor-widget-container\">\n\t\t\t\t\t\t\t<div class=\"wd-text-block reset-last-child text-left\">\n\t\t\t\n\t\t\t<ul style=\"font-size: 14px; color: #000000; text-align: left; margin: 0 0 8px 0; padding-left: 18px; line-height: 1.35;\">\n<li style=\"margin: 0 0 4px 0;\">Cercados para \u00e1reas <strong>residenciales<\/strong> y jardines.<\/li>\n<li style=\"margin: 0 0 4px 0;\">Cercados para \u00e1reas <strong>industriales<\/strong>, naves y almacenes.<\/li>\n<li style=\"margin: 0 0 4px 0;\">Cercados para terrenos <strong>agr\u00edcolas<\/strong>, huertos y vi\u00f1edos.<\/li>\n<li style=\"margin: 0 0 4px 0;\">Protecci\u00f3n de instalaciones e infraestructuras (\u00e1reas t\u00e9cnicas, <strong>obras<\/strong>, per\u00edmetros).<\/li>\n<li style=\"margin: 0 0 4px 0;\">Campos <strong>deportivos<\/strong> y \u00e1reas recreativas.<\/li>\n<li style=\"margin: 0;\">Aplicaciones generales donde se requiere una malla robusta, duradera y f\u00e1cil de <strong>instalar<\/strong>.<\/li>\n<\/ul>\n\t\t\t\t\t<\/div>\n\t\t\t\t\t\t<\/div>\n\t\t\t\t<\/div>\n\t\t\t\t\t<\/div>\n\t\t<\/div>\n\t\t\t\t\t<\/div>\n\t\t<\/section>\n\t\t\t\t<section class=\"wd-negative-gap elementor-section elementor-top-section elementor-element elementor-element-5ab2578 elementor-section-boxed elementor-section-height-default elementor-section-height-default\" data-id=\"5ab2578\" data-element_type=\"section\">\n\t\t\t\t\t\t<div class=\"elementor-container elementor-column-gap-default\">\n\t\t\t\t\t<div class=\"elementor-column elementor-col-100 elementor-top-column elementor-element elementor-element-f6c41a3\" data-id=\"f6c41a3\" data-element_type=\"column\">\n\t\t\t<div class=\"elementor-widget-wrap elementor-element-populated\">\n\t\t\t\t\t\t<div class=\"elementor-element elementor-element-51c499f wd-width-100 elementor-widget elementor-widget-wd_title\" data-id=\"51c499f\" data-element_type=\"widget\" data-widget_type=\"wd_title.default\">\n\t\t\t\t<div class=\"elementor-widget-container\">\n\t\t\t\t\t\t\t<div class=\"title-wrapper wd-set-mb reset-last-child wd-title-color-primary wd-title-style-underlined wd-title-size-default text-left\">\n\n\t\t\t\n\t\t\t<div class=\"liner-continer\">\n\t\t\t\t<h4 class=\"woodmart-title-container title wd-fontsize-l\">FLEXIBILIDAD PRODUCTIVA<br \/>\n<\/h4> \n\t\t\t\t\t\t\t<\/div>\n\n\t\t\t\t\t<\/div>\n\t\t\t\t\t\t<\/div>\n\t\t\t\t<\/div>\n\t\t\t\t<div class=\"elementor-element elementor-element-596823f elementor-widget elementor-widget-wd_text_block\" data-id=\"596823f\" data-element_type=\"widget\" data-widget_type=\"wd_text_block.default\">\n\t\t\t\t<div class=\"elementor-widget-container\">\n\t\t\t\t\t\t\t<div class=\"wd-text-block reset-last-child text-left\">\n\t\t\t\n\t\t\t<p style=\"font-size: 14px; color: #000000; text-align: left; margin-bottom: 8px;\">La producci\u00f3n interna del alambre (<strong>trefilado<\/strong>, <strong>galvanizado<\/strong> y, cuando se requiere, <strong>extrusi\u00f3n de PVC<\/strong>) nos permite fabricar mallas para cercados con configuraciones <strong>personalizables<\/strong> seg\u00fan la aplicaci\u00f3n: <strong>luz de malla<\/strong>, <strong>di\u00e1metro del alambre<\/strong>, <strong>altura<\/strong>, <strong>longitud del rollo<\/strong>, acabado <strong>galvanizado<\/strong> o <strong>plastificado<\/strong>. El PVC puede suministrarse en <strong>diferentes colores<\/strong> bajo pedido, en funci\u00f3n de las exigencias est\u00e9ticas o de integraci\u00f3n ambiental. Adem\u00e1s, podemos definir modalidades de <strong>embalaje<\/strong> y preparaci\u00f3n del material para facilitar el transporte, almacenamiento e instalaci\u00f3n en obra.<\/p>\n\t\t\t\t\t<\/div>\n\t\t\t\t\t\t<\/div>\n\t\t\t\t<\/div>\n\t\t\t\t\t<\/div>\n\t\t<\/div>\n\t\t\t\t\t<\/div>\n\t\t<\/section>\n\t\t\t\t<section class=\"wd-negative-gap elementor-section elementor-top-section elementor-element elementor-element-956064f elementor-section-boxed elementor-section-height-default elementor-section-height-default\" data-id=\"956064f\" data-element_type=\"section\">\n\t\t\t\t\t\t<div class=\"elementor-container elementor-column-gap-default\">\n\t\t\t\t\t<div class=\"elementor-column elementor-col-50 elementor-top-column elementor-element elementor-element-e9c313f\" data-id=\"e9c313f\" data-element_type=\"column\">\n\t\t\t<div class=\"elementor-widget-wrap elementor-element-populated\">\n\t\t\t\t\t\t<div class=\"elementor-element elementor-element-75fe815 elementor-widget elementor-widget-wd_image_or_svg\" data-id=\"75fe815\" data-element_type=\"widget\" data-widget_type=\"wd_image_or_svg.default\">\n\t\t\t\t<div class=\"elementor-widget-container\">\n\t\t\t\t\t\n\t\t<div class=\"wd-image text-left\">\n\t\t\t\t\t\t\t\t<img fetchpriority=\"high\" decoding=\"async\" width=\"1000\" height=\"667\" src=\"https:\/\/www.italfence.com\/es\/wp-content\/uploads\/2025\/03\/PRODUZIONE-RETE-METALLICA.jpg\" class=\"attachment-1000x800 size-1000x800\" alt=\"\" srcset=\"https:\/\/www.italfence.com\/es\/wp-content\/uploads\/2025\/03\/PRODUZIONE-RETE-METALLICA.jpg 1000w, https:\/\/www.italfence.com\/es\/wp-content\/uploads\/2025\/03\/PRODUZIONE-RETE-METALLICA-400x267.jpg 400w, https:\/\/www.italfence.com\/es\/wp-content\/uploads\/2025\/03\/PRODUZIONE-RETE-METALLICA-768x512.jpg 768w, https:\/\/www.italfence.com\/es\/wp-content\/uploads\/2025\/03\/PRODUZIONE-RETE-METALLICA-430x287.jpg 430w, https:\/\/www.italfence.com\/es\/wp-content\/uploads\/2025\/03\/PRODUZIONE-RETE-METALLICA-700x467.jpg 700w, https:\/\/www.italfence.com\/es\/wp-content\/uploads\/2025\/03\/PRODUZIONE-RETE-METALLICA-150x100.jpg 150w\" sizes=\"(max-width: 1000px) 100vw, 1000px\" \/>\t\t\t\t\t<\/div>\n\n\t\t\t\t\t\t<\/div>\n\t\t\t\t<\/div>\n\t\t\t\t\t<\/div>\n\t\t<\/div>\n\t\t\t\t<div class=\"elementor-column elementor-col-50 elementor-top-column elementor-element elementor-element-de3ff72\" data-id=\"de3ff72\" data-element_type=\"column\">\n\t\t\t<div class=\"elementor-widget-wrap elementor-element-populated\">\n\t\t\t\t\t\t<div class=\"elementor-element elementor-element-74642fa elementor-widget elementor-widget-wd_image_or_svg\" data-id=\"74642fa\" data-element_type=\"widget\" data-widget_type=\"wd_image_or_svg.default\">\n\t\t\t\t<div class=\"elementor-widget-container\">\n\t\t\t\t\t\n\t\t<div class=\"wd-image text-left\">\n\t\t\t\t\t\t\t\t<img decoding=\"async\" width=\"1000\" height=\"667\" src=\"https:\/\/www.italfence.com\/es\/wp-content\/uploads\/2025\/03\/PRODUZIONE-RETE-METALLICA-2.jpg\" class=\"attachment-1000x800 size-1000x800\" alt=\"\" srcset=\"https:\/\/www.italfence.com\/es\/wp-content\/uploads\/2025\/03\/PRODUZIONE-RETE-METALLICA-2.jpg 1000w, https:\/\/www.italfence.com\/es\/wp-content\/uploads\/2025\/03\/PRODUZIONE-RETE-METALLICA-2-400x267.jpg 400w, https:\/\/www.italfence.com\/es\/wp-content\/uploads\/2025\/03\/PRODUZIONE-RETE-METALLICA-2-768x512.jpg 768w, https:\/\/www.italfence.com\/es\/wp-content\/uploads\/2025\/03\/PRODUZIONE-RETE-METALLICA-2-430x287.jpg 430w, https:\/\/www.italfence.com\/es\/wp-content\/uploads\/2025\/03\/PRODUZIONE-RETE-METALLICA-2-700x467.jpg 700w, https:\/\/www.italfence.com\/es\/wp-content\/uploads\/2025\/03\/PRODUZIONE-RETE-METALLICA-2-150x100.jpg 150w\" sizes=\"(max-width: 1000px) 100vw, 1000px\" \/>\t\t\t\t\t<\/div>\n\n\t\t\t\t\t\t<\/div>\n\t\t\t\t<\/div>\n\t\t\t\t\t<\/div>\n\t\t<\/div>\n\t\t\t\t\t<\/div>\n\t\t<\/section>\n\t\t\t\t<section class=\"wd-negative-gap elementor-section elementor-top-section elementor-element elementor-element-ee9d4bc elementor-section-boxed elementor-section-height-default elementor-section-height-default\" data-id=\"ee9d4bc\" data-element_type=\"section\">\n\t\t\t\t\t\t<div class=\"elementor-container elementor-column-gap-default\">\n\t\t\t\t\t<div class=\"elementor-column elementor-col-100 elementor-top-column elementor-element elementor-element-b7c609a\" data-id=\"b7c609a\" data-element_type=\"column\">\n\t\t\t<div class=\"elementor-widget-wrap elementor-element-populated\">\n\t\t\t\t\t\t<div class=\"elementor-element elementor-element-8f0134c elementor-widget elementor-widget-wd_popup\" data-id=\"8f0134c\" data-element_type=\"widget\" data-widget_type=\"wd_popup.default\">\n\t\t\t\t<div class=\"elementor-widget-container\">\n\t\t\t\t\t\t\t\t\t<div class=\"wd-button-wrapper text-center\" >\n\t\t\t<a class=\"btn btn-style-default btn-shape-semi-round btn-size-default wd-open-popup btn-icon-pos-right\"  href=\"#popup-5ef9ab74e822b\">\n\t\t\t\t<span class=\"wd-btn-text\" data-elementor-setting-key=\"text\">\n\t\t\t\t\tCont\u00e1ctanos para un presupuesto personalizado\t\t\t\t<\/span>\n\n\t\t\t\t\t\t\t<\/a>\n\t\t<\/div>\n\t\t\t\t\t\t\t<div id=\"popup-5ef9ab74e822b\" class=\"wd-popup wd-popup-element wd-entry-content mfp-hide\" style=\"--wd-popup-width:800px;\">\n\t\t\t\t\t\t\t<link rel=\"stylesheet\" id=\"elementor-post-1570-css\" href=\"https:\/\/www.italfence.com\/es\/wp-content\/uploads\/elementor\/css\/post-1570.css?ver=1776954985\" type=\"text\/css\" media=\"all\">\n\t\t\t\t\t<div data-elementor-type=\"wp-post\" data-elementor-id=\"1570\" class=\"elementor elementor-1570\">\n\t\t\t\t\t\t<section class=\"wd-negative-gap elementor-section elementor-top-section elementor-element elementor-element-25dc3f7 elementor-section-boxed elementor-section-height-default elementor-section-height-default\" data-id=\"25dc3f7\" data-element_type=\"section\">\n\t\t\t\t\t\t<div class=\"elementor-container elementor-column-gap-default\">\n\t\t\t\t\t<div class=\"elementor-column elementor-col-100 elementor-top-column elementor-element elementor-element-748fb66\" data-id=\"748fb66\" data-element_type=\"column\">\n\t\t\t<div class=\"elementor-widget-wrap elementor-element-populated\">\n\t\t\t\t\t\t<div class=\"elementor-element elementor-element-b530a3c wd-width-100 elementor-widget elementor-widget-wd_title\" data-id=\"b530a3c\" data-element_type=\"widget\" data-widget_type=\"wd_title.default\">\n\t\t\t\t<div class=\"elementor-widget-container\">\n\t\t\t\t\t\t\t<div class=\"title-wrapper wd-set-mb reset-last-child wd-title-color-default wd-title-style-default wd-title-size-small text-left\">\n\n\t\t\t\n\t\t\t<div class=\"liner-continer\">\n\t\t\t\t<h4 class=\"woodmart-title-container title wd-fontsize-m\">ENV\u00cdANOS UN MENSAJE<\/h4> \n\t\t\t\t\t\t\t<\/div>\n\n\t\t\t\t\t<\/div>\n\t\t\t\t\t\t<\/div>\n\t\t\t\t<\/div>\n\t\t\t\t<div class=\"elementor-element elementor-element-a5ee9cc wd-cf7 elementor-widget elementor-widget-wd_contact_form_7\" data-id=\"a5ee9cc\" data-element_type=\"widget\" data-widget_type=\"wd_contact_form_7.default\">\n\t\t\t\t<div class=\"elementor-widget-container\">\n\t\t\t\t\t\n<div class=\"wpcf7 no-js\" id=\"wpcf7-f8914-o1\" lang=\"it-IT\" dir=\"ltr\" data-wpcf7-id=\"8914\">\n<div class=\"screen-reader-response\"><p role=\"status\" aria-live=\"polite\" aria-atomic=\"true\"><\/p> <ul><\/ul><\/div>\n<form action=\"\/es\/wp-json\/wp\/v2\/pages\/16716#wpcf7-f8914-o1\" method=\"post\" class=\"wpcf7-form init\" aria-label=\"Modulo di contatto\" novalidate=\"novalidate\" data-status=\"init\">\n<fieldset class=\"hidden-fields-container\"><input type=\"hidden\" name=\"_wpcf7\" value=\"8914\" \/><input type=\"hidden\" name=\"_wpcf7_version\" value=\"6.1.1\" \/><input type=\"hidden\" name=\"_wpcf7_locale\" value=\"it_IT\" \/><input type=\"hidden\" name=\"_wpcf7_unit_tag\" value=\"wpcf7-f8914-o1\" \/><input type=\"hidden\" name=\"_wpcf7_container_post\" value=\"0\" \/><input type=\"hidden\" name=\"_wpcf7_posted_data_hash\" value=\"\" \/>\n<\/fieldset>\n<p><label> Nombre y apellidos (obligatorio)<br \/>\n<span class=\"wpcf7-form-control-wrap\" data-name=\"your-name-surname\"><input size=\"40\" maxlength=\"400\" class=\"wpcf7-form-control wpcf7-text wpcf7-validates-as-required\" aria-required=\"true\" aria-invalid=\"false\" value=\"\" type=\"text\" name=\"your-name-surname\" \/><\/span> <\/label>\n<\/p>\n<p><label> Correo electr\u00f3nico (obligatorio)<br \/>\n<span class=\"wpcf7-form-control-wrap\" data-name=\"your-email\"><input size=\"40\" maxlength=\"400\" class=\"wpcf7-form-control wpcf7-email wpcf7-validates-as-required wpcf7-text wpcf7-validates-as-email\" aria-required=\"true\" aria-invalid=\"false\" value=\"\" type=\"email\" name=\"your-email\" \/><\/span> <\/label>\n<\/p>\n<p><label> Asunto (opcional)<br \/>\n<span class=\"wpcf7-form-control-wrap\" data-name=\"your-subject\"><input size=\"40\" maxlength=\"400\" class=\"wpcf7-form-control wpcf7-text\" aria-invalid=\"false\" value=\"\" type=\"text\" name=\"your-subject\" \/><\/span> <\/label>\n<\/p>\n<p><label> Mensaje (obligatorio)<br \/>\n<span class=\"wpcf7-form-control-wrap\" data-name=\"your-message\"><textarea cols=\"40\" rows=\"10\" maxlength=\"2000\" class=\"wpcf7-form-control wpcf7-textarea wpcf7-validates-as-required\" aria-required=\"true\" aria-invalid=\"false\" name=\"your-message\"><\/textarea><\/span> <\/label>\n<\/p>\n<p><span class=\"wpcf7-form-control-wrap\" data-name=\"Accettazione_privacy\"><span class=\"wpcf7-form-control wpcf7-acceptance\"><span class=\"wpcf7-list-item\"><input type=\"checkbox\" name=\"Accettazione_privacy\" value=\"1\" aria-invalid=\"false\" \/><\/span><\/span><\/span> Autorizo el tratamiento de los datos seg\u00fan lo especificado en el formulario y en cumplimiento del Reglamento UE 2016\/679 (RGPD). Lee nuestra <a href=\"https:\/\/www.iubenda.com\/privacy-policy\/64734868\" class=\"iubenda-white iubenda-noiframe iubenda-embed iubenda-noiframe \" title=\"Pol\u00edtica de privacidad \">Pol\u00edtica de privacidad<\/a><script type=\"text\/javascript\">(function (w,d) {var loader = function () {var s = d.createElement(\"script\"), tag = d.getElementsByTagName(\"script\")[0]; s.src=\"https:\/\/cdn.iubenda.com\/iubenda.js\"; tag.parentNode.insertBefore(s,tag);}; if(w.addEventListener){w.addEventListener(\"load\", loader, false);}else if(w.attachEvent){w.attachEvent(\"onload\", loader);}else{w.onload = loader;}})(window, document);<\/script> y <a href=\"https:\/\/www.iubenda.com\/privacy-policy\/64734868\/cookie-policy\" class=\"iubenda-white iubenda-noiframe iubenda-embed iubenda-noiframe \" title=\"Pol\u00edtica de cookies \">Pol\u00edtica de cookies<\/a><script type=\"text\/javascript\">(function (w,d) {var loader = function () {var s = d.createElement(\"script\"), tag = d.getElementsByTagName(\"script\")[0]; s.src=\"https:\/\/cdn.iubenda.com\/iubenda.js\"; tag.parentNode.insertBefore(s,tag);}; if(w.addEventListener){w.addEventListener(\"load\", loader, false);}else if(w.attachEvent){w.attachEvent(\"onload\", loader);}else{w.onload = loader;}})(window, document);<\/script>\n<\/p>\n<p><span class=\"wpcf7-form-control-wrap\" data-name=\"News_letter\"><span class=\"wpcf7-form-control wpcf7-acceptance optional\"><span class=\"wpcf7-list-item\"><label><input type=\"checkbox\" name=\"News_letter\" value=\"1\" aria-invalid=\"false\" \/><span class=\"wpcf7-list-item-label\">Acepto el uso de mi correo electr\u00f3nico para recibir vuestras newsletters<\/span><\/label><\/span><\/span><\/span>\n<\/p>\n<p><input class=\"wpcf7-form-control wpcf7-submit has-spinner\" type=\"submit\" value=\"Enviar\" \/>\n<\/p><p style=\"display: none !important;\" class=\"akismet-fields-container\" data-prefix=\"_wpcf7_ak_\"><label>&#916;<textarea name=\"_wpcf7_ak_hp_textarea\" cols=\"45\" rows=\"8\" maxlength=\"100\"><\/textarea><\/label><input type=\"hidden\" id=\"ak_js_1\" name=\"_wpcf7_ak_js\" value=\"247\"\/><script>document.getElementById( \"ak_js_1\" ).setAttribute( \"value\", ( new Date() ).getTime() );<\/script><\/p><div class=\"wpcf7-response-output\" aria-hidden=\"true\"><\/div>\n<\/form>\n<\/div>\n\t\t\t\t<\/div>\n\t\t\t\t<\/div>\n\t\t\t\t\t<\/div>\n\t\t<\/div>\n\t\t\t\t\t<\/div>\n\t\t<\/section>\n\t\t\t\t<\/div>\n\t\t\t\t\t<\/div>\n\t\t\t\t\t\t\t\t<\/div>\n\t\t\t\t<\/div>\n\t\t\t\t\t<\/div>\n\t\t<\/div>\n\t\t\t\t\t<\/div>\n\t\t<\/section>\n\t\t\t\t<\/div>\n\t\t","protected":false},"excerpt":{"rendered":"<p>Producci\u00f3n de malla met\u00e1lica Italfence es una empresa especializada en la producci\u00f3n de malla met\u00e1lica de simple torsi\u00f3n, garantizando a<\/p>\n","protected":false},"author":8,"featured_media":0,"parent":0,"menu_order":0,"comment_status":"closed","ping_status":"closed","template":"","meta":{"footnotes":""},"class_list":["post-16716","page","type-page","status-publish","hentry"],"_links":{"self":[{"href":"https:\/\/www.italfence.com\/es\/wp-json\/wp\/v2\/pages\/16716","targetHints":{"allow":["GET"]}}],"collection":[{"href":"https:\/\/www.italfence.com\/es\/wp-json\/wp\/v2\/pages"}],"about":[{"href":"https:\/\/www.italfence.com\/es\/wp-json\/wp\/v2\/types\/page"}],"author":[{"embeddable":true,"href":"https:\/\/www.italfence.com\/es\/wp-json\/wp\/v2\/users\/8"}],"replies":[{"embeddable":true,"href":"https:\/\/www.italfence.com\/es\/wp-json\/wp\/v2\/comments?post=16716"}],"version-history":[{"count":21,"href":"https:\/\/www.italfence.com\/es\/wp-json\/wp\/v2\/pages\/16716\/revisions"}],"predecessor-version":[{"id":22561,"href":"https:\/\/www.italfence.com\/es\/wp-json\/wp\/v2\/pages\/16716\/revisions\/22561"}],"wp:attachment":[{"href":"https:\/\/www.italfence.com\/es\/wp-json\/wp\/v2\/media?parent=16716"}],"curies":[{"name":"wp","href":"https:\/\/api.w.org\/{rel}","templated":true}]}}