{"id":20092,"date":"2026-01-06T15:12:48","date_gmt":"2026-01-06T15:12:48","guid":{"rendered":"https:\/\/www.italfence.com\/?page_id=20092"},"modified":"2026-02-03T15:54:17","modified_gmt":"2026-02-03T15:54:17","slug":"produccion-alambre-de-hierro","status":"publish","type":"page","link":"https:\/\/www.italfence.com\/es\/produccion-alambre-de-hierro\/","title":{"rendered":"Producci\u00f3n de alambre de hierro"},"content":{"rendered":"\t\t<div data-elementor-type=\"wp-page\" data-elementor-id=\"20092\" class=\"elementor elementor-20092\">\n\t\t\t\t\t\t<section class=\"wd-negative-gap elementor-section elementor-top-section elementor-element elementor-element-13895f3 elementor-section-boxed elementor-section-height-default elementor-section-height-default\" data-id=\"13895f3\" data-element_type=\"section\">\n\t\t\t\t\t\t<div class=\"elementor-container elementor-column-gap-default\">\n\t\t\t\t\t<div class=\"elementor-column elementor-col-100 elementor-top-column elementor-element elementor-element-0abd404\" data-id=\"0abd404\" data-element_type=\"column\">\n\t\t\t<div class=\"elementor-widget-wrap elementor-element-populated\">\n\t\t\t\t\t\t<div class=\"elementor-element elementor-element-562e17c elementor-widget elementor-widget-wd_text_block\" data-id=\"562e17c\" data-element_type=\"widget\" data-widget_type=\"wd_text_block.default\">\n\t\t\t\t<div class=\"elementor-widget-container\">\n\t\t\t\t\t\t\t<div class=\"wd-text-block reset-last-child text-left\">\n\t\t\t\n\t\t\t<p style=\"font-size: 30px; font-weight: bold; color: #ffffff; text-align: left; margin-bottom: 15px;\">Producci\u00f3n de alambre de hierro<\/p>\n<p style=\"font-size: 14px; color: #ffffff; text-align: left; margin-bottom: 10px; line-height: 1.5;\">Italfence es una empresa especializada en la producci\u00f3n de alambre de hierro, garantizando a sus clientes productos de alta calidad, fabricados a medida para cada necesidad. Ser fabricantes directos nos permite ofrecer una flexibilidad total en el procesamiento y tratamiento del alambre, adapt\u00e1ndonos a cualquier solicitud t\u00e9cnica espec\u00edfica. Gracias a nuestras plantas de producci\u00f3n, podemos suministrar grandes cantidades sin comprometer los plazos de entrega, asegurando un servicio r\u00e1pido y eficiente.<\/p>\n<p style=\"font-size: 14px; color: #ffffff; text-align: left; margin-bottom: 10px; line-height: 1.5;\">Controlamos constantemente la calidad de nuestro alambre, verificando que cada lote cumpla con los est\u00e1ndares m\u00e1s elevados de resistencia, durabilidad y seguridad. Nuestra experiencia en el sector y nuestra fiabilidad consolidada nos convierten en un referente para quien busca materiales certificados y garantizados. Comprar directamente al fabricante significa obtener la mejor relaci\u00f3n calidad-precio, sin intermediarios, con una asistencia especializada para cada necesidad.<\/p>\n\t\t\t\t\t<\/div>\n\t\t\t\t\t\t<\/div>\n\t\t\t\t<\/div>\n\t\t\t\t\t<\/div>\n\t\t<\/div>\n\t\t\t\t\t<\/div>\n\t\t<\/section>\n\t\t\t\t<section class=\"wd-negative-gap elementor-section elementor-top-section elementor-element elementor-element-9587bd5 elementor-section-boxed elementor-section-height-default elementor-section-height-default\" data-id=\"9587bd5\" data-element_type=\"section\">\n\t\t\t\t\t\t<div class=\"elementor-container elementor-column-gap-default\">\n\t\t\t\t\t<div class=\"elementor-column elementor-col-50 elementor-top-column elementor-element elementor-element-0af2e24\" data-id=\"0af2e24\" data-element_type=\"column\">\n\t\t\t<div class=\"elementor-widget-wrap elementor-element-populated\">\n\t\t\t\t\t\t<div class=\"elementor-element elementor-element-b33bca5 wd-width-100 elementor-widget elementor-widget-wd_title\" data-id=\"b33bca5\" data-element_type=\"widget\" data-widget_type=\"wd_title.default\">\n\t\t\t\t<div class=\"elementor-widget-container\">\n\t\t\t\t\t\t\t<div class=\"title-wrapper wd-set-mb reset-last-child wd-title-color-primary wd-title-style-underlined wd-title-size-default text-left\">\n\n\t\t\t\n\t\t\t<div class=\"liner-continer\">\n\t\t\t\t<h4 class=\"woodmart-title-container title wd-fontsize-l\">ALAMBRE GALVANIZADO<\/h4> \n\t\t\t\t\t\t\t<\/div>\n\n\t\t\t\t\t<\/div>\n\t\t\t\t\t\t<\/div>\n\t\t\t\t<\/div>\n\t\t\t\t<div class=\"elementor-element elementor-element-3654a11 elementor-widget elementor-widget-wd_text_block\" data-id=\"3654a11\" data-element_type=\"widget\" data-widget_type=\"wd_text_block.default\">\n\t\t\t\t<div class=\"elementor-widget-container\">\n\t\t\t\t\t\t\t<div class=\"wd-text-block reset-last-child text-left\">\n\t\t\t\n\t\t\t<p style=\"font-size: 14px; color: #000000; text-align: left; margin-bottom: 8px;\">\nObtenido mediante proceso de <strong>inmersi\u00f3n en caliente en zinc fundido<\/strong>. El empleo de sistemas de <strong>control automatizados<\/strong> en las l\u00edneas de producci\u00f3n asegura una perfecta <strong>aleaci\u00f3n hierro-zinc<\/strong> y un <strong>acabado brillante<\/strong>. Adem\u00e1s, gracias al <strong>trefilado interno<\/strong>, podemos realizar <strong>di\u00e1metros diferentes<\/strong> seg\u00fan las necesidades de aplicaci\u00f3n.<\/p>\n<p style=\"font-size: 14px; color: #000000; text-align: left; margin-bottom: 6px;\"><strong>Principales usos:<\/strong><\/p>\n\n<ul style=\"font-size: 14px; color: #000000; text-align: left; margin: 0 0 8px 0; padding-left: 18px; line-height: 1.35;\">\n \t<li style=\"margin: 0 0 4px 0;\">Producci\u00f3n de mallas electrosoldadas y de simple torsi\u00f3n.<\/li>\n \t<li style=\"margin: 0 0 4px 0;\">Gaviones de protecci\u00f3n e instalaciones.<\/li>\n \t<li style=\"margin: 0;\">Aplicaciones para la agricultura (vi\u00f1edos y huertos).<\/li>\n<\/ul>\n<p style=\"font-size: 14px; color: #000000; text-align: left; margin-bottom: 5px;\"><a style=\"text-decoration: underline;\" href=\"https:\/\/www.italfence.com\/es\/alambre-galvanizado\">\n<strong>\u00a1Descubre nuestro alambre galvanizado!<\/strong>\n<\/a><\/p>\n\t\t\t\t\t<\/div>\n\t\t\t\t\t\t<\/div>\n\t\t\t\t<\/div>\n\t\t\t\t\t<\/div>\n\t\t<\/div>\n\t\t\t\t<div class=\"elementor-column elementor-col-50 elementor-top-column elementor-element elementor-element-42db0d8\" data-id=\"42db0d8\" data-element_type=\"column\">\n\t\t\t<div class=\"elementor-widget-wrap elementor-element-populated\">\n\t\t\t\t\t\t<div class=\"elementor-element elementor-element-3972771 elementor-widget elementor-widget-wd_image_or_svg\" data-id=\"3972771\" data-element_type=\"widget\" data-widget_type=\"wd_image_or_svg.default\">\n\t\t\t\t<div class=\"elementor-widget-container\">\n\t\t\t\t\t\n\t\t<div class=\"wd-image text-left\">\n\t\t\t\t\t\t\t\t<img fetchpriority=\"high\" decoding=\"async\" width=\"1920\" height=\"1080\" src=\"https:\/\/www.italfence.com\/es\/wp-content\/uploads\/2026\/01\/IMG_5024-2.jpeg\" class=\"attachment-full size-full\" alt=\"Produzione filo di ferro zincato\" srcset=\"https:\/\/www.italfence.com\/es\/wp-content\/uploads\/2026\/01\/IMG_5024-2.jpeg 1920w, https:\/\/www.italfence.com\/es\/wp-content\/uploads\/2026\/01\/IMG_5024-2-400x225.jpeg 400w, https:\/\/www.italfence.com\/es\/wp-content\/uploads\/2026\/01\/IMG_5024-2-1300x731.jpeg 1300w, https:\/\/www.italfence.com\/es\/wp-content\/uploads\/2026\/01\/IMG_5024-2-768x432.jpeg 768w, https:\/\/www.italfence.com\/es\/wp-content\/uploads\/2026\/01\/IMG_5024-2-1536x864.jpeg 1536w, https:\/\/www.italfence.com\/es\/wp-content\/uploads\/2026\/01\/IMG_5024-2-430x242.jpeg 430w, https:\/\/www.italfence.com\/es\/wp-content\/uploads\/2026\/01\/IMG_5024-2-700x394.jpeg 700w, https:\/\/www.italfence.com\/es\/wp-content\/uploads\/2026\/01\/IMG_5024-2-150x84.jpeg 150w\" sizes=\"(max-width: 1920px) 100vw, 1920px\" \/>\t\t\t\t\t<\/div>\n\n\t\t\t\t\t\t<\/div>\n\t\t\t\t<\/div>\n\t\t\t\t\t<\/div>\n\t\t<\/div>\n\t\t\t\t\t<\/div>\n\t\t<\/section>\n\t\t\t\t<section class=\"wd-negative-gap elementor-section elementor-top-section elementor-element elementor-element-aa4ce3c elementor-section-boxed elementor-section-height-default elementor-section-height-default\" data-id=\"aa4ce3c\" data-element_type=\"section\">\n\t\t\t\t\t\t<div class=\"elementor-container elementor-column-gap-default\">\n\t\t\t\t\t<div class=\"elementor-column elementor-col-50 elementor-top-column elementor-element elementor-element-693702b\" data-id=\"693702b\" data-element_type=\"column\">\n\t\t\t<div class=\"elementor-widget-wrap elementor-element-populated\">\n\t\t\t\t\t\t<div class=\"elementor-element elementor-element-c8d3001 wd-width-100 elementor-widget elementor-widget-wd_title\" data-id=\"c8d3001\" data-element_type=\"widget\" data-widget_type=\"wd_title.default\">\n\t\t\t\t<div class=\"elementor-widget-container\">\n\t\t\t\t\t\t\t<div class=\"title-wrapper wd-set-mb reset-last-child wd-title-color-primary wd-title-style-underlined wd-title-size-default text-left\">\n\n\t\t\t\n\t\t\t<div class=\"liner-continer\">\n\t\t\t\t<h4 class=\"woodmart-title-container title wd-fontsize-l\">ALAMBRE PLASTIFICADO<br \/>\n<\/h4> \n\t\t\t\t\t\t\t<\/div>\n\n\t\t\t\t\t<\/div>\n\t\t\t\t\t\t<\/div>\n\t\t\t\t<\/div>\n\t\t\t\t<div class=\"elementor-element elementor-element-23ed290 elementor-widget elementor-widget-wd_text_block\" data-id=\"23ed290\" data-element_type=\"widget\" data-widget_type=\"wd_text_block.default\">\n\t\t\t\t<div class=\"elementor-widget-container\">\n\t\t\t\t\t\t\t<div class=\"wd-text-block reset-last-child text-left\">\n\t\t\t\n\t\t\t<p style=\"font-size: 14px; color: #000000; text-align: left; margin-bottom: 8px;\">\nCompuesto por un alma de alambre galvanizado recubierta de PVC mediante <strong>extrusi\u00f3n<\/strong>. Este proceso confiere al producto una excelente <strong>resistencia a los agentes atmosf\u00e9ricos<\/strong> y a los <strong>rayos UV<\/strong>, uniendo la solidez estructural a un acabado est\u00e9tico duradero. Disponible en <strong>varios colores<\/strong> bajo especificaci\u00f3n.<\/p>\n<p style=\"font-size: 14px; color: #000000; text-align: left; margin-bottom: 6px;\"><strong>Principales usos:<\/strong><\/p>\n\n<ul style=\"font-size: 14px; color: #000000; text-align: left; margin: 0 0 8px 0; padding-left: 18px; line-height: 1.35;\">\n \t<li style=\"margin: 0 0 4px 0;\">Producci\u00f3n de mallas met\u00e1licas para cercados.<\/li>\n \t<li style=\"margin: 0 0 4px 0;\">Cercados en \u00e1mbito residencial y deportivo.<\/li>\n \t<li style=\"margin: 0;\">Ataduras y aplicaciones exteriores que requieren protecci\u00f3n duradera.<\/li>\n<\/ul>\n<p style=\"font-size: 14px; color: #000000; text-align: left; margin-bottom: 5px;\"><a style=\"text-decoration: underline;\" href=\"https:\/\/www.italfence.com\/es\/alambre-plastificado\">\n<strong>\u00a1Descubre nuestro alambre plastificado!<\/strong>\n<\/a><\/p>\n\t\t\t\t\t<\/div>\n\t\t\t\t\t\t<\/div>\n\t\t\t\t<\/div>\n\t\t\t\t\t<\/div>\n\t\t<\/div>\n\t\t\t\t<div class=\"elementor-column elementor-col-50 elementor-top-column elementor-element elementor-element-796fe32\" data-id=\"796fe32\" data-element_type=\"column\">\n\t\t\t<div class=\"elementor-widget-wrap elementor-element-populated\">\n\t\t\t\t\t\t<div class=\"elementor-element elementor-element-9b3ea6e elementor-widget elementor-widget-wd_image_or_svg\" data-id=\"9b3ea6e\" data-element_type=\"widget\" data-widget_type=\"wd_image_or_svg.default\">\n\t\t\t\t<div class=\"elementor-widget-container\">\n\t\t\t\t\t\n\t\t<div class=\"wd-image text-left\">\n\t\t\t\t\t\t\t\t<img decoding=\"async\" width=\"1920\" height=\"1080\" src=\"https:\/\/www.italfence.com\/es\/wp-content\/uploads\/2026\/01\/filo-plastificato-2.jpeg\" class=\"attachment-full size-full\" alt=\"Produzione filo di ferro plastificato\" srcset=\"https:\/\/www.italfence.com\/es\/wp-content\/uploads\/2026\/01\/filo-plastificato-2.jpeg 1920w, https:\/\/www.italfence.com\/es\/wp-content\/uploads\/2026\/01\/filo-plastificato-2-400x225.jpeg 400w, https:\/\/www.italfence.com\/es\/wp-content\/uploads\/2026\/01\/filo-plastificato-2-1300x731.jpeg 1300w, https:\/\/www.italfence.com\/es\/wp-content\/uploads\/2026\/01\/filo-plastificato-2-768x432.jpeg 768w, https:\/\/www.italfence.com\/es\/wp-content\/uploads\/2026\/01\/filo-plastificato-2-1536x864.jpeg 1536w, https:\/\/www.italfence.com\/es\/wp-content\/uploads\/2026\/01\/filo-plastificato-2-430x242.jpeg 430w, https:\/\/www.italfence.com\/es\/wp-content\/uploads\/2026\/01\/filo-plastificato-2-700x394.jpeg 700w, https:\/\/www.italfence.com\/es\/wp-content\/uploads\/2026\/01\/filo-plastificato-2-150x84.jpeg 150w\" sizes=\"(max-width: 1920px) 100vw, 1920px\" \/>\t\t\t\t\t<\/div>\n\n\t\t\t\t\t\t<\/div>\n\t\t\t\t<\/div>\n\t\t\t\t\t<\/div>\n\t\t<\/div>\n\t\t\t\t\t<\/div>\n\t\t<\/section>\n\t\t\t\t<section class=\"wd-negative-gap elementor-section elementor-top-section elementor-element elementor-element-6e6bbea elementor-section-boxed elementor-section-height-default elementor-section-height-default\" data-id=\"6e6bbea\" data-element_type=\"section\">\n\t\t\t\t\t\t<div class=\"elementor-container elementor-column-gap-default\">\n\t\t\t\t\t<div class=\"elementor-column elementor-col-50 elementor-top-column elementor-element elementor-element-7e393a4\" data-id=\"7e393a4\" data-element_type=\"column\">\n\t\t\t<div class=\"elementor-widget-wrap elementor-element-populated\">\n\t\t\t\t\t\t<div class=\"elementor-element elementor-element-2596486 wd-width-100 elementor-widget elementor-widget-wd_title\" data-id=\"2596486\" data-element_type=\"widget\" data-widget_type=\"wd_title.default\">\n\t\t\t\t<div class=\"elementor-widget-container\">\n\t\t\t\t\t\t\t<div class=\"title-wrapper wd-set-mb reset-last-child wd-title-color-primary wd-title-style-underlined wd-title-size-default text-left\">\n\n\t\t\t\n\t\t\t<div class=\"liner-continer\">\n\t\t\t\t<h4 class=\"woodmart-title-container title wd-fontsize-l\">ALAMBRE RECOCIDO NEGRO<br \/>\n<\/h4> \n\t\t\t\t\t\t\t<\/div>\n\n\t\t\t\t\t<\/div>\n\t\t\t\t\t\t<\/div>\n\t\t\t\t<\/div>\n\t\t\t\t<div class=\"elementor-element elementor-element-b8c133c elementor-widget elementor-widget-wd_text_block\" data-id=\"b8c133c\" data-element_type=\"widget\" data-widget_type=\"wd_text_block.default\">\n\t\t\t\t<div class=\"elementor-widget-container\">\n\t\t\t\t\t\t\t<div class=\"wd-text-block reset-last-child text-left\">\n\t\t\t\n\t\t\t<p style=\"font-size: 14px; color: #000000; text-align: left; margin-bottom: 8px;\">\nCaracterizado por <strong>m\u00e1xima maleabilidad<\/strong> y <strong>ductilidad<\/strong>, resultado de un cuidadoso tratamiento t\u00e9rmico de <strong>recocido<\/strong>. El uso de hornos en <strong>atm\u00f3sfera controlada<\/strong> garantiza caracter\u00edsticas mec\u00e1nicas constantes y una superficie \u00f3ptima, libre de impurezas, facilitando el uso manual.<\/p>\n<p style=\"font-size: 14px; color: #000000; text-align: left; margin-bottom: 6px;\"><strong>Principales usos:<\/strong><\/p>\n\n<ul style=\"font-size: 14px; color: #000000; text-align: left; margin: 0 0 8px 0; padding-left: 18px; line-height: 1.35;\">\n \t<li style=\"margin: 0 0 4px 0;\">Operaciones de atado para la construcci\u00f3n (armaduras).<\/li>\n \t<li style=\"margin: 0 0 4px 0;\">Aplicaciones y ataduras en agricultura.<\/li>\n \t<li style=\"margin: 0;\">Industria del embalaje y trefilado.<\/li>\n<\/ul>\n<p style=\"font-size: 14px; color: #000000; text-align: left; margin-bottom: 5px;\"><a style=\"text-decoration: underline;\" href=\"https:\/\/www.italfence.com\/es\/alambre-recocido-negro\">\n<strong>\u00a1Descubre nuestro alambre recocido negro!<\/strong>\n<\/a><\/p>\n\t\t\t\t\t<\/div>\n\t\t\t\t\t\t<\/div>\n\t\t\t\t<\/div>\n\t\t\t\t\t<\/div>\n\t\t<\/div>\n\t\t\t\t<div class=\"elementor-column elementor-col-50 elementor-top-column elementor-element elementor-element-6d9e31e\" data-id=\"6d9e31e\" data-element_type=\"column\">\n\t\t\t<div class=\"elementor-widget-wrap elementor-element-populated\">\n\t\t\t\t\t\t<div class=\"elementor-element elementor-element-c335a7b elementor-widget elementor-widget-wd_image_or_svg\" data-id=\"c335a7b\" data-element_type=\"widget\" data-widget_type=\"wd_image_or_svg.default\">\n\t\t\t\t<div class=\"elementor-widget-container\">\n\t\t\t\t\t\n\t\t<div class=\"wd-image text-left\">\n\t\t\t\t\t\t\t\t<img decoding=\"async\" width=\"1920\" height=\"1080\" src=\"https:\/\/www.italfence.com\/es\/wp-content\/uploads\/2026\/01\/IMG_5028-2.jpeg\" class=\"attachment-full size-full\" alt=\"Produzione filo di ferro cotto nero\" srcset=\"https:\/\/www.italfence.com\/es\/wp-content\/uploads\/2026\/01\/IMG_5028-2.jpeg 1920w, https:\/\/www.italfence.com\/es\/wp-content\/uploads\/2026\/01\/IMG_5028-2-400x225.jpeg 400w, https:\/\/www.italfence.com\/es\/wp-content\/uploads\/2026\/01\/IMG_5028-2-1300x731.jpeg 1300w, https:\/\/www.italfence.com\/es\/wp-content\/uploads\/2026\/01\/IMG_5028-2-768x432.jpeg 768w, https:\/\/www.italfence.com\/es\/wp-content\/uploads\/2026\/01\/IMG_5028-2-1536x864.jpeg 1536w, https:\/\/www.italfence.com\/es\/wp-content\/uploads\/2026\/01\/IMG_5028-2-430x242.jpeg 430w, https:\/\/www.italfence.com\/es\/wp-content\/uploads\/2026\/01\/IMG_5028-2-700x394.jpeg 700w, https:\/\/www.italfence.com\/es\/wp-content\/uploads\/2026\/01\/IMG_5028-2-150x84.jpeg 150w\" sizes=\"(max-width: 1920px) 100vw, 1920px\" \/>\t\t\t\t\t<\/div>\n\n\t\t\t\t\t\t<\/div>\n\t\t\t\t<\/div>\n\t\t\t\t\t<\/div>\n\t\t<\/div>\n\t\t\t\t\t<\/div>\n\t\t<\/section>\n\t\t\t\t<section class=\"wd-negative-gap elementor-section elementor-top-section elementor-element elementor-element-ee9d4bc elementor-section-boxed elementor-section-height-default elementor-section-height-default\" data-id=\"ee9d4bc\" data-element_type=\"section\">\n\t\t\t\t\t\t<div class=\"elementor-container elementor-column-gap-default\">\n\t\t\t\t\t<div class=\"elementor-column elementor-col-100 elementor-top-column elementor-element elementor-element-b7c609a\" data-id=\"b7c609a\" data-element_type=\"column\">\n\t\t\t<div class=\"elementor-widget-wrap elementor-element-populated\">\n\t\t\t\t\t\t<div class=\"elementor-element elementor-element-8f0134c elementor-widget elementor-widget-wd_popup\" data-id=\"8f0134c\" data-element_type=\"widget\" data-widget_type=\"wd_popup.default\">\n\t\t\t\t<div class=\"elementor-widget-container\">\n\t\t\t\t\t\t\t\t\t<div class=\"wd-button-wrapper text-center\" >\n\t\t\t<a class=\"btn btn-style-default btn-shape-semi-round btn-size-default wd-open-popup btn-icon-pos-right\"  href=\"#popup-5ef9ab74e822b\">\n\t\t\t\t<span class=\"wd-btn-text\" data-elementor-setting-key=\"text\">\n\t\t\t\t\tCont\u00e1ctanos para un presupuesto personalizado\t\t\t\t<\/span>\n\n\t\t\t\t\t\t\t<\/a>\n\t\t<\/div>\n\t\t\t\t\t\t\t<div id=\"popup-5ef9ab74e822b\" class=\"wd-popup wd-popup-element wd-entry-content mfp-hide\" style=\"--wd-popup-width:800px;\">\n\t\t\t\t\t\t\t<link rel=\"stylesheet\" id=\"elementor-post-1570-css\" href=\"https:\/\/www.italfence.com\/es\/wp-content\/uploads\/elementor\/css\/post-1570.css?ver=1776954985\" type=\"text\/css\" media=\"all\">\n\t\t\t\t\t<div data-elementor-type=\"wp-post\" data-elementor-id=\"1570\" class=\"elementor elementor-1570\">\n\t\t\t\t\t\t<section class=\"wd-negative-gap elementor-section elementor-top-section elementor-element elementor-element-25dc3f7 elementor-section-boxed elementor-section-height-default elementor-section-height-default\" data-id=\"25dc3f7\" data-element_type=\"section\">\n\t\t\t\t\t\t<div class=\"elementor-container elementor-column-gap-default\">\n\t\t\t\t\t<div class=\"elementor-column elementor-col-100 elementor-top-column elementor-element elementor-element-748fb66\" data-id=\"748fb66\" data-element_type=\"column\">\n\t\t\t<div class=\"elementor-widget-wrap elementor-element-populated\">\n\t\t\t\t\t\t<div class=\"elementor-element elementor-element-b530a3c wd-width-100 elementor-widget elementor-widget-wd_title\" data-id=\"b530a3c\" data-element_type=\"widget\" data-widget_type=\"wd_title.default\">\n\t\t\t\t<div class=\"elementor-widget-container\">\n\t\t\t\t\t\t\t<div class=\"title-wrapper wd-set-mb reset-last-child wd-title-color-default wd-title-style-default wd-title-size-small text-left\">\n\n\t\t\t\n\t\t\t<div class=\"liner-continer\">\n\t\t\t\t<h4 class=\"woodmart-title-container title wd-fontsize-m\">ENV\u00cdANOS UN MENSAJE<\/h4> \n\t\t\t\t\t\t\t<\/div>\n\n\t\t\t\t\t<\/div>\n\t\t\t\t\t\t<\/div>\n\t\t\t\t<\/div>\n\t\t\t\t<div class=\"elementor-element elementor-element-a5ee9cc wd-cf7 elementor-widget elementor-widget-wd_contact_form_7\" data-id=\"a5ee9cc\" data-element_type=\"widget\" data-widget_type=\"wd_contact_form_7.default\">\n\t\t\t\t<div class=\"elementor-widget-container\">\n\t\t\t\t\t\n<div class=\"wpcf7 no-js\" id=\"wpcf7-f8914-o1\" lang=\"it-IT\" dir=\"ltr\" data-wpcf7-id=\"8914\">\n<div class=\"screen-reader-response\"><p role=\"status\" aria-live=\"polite\" aria-atomic=\"true\"><\/p> <ul><\/ul><\/div>\n<form action=\"\/es\/wp-json\/wp\/v2\/pages\/20092#wpcf7-f8914-o1\" method=\"post\" class=\"wpcf7-form init\" aria-label=\"Modulo di contatto\" novalidate=\"novalidate\" data-status=\"init\">\n<fieldset class=\"hidden-fields-container\"><input type=\"hidden\" name=\"_wpcf7\" value=\"8914\" \/><input type=\"hidden\" name=\"_wpcf7_version\" value=\"6.1.1\" \/><input type=\"hidden\" name=\"_wpcf7_locale\" value=\"it_IT\" \/><input type=\"hidden\" name=\"_wpcf7_unit_tag\" value=\"wpcf7-f8914-o1\" \/><input type=\"hidden\" name=\"_wpcf7_container_post\" value=\"0\" \/><input type=\"hidden\" name=\"_wpcf7_posted_data_hash\" value=\"\" \/>\n<\/fieldset>\n<p><label> Nombre y apellidos (obligatorio)<br \/>\n<span class=\"wpcf7-form-control-wrap\" data-name=\"your-name-surname\"><input size=\"40\" maxlength=\"400\" class=\"wpcf7-form-control wpcf7-text wpcf7-validates-as-required\" aria-required=\"true\" aria-invalid=\"false\" value=\"\" type=\"text\" name=\"your-name-surname\" \/><\/span> <\/label>\n<\/p>\n<p><label> Correo electr\u00f3nico (obligatorio)<br \/>\n<span class=\"wpcf7-form-control-wrap\" data-name=\"your-email\"><input size=\"40\" maxlength=\"400\" class=\"wpcf7-form-control wpcf7-email wpcf7-validates-as-required wpcf7-text wpcf7-validates-as-email\" aria-required=\"true\" aria-invalid=\"false\" value=\"\" type=\"email\" name=\"your-email\" \/><\/span> <\/label>\n<\/p>\n<p><label> Asunto (opcional)<br \/>\n<span class=\"wpcf7-form-control-wrap\" data-name=\"your-subject\"><input size=\"40\" maxlength=\"400\" class=\"wpcf7-form-control wpcf7-text\" aria-invalid=\"false\" value=\"\" type=\"text\" name=\"your-subject\" \/><\/span> <\/label>\n<\/p>\n<p><label> Mensaje (obligatorio)<br \/>\n<span class=\"wpcf7-form-control-wrap\" data-name=\"your-message\"><textarea cols=\"40\" rows=\"10\" maxlength=\"2000\" class=\"wpcf7-form-control wpcf7-textarea wpcf7-validates-as-required\" aria-required=\"true\" aria-invalid=\"false\" name=\"your-message\"><\/textarea><\/span> <\/label>\n<\/p>\n<p><span class=\"wpcf7-form-control-wrap\" data-name=\"Accettazione_privacy\"><span class=\"wpcf7-form-control wpcf7-acceptance\"><span class=\"wpcf7-list-item\"><input type=\"checkbox\" name=\"Accettazione_privacy\" value=\"1\" aria-invalid=\"false\" \/><\/span><\/span><\/span> Autorizo el tratamiento de los datos seg\u00fan lo especificado en el formulario y en cumplimiento del Reglamento UE 2016\/679 (RGPD). Lee nuestra <a href=\"https:\/\/www.iubenda.com\/privacy-policy\/64734868\" class=\"iubenda-white iubenda-noiframe iubenda-embed iubenda-noiframe \" title=\"Pol\u00edtica de privacidad \">Pol\u00edtica de privacidad<\/a><script type=\"text\/javascript\">(function (w,d) {var loader = function () {var s = d.createElement(\"script\"), tag = d.getElementsByTagName(\"script\")[0]; s.src=\"https:\/\/cdn.iubenda.com\/iubenda.js\"; tag.parentNode.insertBefore(s,tag);}; if(w.addEventListener){w.addEventListener(\"load\", loader, false);}else if(w.attachEvent){w.attachEvent(\"onload\", loader);}else{w.onload = loader;}})(window, document);<\/script> y <a href=\"https:\/\/www.iubenda.com\/privacy-policy\/64734868\/cookie-policy\" class=\"iubenda-white iubenda-noiframe iubenda-embed iubenda-noiframe \" title=\"Pol\u00edtica de cookies \">Pol\u00edtica de cookies<\/a><script type=\"text\/javascript\">(function (w,d) {var loader = function () {var s = d.createElement(\"script\"), tag = d.getElementsByTagName(\"script\")[0]; s.src=\"https:\/\/cdn.iubenda.com\/iubenda.js\"; tag.parentNode.insertBefore(s,tag);}; if(w.addEventListener){w.addEventListener(\"load\", loader, false);}else if(w.attachEvent){w.attachEvent(\"onload\", loader);}else{w.onload = loader;}})(window, document);<\/script>\n<\/p>\n<p><span class=\"wpcf7-form-control-wrap\" data-name=\"News_letter\"><span class=\"wpcf7-form-control wpcf7-acceptance optional\"><span class=\"wpcf7-list-item\"><label><input type=\"checkbox\" name=\"News_letter\" value=\"1\" aria-invalid=\"false\" \/><span class=\"wpcf7-list-item-label\">Acepto el uso de mi correo electr\u00f3nico para recibir vuestras newsletters<\/span><\/label><\/span><\/span><\/span>\n<\/p>\n<p><input class=\"wpcf7-form-control wpcf7-submit has-spinner\" type=\"submit\" value=\"Enviar\" \/>\n<\/p><p style=\"display: none !important;\" class=\"akismet-fields-container\" data-prefix=\"_wpcf7_ak_\"><label>&#916;<textarea name=\"_wpcf7_ak_hp_textarea\" cols=\"45\" rows=\"8\" maxlength=\"100\"><\/textarea><\/label><input type=\"hidden\" id=\"ak_js_1\" name=\"_wpcf7_ak_js\" value=\"176\"\/><script>document.getElementById( \"ak_js_1\" ).setAttribute( \"value\", ( new Date() ).getTime() );<\/script><\/p><div class=\"wpcf7-response-output\" aria-hidden=\"true\"><\/div>\n<\/form>\n<\/div>\n\t\t\t\t<\/div>\n\t\t\t\t<\/div>\n\t\t\t\t\t<\/div>\n\t\t<\/div>\n\t\t\t\t\t<\/div>\n\t\t<\/section>\n\t\t\t\t<\/div>\n\t\t\t\t\t<\/div>\n\t\t\t\t\t\t\t\t<\/div>\n\t\t\t\t<\/div>\n\t\t\t\t\t<\/div>\n\t\t<\/div>\n\t\t\t\t\t<\/div>\n\t\t<\/section>\n\t\t\t\t<\/div>\n\t\t","protected":false},"excerpt":{"rendered":"<p>Producci\u00f3n de alambre de hierro Italfence es una empresa especializada en la producci\u00f3n de alambre de hierro, garantizando a sus<\/p>\n","protected":false},"author":8,"featured_media":0,"parent":0,"menu_order":0,"comment_status":"closed","ping_status":"closed","template":"","meta":{"footnotes":""},"class_list":["post-20092","page","type-page","status-publish","hentry"],"_links":{"self":[{"href":"https:\/\/www.italfence.com\/es\/wp-json\/wp\/v2\/pages\/20092","targetHints":{"allow":["GET"]}}],"collection":[{"href":"https:\/\/www.italfence.com\/es\/wp-json\/wp\/v2\/pages"}],"about":[{"href":"https:\/\/www.italfence.com\/es\/wp-json\/wp\/v2\/types\/page"}],"author":[{"embeddable":true,"href":"https:\/\/www.italfence.com\/es\/wp-json\/wp\/v2\/users\/8"}],"replies":[{"embeddable":true,"href":"https:\/\/www.italfence.com\/es\/wp-json\/wp\/v2\/comments?post=20092"}],"version-history":[{"count":20,"href":"https:\/\/www.italfence.com\/es\/wp-json\/wp\/v2\/pages\/20092\/revisions"}],"predecessor-version":[{"id":22549,"href":"https:\/\/www.italfence.com\/es\/wp-json\/wp\/v2\/pages\/20092\/revisions\/22549"}],"wp:attachment":[{"href":"https:\/\/www.italfence.com\/es\/wp-json\/wp\/v2\/media?parent=20092"}],"curies":[{"name":"wp","href":"https:\/\/api.w.org\/{rel}","templated":true}]}}