{"id":21874,"date":"2026-01-26T06:34:24","date_gmt":"2026-01-26T06:34:24","guid":{"rendered":"https:\/\/www.italfence.com\/es\/?post_type=product&#038;p=21874"},"modified":"2026-04-22T15:58:59","modified_gmt":"2026-04-22T15:58:59","slug":"poste-tubo-redondo-plastificado-verde","status":"publish","type":"product","link":"https:\/\/www.italfence.com\/es\/producto\/poste-tubo-redondo-plastificado-verde\/","title":{"rendered":"Poste tubo redondo plastificado verde"},"content":{"rendered":"","protected":false},"excerpt":{"rendered":"<p>El <strong>poste tubular<\/strong> plastificado con <strong>secci\u00f3n en \u201cO\u201d<\/strong> representa una alternativa v\u00e1lida al tradicional poste de secci\u00f3n en \u201cT\u201d.<\/p>\n<p>El poste tubular es un poste de hierro de <strong>secci\u00f3n circular<\/strong>, dise\u00f1ado con <strong>pasah\u00edlos de PVC<\/strong> verde para el paso de los alambres de tensi\u00f3n y un <strong>tap\u00f3n superior negro<\/strong>.<\/p>\n<p>Los <strong>elegantes<\/strong> postes tubulares redondos plastificados no solo aportan <strong>estabilidad y robustez<\/strong> al cercado, sino que tambi\u00e9n aseguran un excelente efecto visual. Son ideales para soportar cercados de malla met\u00e1lica de simple torsi\u00f3n y electrosoldada tanto sobre terreno como sobre murete y se colocan habitualmente a una distancia de unos <strong>2 metros<\/strong>.<\/p>\n","protected":false},"featured_media":20376,"template":"","meta":[],"product_brand":[],"product_cat":[28],"product_tag":[],"class_list":{"0":"post-21874","1":"product","2":"type-product","3":"status-publish","4":"has-post-thumbnail","6":"product_cat-postes-y-tornapuntas","8":"first","9":"instock","10":"sale","11":"taxable","12":"shipping-taxable","13":"purchasable","14":"product-type-variable"},"_links":{"self":[{"href":"https:\/\/www.italfence.com\/es\/wp-json\/wp\/v2\/product\/21874","targetHints":{"allow":["GET"]}}],"collection":[{"href":"https:\/\/www.italfence.com\/es\/wp-json\/wp\/v2\/product"}],"about":[{"href":"https:\/\/www.italfence.com\/es\/wp-json\/wp\/v2\/types\/product"}],"version-history":[{"count":1,"href":"https:\/\/www.italfence.com\/es\/wp-json\/wp\/v2\/product\/21874\/revisions"}],"predecessor-version":[{"id":21908,"href":"https:\/\/www.italfence.com\/es\/wp-json\/wp\/v2\/product\/21874\/revisions\/21908"}],"wp:featuredmedia":[{"embeddable":true,"href":"https:\/\/www.italfence.com\/es\/wp-json\/wp\/v2\/media\/20376"}],"wp:attachment":[{"href":"https:\/\/www.italfence.com\/es\/wp-json\/wp\/v2\/media?parent=21874"}],"wp:term":[{"taxonomy":"product_brand","embeddable":true,"href":"https:\/\/www.italfence.com\/es\/wp-json\/wp\/v2\/product_brand?post=21874"},{"taxonomy":"product_cat","embeddable":true,"href":"https:\/\/www.italfence.com\/es\/wp-json\/wp\/v2\/product_cat?post=21874"},{"taxonomy":"product_tag","embeddable":true,"href":"https:\/\/www.italfence.com\/es\/wp-json\/wp\/v2\/product_tag?post=21874"}],"curies":[{"name":"wp","href":"https:\/\/api.w.org\/{rel}","templated":true}]}}