{"id":21875,"date":"2026-01-26T06:34:24","date_gmt":"2026-01-26T06:34:24","guid":{"rendered":"https:\/\/www.italfence.com\/es\/?post_type=product&#038;p=21875"},"modified":"2026-04-22T15:58:55","modified_gmt":"2026-04-22T15:58:55","slug":"tornapunta-poste-tubo-redondo-plastificada-verde","status":"publish","type":"product","link":"https:\/\/www.italfence.com\/es\/producto\/tornapunta-poste-tubo-redondo-plastificada-verde\/","title":{"rendered":"Tornapunta poste tubo redondo plastificada verde"},"content":{"rendered":"","protected":false},"excerpt":{"rendered":"<p>El puntal tubular plastificado con <strong>secci\u00f3n en \u201cO\u201d<\/strong>, completo con tapa de PVC, es indispensable para <strong>sostener el poste tubular<\/strong>. Este puntal con <strong>secci\u00f3n en \u201cO\u201d<\/strong> representa una alternativa v\u00e1lida al tradicional puntal en \u00abL\u00bb.<\/p>\n<p>Los elegantes puntales tubulares redondos plastificados aportan <strong>estabilidad y robustez<\/strong> a la cerca y aseguran un excelente efecto visual.<\/p>\n<p>El puntal se puede fijar al <strong>suelo<\/strong> mediante cementaci\u00f3n o apuntado al <strong>muro bajo<\/strong>, dependiendo de las necesidades espec\u00edficas del proyecto. Sin embargo, es importante notar que el <strong>collar\u00edn para la fijaci\u00f3n al poste<\/strong> no est\u00e1 incluido y debe comprarse por separado, ya que su dimensi\u00f3n depende del di\u00e1metro del poste.<\/p>\n","protected":false},"featured_media":20423,"template":"","meta":[],"product_brand":[],"product_cat":[28],"product_tag":[],"class_list":{"0":"post-21875","1":"product","2":"type-product","3":"status-publish","4":"has-post-thumbnail","6":"product_cat-postes-y-tornapuntas","8":"first","9":"outofstock","10":"taxable","11":"shipping-taxable","12":"purchasable","13":"product-type-variable"},"_links":{"self":[{"href":"https:\/\/www.italfence.com\/es\/wp-json\/wp\/v2\/product\/21875","targetHints":{"allow":["GET"]}}],"collection":[{"href":"https:\/\/www.italfence.com\/es\/wp-json\/wp\/v2\/product"}],"about":[{"href":"https:\/\/www.italfence.com\/es\/wp-json\/wp\/v2\/types\/product"}],"version-history":[{"count":1,"href":"https:\/\/www.italfence.com\/es\/wp-json\/wp\/v2\/product\/21875\/revisions"}],"predecessor-version":[{"id":21933,"href":"https:\/\/www.italfence.com\/es\/wp-json\/wp\/v2\/product\/21875\/revisions\/21933"}],"wp:featuredmedia":[{"embeddable":true,"href":"https:\/\/www.italfence.com\/es\/wp-json\/wp\/v2\/media\/20423"}],"wp:attachment":[{"href":"https:\/\/www.italfence.com\/es\/wp-json\/wp\/v2\/media?parent=21875"}],"wp:term":[{"taxonomy":"product_brand","embeddable":true,"href":"https:\/\/www.italfence.com\/es\/wp-json\/wp\/v2\/product_brand?post=21875"},{"taxonomy":"product_cat","embeddable":true,"href":"https:\/\/www.italfence.com\/es\/wp-json\/wp\/v2\/product_cat?post=21875"},{"taxonomy":"product_tag","embeddable":true,"href":"https:\/\/www.italfence.com\/es\/wp-json\/wp\/v2\/product_tag?post=21875"}],"curies":[{"name":"wp","href":"https:\/\/api.w.org\/{rel}","templated":true}]}}