{"id":21876,"date":"2026-01-26T06:34:24","date_gmt":"2026-01-26T06:34:24","guid":{"rendered":"https:\/\/www.italfence.com\/es\/?post_type=product&#038;p=21876"},"modified":"2026-04-22T15:58:56","modified_gmt":"2026-04-22T15:58:56","slug":"alambre-de-hierro-plastificado-verde-100m","status":"publish","type":"product","link":"https:\/\/www.italfence.com\/es\/producto\/alambre-de-hierro-plastificado-verde-100m\/","title":{"rendered":"Alambre de hierro plastificado verde, 100m"},"content":{"rendered":"","protected":false},"excerpt":{"rendered":"<p>El <strong>alambre de hierro <\/strong>plastificado es una excelente soluci\u00f3n para la instalaci\u00f3n de cercas, ofreciendo un <strong>sistema de fijaci\u00f3n<\/strong> fiable y resistente para la malla met\u00e1lica, y es particularmente adecuado tambi\u00e9n para su uso en vi\u00f1edos.<\/p>\n<p>Este alambre est\u00e1 hecho con un n\u00facleo de <strong>hierro galvanizado<\/strong> que luego se <strong>plastifica<\/strong>. La bobina se presenta como un <strong>rollo compacto y pr\u00e1ctico<\/strong>, facilitando el transporte y el uso. Cada madeja tiene una longitud de <strong>100 metros<\/strong>.<\/p>\n<p>Los di\u00e1metros recomendados del alambre de hierro son: 3,20 mm para el <strong>alambre de tensi\u00f3n<\/strong> y 1,80 mm para el <strong>alambre de atado<\/strong>.<\/p>\n<p>Nuestra <strong>gama de di\u00e1metros<\/strong> para el alambre de hierro plastificado son: \u00d81,50 mm, \u00d81,80 mm, \u00d82,30 mm, \u00d82,70 mm, \u00d83,20 mm.<\/p>\n","protected":false},"featured_media":20308,"template":"","meta":[],"product_brand":[],"product_cat":[32],"product_tag":[],"class_list":{"0":"post-21876","1":"product","2":"type-product","3":"status-publish","4":"has-post-thumbnail","6":"product_cat-alambre-de-hierro","8":"first","9":"instock","10":"taxable","11":"shipping-taxable","12":"purchasable","13":"product-type-variable"},"_links":{"self":[{"href":"https:\/\/www.italfence.com\/es\/wp-json\/wp\/v2\/product\/21876","targetHints":{"allow":["GET"]}}],"collection":[{"href":"https:\/\/www.italfence.com\/es\/wp-json\/wp\/v2\/product"}],"about":[{"href":"https:\/\/www.italfence.com\/es\/wp-json\/wp\/v2\/types\/product"}],"version-history":[{"count":1,"href":"https:\/\/www.italfence.com\/es\/wp-json\/wp\/v2\/product\/21876\/revisions"}],"predecessor-version":[{"id":21896,"href":"https:\/\/www.italfence.com\/es\/wp-json\/wp\/v2\/product\/21876\/revisions\/21896"}],"wp:featuredmedia":[{"embeddable":true,"href":"https:\/\/www.italfence.com\/es\/wp-json\/wp\/v2\/media\/20308"}],"wp:attachment":[{"href":"https:\/\/www.italfence.com\/es\/wp-json\/wp\/v2\/media?parent=21876"}],"wp:term":[{"taxonomy":"product_brand","embeddable":true,"href":"https:\/\/www.italfence.com\/es\/wp-json\/wp\/v2\/product_brand?post=21876"},{"taxonomy":"product_cat","embeddable":true,"href":"https:\/\/www.italfence.com\/es\/wp-json\/wp\/v2\/product_cat?post=21876"},{"taxonomy":"product_tag","embeddable":true,"href":"https:\/\/www.italfence.com\/es\/wp-json\/wp\/v2\/product_tag?post=21876"}],"curies":[{"name":"wp","href":"https:\/\/api.w.org\/{rel}","templated":true}]}}