{"id":21878,"date":"2026-01-26T06:34:24","date_gmt":"2026-01-26T06:34:24","guid":{"rendered":"https:\/\/www.italfence.com\/es\/?post_type=product&#038;p=21878"},"modified":"2026-04-22T15:58:57","modified_gmt":"2026-04-22T15:58:57","slug":"tensor-de-alambre-acero-plastificado","status":"publish","type":"product","link":"https:\/\/www.italfence.com\/es\/producto\/tensor-de-alambre-acero-plastificado\/","title":{"rendered":"Tensor de alambre, acero plastificado"},"content":{"rendered":"","protected":false},"excerpt":{"rendered":"<p>El <strong>tensor de alambre<\/strong> es indispensable para garantizar el \u00e9xito de la instalaci\u00f3n de una red met\u00e1lica. Permite que los cables de <strong>soporte de la red<\/strong> est\u00e9n debidamente tensados, garantizando as\u00ed <strong>estabilidad y resistencia<\/strong> a la estructura.<\/p>\n<p>El tensor de hierro <strong>plastificado verde<\/strong> tiene una forma de anillo con un orificio que facilita la inserci\u00f3n del cable y permite <strong>ajustar la tensi\u00f3n<\/strong> deseada apretando el dispositivo.<\/p>\n<p>Adem\u00e1s, este tensor est\u00e1 equipado con un <strong>mecanismo de bloqueo<\/strong> para garantizar una tensi\u00f3n estable en el tiempo.<\/p>\n","protected":false},"featured_media":20446,"template":"","meta":[],"product_brand":[],"product_cat":[76],"product_tag":[],"class_list":{"0":"post-21878","1":"product","2":"type-product","3":"status-publish","4":"has-post-thumbnail","6":"product_cat-accesorios","8":"first","9":"instock","10":"taxable","11":"shipping-taxable","12":"purchasable","13":"product-type-variable"},"_links":{"self":[{"href":"https:\/\/www.italfence.com\/es\/wp-json\/wp\/v2\/product\/21878","targetHints":{"allow":["GET"]}}],"collection":[{"href":"https:\/\/www.italfence.com\/es\/wp-json\/wp\/v2\/product"}],"about":[{"href":"https:\/\/www.italfence.com\/es\/wp-json\/wp\/v2\/types\/product"}],"version-history":[{"count":1,"href":"https:\/\/www.italfence.com\/es\/wp-json\/wp\/v2\/product\/21878\/revisions"}],"predecessor-version":[{"id":21957,"href":"https:\/\/www.italfence.com\/es\/wp-json\/wp\/v2\/product\/21878\/revisions\/21957"}],"wp:featuredmedia":[{"embeddable":true,"href":"https:\/\/www.italfence.com\/es\/wp-json\/wp\/v2\/media\/20446"}],"wp:attachment":[{"href":"https:\/\/www.italfence.com\/es\/wp-json\/wp\/v2\/media?parent=21878"}],"wp:term":[{"taxonomy":"product_brand","embeddable":true,"href":"https:\/\/www.italfence.com\/es\/wp-json\/wp\/v2\/product_brand?post=21878"},{"taxonomy":"product_cat","embeddable":true,"href":"https:\/\/www.italfence.com\/es\/wp-json\/wp\/v2\/product_cat?post=21878"},{"taxonomy":"product_tag","embeddable":true,"href":"https:\/\/www.italfence.com\/es\/wp-json\/wp\/v2\/product_tag?post=21878"}],"curies":[{"name":"wp","href":"https:\/\/api.w.org\/{rel}","templated":true}]}}