{"id":21880,"date":"2026-01-26T06:34:24","date_gmt":"2026-01-26T06:34:24","guid":{"rendered":"https:\/\/www.italfence.com\/es\/?post_type=product&#038;p=21880"},"modified":"2026-04-22T15:58:47","modified_gmt":"2026-04-22T15:58:47","slug":"malla-metalica-electrosoldada-galvanizada","status":"publish","type":"product","link":"https:\/\/www.italfence.com\/es\/producto\/malla-metalica-electrosoldada-galvanizada\/","title":{"rendered":"Malla met\u00e1lica electrosoldada, galvanizada"},"content":{"rendered":"","protected":false},"excerpt":{"rendered":"<p>La <strong>malla electrosoldada galvanizada<\/strong>, tambi\u00e9n conocida como malla met\u00e1lica r\u00edgida, es la soluci\u00f3n ideal para cercar <strong>\u00e1reas residenciales, industriales, agr\u00edcolas y campos deportivos.<\/strong><\/p>\n<p>Con mallas de <strong>75x50mm<\/strong>, esta red ofrece una combinaci\u00f3n de solidez y est\u00e9tica que satisface una amplia gama de necesidades. Su <strong>estructura r\u00edgida<\/strong>, caracterizada por la <strong>presencia de soldaduras<\/strong> entre los hilos individuales, la hace <strong>f\u00e1cil de instalar.<\/strong><\/p>\n<p>Esta malla se construye soldando <strong>alambres de hierro galvanizados en caliente<\/strong>. El revestimiento de zinc confiere a la valla una mayor resistencia a la corrosi\u00f3n y a los agentes atmosf\u00e9ricos.<\/p>\n<p>Los rollos est\u00e1n disponibles exclusivamente en una longitud de <strong>25 metros <\/strong>lineales.<\/p>\n","protected":false},"featured_media":20393,"template":"","meta":[],"product_brand":[],"product_cat":[20],"product_tag":[],"class_list":{"0":"post-21880","1":"product","2":"type-product","3":"status-publish","4":"has-post-thumbnail","6":"product_cat-mallas-metalicas","8":"first","9":"outofstock","10":"sale","11":"taxable","12":"shipping-taxable","13":"purchasable","14":"product-type-variable"},"_links":{"self":[{"href":"https:\/\/www.italfence.com\/es\/wp-json\/wp\/v2\/product\/21880","targetHints":{"allow":["GET"]}}],"collection":[{"href":"https:\/\/www.italfence.com\/es\/wp-json\/wp\/v2\/product"}],"about":[{"href":"https:\/\/www.italfence.com\/es\/wp-json\/wp\/v2\/types\/product"}],"version-history":[{"count":1,"href":"https:\/\/www.italfence.com\/es\/wp-json\/wp\/v2\/product\/21880\/revisions"}],"predecessor-version":[{"id":21919,"href":"https:\/\/www.italfence.com\/es\/wp-json\/wp\/v2\/product\/21880\/revisions\/21919"}],"wp:featuredmedia":[{"embeddable":true,"href":"https:\/\/www.italfence.com\/es\/wp-json\/wp\/v2\/media\/20393"}],"wp:attachment":[{"href":"https:\/\/www.italfence.com\/es\/wp-json\/wp\/v2\/media?parent=21880"}],"wp:term":[{"taxonomy":"product_brand","embeddable":true,"href":"https:\/\/www.italfence.com\/es\/wp-json\/wp\/v2\/product_brand?post=21880"},{"taxonomy":"product_cat","embeddable":true,"href":"https:\/\/www.italfence.com\/es\/wp-json\/wp\/v2\/product_cat?post=21880"},{"taxonomy":"product_tag","embeddable":true,"href":"https:\/\/www.italfence.com\/es\/wp-json\/wp\/v2\/product_tag?post=21880"}],"curies":[{"name":"wp","href":"https:\/\/api.w.org\/{rel}","templated":true}]}}