{"id":19124,"date":"2026-01-08T06:23:35","date_gmt":"2026-01-08T06:23:35","guid":{"rendered":"https:\/\/www.italfence.com\/fr\/?page_id=19124"},"modified":"2026-01-08T12:45:01","modified_gmt":"2026-01-08T12:45:01","slug":"clotures-aires-detente-canine","status":"publish","type":"page","link":"https:\/\/www.italfence.com\/fr\/clotures-aires-detente-canine\/","title":{"rendered":"Cl\u00f4tures pour aires de d\u00e9tente canine"},"content":{"rendered":"\t\t<div data-elementor-type=\"wp-page\" data-elementor-id=\"19124\" class=\"elementor elementor-19124\">\n\t\t\t\t\t\t<section class=\"wd-negative-gap elementor-section elementor-top-section elementor-element elementor-element-965b861 elementor-section-boxed elementor-section-height-default elementor-section-height-default\" data-id=\"965b861\" data-element_type=\"section\">\n\t\t\t\t\t\t<div class=\"elementor-container elementor-column-gap-default\">\n\t\t\t\t\t<div class=\"elementor-column elementor-col-100 elementor-top-column elementor-element elementor-element-93e9c68\" data-id=\"93e9c68\" data-element_type=\"column\">\n\t\t\t<div class=\"elementor-widget-wrap elementor-element-populated\">\n\t\t\t\t\t\t<div class=\"elementor-element elementor-element-4d521c9 elementor-widget elementor-widget-wd_text_block\" data-id=\"4d521c9\" data-element_type=\"widget\" data-widget_type=\"wd_text_block.default\">\n\t\t\t\t<div class=\"elementor-widget-container\">\n\t\t\t\t\t\t\t<div class=\"wd-text-block reset-last-child text-left\">\n\t\t\t\n\t\t\t<p style=\"font-size: 30px; font-weight: bold; color: #ffffff; text-align: left; margin-bottom: 15px;\">Cl\u00f4tures pour aires de d\u00e9tente canine<\/p>\n<p style=\"font-size: 14px; color: #ffffff; text-align: left; margin-bottom: 10px; line-height: 1.5;\">Si vous am\u00e9nagez une aire de d\u00e9tente canine et avez besoin d\u2019une cl\u00f4ture compl\u00e8te, avec grillage, poteaux, fil de tension et tous les accessoires n\u00e9cessaires, <strong>Italfence<\/strong> est le partenaire id\u00e9al. Nous proposons des solutions sur mesure pour cr\u00e9er des espaces s\u00fbrs, fonctionnels et durables, en garantissant une protection maximale et une libert\u00e9 de mouvement totale pour les animaux, en toute tranquillit\u00e9.<\/p>\n<p style=\"font-size: 14px; color: #ffffff; text-align: left; margin-bottom: 10px; line-height: 1.5;\">Nous collaborons avec les administrations publiques, les communes, les architectes et les bureaux d\u2019\u00e9tudes, en fournissant des solutions personnalis\u00e9es selon les besoins sp\u00e9cifiques du projet. Notre production interne nous permet de garantir flexibilit\u00e9, rapidit\u00e9 de livraison et un excellent rapport qualit\u00e9-prix.<\/p>\n<p style=\"font-size: 14px; color: #ffffff; text-align: left; margin-bottom: 10px; line-height: 1.5;\">Italfence ne r\u00e9alise pas directement la pose, mais de nombreux clients font appel \u00e0 des entreprises de b\u00e2timent ou \u00e0 des paysagistes locaux pour l\u2019installation. Ce choix permet de r\u00e9aliser des \u00e9conomies importantes par rapport aux solutions cl\u00e9s en main, sans renoncer \u00e0 un r\u00e9sultat professionnel et durable.<\/p>\n\t\t\t\t\t<\/div>\n\t\t\t\t\t\t<\/div>\n\t\t\t\t<\/div>\n\t\t\t\t\t<\/div>\n\t\t<\/div>\n\t\t\t\t\t<\/div>\n\t\t<\/section>\n\t\t\t\t<section class=\"wd-negative-gap elementor-section elementor-top-section elementor-element elementor-element-ca7f22c elementor-section-boxed elementor-section-height-default elementor-section-height-default\" data-id=\"ca7f22c\" data-element_type=\"section\">\n\t\t\t\t\t\t<div class=\"elementor-container elementor-column-gap-default\">\n\t\t\t\t\t<div class=\"elementor-column elementor-col-100 elementor-top-column elementor-element elementor-element-d3dd2a0\" data-id=\"d3dd2a0\" data-element_type=\"column\">\n\t\t\t<div class=\"elementor-widget-wrap elementor-element-populated\">\n\t\t\t\t\t\t<div class=\"elementor-element elementor-element-b587595 wd-width-100 elementor-widget elementor-widget-wd_banner_carousel\" data-id=\"b587595\" data-element_type=\"widget\" data-widget_type=\"wd_banner_carousel.default\">\n\t\t\t\t<div class=\"elementor-widget-container\">\n\t\t\t\t\t\t\t<div class=\"wd-carousel-container banners-carousel-wrapper\">\n\t\t\t<div class=\"wd-carousel-inner\">\n\t\t\t\t<div class=\"wd-carousel wd-grid banners-carousel\" data-speed=\"3500\" data-wrap=\"yes\" data-autoplay=\"yes\" data-autoheight=\"yes\" style=\"--wd-col-lg:2.5;--wd-col-md:2;--wd-col-sm:1;--wd-gap-lg:30px;--wd-gap-sm:10px;\">\n\t\t\t\t\t<div class=\"wd-carousel-wrap\">\n\t\t\t\t\t\t\t\t\t\t\t\t\t\t\t\t\t\t\t\t\t\t<div class=\"promo-banner-wrapper wd-carousel-item elementor-repeater-item-df80089\">\n\t\t\t<div class=\"promo-banner banner-default banner-hover-zoom color-scheme- banner-btn-size-extra-small banner-btn-style-default wd-with-link\">\n\t\t\t\t<div class=\"main-wrapp-img\">\n\t\t\t\t\t<div class=\"banner-image\">\n\t\t\t\t\t\t\t\t\t\t\t\t\t\t\t\t\t\t\t\t\t<img fetchpriority=\"high\" decoding=\"async\" width=\"1000\" height=\"563\" src=\"https:\/\/www.italfence.com\/fr\/wp-content\/uploads\/2026\/01\/AREA-CANI-SAN-LAZZARO.jpg\" class=\"attachment-3000x2000 size-3000x2000\" alt=\"\" srcset=\"https:\/\/www.italfence.com\/fr\/wp-content\/uploads\/2026\/01\/AREA-CANI-SAN-LAZZARO.jpg 1000w, https:\/\/www.italfence.com\/fr\/wp-content\/uploads\/2026\/01\/AREA-CANI-SAN-LAZZARO-400x225.jpg 400w, https:\/\/www.italfence.com\/fr\/wp-content\/uploads\/2026\/01\/AREA-CANI-SAN-LAZZARO-768x432.jpg 768w, https:\/\/www.italfence.com\/fr\/wp-content\/uploads\/2026\/01\/AREA-CANI-SAN-LAZZARO-430x242.jpg 430w, https:\/\/www.italfence.com\/fr\/wp-content\/uploads\/2026\/01\/AREA-CANI-SAN-LAZZARO-700x394.jpg 700w, https:\/\/www.italfence.com\/fr\/wp-content\/uploads\/2026\/01\/AREA-CANI-SAN-LAZZARO-150x84.jpg 150w\" sizes=\"(max-width: 1000px) 100vw, 1000px\" \/>\t\t\t\t\t\t\t\t\t\t\t\t\t\t\t\t\t\t<\/div>\n\t\t\t\t<\/div>\n\n\t\t\t\t<div class=\"wrapper-content-banner wd-fill wd-items-top wd-justify-left\">\n\t\t\t\t\t<div class=\"content-banner  text-left\">\n\t\t\t\t\t\t\n\t\t\t\t\t\t\n\t\t\t\t\t\t\n\t\t\t\t\t\t\n\t\t\t\t\t\t\t\t\t\t\t<\/div>\n\t\t\t\t<\/div>\n\n\t\t\t\t\t\t\t\t\t<a href=\"#\" class=\"wd-promo-banner-link wd-fill\" aria-label=\"Lien de la banni\u00e8re\"><\/a>\n\t\t\t\t\t\t\t<\/div>\n\t\t<\/div>\n\t\t\t\t\t\t\t\t\t\t\t\t\t\t\t\t\t\t\t\t\t\t\t\t<div class=\"promo-banner-wrapper wd-carousel-item elementor-repeater-item-8042d48\">\n\t\t\t<div class=\"promo-banner banner-default banner-hover-zoom color-scheme- banner-btn-size-extra-small banner-btn-style-default wd-with-link\">\n\t\t\t\t<div class=\"main-wrapp-img\">\n\t\t\t\t\t<div class=\"banner-image\">\n\t\t\t\t\t\t\t\t\t\t\t\t\t\t\t\t\t\t\t\t\t<img decoding=\"async\" width=\"640\" height=\"445\" src=\"https:\/\/www.italfence.com\/fr\/wp-content\/uploads\/2026\/01\/AREA-CANI-SINALUNGA.jpg\" class=\"attachment-full size-full\" alt=\"\" srcset=\"https:\/\/www.italfence.com\/fr\/wp-content\/uploads\/2026\/01\/AREA-CANI-SINALUNGA.jpg 640w, https:\/\/www.italfence.com\/fr\/wp-content\/uploads\/2026\/01\/AREA-CANI-SINALUNGA-400x278.jpg 400w, https:\/\/www.italfence.com\/fr\/wp-content\/uploads\/2026\/01\/AREA-CANI-SINALUNGA-430x299.jpg 430w, https:\/\/www.italfence.com\/fr\/wp-content\/uploads\/2026\/01\/AREA-CANI-SINALUNGA-150x104.jpg 150w\" sizes=\"(max-width: 640px) 100vw, 640px\" \/>\t\t\t\t\t\t\t\t\t\t\t\t\t\t\t\t\t\t<\/div>\n\t\t\t\t<\/div>\n\n\t\t\t\t<div class=\"wrapper-content-banner wd-fill wd-items-top wd-justify-left\">\n\t\t\t\t\t<div class=\"content-banner  text-left\">\n\t\t\t\t\t\t\n\t\t\t\t\t\t\n\t\t\t\t\t\t\n\t\t\t\t\t\t\n\t\t\t\t\t\t\t\t\t\t\t<\/div>\n\t\t\t\t<\/div>\n\n\t\t\t\t\t\t\t\t\t<a href=\"#\" class=\"wd-promo-banner-link wd-fill\" aria-label=\"Lien de la banni\u00e8re\"><\/a>\n\t\t\t\t\t\t\t<\/div>\n\t\t<\/div>\n\t\t\t\t\t\t\t\t\t\t\t\t\t\t\t\t\t\t\t\t\t\t\t\t<div class=\"promo-banner-wrapper wd-carousel-item elementor-repeater-item-efd2207\">\n\t\t\t<div class=\"promo-banner banner-default banner-hover-zoom color-scheme- banner-btn-size-extra-small banner-btn-style-default wd-with-link\">\n\t\t\t\t<div class=\"main-wrapp-img\">\n\t\t\t\t\t<div class=\"banner-image\">\n\t\t\t\t\t\t\t\t\t\t\t\t\t\t\t\t\t\t\t\t\t<img decoding=\"async\" width=\"1280\" height=\"720\" src=\"https:\/\/www.italfence.com\/fr\/wp-content\/uploads\/2026\/01\/AREA-CANI-MEDOLLA.jpg\" class=\"attachment-full size-full\" alt=\"\" srcset=\"https:\/\/www.italfence.com\/fr\/wp-content\/uploads\/2026\/01\/AREA-CANI-MEDOLLA.jpg 1280w, https:\/\/www.italfence.com\/fr\/wp-content\/uploads\/2026\/01\/AREA-CANI-MEDOLLA-400x225.jpg 400w, https:\/\/www.italfence.com\/fr\/wp-content\/uploads\/2026\/01\/AREA-CANI-MEDOLLA-768x432.jpg 768w, https:\/\/www.italfence.com\/fr\/wp-content\/uploads\/2026\/01\/AREA-CANI-MEDOLLA-430x242.jpg 430w, https:\/\/www.italfence.com\/fr\/wp-content\/uploads\/2026\/01\/AREA-CANI-MEDOLLA-700x394.jpg 700w, https:\/\/www.italfence.com\/fr\/wp-content\/uploads\/2026\/01\/AREA-CANI-MEDOLLA-150x84.jpg 150w\" sizes=\"(max-width: 1280px) 100vw, 1280px\" \/>\t\t\t\t\t\t\t\t\t\t\t\t\t\t\t\t\t\t<\/div>\n\t\t\t\t<\/div>\n\n\t\t\t\t<div class=\"wrapper-content-banner wd-fill wd-items-top wd-justify-left\">\n\t\t\t\t\t<div class=\"content-banner  text-left\">\n\t\t\t\t\t\t\n\t\t\t\t\t\t\n\t\t\t\t\t\t\n\t\t\t\t\t\t\n\t\t\t\t\t\t\t\t\t\t\t<\/div>\n\t\t\t\t<\/div>\n\n\t\t\t\t\t\t\t\t\t<a href=\"#\" class=\"wd-promo-banner-link wd-fill\" aria-label=\"Lien de la banni\u00e8re\"><\/a>\n\t\t\t\t\t\t\t<\/div>\n\t\t<\/div>\n\t\t\t\t\t\t\t\t\t\t\t\t\t\t\t\t\t\t\t\t\t\t\t\t<div class=\"promo-banner-wrapper wd-carousel-item elementor-repeater-item-e016599\">\n\t\t\t<div class=\"promo-banner banner-default banner-hover-zoom color-scheme- banner-btn-size-extra-small banner-btn-style-default wd-with-link\">\n\t\t\t\t<div class=\"main-wrapp-img\">\n\t\t\t\t\t<div class=\"banner-image\">\n\t\t\t\t\t\t\t\t\t\t\t\t\t\t\t\t\t\t\t\t\t<img loading=\"lazy\" decoding=\"async\" width=\"640\" height=\"360\" src=\"https:\/\/www.italfence.com\/fr\/wp-content\/uploads\/2026\/01\/AREA-CANI-PISA.jpg\" class=\"attachment-full size-full\" alt=\"\" srcset=\"https:\/\/www.italfence.com\/fr\/wp-content\/uploads\/2026\/01\/AREA-CANI-PISA.jpg 640w, https:\/\/www.italfence.com\/fr\/wp-content\/uploads\/2026\/01\/AREA-CANI-PISA-400x225.jpg 400w, https:\/\/www.italfence.com\/fr\/wp-content\/uploads\/2026\/01\/AREA-CANI-PISA-430x242.jpg 430w, https:\/\/www.italfence.com\/fr\/wp-content\/uploads\/2026\/01\/AREA-CANI-PISA-150x84.jpg 150w\" sizes=\"(max-width: 640px) 100vw, 640px\" \/>\t\t\t\t\t\t\t\t\t\t\t\t\t\t\t\t\t\t<\/div>\n\t\t\t\t<\/div>\n\n\t\t\t\t<div class=\"wrapper-content-banner wd-fill wd-items-top wd-justify-left\">\n\t\t\t\t\t<div class=\"content-banner  text-left\">\n\t\t\t\t\t\t\n\t\t\t\t\t\t\n\t\t\t\t\t\t\n\t\t\t\t\t\t\n\t\t\t\t\t\t\t\t\t\t\t<\/div>\n\t\t\t\t<\/div>\n\n\t\t\t\t\t\t\t\t\t<a href=\"#\" class=\"wd-promo-banner-link wd-fill\" aria-label=\"Lien de la banni\u00e8re\"><\/a>\n\t\t\t\t\t\t\t<\/div>\n\t\t<\/div>\n\t\t\t\t\t\t\t\t\t\t\t\t\t<\/div>\n\t\t\t\t<\/div>\n\n\t\t\t\t\t\t\t\t\t\t\t<div class=\"wd-nav-arrows wd-pos-sep wd-hover-1 wd-icon-1\">\n\t\t\t<div class=\"wd-btn-arrow wd-prev wd-disabled\">\n\t\t\t\t<div class=\"wd-arrow-inner\"><\/div>\n\t\t\t<\/div>\n\t\t\t<div class=\"wd-btn-arrow wd-next\">\n\t\t\t\t<div class=\"wd-arrow-inner\"><\/div>\n\t\t\t<\/div>\n\t\t<\/div>\n\t\t\t\t\t\t\t\t\t<\/div>\n\n\t\t\t\t\t<div class=\"wd-nav-pagin-wrap text-center wd-style-shape wd-hide-md-sm wd-hide-sm\">\n\t\t\t<ul class=\"wd-nav-pagin\"><\/ul>\n\t\t<\/div>\n\t\t\t\t\t\t\t<\/div>\n\t\t\t\t\t\t<\/div>\n\t\t\t\t<\/div>\n\t\t\t\t\t<\/div>\n\t\t<\/div>\n\t\t\t\t\t<\/div>\n\t\t<\/section>\n\t\t\t\t<section class=\"wd-negative-gap elementor-section elementor-top-section elementor-element elementor-element-834dc40 elementor-section-boxed elementor-section-height-default elementor-section-height-default\" data-id=\"834dc40\" data-element_type=\"section\">\n\t\t\t\t\t\t<div class=\"elementor-container elementor-column-gap-default\">\n\t\t\t\t\t<div class=\"elementor-column elementor-col-100 elementor-top-column elementor-element elementor-element-ee4f81c\" data-id=\"ee4f81c\" data-element_type=\"column\">\n\t\t\t<div class=\"elementor-widget-wrap elementor-element-populated\">\n\t\t\t\t\t\t<div class=\"elementor-element elementor-element-898b11c elementor-widget elementor-widget-wd_popup\" data-id=\"898b11c\" data-element_type=\"widget\" data-widget_type=\"wd_popup.default\">\n\t\t\t\t<div class=\"elementor-widget-container\">\n\t\t\t\t\t\t\t\t\t<div class=\"wd-button-wrapper text-center\" >\n\t\t\t<a class=\"btn btn-style-default btn-shape-semi-round btn-size-default wd-open-popup btn-icon-pos-right\"  href=\"#popup-5ef9ab74e822b\">\n\t\t\t\t<span class=\"wd-btn-text\" data-elementor-setting-key=\"text\">\n\t\t\t\t\tContactez-nous pour un devis personnalis\u00e9\t\t\t\t<\/span>\n\n\t\t\t\t\t\t\t<\/a>\n\t\t<\/div>\n\t\t\t\t\t\t\t<div id=\"popup-5ef9ab74e822b\" class=\"wd-popup wd-popup-element wd-entry-content mfp-hide\" style=\"--wd-popup-width:800px;\">\n\t\t\t\t\t\t\t<link rel=\"stylesheet\" id=\"elementor-post-1570-css\" href=\"https:\/\/www.italfence.com\/fr\/wp-content\/uploads\/elementor\/css\/post-1570.css?ver=1768041575\" type=\"text\/css\" media=\"all\">\n\t\t\t\t\t<div data-elementor-type=\"wp-post\" data-elementor-id=\"1570\" class=\"elementor elementor-1570\">\n\t\t\t\t\t\t<section class=\"wd-negative-gap elementor-section elementor-top-section elementor-element elementor-element-25dc3f7 elementor-section-boxed elementor-section-height-default elementor-section-height-default\" data-id=\"25dc3f7\" data-element_type=\"section\">\n\t\t\t\t\t\t<div class=\"elementor-container elementor-column-gap-default\">\n\t\t\t\t\t<div class=\"elementor-column elementor-col-100 elementor-top-column elementor-element elementor-element-748fb66\" data-id=\"748fb66\" data-element_type=\"column\">\n\t\t\t<div class=\"elementor-widget-wrap elementor-element-populated\">\n\t\t\t\t\t\t<div class=\"elementor-element elementor-element-b530a3c wd-width-100 elementor-widget elementor-widget-wd_title\" data-id=\"b530a3c\" data-element_type=\"widget\" data-widget_type=\"wd_title.default\">\n\t\t\t\t<div class=\"elementor-widget-container\">\n\t\t\t\t\t\t\t<div class=\"title-wrapper wd-set-mb reset-last-child wd-title-color-default wd-title-style-default wd-title-size-small text-left\">\n\n\t\t\t\n\t\t\t<div class=\"liner-continer\">\n\t\t\t\t<h4 class=\"woodmart-title-container title wd-fontsize-m\">ENVOYEZ-NOUS UN MESSAGE<\/h4> \n\t\t\t\t\t\t\t<\/div>\n\n\t\t\t\t\t<\/div>\n\t\t\t\t\t\t<\/div>\n\t\t\t\t<\/div>\n\t\t\t\t<div class=\"elementor-element elementor-element-a5ee9cc elementor-widget elementor-widget-wd_contact_form_7\" data-id=\"a5ee9cc\" data-element_type=\"widget\" data-widget_type=\"wd_contact_form_7.default\">\n\t\t\t\t<div class=\"elementor-widget-container\">\n\t\t\t\t\t\n<div class=\"wpcf7 no-js\" id=\"wpcf7-f8914-o1\" lang=\"it-IT\" dir=\"ltr\" data-wpcf7-id=\"8914\">\n<div class=\"screen-reader-response\"><p role=\"status\" aria-live=\"polite\" aria-atomic=\"true\"><\/p> <ul><\/ul><\/div>\n<form action=\"\/fr\/wp-json\/wp\/v2\/pages\/19124#wpcf7-f8914-o1\" method=\"post\" class=\"wpcf7-form init\" aria-label=\"Modulo di contatto\" novalidate=\"novalidate\" data-status=\"init\">\n<div style=\"display: none;\">\n<input type=\"hidden\" name=\"_wpcf7\" value=\"8914\" \/>\n<input type=\"hidden\" name=\"_wpcf7_version\" value=\"6.0.1\" \/>\n<input type=\"hidden\" name=\"_wpcf7_locale\" value=\"it_IT\" \/>\n<input type=\"hidden\" name=\"_wpcf7_unit_tag\" value=\"wpcf7-f8914-o1\" \/>\n<input type=\"hidden\" name=\"_wpcf7_container_post\" value=\"0\" \/>\n<input type=\"hidden\" name=\"_wpcf7_posted_data_hash\" value=\"\" \/>\n<\/div>\n<p><label> Nom et pr\u00e9nom (obligatoire)<br \/>\n<span class=\"wpcf7-form-control-wrap\" data-name=\"your-name-surname\"><input size=\"40\" maxlength=\"400\" class=\"wpcf7-form-control wpcf7-text wpcf7-validates-as-required\" aria-required=\"true\" aria-invalid=\"false\" value=\"\" type=\"text\" name=\"your-name-surname\" \/><\/span> <\/label>\n<\/p>\n<p><label> Adresse e-mail (obligatoire)<br \/>\n<span class=\"wpcf7-form-control-wrap\" data-name=\"your-email\"><input size=\"40\" maxlength=\"400\" class=\"wpcf7-form-control wpcf7-email wpcf7-validates-as-required wpcf7-text wpcf7-validates-as-email\" aria-required=\"true\" aria-invalid=\"false\" value=\"\" type=\"email\" name=\"your-email\" \/><\/span> <\/label>\n<\/p>\n<p><label> Objet (facultatif)<br \/>\n<span class=\"wpcf7-form-control-wrap\" data-name=\"your-subject\"><input size=\"40\" maxlength=\"400\" class=\"wpcf7-form-control wpcf7-text\" aria-invalid=\"false\" value=\"\" type=\"text\" name=\"your-subject\" \/><\/span> <\/label>\n<\/p>\n<p><label> Message (obligatoire)<br \/>\n<span class=\"wpcf7-form-control-wrap\" data-name=\"your-message\"><textarea cols=\"40\" rows=\"10\" maxlength=\"2000\" class=\"wpcf7-form-control wpcf7-textarea wpcf7-validates-as-required\" aria-required=\"true\" aria-invalid=\"false\" name=\"your-message\"><\/textarea><\/span> <\/label>\n<\/p>\n<p><span class=\"wpcf7-form-control-wrap\" data-name=\"Accettazione_privacy\"><span class=\"wpcf7-form-control wpcf7-acceptance\"><span class=\"wpcf7-list-item\"><input type=\"checkbox\" name=\"Accettazione_privacy\" value=\"1\" aria-invalid=\"false\" \/><\/span><\/span><\/span> J\u2019autorise le traitement de mes donn\u00e9es personnelles tel que sp\u00e9cifi\u00e9 dans le formulaire et conform\u00e9ment au R\u00e8glement (UE) 2016\/679 (RGPD). Pour lire notre <a href=\"https:\/\/www.iubenda.com\/privacy-policy\/64734868\" class=\"iubenda-white iubenda-noiframe iubenda-embed iubenda-noiframe \" title=\"Privacy Policy \" target=\"_blank\" rel=\"noopener\">Privacy Policy<\/a><script type=\"text\/javascript\">(function (w,d) {var loader = function () {var s = d.createElement(\"script\"), tag = d.getElementsByTagName(\"script\")[0]; s.src=\"https:\/\/cdn.iubenda.com\/iubenda.js\"; tag.parentNode.insertBefore(s,tag);}; if(w.addEventListener){w.addEventListener(\"load\", loader, false);}else if(w.attachEvent){w.attachEvent(\"onload\", loader);}else{w.onload = loader;}})(window, document);<\/script><a href=\"https:\/\/www.iubenda.com\/privacy-policy\/64734868\/cookie-policy\" class=\"iubenda-white iubenda-noiframe iubenda-embed iubenda-noiframe \" title=\"Cookie Policy \" target=\"_blank\" rel=\"noopener\">Cookie Policy<\/a><script type=\"text\/javascript\">(function (w,d) {var loader = function () {var s = d.createElement(\"script\"), tag = d.getElementsByTagName(\"script\")[0]; s.src=\"https:\/\/cdn.iubenda.com\/iubenda.js\"; tag.parentNode.insertBefore(s,tag);}; if(w.addEventListener){w.addEventListener(\"load\", loader, false);}else if(w.attachEvent){w.attachEvent(\"onload\", loader);}else{w.onload = loader;}})(window, document);<\/script>\n<\/p>\n<p><span class=\"wpcf7-form-control-wrap\" data-name=\"News_letter\"><span class=\"wpcf7-form-control wpcf7-acceptance optional\"><span class=\"wpcf7-list-item\"><label><input type=\"checkbox\" name=\"News_letter\" value=\"1\" aria-invalid=\"false\" \/><span class=\"wpcf7-list-item-label\">J\u2019accepte l\u2019utilisation de mon adresse e-mail pour recevoir nos newsletters<\/span><\/label><\/span><\/span><\/span>\n<\/p>\n<p><input class=\"wpcf7-form-control wpcf7-submit has-spinner\" type=\"submit\" value=\"Envoyer\" \/>\n<\/p><p style=\"display: none !important;\" class=\"akismet-fields-container\" data-prefix=\"_wpcf7_ak_\"><label>&#916;<textarea name=\"_wpcf7_ak_hp_textarea\" cols=\"45\" rows=\"8\" maxlength=\"100\"><\/textarea><\/label><input type=\"hidden\" id=\"ak_js_1\" name=\"_wpcf7_ak_js\" value=\"2\"\/><script>document.getElementById( \"ak_js_1\" ).setAttribute( \"value\", ( new Date() ).getTime() );<\/script><\/p><div class=\"wpcf7-response-output\" aria-hidden=\"true\"><\/div>\n<\/form>\n<\/div>\n\t\t\t\t<\/div>\n\t\t\t\t<\/div>\n\t\t\t\t\t<\/div>\n\t\t<\/div>\n\t\t\t\t\t<\/div>\n\t\t<\/section>\n\t\t\t\t<\/div>\n\t\t\t\t\t<\/div>\n\t\t\t\t\t\t\t\t<\/div>\n\t\t\t\t<\/div>\n\t\t\t\t\t<\/div>\n\t\t<\/div>\n\t\t\t\t\t<\/div>\n\t\t<\/section>\n\t\t\t\t<\/div>\n\t\t","protected":false},"excerpt":{"rendered":"<p>Cl\u00f4tures pour aires de d\u00e9tente canine Si vous am\u00e9nagez une aire de d\u00e9tente canine et avez besoin d\u2019une cl\u00f4ture compl\u00e8te,<\/p>\n","protected":false},"author":8,"featured_media":0,"parent":0,"menu_order":0,"comment_status":"closed","ping_status":"closed","template":"","meta":{"footnotes":""},"class_list":["post-19124","page","type-page","status-publish","hentry"],"_links":{"self":[{"href":"https:\/\/www.italfence.com\/fr\/wp-json\/wp\/v2\/pages\/19124","targetHints":{"allow":["GET"]}}],"collection":[{"href":"https:\/\/www.italfence.com\/fr\/wp-json\/wp\/v2\/pages"}],"about":[{"href":"https:\/\/www.italfence.com\/fr\/wp-json\/wp\/v2\/types\/page"}],"author":[{"embeddable":true,"href":"https:\/\/www.italfence.com\/fr\/wp-json\/wp\/v2\/users\/8"}],"replies":[{"embeddable":true,"href":"https:\/\/www.italfence.com\/fr\/wp-json\/wp\/v2\/comments?post=19124"}],"version-history":[{"count":5,"href":"https:\/\/www.italfence.com\/fr\/wp-json\/wp\/v2\/pages\/19124\/revisions"}],"predecessor-version":[{"id":19173,"href":"https:\/\/www.italfence.com\/fr\/wp-json\/wp\/v2\/pages\/19124\/revisions\/19173"}],"wp:attachment":[{"href":"https:\/\/www.italfence.com\/fr\/wp-json\/wp\/v2\/media?parent=19124"}],"curies":[{"name":"wp","href":"https:\/\/api.w.org\/{rel}","templated":true}]}}