{"id":19125,"date":"2026-01-08T06:23:24","date_gmt":"2026-01-08T06:23:24","guid":{"rendered":"https:\/\/www.italfence.com\/fr\/?page_id=19125"},"modified":"2026-01-08T12:57:33","modified_gmt":"2026-01-08T12:57:33","slug":"production-grillage","status":"publish","type":"page","link":"https:\/\/www.italfence.com\/fr\/production-grillage\/","title":{"rendered":"Production grillage"},"content":{"rendered":"\t\t<div data-elementor-type=\"wp-page\" data-elementor-id=\"19125\" class=\"elementor elementor-19125\">\n\t\t\t\t\t\t<section class=\"wd-negative-gap elementor-section elementor-top-section elementor-element elementor-element-965b861 elementor-section-boxed elementor-section-height-default elementor-section-height-default\" data-id=\"965b861\" data-element_type=\"section\" data-e-type=\"section\">\n\t\t\t\t\t\t<div class=\"elementor-container elementor-column-gap-default\">\n\t\t\t\t\t<div class=\"elementor-column elementor-col-100 elementor-top-column elementor-element elementor-element-93e9c68\" data-id=\"93e9c68\" data-element_type=\"column\" data-e-type=\"column\">\n\t\t\t<div class=\"elementor-widget-wrap elementor-element-populated\">\n\t\t\t\t\t\t<div class=\"elementor-element elementor-element-4d521c9 elementor-widget elementor-widget-wd_text_block\" data-id=\"4d521c9\" data-element_type=\"widget\" data-e-type=\"widget\" data-widget_type=\"wd_text_block.default\">\n\t\t\t\t<div class=\"elementor-widget-container\">\n\t\t\t\t\t\t\t<div class=\"wd-text-block reset-last-child text-left\">\n\t\t\t\n\t\t\t<p style=\"font-size: 30px; font-weight: bold; color: #ffffff; text-align: left; margin-bottom: 15px;\">Production de grillage<\/p>\n<p style=\"font-size: 14px; color: #ffffff; text-align: left; margin-bottom: 10px; line-height: 1.5;\">Italfence est une entreprise sp\u00e9cialis\u00e9e dans la production de grillage \u00e0 mailles simple torsion, garantissant \u00e0 ses clients des produits de haute qualit\u00e9, r\u00e9alis\u00e9s sur mesure pour chaque besoin. \u00catre fabricant direct nous permet d\u2019offrir une flexibilit\u00e9 totale dans la fabrication du grillage, en nous adaptant \u00e0 toute demande sp\u00e9cifique. Gr\u00e2ce \u00e0 nos installations de production, nous pouvons fournir de grandes quantit\u00e9s sans compromettre les d\u00e9lais de livraison, en assurant un service rapide et efficace.<\/p>\n<p style=\"font-size: 14px; color: #ffffff; text-align: left; margin-bottom: 10px; line-height: 1.5;\">Nous contr\u00f4lons en permanence la qualit\u00e9 de notre grillage \u00e0 mailles losang\u00e9es, en v\u00e9rifiant que chaque produit respecte les normes les plus \u00e9lev\u00e9es en mati\u00e8re de r\u00e9sistance, de durabilit\u00e9 et de s\u00e9curit\u00e9. Notre exp\u00e9rience dans le secteur et notre fiabilit\u00e9 reconnue font de nous une r\u00e9f\u00e9rence pour ceux qui recherchent des mat\u00e9riaux certifi\u00e9s et garantis. Acheter directement aupr\u00e8s du fabricant signifie b\u00e9n\u00e9ficier du meilleur rapport qualit\u00e9-prix, sans interm\u00e9diaires, avec une assistance sp\u00e9cialis\u00e9e pour chaque besoin.<\/p>\n\n\t\t\t\t\t<\/div>\n\t\t\t\t\t\t<\/div>\n\t\t\t\t<\/div>\n\t\t\t\t\t<\/div>\n\t\t<\/div>\n\t\t\t\t\t<\/div>\n\t\t<\/section>\n\t\t\t\t<section class=\"wd-negative-gap elementor-section elementor-top-section elementor-element elementor-element-e6003de elementor-section-boxed elementor-section-height-default elementor-section-height-default\" data-id=\"e6003de\" data-element_type=\"section\" data-e-type=\"section\">\n\t\t\t\t\t\t<div class=\"elementor-container elementor-column-gap-default\">\n\t\t\t\t\t<div class=\"elementor-column elementor-col-100 elementor-top-column elementor-element elementor-element-81b43ee\" data-id=\"81b43ee\" data-element_type=\"column\" data-e-type=\"column\">\n\t\t\t<div class=\"elementor-widget-wrap elementor-element-populated\">\n\t\t\t\t\t\t<div class=\"elementor-element elementor-element-08139ed wd-width-100 elementor-widget elementor-widget-wd_title\" data-id=\"08139ed\" data-element_type=\"widget\" data-e-type=\"widget\" data-widget_type=\"wd_title.default\">\n\t\t\t\t<div class=\"elementor-widget-container\">\n\t\t\t\t\t\t\t<div class=\"title-wrapper wd-set-mb reset-last-child wd-title-color-primary wd-title-style-underlined wd-title-size-default text-left\">\n\n\t\t\t\n\t\t\t<div class=\"liner-continer\">\n\t\t\t\t<h4 class=\"woodmart-title-container title wd-fontsize-l\">CARACT\u00c9RISTIQUES TECHNIQUES<\/h4> \n\t\t\t\t\t\t\t<\/div>\n\n\t\t\t\t\t<\/div>\n\t\t\t\t\t\t<\/div>\n\t\t\t\t<\/div>\n\t\t\t\t<div class=\"elementor-element elementor-element-bafa046 elementor-widget elementor-widget-wd_text_block\" data-id=\"bafa046\" data-element_type=\"widget\" data-e-type=\"widget\" data-widget_type=\"wd_text_block.default\">\n\t\t\t\t<div class=\"elementor-widget-container\">\n\t\t\t\t\t\t\t<div class=\"wd-text-block reset-last-child text-left\">\n\t\t\t\n\t\t\t<ul style=\"font-size: 14px; color: #000000; text-align: left; margin: 0 0 8px 0; padding-left: 18px; line-height: 1.35;\">\n<li style=\"margin: 0 0 4px 0;\"><strong>Maille simple torsion :<\/strong> 50 x 50 mm.<\/li>\n<li style=\"margin: 0 0 4px 0;\"><strong>Versions disponibles :<\/strong> galvanis\u00e9e (fabriqu\u00e9e avec fil en acier galvanis\u00e9 \u00e0 chaud) ou plastifi\u00e9e (fil en acier galvanis\u00e9 rev\u00eatu de PVC par extrusion).<\/li>\n<li style=\"margin: 0 0 4px 0;\"><strong>Hauteurs disponibles (m) :<\/strong> 1,00 - 1,25 - 1,50 - 1,75 - 2,00 - 2,50 - 3,00 m.<\/li>\n<li style=\"margin: 0 0 4px 0;\"><strong>Rouleaux :<\/strong> longueur 12,5 \/ 25 m lin\u00e9aires ; disponibles compact\u00e9s ou non compact\u00e9s pour faciliter le d\u00e9roulage lors de la pose.<\/li>\n<li style=\"margin: 0;\"><strong>Conditionnements :<\/strong> sur palettes de 20 rouleaux ou en paquets de 12 rouleaux.<\/li>\n<\/ul>\n\n\t\t\t\t\t<\/div>\n\t\t\t\t\t\t<\/div>\n\t\t\t\t<\/div>\n\t\t\t\t\t<\/div>\n\t\t<\/div>\n\t\t\t\t\t<\/div>\n\t\t<\/section>\n\t\t\t\t<section class=\"wd-negative-gap elementor-section elementor-top-section elementor-element elementor-element-20a9617 elementor-section-boxed elementor-section-height-default elementor-section-height-default\" data-id=\"20a9617\" data-element_type=\"section\" data-e-type=\"section\">\n\t\t\t\t\t\t<div class=\"elementor-container elementor-column-gap-default\">\n\t\t\t\t\t<div class=\"elementor-column elementor-col-100 elementor-top-column elementor-element elementor-element-7de4f0f\" data-id=\"7de4f0f\" data-element_type=\"column\" data-e-type=\"column\">\n\t\t\t<div class=\"elementor-widget-wrap elementor-element-populated\">\n\t\t\t\t\t\t<div class=\"elementor-element elementor-element-e19d157 wd-width-100 elementor-widget elementor-widget-wd_title\" data-id=\"e19d157\" data-element_type=\"widget\" data-e-type=\"widget\" data-widget_type=\"wd_title.default\">\n\t\t\t\t<div class=\"elementor-widget-container\">\n\t\t\t\t\t\t\t<div class=\"title-wrapper wd-set-mb reset-last-child wd-title-color-primary wd-title-style-underlined wd-title-size-default text-left\">\n\n\t\t\t\n\t\t\t<div class=\"liner-continer\">\n\t\t\t\t<h4 class=\"woodmart-title-container title wd-fontsize-l\">PRINCIPALES UTILISATIONS<\/h4> \n\t\t\t\t\t\t\t<\/div>\n\n\t\t\t\t\t<\/div>\n\t\t\t\t\t\t<\/div>\n\t\t\t\t<\/div>\n\t\t\t\t<div class=\"elementor-element elementor-element-a59ea67 elementor-widget elementor-widget-wd_text_block\" data-id=\"a59ea67\" data-element_type=\"widget\" data-e-type=\"widget\" data-widget_type=\"wd_text_block.default\">\n\t\t\t\t<div class=\"elementor-widget-container\">\n\t\t\t\t\t\t\t<div class=\"wd-text-block reset-last-child text-left\">\n\t\t\t\n\t\t\t<ul style=\"font-size: 14px; color: #000000; text-align: left; margin: 0 0 8px 0; padding-left: 18px; line-height: 1.35;\">\n<li style=\"margin: 0 0 4px 0;\">Cl\u00f4tures pour zones <strong>r\u00e9sidentielles<\/strong> et jardins.<\/li>\n<li style=\"margin: 0 0 4px 0;\">Cl\u00f4tures pour zones <strong>industrielles<\/strong>, entrep\u00f4ts et d\u00e9p\u00f4ts.<\/li>\n<li style=\"margin: 0 0 4px 0;\">Cl\u00f4tures pour terrains <strong>agricoles<\/strong>, vergers et vignobles.<\/li>\n<li style=\"margin: 0 0 4px 0;\">Protection d\u2019installations et d\u2019infrastructures (zones techniques, <strong>chantiers<\/strong>, p\u00e9rim\u00e8tres).<\/li>\n<li style=\"margin: 0 0 4px 0;\">Terrains <strong>sportifs<\/strong> et zones de loisirs.<\/li>\n<li style=\"margin: 0;\">Applications g\u00e9n\u00e9rales n\u00e9cessitant un grillage robuste, durable et facile \u00e0 <strong>poser<\/strong>.<\/li>\n<\/ul>\n\n\t\t\t\t\t<\/div>\n\t\t\t\t\t\t<\/div>\n\t\t\t\t<\/div>\n\t\t\t\t\t<\/div>\n\t\t<\/div>\n\t\t\t\t\t<\/div>\n\t\t<\/section>\n\t\t\t\t<section class=\"wd-negative-gap elementor-section elementor-top-section elementor-element elementor-element-c16afea elementor-section-boxed elementor-section-height-default elementor-section-height-default\" data-id=\"c16afea\" data-element_type=\"section\" data-e-type=\"section\">\n\t\t\t\t\t\t<div class=\"elementor-container elementor-column-gap-default\">\n\t\t\t\t\t<div class=\"elementor-column elementor-col-100 elementor-top-column elementor-element elementor-element-900f8cc\" data-id=\"900f8cc\" data-element_type=\"column\" data-e-type=\"column\">\n\t\t\t<div class=\"elementor-widget-wrap elementor-element-populated\">\n\t\t\t\t\t\t<div class=\"elementor-element elementor-element-2fc14cf wd-width-100 elementor-widget elementor-widget-wd_title\" data-id=\"2fc14cf\" data-element_type=\"widget\" data-e-type=\"widget\" data-widget_type=\"wd_title.default\">\n\t\t\t\t<div class=\"elementor-widget-container\">\n\t\t\t\t\t\t\t<div class=\"title-wrapper wd-set-mb reset-last-child wd-title-color-primary wd-title-style-underlined wd-title-size-default text-left\">\n\n\t\t\t\n\t\t\t<div class=\"liner-continer\">\n\t\t\t\t<h4 class=\"woodmart-title-container title wd-fontsize-l\">FLEXIBILIT\u00c9 DE PRODUCTION<\/h4> \n\t\t\t\t\t\t\t<\/div>\n\n\t\t\t\t\t<\/div>\n\t\t\t\t\t\t<\/div>\n\t\t\t\t<\/div>\n\t\t\t\t<div class=\"elementor-element elementor-element-fd48748 elementor-widget elementor-widget-wd_text_block\" data-id=\"fd48748\" data-element_type=\"widget\" data-e-type=\"widget\" data-widget_type=\"wd_text_block.default\">\n\t\t\t\t<div class=\"elementor-widget-container\">\n\t\t\t\t\t\t\t<div class=\"wd-text-block reset-last-child text-left\">\n\t\t\t\n\t\t\t<p style=\"font-size: 14px; color: #000000; text-align: left; margin-bottom: 8px;\">La production interne du fil (<strong>tr\u00e9filage<\/strong>, <strong>galvanisation<\/strong> et, lorsque requis, <strong>extrusion PVC<\/strong>) nous permet de r\u00e9aliser des cl\u00f4tures avec des configurations <strong>personnalisables<\/strong> selon l\u2019application : <strong>maille<\/strong>, <strong>diam\u00e8tre du fil<\/strong>, <strong>hauteur<\/strong>, <strong>longueur de rouleau<\/strong>, finition <strong>galvanis\u00e9e<\/strong> ou <strong>plastifi\u00e9e<\/strong>. Le PVC peut \u00eatre fourni en <strong>diff\u00e9rents coloris<\/strong> sur demande, selon les exigences esth\u00e9tiques ou d\u2019int\u00e9gration \u00e0 l\u2019environnement. Nous pouvons \u00e9galement d\u00e9finir les modalit\u00e9s d\u2019<strong>emballage<\/strong> et de pr\u00e9paration du mat\u00e9riau afin de faciliter le transport, le stockage et la pose sur chantier.<\/p>\n\t\t\t\t\t<\/div>\n\t\t\t\t\t\t<\/div>\n\t\t\t\t<\/div>\n\t\t\t\t\t<\/div>\n\t\t<\/div>\n\t\t\t\t\t<\/div>\n\t\t<\/section>\n\t\t\t\t<section class=\"wd-negative-gap elementor-section elementor-top-section elementor-element elementor-element-524126d elementor-section-boxed elementor-section-height-default elementor-section-height-default\" data-id=\"524126d\" data-element_type=\"section\" data-e-type=\"section\">\n\t\t\t\t\t\t<div class=\"elementor-container elementor-column-gap-default\">\n\t\t\t\t\t<div class=\"elementor-column elementor-col-50 elementor-top-column elementor-element elementor-element-f8a478d\" data-id=\"f8a478d\" data-element_type=\"column\" data-e-type=\"column\">\n\t\t\t<div class=\"elementor-widget-wrap elementor-element-populated\">\n\t\t\t\t\t\t<div class=\"elementor-element elementor-element-93164e7 elementor-widget elementor-widget-wd_image_or_svg\" data-id=\"93164e7\" data-element_type=\"widget\" data-e-type=\"widget\" data-widget_type=\"wd_image_or_svg.default\">\n\t\t\t\t<div class=\"elementor-widget-container\">\n\t\t\t\t\t\n\t\t<div class=\"wd-image text-left\">\n\t\t\t\t\t\t\t\t<img decoding=\"async\" width=\"1000\" height=\"667\" src=\"https:\/\/www.italfence.com\/fr\/wp-content\/uploads\/2025\/03\/PRODUZIONE-RETE-METALLICA.jpg\" class=\"attachment-1000x800 size-1000x800\" alt=\"\" srcset=\"https:\/\/www.italfence.com\/fr\/wp-content\/uploads\/2025\/03\/PRODUZIONE-RETE-METALLICA.jpg 1000w, https:\/\/www.italfence.com\/fr\/wp-content\/uploads\/2025\/03\/PRODUZIONE-RETE-METALLICA-400x267.jpg 400w, https:\/\/www.italfence.com\/fr\/wp-content\/uploads\/2025\/03\/PRODUZIONE-RETE-METALLICA-768x512.jpg 768w, https:\/\/www.italfence.com\/fr\/wp-content\/uploads\/2025\/03\/PRODUZIONE-RETE-METALLICA-430x287.jpg 430w, https:\/\/www.italfence.com\/fr\/wp-content\/uploads\/2025\/03\/PRODUZIONE-RETE-METALLICA-700x467.jpg 700w, https:\/\/www.italfence.com\/fr\/wp-content\/uploads\/2025\/03\/PRODUZIONE-RETE-METALLICA-150x100.jpg 150w\" sizes=\"(max-width: 1000px) 100vw, 1000px\" \/>\t\t\t\t\t<\/div>\n\n\t\t\t\t\t\t<\/div>\n\t\t\t\t<\/div>\n\t\t\t\t\t<\/div>\n\t\t<\/div>\n\t\t\t\t<div class=\"elementor-column elementor-col-50 elementor-top-column elementor-element elementor-element-4b54ec4\" data-id=\"4b54ec4\" data-element_type=\"column\" data-e-type=\"column\">\n\t\t\t<div class=\"elementor-widget-wrap elementor-element-populated\">\n\t\t\t\t\t\t<div class=\"elementor-element elementor-element-391ab9c elementor-widget elementor-widget-wd_image_or_svg\" data-id=\"391ab9c\" data-element_type=\"widget\" data-e-type=\"widget\" data-widget_type=\"wd_image_or_svg.default\">\n\t\t\t\t<div class=\"elementor-widget-container\">\n\t\t\t\t\t\n\t\t<div class=\"wd-image text-left\">\n\t\t\t\t\t\t\t\t<img decoding=\"async\" width=\"1000\" height=\"667\" src=\"https:\/\/www.italfence.com\/fr\/wp-content\/uploads\/2025\/03\/PRODUZIONE-RETE-METALLICA-2.jpg\" class=\"attachment-1000x800 size-1000x800\" alt=\"\" srcset=\"https:\/\/www.italfence.com\/fr\/wp-content\/uploads\/2025\/03\/PRODUZIONE-RETE-METALLICA-2.jpg 1000w, https:\/\/www.italfence.com\/fr\/wp-content\/uploads\/2025\/03\/PRODUZIONE-RETE-METALLICA-2-400x267.jpg 400w, https:\/\/www.italfence.com\/fr\/wp-content\/uploads\/2025\/03\/PRODUZIONE-RETE-METALLICA-2-768x512.jpg 768w, https:\/\/www.italfence.com\/fr\/wp-content\/uploads\/2025\/03\/PRODUZIONE-RETE-METALLICA-2-430x287.jpg 430w, https:\/\/www.italfence.com\/fr\/wp-content\/uploads\/2025\/03\/PRODUZIONE-RETE-METALLICA-2-700x467.jpg 700w, https:\/\/www.italfence.com\/fr\/wp-content\/uploads\/2025\/03\/PRODUZIONE-RETE-METALLICA-2-150x100.jpg 150w\" sizes=\"(max-width: 1000px) 100vw, 1000px\" \/>\t\t\t\t\t<\/div>\n\n\t\t\t\t\t\t<\/div>\n\t\t\t\t<\/div>\n\t\t\t\t\t<\/div>\n\t\t<\/div>\n\t\t\t\t\t<\/div>\n\t\t<\/section>\n\t\t\t\t<section class=\"wd-negative-gap elementor-section elementor-top-section elementor-element elementor-element-834dc40 elementor-section-boxed elementor-section-height-default elementor-section-height-default\" data-id=\"834dc40\" data-element_type=\"section\" data-e-type=\"section\">\n\t\t\t\t\t\t<div class=\"elementor-container elementor-column-gap-default\">\n\t\t\t\t\t<div class=\"elementor-column elementor-col-100 elementor-top-column elementor-element elementor-element-ee4f81c\" data-id=\"ee4f81c\" data-element_type=\"column\" data-e-type=\"column\">\n\t\t\t<div class=\"elementor-widget-wrap elementor-element-populated\">\n\t\t\t\t\t\t<div class=\"elementor-element elementor-element-898b11c elementor-widget elementor-widget-wd_popup\" data-id=\"898b11c\" data-element_type=\"widget\" data-e-type=\"widget\" data-widget_type=\"wd_popup.default\">\n\t\t\t\t<div class=\"elementor-widget-container\">\n\t\t\t\t\t\t\t\t\t<div class=\"wd-button-wrapper text-center\" >\n\t\t\t<a class=\"btn btn-style-default btn-shape-semi-round btn-size-default wd-open-popup btn-icon-pos-right\"  href=\"#popup-5ef9ab74e822b\">\n\t\t\t\t<span class=\"wd-btn-text\" data-elementor-setting-key=\"text\">\n\t\t\t\t\tContactez-nous pour un devis personnalis\u00e9\t\t\t\t<\/span>\n\n\t\t\t\t\t\t\t<\/a>\n\t\t<\/div>\n\t\t\t\t\t\t\t<div id=\"popup-5ef9ab74e822b\" class=\"mfp-hide wd-popup wd-popup-element wd-scroll-content wd-entry-content\" style=\"--wd-popup-width:800px;\">\n\t\t\t\t\t\t\t<link rel=\"stylesheet\" id=\"elementor-post-1570-css\" href=\"https:\/\/www.italfence.com\/fr\/wp-content\/uploads\/elementor\/css\/post-1570.css?ver=1778032251\" type=\"text\/css\" media=\"all\">\n\t\t\t\t\t<div data-elementor-type=\"wp-post\" data-elementor-id=\"1570\" class=\"elementor elementor-1570\">\n\t\t\t\t\t\t<section class=\"wd-negative-gap elementor-section elementor-top-section elementor-element elementor-element-25dc3f7 elementor-section-boxed elementor-section-height-default elementor-section-height-default\" data-id=\"25dc3f7\" data-element_type=\"section\" data-e-type=\"section\">\n\t\t\t\t\t\t<div class=\"elementor-container elementor-column-gap-default\">\n\t\t\t\t\t<div class=\"elementor-column elementor-col-100 elementor-top-column elementor-element elementor-element-748fb66\" data-id=\"748fb66\" data-element_type=\"column\" data-e-type=\"column\">\n\t\t\t<div class=\"elementor-widget-wrap elementor-element-populated\">\n\t\t\t\t\t\t<div class=\"elementor-element elementor-element-b530a3c wd-width-100 elementor-widget elementor-widget-wd_title\" data-id=\"b530a3c\" data-element_type=\"widget\" data-e-type=\"widget\" data-widget_type=\"wd_title.default\">\n\t\t\t\t<div class=\"elementor-widget-container\">\n\t\t\t\t\t\t\t<div class=\"title-wrapper wd-set-mb reset-last-child wd-title-color-default wd-title-style-default wd-title-size-small text-left\">\n\n\t\t\t\n\t\t\t<div class=\"liner-continer\">\n\t\t\t\t<h4 class=\"woodmart-title-container title wd-fontsize-m\">ENVOYEZ-NOUS UN MESSAGE<\/h4> \n\t\t\t\t\t\t\t<\/div>\n\n\t\t\t\t\t<\/div>\n\t\t\t\t\t\t<\/div>\n\t\t\t\t<\/div>\n\t\t\t\t<div class=\"elementor-element elementor-element-a5ee9cc wd-cf7 elementor-widget elementor-widget-wd_contact_form_7\" data-id=\"a5ee9cc\" data-element_type=\"widget\" data-e-type=\"widget\" data-widget_type=\"wd_contact_form_7.default\">\n\t\t\t\t<div class=\"elementor-widget-container\">\n\t\t\t\t\t\n<div class=\"wpcf7 no-js\" id=\"wpcf7-f8914-o1\" lang=\"it-IT\" dir=\"ltr\" data-wpcf7-id=\"8914\">\n<div class=\"screen-reader-response\"><p role=\"status\" aria-live=\"polite\" aria-atomic=\"true\"><\/p> <ul><\/ul><\/div>\n<form action=\"\/fr\/wp-json\/wp\/v2\/pages\/19125#wpcf7-f8914-o1\" method=\"post\" class=\"wpcf7-form init\" aria-label=\"Modulo di contatto\" novalidate=\"novalidate\" data-status=\"init\">\n<fieldset class=\"hidden-fields-container\"><input type=\"hidden\" name=\"_wpcf7\" value=\"8914\" \/><input type=\"hidden\" name=\"_wpcf7_version\" value=\"6.1.5\" \/><input type=\"hidden\" name=\"_wpcf7_locale\" value=\"it_IT\" \/><input type=\"hidden\" name=\"_wpcf7_unit_tag\" value=\"wpcf7-f8914-o1\" \/><input type=\"hidden\" name=\"_wpcf7_container_post\" value=\"0\" \/><input type=\"hidden\" name=\"_wpcf7_posted_data_hash\" value=\"\" \/>\n<\/fieldset>\n<p><label> Nom et pr\u00e9nom (obligatoire)<br \/>\n<span class=\"wpcf7-form-control-wrap\" data-name=\"your-name-surname\"><input size=\"40\" maxlength=\"400\" class=\"wpcf7-form-control wpcf7-text wpcf7-validates-as-required\" aria-required=\"true\" aria-invalid=\"false\" value=\"\" type=\"text\" name=\"your-name-surname\" \/><\/span> <\/label>\n<\/p>\n<p><label> Adresse e-mail (obligatoire)<br \/>\n<span class=\"wpcf7-form-control-wrap\" data-name=\"your-email\"><input size=\"40\" maxlength=\"400\" class=\"wpcf7-form-control wpcf7-email wpcf7-validates-as-required wpcf7-text wpcf7-validates-as-email\" aria-required=\"true\" aria-invalid=\"false\" value=\"\" type=\"email\" name=\"your-email\" \/><\/span> <\/label>\n<\/p>\n<p><label> Objet (facultatif)<br \/>\n<span class=\"wpcf7-form-control-wrap\" data-name=\"your-subject\"><input size=\"40\" maxlength=\"400\" class=\"wpcf7-form-control wpcf7-text\" aria-invalid=\"false\" value=\"\" type=\"text\" name=\"your-subject\" \/><\/span> <\/label>\n<\/p>\n<p><label> Message (obligatoire)<br \/>\n<span class=\"wpcf7-form-control-wrap\" data-name=\"your-message\"><textarea cols=\"40\" rows=\"10\" maxlength=\"2000\" class=\"wpcf7-form-control wpcf7-textarea wpcf7-validates-as-required\" aria-required=\"true\" aria-invalid=\"false\" name=\"your-message\"><\/textarea><\/span> <\/label>\n<\/p>\n<p><span class=\"wpcf7-form-control-wrap\" data-name=\"Accettazione_privacy\"><span class=\"wpcf7-form-control wpcf7-acceptance\"><span class=\"wpcf7-list-item\"><input type=\"checkbox\" name=\"Accettazione_privacy\" value=\"1\" aria-invalid=\"false\" \/><\/span><\/span><\/span> J\u2019autorise le traitement de mes donn\u00e9es personnelles tel que sp\u00e9cifi\u00e9 dans le formulaire et conform\u00e9ment au R\u00e8glement (UE) 2016\/679 (RGPD). Pour lire notre <a href=\"https:\/\/www.iubenda.com\/privacy-policy\/64734868\" class=\"iubenda-white iubenda-noiframe iubenda-embed iubenda-noiframe \" title=\"Privacy Policy \">Privacy Policy<\/a><script type=\"text\/javascript\">(function (w,d) {var loader = function () {var s = d.createElement(\"script\"), tag = d.getElementsByTagName(\"script\")[0]; s.src=\"https:\/\/cdn.iubenda.com\/iubenda.js\"; tag.parentNode.insertBefore(s,tag);}; if(w.addEventListener){w.addEventListener(\"load\", loader, false);}else if(w.attachEvent){w.attachEvent(\"onload\", loader);}else{w.onload = loader;}})(window, document);<\/script><a href=\"https:\/\/www.iubenda.com\/privacy-policy\/64734868\/cookie-policy\" class=\"iubenda-white iubenda-noiframe iubenda-embed iubenda-noiframe \" title=\"Cookie Policy \">Cookie Policy<\/a><script type=\"text\/javascript\">(function (w,d) {var loader = function () {var s = d.createElement(\"script\"), tag = d.getElementsByTagName(\"script\")[0]; s.src=\"https:\/\/cdn.iubenda.com\/iubenda.js\"; tag.parentNode.insertBefore(s,tag);}; if(w.addEventListener){w.addEventListener(\"load\", loader, false);}else if(w.attachEvent){w.attachEvent(\"onload\", loader);}else{w.onload = loader;}})(window, document);<\/script>\n<\/p>\n<p><span class=\"wpcf7-form-control-wrap\" data-name=\"News_letter\"><span class=\"wpcf7-form-control wpcf7-acceptance optional\"><span class=\"wpcf7-list-item\"><label><input type=\"checkbox\" name=\"News_letter\" value=\"1\" aria-invalid=\"false\" \/><span class=\"wpcf7-list-item-label\">J\u2019accepte l\u2019utilisation de mon adresse e-mail pour recevoir nos newsletters<\/span><\/label><\/span><\/span><\/span>\n<\/p>\n<p><input class=\"wpcf7-form-control wpcf7-submit has-spinner\" type=\"submit\" value=\"Envoyer\" \/>\n<\/p><p style=\"display: none !important;\" class=\"akismet-fields-container\" data-prefix=\"_wpcf7_ak_\"><label>&#916;<textarea name=\"_wpcf7_ak_hp_textarea\" cols=\"45\" rows=\"8\" maxlength=\"100\"><\/textarea><\/label><input type=\"hidden\" id=\"ak_js_1\" name=\"_wpcf7_ak_js\" value=\"107\"\/><script type=\"text\/javascript\">\n\/* <![CDATA[ *\/\ndocument.getElementById( \"ak_js_1\" ).setAttribute( \"value\", ( new Date() ).getTime() );\n\/* ]]> *\/\n<\/script>\n<\/p><div class=\"wpcf7-response-output\" aria-hidden=\"true\"><\/div>\n<\/form>\n<\/div>\n\t\t\t\t<\/div>\n\t\t\t\t<\/div>\n\t\t\t\t\t<\/div>\n\t\t<\/div>\n\t\t\t\t\t<\/div>\n\t\t<\/section>\n\t\t\t\t<\/div>\n\t\t\t\t\t<\/div>\n\t\t\t\t\t\t\t\t<\/div>\n\t\t\t\t<\/div>\n\t\t\t\t\t<\/div>\n\t\t<\/div>\n\t\t\t\t\t<\/div>\n\t\t<\/section>\n\t\t\t\t<\/div>\n\t\t","protected":false},"excerpt":{"rendered":"<p>Production de grillage Italfence est une entreprise sp\u00e9cialis\u00e9e dans la production de grillage \u00e0 mailles simple torsion, garantissant \u00e0 ses<\/p>\n","protected":false},"author":8,"featured_media":0,"parent":0,"menu_order":0,"comment_status":"closed","ping_status":"closed","template":"","meta":{"footnotes":""},"class_list":["post-19125","page","type-page","status-publish","hentry"],"_links":{"self":[{"href":"https:\/\/www.italfence.com\/fr\/wp-json\/wp\/v2\/pages\/19125","targetHints":{"allow":["GET"]}}],"collection":[{"href":"https:\/\/www.italfence.com\/fr\/wp-json\/wp\/v2\/pages"}],"about":[{"href":"https:\/\/www.italfence.com\/fr\/wp-json\/wp\/v2\/types\/page"}],"author":[{"embeddable":true,"href":"https:\/\/www.italfence.com\/fr\/wp-json\/wp\/v2\/users\/8"}],"replies":[{"embeddable":true,"href":"https:\/\/www.italfence.com\/fr\/wp-json\/wp\/v2\/comments?post=19125"}],"version-history":[{"count":5,"href":"https:\/\/www.italfence.com\/fr\/wp-json\/wp\/v2\/pages\/19125\/revisions"}],"predecessor-version":[{"id":19167,"href":"https:\/\/www.italfence.com\/fr\/wp-json\/wp\/v2\/pages\/19125\/revisions\/19167"}],"wp:attachment":[{"href":"https:\/\/www.italfence.com\/fr\/wp-json\/wp\/v2\/media?parent=19125"}],"curies":[{"name":"wp","href":"https:\/\/api.w.org\/{rel}","templated":true}]}}