{"id":19148,"date":"2026-01-08T07:04:59","date_gmt":"2026-01-08T07:04:59","guid":{"rendered":"https:\/\/www.italfence.com\/fr\/?page_id=19148"},"modified":"2026-01-08T12:48:05","modified_gmt":"2026-01-08T12:48:05","slug":"fil-galvanise","status":"publish","type":"page","link":"https:\/\/www.italfence.com\/fr\/fil-galvanise\/","title":{"rendered":"Fil galvanis\u00e9"},"content":{"rendered":"\t\t<div data-elementor-type=\"wp-page\" data-elementor-id=\"19148\" class=\"elementor elementor-19148\">\n\t\t\t\t\t\t<section class=\"wd-negative-gap elementor-section elementor-top-section elementor-element elementor-element-ee7393e elementor-section-boxed elementor-section-height-default elementor-section-height-default\" data-id=\"ee7393e\" data-element_type=\"section\" data-e-type=\"section\">\n\t\t\t\t\t\t<div class=\"elementor-container elementor-column-gap-default\">\n\t\t\t\t\t<div class=\"elementor-column elementor-col-50 elementor-top-column elementor-element elementor-element-e3f62ae\" data-id=\"e3f62ae\" data-element_type=\"column\" data-e-type=\"column\">\n\t\t\t<div class=\"elementor-widget-wrap elementor-element-populated\">\n\t\t\t\t\t\t<div class=\"elementor-element elementor-element-0ff8d20 elementor-widget elementor-widget-wd_text_block\" data-id=\"0ff8d20\" data-element_type=\"widget\" data-e-type=\"widget\" data-widget_type=\"wd_text_block.default\">\n\t\t\t\t<div class=\"elementor-widget-container\">\n\t\t\t\t\t\t\t<div class=\"wd-text-block reset-last-child text-left\">\n\t\t\t\n\t\t\t<p style=\"font-size: 30px; font-weight: bold; color: #ffffff; text-align: left; margin-bottom: 15px;\">Fil galvanis\u00e9<\/p>\n<p style=\"font-size: 14px; color: #ffffff; text-align: left; margin-bottom: 10px; line-height: 1.5;\">La production de fil de fer galvanis\u00e9 \u00e0 faible teneur en carbone est r\u00e9alis\u00e9e en interne par un proc\u00e9d\u00e9 de galvanisation \u00e0 chaud par immersion dans du zinc fondu. Ce traitement garantit une parfaite alliance fer-zinc et une finition brillante, assurant une excellente r\u00e9sistance \u00e0 la corrosion et une durabilit\u00e9 dans le temps. Le contr\u00f4le direct du tr\u00e9filage permet d\u2019ajuster le diam\u00e8tre du fil selon les exigences d\u2019application.<\/p>\n\n\t\t\t\t\t<\/div>\n\t\t\t\t\t\t<\/div>\n\t\t\t\t<\/div>\n\t\t\t\t\t<\/div>\n\t\t<\/div>\n\t\t\t\t<div class=\"elementor-column elementor-col-50 elementor-top-column elementor-element elementor-element-d4066a7\" data-id=\"d4066a7\" data-element_type=\"column\" data-e-type=\"column\">\n\t\t\t<div class=\"elementor-widget-wrap elementor-element-populated\">\n\t\t\t\t\t\t<div class=\"elementor-element elementor-element-c1087e3 elementor-widget elementor-widget-wd_image_or_svg\" data-id=\"c1087e3\" data-element_type=\"widget\" data-e-type=\"widget\" data-widget_type=\"wd_image_or_svg.default\">\n\t\t\t\t<div class=\"elementor-widget-container\">\n\t\t\t\t\t\n\t\t<div class=\"wd-image text-left\">\n\t\t\t\t\t\t\t\t<img decoding=\"async\" width=\"1920\" height=\"1080\" src=\"https:\/\/www.italfence.com\/fr\/wp-content\/uploads\/2026\/01\/IMG_5024-2.jpeg\" class=\"attachment-full size-full\" alt=\"\" srcset=\"https:\/\/www.italfence.com\/fr\/wp-content\/uploads\/2026\/01\/IMG_5024-2.jpeg 1920w, https:\/\/www.italfence.com\/fr\/wp-content\/uploads\/2026\/01\/IMG_5024-2-400x225.jpeg 400w, https:\/\/www.italfence.com\/fr\/wp-content\/uploads\/2026\/01\/IMG_5024-2-1300x731.jpeg 1300w, https:\/\/www.italfence.com\/fr\/wp-content\/uploads\/2026\/01\/IMG_5024-2-768x432.jpeg 768w, https:\/\/www.italfence.com\/fr\/wp-content\/uploads\/2026\/01\/IMG_5024-2-1536x864.jpeg 1536w, https:\/\/www.italfence.com\/fr\/wp-content\/uploads\/2026\/01\/IMG_5024-2-430x242.jpeg 430w, https:\/\/www.italfence.com\/fr\/wp-content\/uploads\/2026\/01\/IMG_5024-2-700x394.jpeg 700w, https:\/\/www.italfence.com\/fr\/wp-content\/uploads\/2026\/01\/IMG_5024-2-150x84.jpeg 150w\" sizes=\"(max-width: 1920px) 100vw, 1920px\" \/>\t\t\t\t\t<\/div>\n\n\t\t\t\t\t\t<\/div>\n\t\t\t\t<\/div>\n\t\t\t\t\t<\/div>\n\t\t<\/div>\n\t\t\t\t\t<\/div>\n\t\t<\/section>\n\t\t\t\t<section class=\"wd-negative-gap elementor-section elementor-top-section elementor-element elementor-element-3f02ed5 elementor-section-boxed elementor-section-height-default elementor-section-height-default\" data-id=\"3f02ed5\" data-element_type=\"section\" data-e-type=\"section\">\n\t\t\t\t\t\t<div class=\"elementor-container elementor-column-gap-default\">\n\t\t\t\t\t<div class=\"elementor-column elementor-col-100 elementor-top-column elementor-element elementor-element-8d8707c\" data-id=\"8d8707c\" data-element_type=\"column\" data-e-type=\"column\">\n\t\t\t<div class=\"elementor-widget-wrap elementor-element-populated\">\n\t\t\t\t\t\t<div class=\"elementor-element elementor-element-52e0abc wd-width-100 elementor-widget elementor-widget-wd_title\" data-id=\"52e0abc\" data-element_type=\"widget\" data-e-type=\"widget\" data-widget_type=\"wd_title.default\">\n\t\t\t\t<div class=\"elementor-widget-container\">\n\t\t\t\t\t\t\t<div class=\"title-wrapper wd-set-mb reset-last-child wd-title-color-primary wd-title-style-underlined wd-title-size-default text-left\">\n\n\t\t\t\n\t\t\t<div class=\"liner-continer\">\n\t\t\t\t<h4 class=\"woodmart-title-container title wd-fontsize-l\">\u00c9L\u00c9MENTS DISTINCTIFS<\/h4> \n\t\t\t\t\t\t\t<\/div>\n\n\t\t\t\t\t<\/div>\n\t\t\t\t\t\t<\/div>\n\t\t\t\t<\/div>\n\t\t\t\t<div class=\"elementor-element elementor-element-33c8d9d elementor-widget elementor-widget-wd_text_block\" data-id=\"33c8d9d\" data-element_type=\"widget\" data-e-type=\"widget\" data-widget_type=\"wd_text_block.default\">\n\t\t\t\t<div class=\"elementor-widget-container\">\n\t\t\t\t\t\t\t<div class=\"wd-text-block reset-last-child text-left\">\n\t\t\t\n\t\t\t<ul style=\"font-size: 14px; color: #000000; text-align: left; margin: 0 0 8px 0; padding-left: 18px; line-height: 1.35;\">\n<li style=\"margin: 0 0 4px 0;\">La production de fil de fer galvanis\u00e9 est r\u00e9alis\u00e9e par <strong>galvanisation \u00e0 chaud par immersion<\/strong> dans du zinc fondu, garantissant une couverture uniforme et r\u00e9sistante.<\/li>\n<li style=\"margin: 0 0 4px 0;\">Gr\u00e2ce aux hautes performances de nos installations et \u00e0 un strict <strong>contr\u00f4le qualit\u00e9 interne<\/strong>, nous proposons un produit de fiabilit\u00e9 maximale, avec finition brillante, grammage contr\u00f4l\u00e9 et une alliance fer-zinc parfaite pour les applications exigeantes.<\/li>\n<li style=\"margin: 0 0 4px 0;\"><strong>Caract\u00e9ristiques techniques indicatives :<\/strong> fil d\u2019acier \u00e0 faible teneur en carbone C4D \/ C7D, avec galvanisation \u00e0 chaud (type C) r\u00e9alis\u00e9e avec du zinc SHG 99,995 %.<\/li>\n<li style=\"margin: 0;\"><strong>Plage de diam\u00e8tres :<\/strong> 1,30 \u2013 8,00 mm.<\/li>\n<\/ul>\n\n\t\t\t\t\t<\/div>\n\t\t\t\t\t\t<\/div>\n\t\t\t\t<\/div>\n\t\t\t\t\t<\/div>\n\t\t<\/div>\n\t\t\t\t\t<\/div>\n\t\t<\/section>\n\t\t\t\t<section class=\"wd-negative-gap elementor-section elementor-top-section elementor-element elementor-element-cbb6c69 elementor-section-boxed elementor-section-height-default elementor-section-height-default\" data-id=\"cbb6c69\" data-element_type=\"section\" data-e-type=\"section\">\n\t\t\t\t\t\t<div class=\"elementor-container elementor-column-gap-default\">\n\t\t\t\t\t<div class=\"elementor-column elementor-col-100 elementor-top-column elementor-element elementor-element-c77ae77\" data-id=\"c77ae77\" data-element_type=\"column\" data-e-type=\"column\">\n\t\t\t<div class=\"elementor-widget-wrap elementor-element-populated\">\n\t\t\t\t\t\t<div class=\"elementor-element elementor-element-371dd67 wd-width-100 elementor-widget elementor-widget-wd_title\" data-id=\"371dd67\" data-element_type=\"widget\" data-e-type=\"widget\" data-widget_type=\"wd_title.default\">\n\t\t\t\t<div class=\"elementor-widget-container\">\n\t\t\t\t\t\t\t<div class=\"title-wrapper wd-set-mb reset-last-child wd-title-color-primary wd-title-style-underlined wd-title-size-default text-left\">\n\n\t\t\t\n\t\t\t<div class=\"liner-continer\">\n\t\t\t\t<h4 class=\"woodmart-title-container title wd-fontsize-l\">PRINCIPALES UTILISATIONS<\/h4> \n\t\t\t\t\t\t\t<\/div>\n\n\t\t\t\t\t<\/div>\n\t\t\t\t\t\t<\/div>\n\t\t\t\t<\/div>\n\t\t\t\t<div class=\"elementor-element elementor-element-31e0698 elementor-widget elementor-widget-wd_text_block\" data-id=\"31e0698\" data-element_type=\"widget\" data-e-type=\"widget\" data-widget_type=\"wd_text_block.default\">\n\t\t\t\t<div class=\"elementor-widget-container\">\n\t\t\t\t\t\t\t<div class=\"wd-text-block reset-last-child text-left\">\n\t\t\t\n\t\t\t<ul style=\"font-size: 14px; color: #000000; text-align: left; margin: 0 0 8px 0; padding-left: 18px; line-height: 1.35;\">\n<li style=\"margin: 0 0 4px 0;\">Production de treillis soud\u00e9s et de grillage \u00e0 <strong>mailles simple torsion<\/strong>.<\/li>\n<li style=\"margin: 0 0 4px 0;\">Cages, conteneurs m\u00e9talliques et <strong>gabions pare-pierres<\/strong>.<\/li>\n<li style=\"margin: 0 0 4px 0;\">Anses de seaux, cintres et divers articles.<\/li>\n<li style=\"margin: 0 0 4px 0;\">Armature pour <strong>c\u00e2bles \u00e9lectriques<\/strong> et pi\u00e8ces m\u00e9talliques pli\u00e9es.<\/li>\n<li style=\"margin: 0 0 4px 0;\">Applications en <strong>agriculture<\/strong>, comme supports pour vignobles et vergers.<\/li>\n<li style=\"margin: 0 0 4px 0;\">Paniers et grilles pour \u00e9lectrom\u00e9nager, pi\u00e8ces pour rayonnages.<\/li>\n<li style=\"margin: 0 0 4px 0;\">Cl\u00f4tures mobiles, agrafes m\u00e9talliques, grillages ondul\u00e9s et suspentes pour faux plafonds.<\/li>\n<li style=\"margin: 0;\"><strong>Fil barbel\u00e9<\/strong> et de nombreuses autres applications industrielles.<\/li>\n<\/ul>\n\n\t\t\t\t\t<\/div>\n\t\t\t\t\t\t<\/div>\n\t\t\t\t<\/div>\n\t\t\t\t\t<\/div>\n\t\t<\/div>\n\t\t\t\t\t<\/div>\n\t\t<\/section>\n\t\t\t\t<section class=\"wd-negative-gap elementor-section elementor-top-section elementor-element elementor-element-96b81e0 elementor-section-boxed elementor-section-height-default elementor-section-height-default\" data-id=\"96b81e0\" data-element_type=\"section\" data-e-type=\"section\">\n\t\t\t\t\t\t<div class=\"elementor-container elementor-column-gap-default\">\n\t\t\t\t\t<div class=\"elementor-column elementor-col-100 elementor-top-column elementor-element elementor-element-3e28ac1\" data-id=\"3e28ac1\" data-element_type=\"column\" data-e-type=\"column\">\n\t\t\t<div class=\"elementor-widget-wrap elementor-element-populated\">\n\t\t\t\t\t\t<div class=\"elementor-element elementor-element-564e33f wd-width-100 elementor-widget elementor-widget-wd_title\" data-id=\"564e33f\" data-element_type=\"widget\" data-e-type=\"widget\" data-widget_type=\"wd_title.default\">\n\t\t\t\t<div class=\"elementor-widget-container\">\n\t\t\t\t\t\t\t<div class=\"title-wrapper wd-set-mb reset-last-child wd-title-color-primary wd-title-style-underlined wd-title-size-default text-left\">\n\n\t\t\t\n\t\t\t<div class=\"liner-continer\">\n\t\t\t\t<h4 class=\"woodmart-title-container title wd-fontsize-l\">TROIS CLASSES<\/h4> \n\t\t\t\t\t\t\t<\/div>\n\n\t\t\t\t\t<\/div>\n\t\t\t\t\t\t<\/div>\n\t\t\t\t<\/div>\n\t\t\t\t<div class=\"elementor-element elementor-element-3ecb62a elementor-widget elementor-widget-wd_text_block\" data-id=\"3ecb62a\" data-element_type=\"widget\" data-e-type=\"widget\" data-widget_type=\"wd_text_block.default\">\n\t\t\t\t<div class=\"elementor-widget-container\">\n\t\t\t\t\t\t\t<div class=\"wd-text-block reset-last-child text-left\">\n\t\t\t\n\t\t\t<ul style=\"font-size: 14px; color: #000000; text-align: left; margin: 0 0 8px 0; padding-left: 18px; line-height: 1.35;\">\n<li style=\"margin: 0 0 4px 0;\"><strong>Brut :<\/strong> fil galvanis\u00e9 sans traitements suppl\u00e9mentaires. Haute r\u00e9sistance (550-650 N\/mm\u00b2), mall\u00e9abilit\u00e9 r\u00e9duite. Id\u00e9al pour des applications rigides (treillis, gabions).<\/li>\n<li style=\"margin: 0 0 4px 0;\"><strong>Recuit :<\/strong> soumis \u00e0 un recuit thermique apr\u00e8s galvanisation. Plus souple et plus ductile (450-550 N\/mm\u00b2). Parfait pour les ligatures et les travaux manuels (b\u00e2timent, agriculture).<\/li>\n<li style=\"margin: 0;\"><strong>R\u00e9tr\u00e9fil\u00e9 :<\/strong> galvanis\u00e9 puis r\u00e9tr\u00e9fil\u00e9 pour r\u00e9duire le diam\u00e8tre. Allie r\u00e9sistance (550-650 N\/mm\u00b2) et pr\u00e9cision. Adapt\u00e9 aux grillages fins, aux pi\u00e8ces pli\u00e9es et au fil barbel\u00e9.<\/li>\n<\/ul>\n\n\t\t\t\t\t<\/div>\n\t\t\t\t\t\t<\/div>\n\t\t\t\t<\/div>\n\t\t\t\t\t<\/div>\n\t\t<\/div>\n\t\t\t\t\t<\/div>\n\t\t<\/section>\n\t\t\t\t<section class=\"wd-negative-gap elementor-section elementor-top-section elementor-element elementor-element-52375af elementor-section-boxed elementor-section-height-default elementor-section-height-default\" data-id=\"52375af\" data-element_type=\"section\" data-e-type=\"section\">\n\t\t\t\t\t\t<div class=\"elementor-container elementor-column-gap-default\">\n\t\t\t\t\t<div class=\"elementor-column elementor-col-100 elementor-top-column elementor-element elementor-element-877f4f8\" data-id=\"877f4f8\" data-element_type=\"column\" data-e-type=\"column\">\n\t\t\t<div class=\"elementor-widget-wrap elementor-element-populated\">\n\t\t\t\t\t\t<div class=\"elementor-element elementor-element-a53670e wd-width-100 elementor-widget elementor-widget-wd_title\" data-id=\"a53670e\" data-element_type=\"widget\" data-e-type=\"widget\" data-widget_type=\"wd_title.default\">\n\t\t\t\t<div class=\"elementor-widget-container\">\n\t\t\t\t\t\t\t<div class=\"title-wrapper wd-set-mb reset-last-child wd-title-color-primary wd-title-style-underlined wd-title-size-default text-left\">\n\n\t\t\t\n\t\t\t<div class=\"liner-continer\">\n\t\t\t\t<h4 class=\"woodmart-title-container title wd-fontsize-l\">TYPES D\u2019EMBALLAGE<\/h4> \n\t\t\t\t\t\t\t<\/div>\n\n\t\t\t\t\t<\/div>\n\t\t\t\t\t\t<\/div>\n\t\t\t\t<\/div>\n\t\t\t\t<div class=\"elementor-element elementor-element-24d5100 elementor-widget elementor-widget-wd_text_block\" data-id=\"24d5100\" data-element_type=\"widget\" data-e-type=\"widget\" data-widget_type=\"wd_text_block.default\">\n\t\t\t\t<div class=\"elementor-widget-container\">\n\t\t\t\t\t\t\t<div class=\"wd-text-block reset-last-child text-left\">\n\t\t\t\n\t\t\t<ul style=\"font-size: 14px; color: #000000; text-align: left; margin: 0 0 8px 0; padding-left: 18px; line-height: 1.35;\">\n<li style=\"margin: 0 0 4px 0;\"><strong>Couronnes sur palette :<\/strong> (ex. 500 ou 800 kg) pour usages industriels et fortes consommations.<\/li>\n<li style=\"margin: 0 0 4px 0;\"><strong>Rouleaux\/couronnes pr&eacute;pes&eacute;s :<\/strong> (ex. 25, 40 ou 50 kg), prot&eacute;g&eacute;s et avec &eacute;tiquette d&rsquo;identification.<\/li>\n<li style=\"margin: 0;\"><strong>Bobines :<\/strong> (ex. 100 m&egrave;tres), conditionn&eacute;es en cartons, puis plac&eacute;es sur palette.<\/li>\n<\/ul>\n\n\t\t\t\t\t<\/div>\n\t\t\t\t\t\t<\/div>\n\t\t\t\t<\/div>\n\t\t\t\t\t<\/div>\n\t\t<\/div>\n\t\t\t\t\t<\/div>\n\t\t<\/section>\n\t\t\t\t<section class=\"wd-negative-gap elementor-section elementor-top-section elementor-element elementor-element-3e33e70 elementor-section-boxed elementor-section-height-default elementor-section-height-default\" data-id=\"3e33e70\" data-element_type=\"section\" data-e-type=\"section\">\n\t\t\t\t\t\t<div class=\"elementor-container elementor-column-gap-default\">\n\t\t\t\t\t<div class=\"elementor-column elementor-col-100 elementor-top-column elementor-element elementor-element-ee38c29\" data-id=\"ee38c29\" data-element_type=\"column\" data-e-type=\"column\">\n\t\t\t<div class=\"elementor-widget-wrap elementor-element-populated\">\n\t\t\t\t\t\t<div class=\"elementor-element elementor-element-b69fe0c wd-width-100 elementor-widget elementor-widget-wd_title\" data-id=\"b69fe0c\" data-element_type=\"widget\" data-e-type=\"widget\" data-widget_type=\"wd_title.default\">\n\t\t\t\t<div class=\"elementor-widget-container\">\n\t\t\t\t\t\t\t<div class=\"title-wrapper wd-set-mb reset-last-child wd-title-color-primary wd-title-style-underlined wd-title-size-default text-left\">\n\n\t\t\t\n\t\t\t<div class=\"liner-continer\">\n\t\t\t\t<h4 class=\"woodmart-title-container title wd-fontsize-l\">FLEXIBILIT\u00c9 DE PRODUCTION<\/h4> \n\t\t\t\t\t\t\t<\/div>\n\n\t\t\t\t\t<\/div>\n\t\t\t\t\t\t<\/div>\n\t\t\t\t<\/div>\n\t\t\t\t<div class=\"elementor-element elementor-element-cd59972 elementor-widget elementor-widget-wd_text_block\" data-id=\"cd59972\" data-element_type=\"widget\" data-e-type=\"widget\" data-widget_type=\"wd_text_block.default\">\n\t\t\t\t<div class=\"elementor-widget-container\">\n\t\t\t\t\t\t\t<div class=\"wd-text-block reset-last-child text-left\">\n\t\t\t\n\t\t\t<p style=\"font-size: 14px; color: #000000; text-align: left; margin-bottom: 8px;\"><strong>Tout le processus de production<\/strong> est r&eacute;alis&eacute; en interne chez <strong>Italfence<\/strong>, ce qui nous permet d&rsquo;offrir un produit <strong>sur mesure<\/strong> et enti&egrave;rement <strong>personnalisable<\/strong>. Du <strong>tr&eacute;filage<\/strong> &agrave; la <strong>galvanisation<\/strong>, nous contr&ocirc;lons chaque &eacute;tape afin de nous adapter aux exigences sp&eacute;cifiques de nos clients, en garantissant une grande <strong>flexibilit&eacute;<\/strong> sur les diam&egrave;tres, les traitements et les quantit&eacute;s.<\/p>\n\n\t\t\t\t\t<\/div>\n\t\t\t\t\t\t<\/div>\n\t\t\t\t<\/div>\n\t\t\t\t\t<\/div>\n\t\t<\/div>\n\t\t\t\t\t<\/div>\n\t\t<\/section>\n\t\t\t\t<section class=\"wd-negative-gap elementor-section elementor-top-section elementor-element elementor-element-834dc40 elementor-section-boxed elementor-section-height-default elementor-section-height-default\" data-id=\"834dc40\" data-element_type=\"section\" data-e-type=\"section\">\n\t\t\t\t\t\t<div class=\"elementor-container elementor-column-gap-default\">\n\t\t\t\t\t<div class=\"elementor-column elementor-col-100 elementor-top-column elementor-element elementor-element-ee4f81c\" data-id=\"ee4f81c\" data-element_type=\"column\" data-e-type=\"column\">\n\t\t\t<div class=\"elementor-widget-wrap elementor-element-populated\">\n\t\t\t\t\t\t<div class=\"elementor-element elementor-element-898b11c elementor-widget elementor-widget-wd_popup\" data-id=\"898b11c\" data-element_type=\"widget\" data-e-type=\"widget\" data-widget_type=\"wd_popup.default\">\n\t\t\t\t<div class=\"elementor-widget-container\">\n\t\t\t\t\t\t\t\t\t<div class=\"wd-button-wrapper text-center\" >\n\t\t\t<a class=\"btn btn-style-default btn-shape-semi-round btn-size-default wd-open-popup btn-icon-pos-right\"  href=\"#popup-5ef9ab74e822b\">\n\t\t\t\t<span class=\"wd-btn-text\" data-elementor-setting-key=\"text\">\n\t\t\t\t\tContactez-nous pour un devis personnalis\u00e9\t\t\t\t<\/span>\n\n\t\t\t\t\t\t\t<\/a>\n\t\t<\/div>\n\t\t\t\t\t\t\t<div id=\"popup-5ef9ab74e822b\" class=\"mfp-hide wd-popup wd-popup-element wd-scroll-content wd-entry-content\" style=\"--wd-popup-width:800px;\">\n\t\t\t\t\t\t\t<link rel=\"stylesheet\" id=\"elementor-post-1570-css\" href=\"https:\/\/www.italfence.com\/fr\/wp-content\/uploads\/elementor\/css\/post-1570.css?ver=1778032251\" type=\"text\/css\" media=\"all\">\n\t\t\t\t\t<div data-elementor-type=\"wp-post\" data-elementor-id=\"1570\" class=\"elementor elementor-1570\">\n\t\t\t\t\t\t<section class=\"wd-negative-gap elementor-section elementor-top-section elementor-element elementor-element-25dc3f7 elementor-section-boxed elementor-section-height-default elementor-section-height-default\" data-id=\"25dc3f7\" data-element_type=\"section\" data-e-type=\"section\">\n\t\t\t\t\t\t<div class=\"elementor-container elementor-column-gap-default\">\n\t\t\t\t\t<div class=\"elementor-column elementor-col-100 elementor-top-column elementor-element elementor-element-748fb66\" data-id=\"748fb66\" data-element_type=\"column\" data-e-type=\"column\">\n\t\t\t<div class=\"elementor-widget-wrap elementor-element-populated\">\n\t\t\t\t\t\t<div class=\"elementor-element elementor-element-b530a3c wd-width-100 elementor-widget elementor-widget-wd_title\" data-id=\"b530a3c\" data-element_type=\"widget\" data-e-type=\"widget\" data-widget_type=\"wd_title.default\">\n\t\t\t\t<div class=\"elementor-widget-container\">\n\t\t\t\t\t\t\t<div class=\"title-wrapper wd-set-mb reset-last-child wd-title-color-default wd-title-style-default wd-title-size-small text-left\">\n\n\t\t\t\n\t\t\t<div class=\"liner-continer\">\n\t\t\t\t<h4 class=\"woodmart-title-container title wd-fontsize-m\">ENVOYEZ-NOUS UN MESSAGE<\/h4> \n\t\t\t\t\t\t\t<\/div>\n\n\t\t\t\t\t<\/div>\n\t\t\t\t\t\t<\/div>\n\t\t\t\t<\/div>\n\t\t\t\t<div class=\"elementor-element elementor-element-a5ee9cc wd-cf7 elementor-widget elementor-widget-wd_contact_form_7\" data-id=\"a5ee9cc\" data-element_type=\"widget\" data-e-type=\"widget\" data-widget_type=\"wd_contact_form_7.default\">\n\t\t\t\t<div class=\"elementor-widget-container\">\n\t\t\t\t\t\n<div class=\"wpcf7 no-js\" id=\"wpcf7-f8914-o1\" lang=\"it-IT\" dir=\"ltr\" data-wpcf7-id=\"8914\">\n<div class=\"screen-reader-response\"><p role=\"status\" aria-live=\"polite\" aria-atomic=\"true\"><\/p> <ul><\/ul><\/div>\n<form action=\"\/fr\/wp-json\/wp\/v2\/pages\/19148#wpcf7-f8914-o1\" method=\"post\" class=\"wpcf7-form init\" aria-label=\"Modulo di contatto\" novalidate=\"novalidate\" data-status=\"init\">\n<fieldset class=\"hidden-fields-container\"><input type=\"hidden\" name=\"_wpcf7\" value=\"8914\" \/><input type=\"hidden\" name=\"_wpcf7_version\" value=\"6.1.5\" \/><input type=\"hidden\" name=\"_wpcf7_locale\" value=\"it_IT\" \/><input type=\"hidden\" name=\"_wpcf7_unit_tag\" value=\"wpcf7-f8914-o1\" \/><input type=\"hidden\" name=\"_wpcf7_container_post\" value=\"0\" \/><input type=\"hidden\" name=\"_wpcf7_posted_data_hash\" value=\"\" \/>\n<\/fieldset>\n<p><label> Nom et pr\u00e9nom (obligatoire)<br \/>\n<span class=\"wpcf7-form-control-wrap\" data-name=\"your-name-surname\"><input size=\"40\" maxlength=\"400\" class=\"wpcf7-form-control wpcf7-text wpcf7-validates-as-required\" aria-required=\"true\" aria-invalid=\"false\" value=\"\" type=\"text\" name=\"your-name-surname\" \/><\/span> <\/label>\n<\/p>\n<p><label> Adresse e-mail (obligatoire)<br \/>\n<span class=\"wpcf7-form-control-wrap\" data-name=\"your-email\"><input size=\"40\" maxlength=\"400\" class=\"wpcf7-form-control wpcf7-email wpcf7-validates-as-required wpcf7-text wpcf7-validates-as-email\" aria-required=\"true\" aria-invalid=\"false\" value=\"\" type=\"email\" name=\"your-email\" \/><\/span> <\/label>\n<\/p>\n<p><label> Objet (facultatif)<br \/>\n<span class=\"wpcf7-form-control-wrap\" data-name=\"your-subject\"><input size=\"40\" maxlength=\"400\" class=\"wpcf7-form-control wpcf7-text\" aria-invalid=\"false\" value=\"\" type=\"text\" name=\"your-subject\" \/><\/span> <\/label>\n<\/p>\n<p><label> Message (obligatoire)<br \/>\n<span class=\"wpcf7-form-control-wrap\" data-name=\"your-message\"><textarea cols=\"40\" rows=\"10\" maxlength=\"2000\" class=\"wpcf7-form-control wpcf7-textarea wpcf7-validates-as-required\" aria-required=\"true\" aria-invalid=\"false\" name=\"your-message\"><\/textarea><\/span> <\/label>\n<\/p>\n<p><span class=\"wpcf7-form-control-wrap\" data-name=\"Accettazione_privacy\"><span class=\"wpcf7-form-control wpcf7-acceptance\"><span class=\"wpcf7-list-item\"><input type=\"checkbox\" name=\"Accettazione_privacy\" value=\"1\" aria-invalid=\"false\" \/><\/span><\/span><\/span> J\u2019autorise le traitement de mes donn\u00e9es personnelles tel que sp\u00e9cifi\u00e9 dans le formulaire et conform\u00e9ment au R\u00e8glement (UE) 2016\/679 (RGPD). Pour lire notre <a href=\"https:\/\/www.iubenda.com\/privacy-policy\/64734868\" class=\"iubenda-white iubenda-noiframe iubenda-embed iubenda-noiframe \" title=\"Privacy Policy \">Privacy Policy<\/a><script type=\"text\/javascript\">(function (w,d) {var loader = function () {var s = d.createElement(\"script\"), tag = d.getElementsByTagName(\"script\")[0]; s.src=\"https:\/\/cdn.iubenda.com\/iubenda.js\"; tag.parentNode.insertBefore(s,tag);}; if(w.addEventListener){w.addEventListener(\"load\", loader, false);}else if(w.attachEvent){w.attachEvent(\"onload\", loader);}else{w.onload = loader;}})(window, document);<\/script><a href=\"https:\/\/www.iubenda.com\/privacy-policy\/64734868\/cookie-policy\" class=\"iubenda-white iubenda-noiframe iubenda-embed iubenda-noiframe \" title=\"Cookie Policy \">Cookie Policy<\/a><script type=\"text\/javascript\">(function (w,d) {var loader = function () {var s = d.createElement(\"script\"), tag = d.getElementsByTagName(\"script\")[0]; s.src=\"https:\/\/cdn.iubenda.com\/iubenda.js\"; tag.parentNode.insertBefore(s,tag);}; if(w.addEventListener){w.addEventListener(\"load\", loader, false);}else if(w.attachEvent){w.attachEvent(\"onload\", loader);}else{w.onload = loader;}})(window, document);<\/script>\n<\/p>\n<p><span class=\"wpcf7-form-control-wrap\" data-name=\"News_letter\"><span class=\"wpcf7-form-control wpcf7-acceptance optional\"><span class=\"wpcf7-list-item\"><label><input type=\"checkbox\" name=\"News_letter\" value=\"1\" aria-invalid=\"false\" \/><span class=\"wpcf7-list-item-label\">J\u2019accepte l\u2019utilisation de mon adresse e-mail pour recevoir nos newsletters<\/span><\/label><\/span><\/span><\/span>\n<\/p>\n<p><input class=\"wpcf7-form-control wpcf7-submit has-spinner\" type=\"submit\" value=\"Envoyer\" \/>\n<\/p><p style=\"display: none !important;\" class=\"akismet-fields-container\" data-prefix=\"_wpcf7_ak_\"><label>&#916;<textarea name=\"_wpcf7_ak_hp_textarea\" cols=\"45\" rows=\"8\" maxlength=\"100\"><\/textarea><\/label><input type=\"hidden\" id=\"ak_js_1\" name=\"_wpcf7_ak_js\" value=\"39\"\/><script type=\"text\/javascript\">\n\/* <![CDATA[ *\/\ndocument.getElementById( \"ak_js_1\" ).setAttribute( \"value\", ( new Date() ).getTime() );\n\/* ]]> *\/\n<\/script>\n<\/p><div class=\"wpcf7-response-output\" aria-hidden=\"true\"><\/div>\n<\/form>\n<\/div>\n\t\t\t\t<\/div>\n\t\t\t\t<\/div>\n\t\t\t\t\t<\/div>\n\t\t<\/div>\n\t\t\t\t\t<\/div>\n\t\t<\/section>\n\t\t\t\t<\/div>\n\t\t\t\t\t<\/div>\n\t\t\t\t\t\t\t\t<\/div>\n\t\t\t\t<\/div>\n\t\t\t\t\t<\/div>\n\t\t<\/div>\n\t\t\t\t\t<\/div>\n\t\t<\/section>\n\t\t\t\t<\/div>\n\t\t","protected":false},"excerpt":{"rendered":"<p>Fil galvanis\u00e9 La production de fil de fer galvanis\u00e9 \u00e0 faible teneur en carbone est r\u00e9alis\u00e9e en interne par un<\/p>\n","protected":false},"author":8,"featured_media":0,"parent":0,"menu_order":0,"comment_status":"closed","ping_status":"closed","template":"","meta":{"footnotes":""},"class_list":["post-19148","page","type-page","status-publish","hentry"],"_links":{"self":[{"href":"https:\/\/www.italfence.com\/fr\/wp-json\/wp\/v2\/pages\/19148","targetHints":{"allow":["GET"]}}],"collection":[{"href":"https:\/\/www.italfence.com\/fr\/wp-json\/wp\/v2\/pages"}],"about":[{"href":"https:\/\/www.italfence.com\/fr\/wp-json\/wp\/v2\/types\/page"}],"author":[{"embeddable":true,"href":"https:\/\/www.italfence.com\/fr\/wp-json\/wp\/v2\/users\/8"}],"replies":[{"embeddable":true,"href":"https:\/\/www.italfence.com\/fr\/wp-json\/wp\/v2\/comments?post=19148"}],"version-history":[{"count":5,"href":"https:\/\/www.italfence.com\/fr\/wp-json\/wp\/v2\/pages\/19148\/revisions"}],"predecessor-version":[{"id":19168,"href":"https:\/\/www.italfence.com\/fr\/wp-json\/wp\/v2\/pages\/19148\/revisions\/19168"}],"wp:attachment":[{"href":"https:\/\/www.italfence.com\/fr\/wp-json\/wp\/v2\/media?parent=19148"}],"curies":[{"name":"wp","href":"https:\/\/api.w.org\/{rel}","templated":true}]}}