{"id":16496,"date":"2025-02-28T15:34:58","date_gmt":"2025-02-28T15:34:58","guid":{"rendered":"https:\/\/www.italfence.com\/fr\/?post_type=product&#038;p=16496"},"modified":"2026-04-22T15:57:30","modified_gmt":"2026-04-22T15:57:30","slug":"fil-de-fer-plastifie-vert-100m","status":"publish","type":"product","link":"https:\/\/www.italfence.com\/fr\/produit\/fil-de-fer-plastifie-vert-100m\/","title":{"rendered":"Fil de fer plastifi\u00e9 vert 100m"},"content":{"rendered":"","protected":false},"excerpt":{"rendered":"<p data-sourcepos=\"3:1-3:256\">Le <strong>fil de fer plastifi\u00e9<\/strong> est une <strong>solution excellente<\/strong> pour la pose de cl\u00f4tures, offrant un syst\u00e8me de fixation <strong>fiable et r\u00e9sistant<\/strong> pour le <strong>grillage m\u00e9tallique<\/strong>. Il est \u00e9galement particuli\u00e8rement adapt\u00e9 \u00e0 une utilisation dans les <strong>vignobles<\/strong>.<\/p>\n<p data-sourcepos=\"5:1-5:248\">Ce fil est fabriqu\u00e9 avec un noyau en <strong>fer galvanis\u00e9<\/strong> qui est ensuite <strong>plastifi\u00e9<\/strong>. La couronne se pr\u00e9sente sous forme d\u2019un rouleau compact et pratique, facilitant ainsi son transport et son utilisation. Chaque rouleau a une longueur de 100 m\u00e8tres.<\/p>\n<p data-sourcepos=\"7:1-7:116\">Les diam\u00e8tres recommand\u00e9s pour le fil de fer sont: 3,20mm pour le fil de tension et 1,80mm pour le fil de ligature.<\/p>\n<p data-sourcepos=\"9:1-9:109\">Notre gamme de diam\u00e8tres pour le fil de fer plastifi\u00e9 comprend: \u00d81,50mm, \u00d81,80mm, \u00d82,30mm, \u00d82,70mm, \u00d83,20mm.<\/p>\n","protected":false},"featured_media":15751,"template":"","meta":[],"product_cat":[32],"product_tag":[],"class_list":{"0":"post-16496","1":"product","2":"type-product","3":"status-publish","4":"has-post-thumbnail","6":"product_cat-fil-de-fer","8":"first","9":"instock","10":"taxable","11":"shipping-taxable","12":"purchasable","13":"product-type-variable"},"_links":{"self":[{"href":"https:\/\/www.italfence.com\/fr\/wp-json\/wp\/v2\/product\/16496","targetHints":{"allow":["GET"]}}],"collection":[{"href":"https:\/\/www.italfence.com\/fr\/wp-json\/wp\/v2\/product"}],"about":[{"href":"https:\/\/www.italfence.com\/fr\/wp-json\/wp\/v2\/types\/product"}],"version-history":[{"count":2,"href":"https:\/\/www.italfence.com\/fr\/wp-json\/wp\/v2\/product\/16496\/revisions"}],"predecessor-version":[{"id":17323,"href":"https:\/\/www.italfence.com\/fr\/wp-json\/wp\/v2\/product\/16496\/revisions\/17323"}],"wp:featuredmedia":[{"embeddable":true,"href":"https:\/\/www.italfence.com\/fr\/wp-json\/wp\/v2\/media\/15751"}],"wp:attachment":[{"href":"https:\/\/www.italfence.com\/fr\/wp-json\/wp\/v2\/media?parent=16496"}],"wp:term":[{"taxonomy":"product_cat","embeddable":true,"href":"https:\/\/www.italfence.com\/fr\/wp-json\/wp\/v2\/product_cat?post=16496"},{"taxonomy":"product_tag","embeddable":true,"href":"https:\/\/www.italfence.com\/fr\/wp-json\/wp\/v2\/product_tag?post=16496"}],"curies":[{"name":"wp","href":"https:\/\/api.w.org\/{rel}","templated":true}]}}