{"id":16497,"date":"2025-02-28T15:34:58","date_gmt":"2025-02-28T15:34:58","guid":{"rendered":"https:\/\/www.italfence.com\/fr\/?post_type=product&#038;p=16497"},"modified":"2026-04-22T15:57:29","modified_gmt":"2026-04-22T15:57:29","slug":"piquet-rond-plastifie-vert","status":"publish","type":"product","link":"https:\/\/www.italfence.com\/fr\/produit\/piquet-rond-plastifie-vert\/","title":{"rendered":"Piquet rond plastifi\u00e9 vert"},"content":{"rendered":"","protected":false},"excerpt":{"rendered":"<p data-sourcepos=\"3:1-3:143\">Le <strong>piquet rond plastifi\u00e9<\/strong> avec une section en \u00ab O \u00bb repr\u00e9sente une <strong>alternative valable<\/strong> au piquet traditionnel avec une section en \u00ab T \u00bb.<\/p>\n<p data-sourcepos=\"5:1-5:166\">Le piquet rond est un poteau en fer \u00e0 section circulaire, con\u00e7u avec des <strong>passe-fils en PVC vert<\/strong> pour le passage des fils de tension et un capuchon sup\u00e9rieur noir.<\/p>\n<p data-sourcepos=\"7:1-7:358\">Les \u00e9l\u00e9gants <strong>piquets ronds plastifi\u00e9s<\/strong> offrent non seulement <strong>stabilit\u00e9 et robustesse<\/strong> \u00e0 la cl\u00f4ture, mais garantissent \u00e9galement un <strong>excellent rendu esth\u00e9tique<\/strong>. Ils sont id\u00e9aux pour supporter des grillages \u00e0 simple torsion et des grillages soud\u00e9s, aussi bien sur sol que sur un muret, et sont g\u00e9n\u00e9ralement install\u00e9s \u00e0 une distance d\u2019environ 2 m\u00e8tres.<\/p>\n","protected":false},"featured_media":15793,"template":"","meta":[],"product_cat":[28],"product_tag":[],"class_list":{"0":"post-16497","1":"product","2":"type-product","3":"status-publish","4":"has-post-thumbnail","6":"product_cat-piquets-et-jambes-de-force","8":"first","9":"outofstock","10":"sale","11":"taxable","12":"shipping-taxable","13":"purchasable","14":"product-type-variable"},"_links":{"self":[{"href":"https:\/\/www.italfence.com\/fr\/wp-json\/wp\/v2\/product\/16497","targetHints":{"allow":["GET"]}}],"collection":[{"href":"https:\/\/www.italfence.com\/fr\/wp-json\/wp\/v2\/product"}],"about":[{"href":"https:\/\/www.italfence.com\/fr\/wp-json\/wp\/v2\/types\/product"}],"version-history":[{"count":1,"href":"https:\/\/www.italfence.com\/fr\/wp-json\/wp\/v2\/product\/16497\/revisions"}],"predecessor-version":[{"id":16554,"href":"https:\/\/www.italfence.com\/fr\/wp-json\/wp\/v2\/product\/16497\/revisions\/16554"}],"wp:featuredmedia":[{"embeddable":true,"href":"https:\/\/www.italfence.com\/fr\/wp-json\/wp\/v2\/media\/15793"}],"wp:attachment":[{"href":"https:\/\/www.italfence.com\/fr\/wp-json\/wp\/v2\/media?parent=16497"}],"wp:term":[{"taxonomy":"product_cat","embeddable":true,"href":"https:\/\/www.italfence.com\/fr\/wp-json\/wp\/v2\/product_cat?post=16497"},{"taxonomy":"product_tag","embeddable":true,"href":"https:\/\/www.italfence.com\/fr\/wp-json\/wp\/v2\/product_tag?post=16497"}],"curies":[{"name":"wp","href":"https:\/\/api.w.org\/{rel}","templated":true}]}}