{"id":16498,"date":"2025-02-28T15:34:58","date_gmt":"2025-02-28T15:34:58","guid":{"rendered":"https:\/\/www.italfence.com\/fr\/?post_type=product&#038;p=16498"},"modified":"2026-04-22T15:57:29","modified_gmt":"2026-04-22T15:57:29","slug":"jambe-de-force-rond-plastifie-vert","status":"publish","type":"product","link":"https:\/\/www.italfence.com\/fr\/produit\/jambe-de-force-rond-plastifie-vert\/","title":{"rendered":"Jambe de force rond plastifi\u00e9 vert"},"content":{"rendered":"","protected":false},"excerpt":{"rendered":"<p data-sourcepos=\"3:1-3:278\">La <strong>jambe de force ronde plastifi\u00e9e<\/strong> avec une section en \u201cO\u201d, compl\u00e8te d\u2019un capuchon en PVC, est <strong>indispensable<\/strong> pour soutenir le <strong>piquet rond<\/strong>. Cette jambe de force, avec sa section en \u201cO\u201d, repr\u00e9sente une <strong>alternative valable<\/strong> \u00e0 la traditionnelle jambe de force en \u201cL\u201d.<\/p>\n<p data-sourcepos=\"5:1-5:142\">Les \u00e9l\u00e9gantes <strong>jambes de force rondes plastifi\u00e9es<\/strong> apportent <strong>stabilit\u00e9 et robustesse<\/strong> \u00e0 la cl\u00f4ture et assurent un excellent effet visuel.<\/p>\n<p data-sourcepos=\"7:1-7:293\">La jambe de force peut \u00eatre fix\u00e9e au sol par scellement ou ancr\u00e9e au muret, selon les exigences sp\u00e9cifiques du projet. Toutefois, il est important de noter que le collier pour la fixation au piquet n\u2019est pas inclus et doit \u00eatre achet\u00e9 s\u00e9par\u00e9ment, car sa dimension d\u00e9pend du diam\u00e8tre du piquet.<\/p>\n","protected":false},"featured_media":15843,"template":"","meta":[],"product_cat":[28],"product_tag":[],"class_list":{"0":"post-16498","1":"product","2":"type-product","3":"status-publish","4":"has-post-thumbnail","6":"product_cat-piquets-et-jambes-de-force","8":"first","9":"outofstock","10":"taxable","11":"shipping-taxable","12":"purchasable","13":"product-type-variable"},"_links":{"self":[{"href":"https:\/\/www.italfence.com\/fr\/wp-json\/wp\/v2\/product\/16498","targetHints":{"allow":["GET"]}}],"collection":[{"href":"https:\/\/www.italfence.com\/fr\/wp-json\/wp\/v2\/product"}],"about":[{"href":"https:\/\/www.italfence.com\/fr\/wp-json\/wp\/v2\/types\/product"}],"version-history":[{"count":1,"href":"https:\/\/www.italfence.com\/fr\/wp-json\/wp\/v2\/product\/16498\/revisions"}],"predecessor-version":[{"id":16561,"href":"https:\/\/www.italfence.com\/fr\/wp-json\/wp\/v2\/product\/16498\/revisions\/16561"}],"wp:featuredmedia":[{"embeddable":true,"href":"https:\/\/www.italfence.com\/fr\/wp-json\/wp\/v2\/media\/15843"}],"wp:attachment":[{"href":"https:\/\/www.italfence.com\/fr\/wp-json\/wp\/v2\/media?parent=16498"}],"wp:term":[{"taxonomy":"product_cat","embeddable":true,"href":"https:\/\/www.italfence.com\/fr\/wp-json\/wp\/v2\/product_cat?post=16498"},{"taxonomy":"product_tag","embeddable":true,"href":"https:\/\/www.italfence.com\/fr\/wp-json\/wp\/v2\/product_tag?post=16498"}],"curies":[{"name":"wp","href":"https:\/\/api.w.org\/{rel}","templated":true}]}}