{"id":16499,"date":"2025-02-28T15:34:58","date_gmt":"2025-02-28T15:34:58","guid":{"rendered":"https:\/\/www.italfence.com\/fr\/?post_type=product&#038;p=16499"},"modified":"2026-04-22T15:57:17","modified_gmt":"2026-04-22T15:57:17","slug":"piquet-t-plastifie-vert","status":"publish","type":"product","link":"https:\/\/www.italfence.com\/fr\/produit\/piquet-t-plastifie-vert\/","title":{"rendered":"Piquet T plastifi\u00e9 vert"},"content":{"rendered":"","protected":false},"excerpt":{"rendered":"<p class=\"p1\">Le <strong>piquet T plastifi\u00e9 vert<\/strong> est un \u00e9l\u00e9ment <strong>fondamental<\/strong> utilis\u00e9 pour l\u2019installation de cl\u00f4tures de divers types, y compris les cl\u00f4tures r\u00e9sidentielles, agricoles et industrielles.<\/p>\n<p data-sourcepos=\"5:1-5:315\">Les <strong>piquets en T, plastifi\u00e9s verts<\/strong>, offrent <strong>stabilit\u00e9 et robustesse<\/strong> \u00e0 la cl\u00f4ture, garantissant un ancrage solide dans le sol. Ils permettent une installation fiable et durable de la cl\u00f4ture, apportant le soutien n\u00e9cessaire au treillis m\u00e9tallique pour assurer la s\u00e9curit\u00e9 et l\u2019int\u00e9grit\u00e9 de la zone d\u00e9limit\u00e9e.<\/p>\n<p data-sourcepos=\"7:1-7:216\">Ce produit est dot\u00e9 de perforations pour le passage des fils de tension, constituant ainsi le support pour le treillis m\u00e9tallique. Ils sont g\u00e9n\u00e9ralement install\u00e9s \u00e0 une distance d\u2019environ 2 m\u00e8tres les uns des autres.<\/p>\n","protected":false},"featured_media":15780,"template":"","meta":[],"product_cat":[28],"product_tag":[],"class_list":{"0":"post-16499","1":"product","2":"type-product","3":"status-publish","4":"has-post-thumbnail","6":"product_cat-piquets-et-jambes-de-force","8":"first","9":"instock","10":"sale","11":"taxable","12":"shipping-taxable","13":"purchasable","14":"product-type-variable"},"_links":{"self":[{"href":"https:\/\/www.italfence.com\/fr\/wp-json\/wp\/v2\/product\/16499","targetHints":{"allow":["GET"]}}],"collection":[{"href":"https:\/\/www.italfence.com\/fr\/wp-json\/wp\/v2\/product"}],"about":[{"href":"https:\/\/www.italfence.com\/fr\/wp-json\/wp\/v2\/types\/product"}],"version-history":[{"count":1,"href":"https:\/\/www.italfence.com\/fr\/wp-json\/wp\/v2\/product\/16499\/revisions"}],"predecessor-version":[{"id":16548,"href":"https:\/\/www.italfence.com\/fr\/wp-json\/wp\/v2\/product\/16499\/revisions\/16548"}],"wp:featuredmedia":[{"embeddable":true,"href":"https:\/\/www.italfence.com\/fr\/wp-json\/wp\/v2\/media\/15780"}],"wp:attachment":[{"href":"https:\/\/www.italfence.com\/fr\/wp-json\/wp\/v2\/media?parent=16499"}],"wp:term":[{"taxonomy":"product_cat","embeddable":true,"href":"https:\/\/www.italfence.com\/fr\/wp-json\/wp\/v2\/product_cat?post=16499"},{"taxonomy":"product_tag","embeddable":true,"href":"https:\/\/www.italfence.com\/fr\/wp-json\/wp\/v2\/product_tag?post=16499"}],"curies":[{"name":"wp","href":"https:\/\/api.w.org\/{rel}","templated":true}]}}