{"id":16500,"date":"2025-02-28T15:34:58","date_gmt":"2025-02-28T15:34:58","guid":{"rendered":"https:\/\/www.italfence.com\/fr\/?post_type=product&#038;p=16500"},"modified":"2026-04-22T15:57:32","modified_gmt":"2026-04-22T15:57:32","slug":"tendeur-plastifie-vert","status":"publish","type":"product","link":"https:\/\/www.italfence.com\/fr\/produit\/tendeur-plastifie-vert\/","title":{"rendered":"Tendeur plastifi\u00e9 vert"},"content":{"rendered":"","protected":false},"excerpt":{"rendered":"<p data-sourcepos=\"3:1-3:244\">Le <strong>tendeur plastifi\u00e9 vert<\/strong> est <strong>indispensable<\/strong> pour garantir le succ\u00e8s de l\u2019installation d\u2019un <strong>grillage m\u00e9tallique<\/strong>. Il permet aux fils de support du grillage d\u2019\u00eatre correctement tendus, assurant ainsi la <strong>stabilit\u00e9 et la r\u00e9sistance<\/strong> de la structure.<\/p>\n<p data-sourcepos=\"5:1-5:179\">Le tendeur en <strong>fer plastifi\u00e9 vert<\/strong> pr\u00e9sente une forme annulaire avec un trou facilitant l\u2019insertion du fil et permettant d\u2019ajuster la tension souhait\u00e9e en serrant le dispositif.<\/p>\n<p data-sourcepos=\"7:1-7:112\">De plus, ce tendeur est \u00e9quip\u00e9 d\u2019un <strong>m\u00e9canisme de verrouillage<\/strong> garantissant une tension stable dans le temps.<\/p>\n","protected":false},"featured_media":15892,"template":"","meta":[],"product_cat":[76],"product_tag":[],"class_list":{"0":"post-16500","1":"product","2":"type-product","3":"status-publish","4":"has-post-thumbnail","6":"product_cat-accessoires","8":"first","9":"instock","10":"taxable","11":"shipping-taxable","12":"purchasable","13":"product-type-variable"},"_links":{"self":[{"href":"https:\/\/www.italfence.com\/fr\/wp-json\/wp\/v2\/product\/16500","targetHints":{"allow":["GET"]}}],"collection":[{"href":"https:\/\/www.italfence.com\/fr\/wp-json\/wp\/v2\/product"}],"about":[{"href":"https:\/\/www.italfence.com\/fr\/wp-json\/wp\/v2\/types\/product"}],"version-history":[{"count":1,"href":"https:\/\/www.italfence.com\/fr\/wp-json\/wp\/v2\/product\/16500\/revisions"}],"predecessor-version":[{"id":16568,"href":"https:\/\/www.italfence.com\/fr\/wp-json\/wp\/v2\/product\/16500\/revisions\/16568"}],"wp:featuredmedia":[{"embeddable":true,"href":"https:\/\/www.italfence.com\/fr\/wp-json\/wp\/v2\/media\/15892"}],"wp:attachment":[{"href":"https:\/\/www.italfence.com\/fr\/wp-json\/wp\/v2\/media?parent=16500"}],"wp:term":[{"taxonomy":"product_cat","embeddable":true,"href":"https:\/\/www.italfence.com\/fr\/wp-json\/wp\/v2\/product_cat?post=16500"},{"taxonomy":"product_tag","embeddable":true,"href":"https:\/\/www.italfence.com\/fr\/wp-json\/wp\/v2\/product_tag?post=16500"}],"curies":[{"name":"wp","href":"https:\/\/api.w.org\/{rel}","templated":true}]}}