{"id":16504,"date":"2025-02-28T15:34:58","date_gmt":"2025-02-28T15:34:58","guid":{"rendered":"https:\/\/www.italfence.com\/fr\/?post_type=product&#038;p=16504"},"modified":"2026-04-22T15:57:32","modified_gmt":"2026-04-22T15:57:32","slug":"platine-de-fixation-pour-piquet-t-galvanise","status":"publish","type":"product","link":"https:\/\/www.italfence.com\/fr\/produit\/platine-de-fixation-pour-piquet-t-galvanise\/","title":{"rendered":"Platine de fixation pour piquet T galvanis\u00e9"},"content":{"rendered":"","protected":false},"excerpt":{"rendered":"<p data-sourcepos=\"3:1-3:429\">Notre <strong>platine de fixation\u00a0pour piquet en T galvanis\u00e9<\/strong> offre une solution <strong>efficace et fiable<\/strong> pour l\u2019installation de cl\u00f4tures. Caract\u00e9ris\u00e9 par une robuste plaque circulaire en <strong>fer galvanis\u00e9 \u00e0 chaud<\/strong>, d\u2019un diam\u00e8tre de 11,5 cm et d\u2019une \u00e9paisseur de 4 mm, le support est dot\u00e9 de 3 trous de 10,5 mm permettant une fixation avec des chevilles de 8\/10 mm de diam\u00e8tre. Le support comprend les boulons n\u00e9cessaires pour la fixation du piquet.<\/p>\n<p data-sourcepos=\"5:1-5:217\">L\u2019embo\u00eetement de 15 cm de hauteur permet d\u2019ins\u00e9rer facilement le piquet en fer en T (30x30x3mm ou 35x35x3,5mm), offrant une base solide pour la cl\u00f4ture sur murs ou sols sans n\u00e9cessiter de soudures ni de modifications.<\/p>\n<p data-sourcepos=\"7:1-7:128\">Ce support pour piquet en T r\u00e9sout d\u00e9finitivement les d\u00e9fis li\u00e9s \u00e0 l\u2019installation des cl\u00f4tures, offrant praticit\u00e9 et r\u00e9sistance.<\/p>\n","protected":false},"featured_media":15854,"template":"","meta":[],"product_cat":[76],"product_tag":[],"class_list":{"0":"post-16504","1":"product","2":"type-product","3":"status-publish","4":"has-post-thumbnail","6":"product_cat-accessoires","8":"first","9":"instock","10":"taxable","11":"shipping-taxable","12":"purchasable","13":"product-type-variable"},"_links":{"self":[{"href":"https:\/\/www.italfence.com\/fr\/wp-json\/wp\/v2\/product\/16504","targetHints":{"allow":["GET"]}}],"collection":[{"href":"https:\/\/www.italfence.com\/fr\/wp-json\/wp\/v2\/product"}],"about":[{"href":"https:\/\/www.italfence.com\/fr\/wp-json\/wp\/v2\/types\/product"}],"version-history":[{"count":1,"href":"https:\/\/www.italfence.com\/fr\/wp-json\/wp\/v2\/product\/16504\/revisions"}],"predecessor-version":[{"id":16564,"href":"https:\/\/www.italfence.com\/fr\/wp-json\/wp\/v2\/product\/16504\/revisions\/16564"}],"wp:featuredmedia":[{"embeddable":true,"href":"https:\/\/www.italfence.com\/fr\/wp-json\/wp\/v2\/media\/15854"}],"wp:attachment":[{"href":"https:\/\/www.italfence.com\/fr\/wp-json\/wp\/v2\/media?parent=16504"}],"wp:term":[{"taxonomy":"product_cat","embeddable":true,"href":"https:\/\/www.italfence.com\/fr\/wp-json\/wp\/v2\/product_cat?post=16504"},{"taxonomy":"product_tag","embeddable":true,"href":"https:\/\/www.italfence.com\/fr\/wp-json\/wp\/v2\/product_tag?post=16504"}],"curies":[{"name":"wp","href":"https:\/\/api.w.org\/{rel}","templated":true}]}}