{"id":16506,"date":"2025-02-28T15:34:59","date_gmt":"2025-02-28T15:34:59","guid":{"rendered":"https:\/\/www.italfence.com\/fr\/?post_type=product&#038;p=16506"},"modified":"2026-04-22T15:57:25","modified_gmt":"2026-04-22T15:57:25","slug":"jambe-de-force-plastifie-vert","status":"publish","type":"product","link":"https:\/\/www.italfence.com\/fr\/produit\/jambe-de-force-plastifie-vert\/","title":{"rendered":"Jambe de force plastifi\u00e9 vert"},"content":{"rendered":"","protected":false},"excerpt":{"rendered":"<p class=\"p1\">La <strong>jambe de force plastifi\u00e9 vert<\/strong>, \u00e9galement appel\u00e9e poteau inclin\u00e9 en fer avec une section en \u201cL\u201d, est <strong>essentielle<\/strong> pour assurer la stabilit\u00e9 de la cl\u00f4ture en apportant un renforcement indispensable.<\/p>\n<p data-sourcepos=\"5:1-5:333\">Une jambe de force, aussi appel\u00e9e angulaire, est un support suppl\u00e9mentaire pour les poteaux plac\u00e9s aux angles ou tous les dix m\u00e8tres dans les installations lin\u00e9aires d\u2019une cl\u00f4ture. Sa fonction principale est d\u2019augmenter la <strong>robustesse et la r\u00e9sistance<\/strong> de la cl\u00f4ture, en particulier aux points o\u00f9 il y a un changement de direction.<\/p>\n<p data-sourcepos=\"7:1-7:56\">Ce produit est dot\u00e9 de perforations aux deux extr\u00e9mit\u00e9s.<\/p>\n","protected":false},"featured_media":15835,"template":"","meta":[],"product_cat":[28],"product_tag":[],"class_list":{"0":"post-16506","1":"product","2":"type-product","3":"status-publish","4":"has-post-thumbnail","6":"product_cat-piquets-et-jambes-de-force","8":"first","9":"instock","10":"taxable","11":"shipping-taxable","12":"purchasable","13":"product-type-variable"},"_links":{"self":[{"href":"https:\/\/www.italfence.com\/fr\/wp-json\/wp\/v2\/product\/16506","targetHints":{"allow":["GET"]}}],"collection":[{"href":"https:\/\/www.italfence.com\/fr\/wp-json\/wp\/v2\/product"}],"about":[{"href":"https:\/\/www.italfence.com\/fr\/wp-json\/wp\/v2\/types\/product"}],"version-history":[{"count":1,"href":"https:\/\/www.italfence.com\/fr\/wp-json\/wp\/v2\/product\/16506\/revisions"}],"predecessor-version":[{"id":16559,"href":"https:\/\/www.italfence.com\/fr\/wp-json\/wp\/v2\/product\/16506\/revisions\/16559"}],"wp:featuredmedia":[{"embeddable":true,"href":"https:\/\/www.italfence.com\/fr\/wp-json\/wp\/v2\/media\/15835"}],"wp:attachment":[{"href":"https:\/\/www.italfence.com\/fr\/wp-json\/wp\/v2\/media?parent=16506"}],"wp:term":[{"taxonomy":"product_cat","embeddable":true,"href":"https:\/\/www.italfence.com\/fr\/wp-json\/wp\/v2\/product_cat?post=16506"},{"taxonomy":"product_tag","embeddable":true,"href":"https:\/\/www.italfence.com\/fr\/wp-json\/wp\/v2\/product_tag?post=16506"}],"curies":[{"name":"wp","href":"https:\/\/api.w.org\/{rel}","templated":true}]}}