{"id":16508,"date":"2025-02-28T15:34:59","date_gmt":"2025-02-28T15:34:59","guid":{"rendered":"https:\/\/www.italfence.com\/fr\/?post_type=product&#038;p=16508"},"modified":"2026-04-22T15:57:27","modified_gmt":"2026-04-22T15:57:27","slug":"jambe-de-force-galvanise","status":"publish","type":"product","link":"https:\/\/www.italfence.com\/fr\/produit\/jambe-de-force-galvanise\/","title":{"rendered":"Jambe de force galvanis\u00e9"},"content":{"rendered":"","protected":false},"excerpt":{"rendered":"<p data-sourcepos=\"3:1-3:210\">La <strong>jambe de force<\/strong> galvanis\u00e9e, \u00e9galement appel\u00e9e poteau inclin\u00e9 en fer avec une section en \u201cL\u201d, est <strong>essentielle<\/strong> pour assurer la <strong>stabilit\u00e9<\/strong> de la cl\u00f4ture en apportant un <strong>renforcement<\/strong> indispensable.<\/p>\n<p data-sourcepos=\"5:1-5:329\">Une jambe de force, aussi appel\u00e9e angulaire, est un support suppl\u00e9mentaire pour les poteaux plac\u00e9s aux angles ou tous les dix m\u00e8tres dans les installations lin\u00e9aires d\u2019une cl\u00f4ture. Sa fonction principale est d\u2019augmenter la robustesse et la r\u00e9sistance de la cl\u00f4ture, en particulier aux points o\u00f9 il y a un changement de direction.<\/p>\n<p data-sourcepos=\"7:1-7:56\">Ce produit est dot\u00e9 de perforations aux deux extr\u00e9mit\u00e9s.<\/p>\n","protected":false},"featured_media":15839,"template":"","meta":[],"product_cat":[28],"product_tag":[],"class_list":{"0":"post-16508","1":"product","2":"type-product","3":"status-publish","4":"has-post-thumbnail","6":"product_cat-piquets-et-jambes-de-force","8":"first","9":"instock","10":"taxable","11":"shipping-taxable","12":"purchasable","13":"product-type-variable"},"_links":{"self":[{"href":"https:\/\/www.italfence.com\/fr\/wp-json\/wp\/v2\/product\/16508","targetHints":{"allow":["GET"]}}],"collection":[{"href":"https:\/\/www.italfence.com\/fr\/wp-json\/wp\/v2\/product"}],"about":[{"href":"https:\/\/www.italfence.com\/fr\/wp-json\/wp\/v2\/types\/product"}],"version-history":[{"count":1,"href":"https:\/\/www.italfence.com\/fr\/wp-json\/wp\/v2\/product\/16508\/revisions"}],"predecessor-version":[{"id":16560,"href":"https:\/\/www.italfence.com\/fr\/wp-json\/wp\/v2\/product\/16508\/revisions\/16560"}],"wp:featuredmedia":[{"embeddable":true,"href":"https:\/\/www.italfence.com\/fr\/wp-json\/wp\/v2\/media\/15839"}],"wp:attachment":[{"href":"https:\/\/www.italfence.com\/fr\/wp-json\/wp\/v2\/media?parent=16508"}],"wp:term":[{"taxonomy":"product_cat","embeddable":true,"href":"https:\/\/www.italfence.com\/fr\/wp-json\/wp\/v2\/product_cat?post=16508"},{"taxonomy":"product_tag","embeddable":true,"href":"https:\/\/www.italfence.com\/fr\/wp-json\/wp\/v2\/product_tag?post=16508"}],"curies":[{"name":"wp","href":"https:\/\/api.w.org\/{rel}","templated":true}]}}