{"id":16511,"date":"2025-02-28T15:34:59","date_gmt":"2025-02-28T15:34:59","guid":{"rendered":"https:\/\/www.italfence.com\/fr\/?post_type=product&#038;p=16511"},"modified":"2026-04-22T15:57:39","modified_gmt":"2026-04-22T15:57:39","slug":"rondelles","status":"publish","type":"product","link":"https:\/\/www.italfence.com\/fr\/produit\/rondelles\/","title":{"rendered":"Rondelles"},"content":{"rendered":"","protected":false},"excerpt":{"rendered":"<p data-sourcepos=\"3:1-3:267\">Les <strong>rondelles en plastique noir<\/strong> sont des accessoires <strong>indispensables<\/strong> pour am\u00e9liorer la <strong>stabilit\u00e9 et la s\u00e9curit\u00e9<\/strong> lors de la fixation des toiles de paillage, du gazon synth\u00e9tique, des tuyaux d\u2019irrigation et des grillages dans les jardins, potagers et serres.<\/p>\n<p data-sourcepos=\"5:1-5:235\">Con\u00e7ues pour \u00eatre compatibles avec des <strong>piquets<\/strong> de dimensions 150\u00d730 mm et de diam\u00e8tres 3,00 mm ou 3,80 mm, ces rondelles offrent une <strong>plus grande surface de contact<\/strong>, r\u00e9partissant uniform\u00e9ment la pression sur le mat\u00e9riau \u00e0 fixer.<\/p>\n<p data-sourcepos=\"7:1-7:171\">Fabriqu\u00e9es en <strong>plastique r\u00e9sistant<\/strong>, elles garantissent <strong>durabilit\u00e9 et r\u00e9sistance<\/strong> aux intemp\u00e9ries, pr\u00e9venant l\u2019usure et prolongeant la dur\u00e9e de vie des installations.<\/p>\n","protected":false},"featured_media":15832,"template":"","meta":[],"product_cat":[76],"product_tag":[],"class_list":{"0":"post-16511","1":"product","2":"type-product","3":"status-publish","4":"has-post-thumbnail","6":"product_cat-accessoires","8":"first","9":"instock","10":"taxable","11":"shipping-taxable","12":"purchasable","13":"product-type-variable"},"_links":{"self":[{"href":"https:\/\/www.italfence.com\/fr\/wp-json\/wp\/v2\/product\/16511","targetHints":{"allow":["GET"]}}],"collection":[{"href":"https:\/\/www.italfence.com\/fr\/wp-json\/wp\/v2\/product"}],"about":[{"href":"https:\/\/www.italfence.com\/fr\/wp-json\/wp\/v2\/types\/product"}],"version-history":[{"count":1,"href":"https:\/\/www.italfence.com\/fr\/wp-json\/wp\/v2\/product\/16511\/revisions"}],"predecessor-version":[{"id":16558,"href":"https:\/\/www.italfence.com\/fr\/wp-json\/wp\/v2\/product\/16511\/revisions\/16558"}],"wp:featuredmedia":[{"embeddable":true,"href":"https:\/\/www.italfence.com\/fr\/wp-json\/wp\/v2\/media\/15832"}],"wp:attachment":[{"href":"https:\/\/www.italfence.com\/fr\/wp-json\/wp\/v2\/media?parent=16511"}],"wp:term":[{"taxonomy":"product_cat","embeddable":true,"href":"https:\/\/www.italfence.com\/fr\/wp-json\/wp\/v2\/product_cat?post=16511"},{"taxonomy":"product_tag","embeddable":true,"href":"https:\/\/www.italfence.com\/fr\/wp-json\/wp\/v2\/product_tag?post=16511"}],"curies":[{"name":"wp","href":"https:\/\/api.w.org\/{rel}","templated":true}]}}