{"id":16514,"date":"2025-02-28T15:34:59","date_gmt":"2025-02-28T15:34:59","guid":{"rendered":"https:\/\/www.italfence.com\/fr\/?post_type=product&#038;p=16514"},"modified":"2026-04-22T15:57:29","modified_gmt":"2026-04-22T15:57:29","slug":"collier-pour-piquet-rond","status":"publish","type":"product","link":"https:\/\/www.italfence.com\/fr\/produit\/collier-pour-piquet-rond\/","title":{"rendered":"Collier pour piquet rond"},"content":{"rendered":"","protected":false},"excerpt":{"rendered":"<p data-sourcepos=\"3:1-3:321\">Le <strong>collier pour piquet rond<\/strong>, disponible en <strong>couleur vert RAL6005<\/strong>, est essentiel pour fixer la jambe de force tubulaire au poteau tubulaire. Cet article se connecte au capuchon de la jambe de force ronde via le boulon et l\u2019\u00e9crou fournis, et s\u2019ins\u00e8re dans le poteau rond pour assurer une cl\u00f4ture stable.<\/p>\n<p data-sourcepos=\"5:1-5:91\">Le produit comprend le collier en fer, accompagn\u00e9 d\u2019un boulon galvanis\u00e9 8\u00d720 mm avec \u00e9crou.<\/p>\n","protected":false},"featured_media":15652,"template":"","meta":[],"product_cat":[76],"product_tag":[],"class_list":{"0":"post-16514","1":"product","2":"type-product","3":"status-publish","4":"has-post-thumbnail","6":"product_cat-accessoires","8":"first","9":"instock","10":"taxable","11":"shipping-taxable","12":"purchasable","13":"product-type-variable"},"_links":{"self":[{"href":"https:\/\/www.italfence.com\/fr\/wp-json\/wp\/v2\/product\/16514","targetHints":{"allow":["GET"]}}],"collection":[{"href":"https:\/\/www.italfence.com\/fr\/wp-json\/wp\/v2\/product"}],"about":[{"href":"https:\/\/www.italfence.com\/fr\/wp-json\/wp\/v2\/types\/product"}],"version-history":[{"count":1,"href":"https:\/\/www.italfence.com\/fr\/wp-json\/wp\/v2\/product\/16514\/revisions"}],"predecessor-version":[{"id":16520,"href":"https:\/\/www.italfence.com\/fr\/wp-json\/wp\/v2\/product\/16514\/revisions\/16520"}],"wp:featuredmedia":[{"embeddable":true,"href":"https:\/\/www.italfence.com\/fr\/wp-json\/wp\/v2\/media\/15652"}],"wp:attachment":[{"href":"https:\/\/www.italfence.com\/fr\/wp-json\/wp\/v2\/media?parent=16514"}],"wp:term":[{"taxonomy":"product_cat","embeddable":true,"href":"https:\/\/www.italfence.com\/fr\/wp-json\/wp\/v2\/product_cat?post=16514"},{"taxonomy":"product_tag","embeddable":true,"href":"https:\/\/www.italfence.com\/fr\/wp-json\/wp\/v2\/product_tag?post=16514"}],"curies":[{"name":"wp","href":"https:\/\/api.w.org\/{rel}","templated":true}]}}