{"id":16522,"date":"2025-02-28T15:35:00","date_gmt":"2025-02-28T15:35:00","guid":{"rendered":"https:\/\/www.italfence.com\/fr\/produit\/grillage-soude-galvanise\/"},"modified":"2026-04-22T15:57:16","modified_gmt":"2026-04-22T15:57:16","slug":"grillage-soude-galvanise","status":"publish","type":"product","link":"https:\/\/www.italfence.com\/fr\/produit\/grillage-soude-galvanise\/","title":{"rendered":"Grillage soud\u00e9 galvanis\u00e9"},"content":{"rendered":"","protected":false},"excerpt":{"rendered":"<p data-sourcepos=\"3:1-3:191\">Le <strong>grillage soud\u00e9 galvanis\u00e9<\/strong>, \u00e9galement appel\u00e9 grillage m\u00e9tallique rigide, est la solution id\u00e9ale pour cl\u00f4turer des zones r\u00e9sidentielles, industrielles, agricoles et des terrains sportifs.<\/p>\n<p data-sourcepos=\"5:1-5:245\">Avec des mailles de 75x50mm, ce grillage offre une combinaison de <strong>solidit\u00e9<\/strong> et d\u2019<strong>esth\u00e9tique<\/strong> qui r\u00e9pond \u00e0 une large gamme de besoins. Sa structure rigide, caract\u00e9ris\u00e9e par la pr\u00e9sence de soudures entre les fils, le rend facile \u00e0 installer.<\/p>\n<p data-sourcepos=\"7:1-7:192\">Ce grillage est fabriqu\u00e9 en soudant des fils de fer <strong>galvanis\u00e9s \u00e0 chaud<\/strong>. Le rev\u00eatement de zinc conf\u00e8re \u00e0 la cl\u00f4ture une meilleure r\u00e9sistance \u00e0 la <strong>corrosion<\/strong> et aux agents atmosph\u00e9riques.<\/p>\n<p data-sourcepos=\"9:1-9:83\">Les rouleaux sont disponibles exclusivement en une longueur de <strong>25 m\u00e8tres<\/strong> lin\u00e9aires.<\/p>\n","protected":false},"featured_media":16480,"template":"","meta":[],"product_cat":[20],"product_tag":[],"class_list":{"0":"post-16522","1":"product","2":"type-product","3":"status-publish","4":"has-post-thumbnail","6":"product_cat-grillages-metalliques","8":"first","9":"outofstock","10":"sale","11":"taxable","12":"shipping-taxable","13":"purchasable","14":"product-type-variable"},"_links":{"self":[{"href":"https:\/\/www.italfence.com\/fr\/wp-json\/wp\/v2\/product\/16522","targetHints":{"allow":["GET"]}}],"collection":[{"href":"https:\/\/www.italfence.com\/fr\/wp-json\/wp\/v2\/product"}],"about":[{"href":"https:\/\/www.italfence.com\/fr\/wp-json\/wp\/v2\/types\/product"}],"version-history":[{"count":1,"href":"https:\/\/www.italfence.com\/fr\/wp-json\/wp\/v2\/product\/16522\/revisions"}],"predecessor-version":[{"id":17435,"href":"https:\/\/www.italfence.com\/fr\/wp-json\/wp\/v2\/product\/16522\/revisions\/17435"}],"wp:featuredmedia":[{"embeddable":true,"href":"https:\/\/www.italfence.com\/fr\/wp-json\/wp\/v2\/media\/16480"}],"wp:attachment":[{"href":"https:\/\/www.italfence.com\/fr\/wp-json\/wp\/v2\/media?parent=16522"}],"wp:term":[{"taxonomy":"product_cat","embeddable":true,"href":"https:\/\/www.italfence.com\/fr\/wp-json\/wp\/v2\/product_cat?post=16522"},{"taxonomy":"product_tag","embeddable":true,"href":"https:\/\/www.italfence.com\/fr\/wp-json\/wp\/v2\/product_tag?post=16522"}],"curies":[{"name":"wp","href":"https:\/\/api.w.org\/{rel}","templated":true}]}}