{"id":17412,"date":"2025-06-10T05:54:50","date_gmt":"2025-06-10T05:54:50","guid":{"rendered":"https:\/\/www.italfence.com\/fr\/?post_type=product&#038;p=17412"},"modified":"2026-04-22T15:57:32","modified_gmt":"2026-04-22T15:57:32","slug":"platine-de-fixation-pour-jambe-de-force-plastifie-vert","status":"publish","type":"product","link":"https:\/\/www.italfence.com\/fr\/produit\/platine-de-fixation-pour-jambe-de-force-plastifie-vert\/","title":{"rendered":"Platine de fixation pour jambe de force plastifi\u00e9 vert"},"content":{"rendered":"","protected":false},"excerpt":{"rendered":"<p data-sourcepos=\"1:1-1:137\">Notre <strong>platine de fixation<\/strong> pour jambe de force en L <strong>plastifi\u00e9e<\/strong> offre une solution efficace et fiable pour l\u2019installation de cl\u00f4tures.<\/p>\n<p data-sourcepos=\"3:1-3:324\">Fabriqu\u00e9e en <strong>fer peint<\/strong> (RAL 6005), cette plaque circulaire robuste pli\u00e9e \u00e0 90\u00b0 pr\u00e9sente un diam\u00e8tre de 11,5 cm et une \u00e9paisseur de 4 mm. Elle est munie de deux trous de 10,5 mm pour une <strong>fixation solide<\/strong> avec des chevilles de 8 \u00e0 10 mm, ainsi que d\u2019un troisi\u00e8me trou pour fixer fermement la jambe de force en fer en L.<\/p>\n<p data-sourcepos=\"5:1-5:174\">Ce support permet de cr\u00e9er une <strong>base stable<\/strong> sur mur ou sol, sans besoin de soudure ni de modifications, apportant praticit\u00e9 et r\u00e9sistance \u00e0 toute installation de cl\u00f4ture.<\/p>\n","protected":false},"featured_media":17414,"template":"","meta":[],"product_cat":[76],"product_tag":[],"class_list":{"0":"post-17412","1":"product","2":"type-product","3":"status-publish","4":"has-post-thumbnail","6":"product_cat-accessoires","8":"first","9":"instock","10":"taxable","11":"shipping-taxable","12":"purchasable","13":"product-type-variable"},"_links":{"self":[{"href":"https:\/\/www.italfence.com\/fr\/wp-json\/wp\/v2\/product\/17412","targetHints":{"allow":["GET"]}}],"collection":[{"href":"https:\/\/www.italfence.com\/fr\/wp-json\/wp\/v2\/product"}],"about":[{"href":"https:\/\/www.italfence.com\/fr\/wp-json\/wp\/v2\/types\/product"}],"version-history":[{"count":3,"href":"https:\/\/www.italfence.com\/fr\/wp-json\/wp\/v2\/product\/17412\/revisions"}],"predecessor-version":[{"id":17444,"href":"https:\/\/www.italfence.com\/fr\/wp-json\/wp\/v2\/product\/17412\/revisions\/17444"}],"wp:featuredmedia":[{"embeddable":true,"href":"https:\/\/www.italfence.com\/fr\/wp-json\/wp\/v2\/media\/17414"}],"wp:attachment":[{"href":"https:\/\/www.italfence.com\/fr\/wp-json\/wp\/v2\/media?parent=17412"}],"wp:term":[{"taxonomy":"product_cat","embeddable":true,"href":"https:\/\/www.italfence.com\/fr\/wp-json\/wp\/v2\/product_cat?post=17412"},{"taxonomy":"product_tag","embeddable":true,"href":"https:\/\/www.italfence.com\/fr\/wp-json\/wp\/v2\/product_tag?post=17412"}],"curies":[{"name":"wp","href":"https:\/\/api.w.org\/{rel}","templated":true}]}}