{"id":17413,"date":"2025-06-10T05:54:50","date_gmt":"2025-06-10T05:54:50","guid":{"rendered":"https:\/\/www.italfence.com\/fr\/?post_type=product&#038;p=17413"},"modified":"2026-04-22T15:57:32","modified_gmt":"2026-04-22T15:57:32","slug":"platine-de-fixation-pour-jambe-de-force-galvanise","status":"publish","type":"product","link":"https:\/\/www.italfence.com\/fr\/produit\/platine-de-fixation-pour-jambe-de-force-galvanise\/","title":{"rendered":"Platine de fixation pour jambe de force galvanis\u00e9"},"content":{"rendered":"","protected":false},"excerpt":{"rendered":"<p data-sourcepos=\"1:1-1:137\">Notre <strong>platine de fixation<\/strong> pour jambe de force en L <strong>galvanis\u00e9e<\/strong> offre une solution efficace et fiable pour l\u2019installation de cl\u00f4tures.<\/p>\n<p data-sourcepos=\"3:1-3:309\">Con\u00e7ue en <strong>fer galvanis\u00e9<\/strong>, cette plaque circulaire robuste pli\u00e9e \u00e0 90\u00b0 pr\u00e9sente un diam\u00e8tre de 11,5 cm et une \u00e9paisseur de 4 mm. Elle est \u00e9quip\u00e9e de deux trous de 10,5 mm pour l\u2019<strong>ancrage<\/strong> avec des chevilles de 8 \u00e0 10 mm, ainsi que d\u2019un troisi\u00e8me trou permettant de fixer solidement la jambe de force en L.<\/p>\n<p data-sourcepos=\"5:1-5:168\">Ce support assure une <strong>base stable<\/strong> sur murs ou sols, sans besoin de soudure ni d\u2019adaptations, et facilite ainsi une installation <strong>rapide<\/strong> et <strong>durable<\/strong> des cl\u00f4tures.<\/p>\n","protected":false},"featured_media":17421,"template":"","meta":[],"product_cat":[76],"product_tag":[],"class_list":{"0":"post-17413","1":"product","2":"type-product","3":"status-publish","4":"has-post-thumbnail","6":"product_cat-accessoires","8":"first","9":"instock","10":"taxable","11":"shipping-taxable","12":"purchasable","13":"product-type-variable"},"_links":{"self":[{"href":"https:\/\/www.italfence.com\/fr\/wp-json\/wp\/v2\/product\/17413","targetHints":{"allow":["GET"]}}],"collection":[{"href":"https:\/\/www.italfence.com\/fr\/wp-json\/wp\/v2\/product"}],"about":[{"href":"https:\/\/www.italfence.com\/fr\/wp-json\/wp\/v2\/types\/product"}],"version-history":[{"count":3,"href":"https:\/\/www.italfence.com\/fr\/wp-json\/wp\/v2\/product\/17413\/revisions"}],"predecessor-version":[{"id":17446,"href":"https:\/\/www.italfence.com\/fr\/wp-json\/wp\/v2\/product\/17413\/revisions\/17446"}],"wp:featuredmedia":[{"embeddable":true,"href":"https:\/\/www.italfence.com\/fr\/wp-json\/wp\/v2\/media\/17421"}],"wp:attachment":[{"href":"https:\/\/www.italfence.com\/fr\/wp-json\/wp\/v2\/media?parent=17413"}],"wp:term":[{"taxonomy":"product_cat","embeddable":true,"href":"https:\/\/www.italfence.com\/fr\/wp-json\/wp\/v2\/product_cat?post=17413"},{"taxonomy":"product_tag","embeddable":true,"href":"https:\/\/www.italfence.com\/fr\/wp-json\/wp\/v2\/product_tag?post=17413"}],"curies":[{"name":"wp","href":"https:\/\/api.w.org\/{rel}","templated":true}]}}