{"id":20900,"date":"2026-04-21T05:48:44","date_gmt":"2026-04-21T05:48:44","guid":{"rendered":"https:\/\/www.italfence.com\/fr\/?post_type=product&#038;p=20900"},"modified":"2026-04-22T15:58:01","modified_gmt":"2026-04-22T15:58:01","slug":"bache-impermeable-verte","status":"publish","type":"product","link":"https:\/\/www.italfence.com\/fr\/produit\/bache-impermeable-verte\/","title":{"rendered":"B\u00e2che imperm\u00e9able en PE 250 g\/m\u00b2 verte"},"content":{"rendered":"","protected":false},"excerpt":{"rendered":"<p>La <strong>b\u00e2che imperm\u00e9able Italfence<\/strong> en poly\u00e9thyl\u00e8ne haute densit\u00e9 de <strong>250 g\/m\u00b2<\/strong> dans son pratique coloris <strong>vert<\/strong> s&rsquo;int\u00e8gre parfaitement dans les jardins, chantiers et espaces ext\u00e9rieurs, prot\u00e9geant bois, mobilier, v\u00e9hicules et \u00e9quipements de la pluie et de l&rsquo;humidit\u00e9.<\/p>\n<p>Le rev\u00eatement <strong>HDPE imperm\u00e9able, anti-UV et anti-moisissure<\/strong>, associ\u00e9 \u00e0 la <strong>double couture p\u00e9rim\u00e9trique renforc\u00e9e<\/strong> et aux <strong>\u0153illets en aluminium antirouille tous les 100 cm<\/strong>, assure une \u00e9tanch\u00e9it\u00e9 parfaite et une grande r\u00e9sistance aux d\u00e9chirures, au vent et aux temp\u00eates.<\/p>\n<p>Elle se fixe facilement avec cordes ou crochets et se replie commod\u00e9ment apr\u00e8s utilisation. <strong>Lavable et r\u00e9utilisable<\/strong>, c&rsquo;est la couverture id\u00e9ale pour un usage domestique, agricole et professionnel, toujours efficace contre l&rsquo;eau.<\/p>\n","protected":false},"featured_media":20921,"template":"","meta":[],"product_cat":[101],"product_tag":[],"class_list":{"0":"post-20900","1":"product","2":"type-product","3":"status-publish","4":"has-post-thumbnail","6":"product_cat-baches","8":"first","9":"instock","10":"taxable","11":"shipping-taxable","12":"purchasable","13":"product-type-variable"},"_links":{"self":[{"href":"https:\/\/www.italfence.com\/fr\/wp-json\/wp\/v2\/product\/20900","targetHints":{"allow":["GET"]}}],"collection":[{"href":"https:\/\/www.italfence.com\/fr\/wp-json\/wp\/v2\/product"}],"about":[{"href":"https:\/\/www.italfence.com\/fr\/wp-json\/wp\/v2\/types\/product"}],"version-history":[{"count":1,"href":"https:\/\/www.italfence.com\/fr\/wp-json\/wp\/v2\/product\/20900\/revisions"}],"predecessor-version":[{"id":20922,"href":"https:\/\/www.italfence.com\/fr\/wp-json\/wp\/v2\/product\/20900\/revisions\/20922"}],"wp:featuredmedia":[{"embeddable":true,"href":"https:\/\/www.italfence.com\/fr\/wp-json\/wp\/v2\/media\/20921"}],"wp:attachment":[{"href":"https:\/\/www.italfence.com\/fr\/wp-json\/wp\/v2\/media?parent=20900"}],"wp:term":[{"taxonomy":"product_cat","embeddable":true,"href":"https:\/\/www.italfence.com\/fr\/wp-json\/wp\/v2\/product_cat?post=20900"},{"taxonomy":"product_tag","embeddable":true,"href":"https:\/\/www.italfence.com\/fr\/wp-json\/wp\/v2\/product_tag?post=20900"}],"curies":[{"name":"wp","href":"https:\/\/api.w.org\/{rel}","templated":true}]}}