{"id":20902,"date":"2026-04-21T05:48:44","date_gmt":"2026-04-21T05:48:44","guid":{"rendered":"https:\/\/www.italfence.com\/fr\/?post_type=product&#038;p=20902"},"modified":"2026-04-22T15:58:01","modified_gmt":"2026-04-22T15:58:01","slug":"bache-impermeable-grise","status":"publish","type":"product","link":"https:\/\/www.italfence.com\/fr\/produit\/bache-impermeable-grise\/","title":{"rendered":"B\u00e2che imperm\u00e9able en PE 250 g\/m\u00b2 grise"},"content":{"rendered":"","protected":false},"excerpt":{"rendered":"<p>La <strong>b\u00e2che imperm\u00e9able Italfence<\/strong> en poly\u00e9thyl\u00e8ne haute densit\u00e9 de <strong>250 g\/m\u00b2<\/strong> prot\u00e8ge efficacement mobilier de jardin, bois, voitures, bateaux et \u00e9quipements. Le rev\u00eatement <strong>HDPE anti-UV et anti-moisissure<\/strong> fait glisser l&rsquo;eau, gardant tout parfaitement sec.<\/p>\n<p>La <strong>double couture p\u00e9rim\u00e9trique<\/strong> et les <strong>\u0153illets en aluminium antirouille tous les 100 cm<\/strong> garantissent une r\u00e9sistance maximale aux d\u00e9chirures, au vent et aux pluies battantes, sans infiltrations ni affaissements dans le temps.<\/p>\n<p>En coloris <strong>gris<\/strong>, elle se fixe facilement avec cordes ou crochets et est <strong>lavable et r\u00e9utilisable<\/strong>. Une couverture polyvalente et fiable, id\u00e9ale pour un usage domestique et professionnel, qui ne craint vraiment pas l&rsquo;eau.<\/p>\n","protected":false},"featured_media":20903,"template":"","meta":[],"product_cat":[101],"product_tag":[],"class_list":{"0":"post-20902","1":"product","2":"type-product","3":"status-publish","4":"has-post-thumbnail","6":"product_cat-baches","8":"first","9":"instock","10":"taxable","11":"shipping-taxable","12":"purchasable","13":"product-type-variable"},"_links":{"self":[{"href":"https:\/\/www.italfence.com\/fr\/wp-json\/wp\/v2\/product\/20902","targetHints":{"allow":["GET"]}}],"collection":[{"href":"https:\/\/www.italfence.com\/fr\/wp-json\/wp\/v2\/product"}],"about":[{"href":"https:\/\/www.italfence.com\/fr\/wp-json\/wp\/v2\/types\/product"}],"version-history":[{"count":1,"href":"https:\/\/www.italfence.com\/fr\/wp-json\/wp\/v2\/product\/20902\/revisions"}],"predecessor-version":[{"id":20904,"href":"https:\/\/www.italfence.com\/fr\/wp-json\/wp\/v2\/product\/20902\/revisions\/20904"}],"wp:featuredmedia":[{"embeddable":true,"href":"https:\/\/www.italfence.com\/fr\/wp-json\/wp\/v2\/media\/20903"}],"wp:attachment":[{"href":"https:\/\/www.italfence.com\/fr\/wp-json\/wp\/v2\/media?parent=20902"}],"wp:term":[{"taxonomy":"product_cat","embeddable":true,"href":"https:\/\/www.italfence.com\/fr\/wp-json\/wp\/v2\/product_cat?post=20902"},{"taxonomy":"product_tag","embeddable":true,"href":"https:\/\/www.italfence.com\/fr\/wp-json\/wp\/v2\/product_tag?post=20902"}],"curies":[{"name":"wp","href":"https:\/\/api.w.org\/{rel}","templated":true}]}}