{"id":21850,"date":"2026-02-04T07:58:08","date_gmt":"2026-02-04T07:58:08","guid":{"rendered":"https:\/\/www.italfence.com\/nl\/?post_type=product&#038;p=21850"},"modified":"2026-04-15T09:55:49","modified_gmt":"2026-04-15T09:55:49","slug":"verzinkt-ijzerdraad-100m","status":"publish","type":"product","link":"https:\/\/www.italfence.com\/nl\/product\/verzinkt-ijzerdraad-100m\/","title":{"rendered":"Verzinkt ijzerdraad 100m"},"content":{"rendered":"","protected":false},"excerpt":{"rendered":"<p>Het <strong>ijzerdraad<\/strong> verzinkt is een uitstekende oplossing voor het plaatsen van afrasteringen, het biedt een betrouwbaar en duurzaam <strong>bevestigingssysteem<\/strong> voor metaalgaas, en is ook bijzonder geschikt voor gebruik in wijngaarden.<\/p>\n<p>Deze draad is gemaakt van <strong>thermisch verzinkt<\/strong> ijzer. De spoel is een <strong>compacte en praktische rol<\/strong>, wat transport en gebruik vergemakkelijkt. Elke streng heeft een lengte van <strong>100 meter<\/strong>.<\/p>\n<p>De aanbevolen diameters voor het ijzerdraad zijn: 2,70 mm voor de <strong>span draad<\/strong> en 1,80 mm voor de <strong>bind draad<\/strong>.<\/p>\n<p>Ons <strong>assortiment diameters<\/strong> voor het verzinkte ijzerdraad is: \u00d81,50mm, \u00d81,80mm, \u00d82,30mm, \u00d82,70mm, \u00d83,20mm.<\/p>\n","protected":false},"featured_media":20392,"template":"","meta":[],"product_brand":[],"product_cat":[32],"product_tag":[],"class_list":{"0":"post-21850","1":"product","2":"type-product","3":"status-publish","4":"has-post-thumbnail","6":"product_cat-ijzerdraad","8":"first","9":"instock","10":"taxable","11":"shipping-taxable","12":"purchasable","13":"product-type-variable"},"_links":{"self":[{"href":"https:\/\/www.italfence.com\/nl\/wp-json\/wp\/v2\/product\/21850","targetHints":{"allow":["GET"]}}],"collection":[{"href":"https:\/\/www.italfence.com\/nl\/wp-json\/wp\/v2\/product"}],"about":[{"href":"https:\/\/www.italfence.com\/nl\/wp-json\/wp\/v2\/types\/product"}],"version-history":[{"count":1,"href":"https:\/\/www.italfence.com\/nl\/wp-json\/wp\/v2\/product\/21850\/revisions"}],"predecessor-version":[{"id":21881,"href":"https:\/\/www.italfence.com\/nl\/wp-json\/wp\/v2\/product\/21850\/revisions\/21881"}],"wp:featuredmedia":[{"embeddable":true,"href":"https:\/\/www.italfence.com\/nl\/wp-json\/wp\/v2\/media\/20392"}],"wp:attachment":[{"href":"https:\/\/www.italfence.com\/nl\/wp-json\/wp\/v2\/media?parent=21850"}],"wp:term":[{"taxonomy":"product_brand","embeddable":true,"href":"https:\/\/www.italfence.com\/nl\/wp-json\/wp\/v2\/product_brand?post=21850"},{"taxonomy":"product_cat","embeddable":true,"href":"https:\/\/www.italfence.com\/nl\/wp-json\/wp\/v2\/product_cat?post=21850"},{"taxonomy":"product_tag","embeddable":true,"href":"https:\/\/www.italfence.com\/nl\/wp-json\/wp\/v2\/product_tag?post=21850"}],"curies":[{"name":"wp","href":"https:\/\/api.w.org\/{rel}","templated":true}]}}